{"id":8386,"date":"2021-11-25T14:05:28","date_gmt":"2021-11-25T13:05:28","guid":{"rendered":"https:\/\/www.upm.es\/recursosidi\/offers-resources\/sin%20categor\u00eda\/placas-de-escayola-o-yeso-para-su-uso-en-construccion\/"},"modified":"2023-01-18T09:33:50","modified_gmt":"2023-01-18T08:33:50","slug":"placas-de-escayola-o-yeso-para-su-uso-en-construccion","status":"publish","type":"product","link":"https:\/\/www.upm.es\/recursosidi\/offers-resources\/patentes\/placas-de-escayola-o-yeso-para-su-uso-en-construccion\/","title":{"rendered":"Placas de escayola o yeso para su uso en construcci\u00f3n"},"content":{"rendered":"<h5>Descripci\u00f3n de la patente <\/h5>\n<p>Mejoras en el objeto de la Patente Principal n\u00ba 200102532  Placas de escayola o yeso reforzadas con adiciones binarias de fibras de polipropileno y dispersiones de melamina-formaldehido\u00bf consistente en que adem\u00e1s de fibras de polipropileno, se pueden utilizar , en sustituci\u00f3n de las mismas, fibras de Typha Latifolia.  <\/p>\n<p>Este material est\u00e1 constituido por cualquier tipo de yeso o escayola, como matriz principal, con adiciones binarias de fibras cortadas de Typha Latifolia y dispersiones de melamina formaldeh\u00eddo. <\/p>\n<p>De esta forma se consigue un yeso o escayola muy tenaz, para la elaboraci\u00f3n de placas prefabricadas de gran formato para uso en construcci\u00f3n, consiguiendo, con respecto a escayolas sin aditivar, incrementos de resistencia ante tensiones de flexotracci\u00f3n, y aumentos de la tensi\u00f3n de rotura ante impactos.<\/p>\n<h5>N\u00famero de solicitud<\/h5>\n<p>P200201795<\/p>\n<h5>N\u00famero de publicaci\u00f3n<\/h5>\n<p>ES2199680<\/p>\n<h5>Fecha de presentaci\u00f3n <\/h5>\n<p>30\/07\/2002<\/p>\n<h5>Fecha de concesi\u00f3n <\/h5>\n<p>20\/04\/2005<\/p>\n<div class=\"pdfprnt-buttons pdfprnt-buttons-product pdfprnt-bottom-left\"><a href=\"https:\/\/www.upm.es\/recursosidi\/wp-json\/wp\/v2\/product\/8386?print=pdf\" class=\"pdfprnt-button pdfprnt-button-pdf\" target=\"_blank\"><span class=\"pdfprnt-button-title pdfprnt-button-pdf-title\">Descargar ficha<\/span><\/a><\/div>","protected":false},"excerpt":{"rendered":"<p>Descripci\u00f3n de la patente Mejoras en el objeto de la Patente Principal n\u00ba 200102532 Placas de escayola o yeso reforzadas con adiciones binarias de fibras&hellip;<\/p>\n","protected":false},"featured_media":0,"template":"","meta":{"_acf_changed":false},"product_cat":[3946],"product_tag":[],"comunidades-upm":[],"quien":[],"mapa":[],"disponibilidad":[],"donde":[{"term_id":42,"name":"UPM","slug":"upm","term_group":0,"term_taxonomy_id":42,"taxonomy":"donde","description":"Universidad Polit\u00e9cnica de Madrid\r\nHTML \"Lorem ipsum dolor sit amet, consectetur adipiscing elit, sed do eiusmod tempor incididunt ut labore et dolore magna aliqua. Ut enim ad minim veniam, quis nostrud exercitation ullamco laboris nisi ut aliquip ex ea commodo consequat. Duis aute irure dolor in reprehenderit in voluptate velit esse cillum dolore eu fugiat nulla pariatur. Excepteur sint occaecat cupidatat non proident, sunt in culpa qui officia deserunt mollit anim id est laborum.\"","parent":0,"count":145,"filter":"raw","term_order":"0"}],"infraestructura":[],"ods":[],"origen":[{"term_id":180,"name":"Patente","slug":"patente","term_group":0,"term_taxonomy_id":180,"taxonomy":"origen","description":"","parent":0,"count":614,"filter":"raw","term_order":"0"}],"familia_tax":false,"quien_tax":false,"donde_tax":false,"year":"","contacto":"<ul><li><blockquote><strong>otri.investigacion@upm.es<\/strong><\/blockquote><\/li><\/ul>","telefono":"","pagina_web":"","email":"","id_ficha_portal":"33","video":"","adjuntos":false,"adjuntos_portal":"https:\/\/www.upm.es\/S2i\/Acuse\/recuperarArchivo.jsp?id=33&id_archivo=59&tipo=patente&extension=fichero","inf":false,"departamento":"","acf":[],"lang":"es","translation":{"es":8386},"_links":{"self":[{"href":"https:\/\/www.upm.es\/recursosidi\/wp-json\/wp\/v2\/product\/8386"}],"collection":[{"href":"https:\/\/www.upm.es\/recursosidi\/wp-json\/wp\/v2\/product"}],"about":[{"href":"https:\/\/www.upm.es\/recursosidi\/wp-json\/wp\/v2\/types\/product"}],"wp:attachment":[{"href":"https:\/\/www.upm.es\/recursosidi\/wp-json\/wp\/v2\/media?parent=8386"}],"wp:term":[{"taxonomy":"product_cat","embeddable":true,"href":"https:\/\/www.upm.es\/recursosidi\/wp-json\/wp\/v2\/product_cat?post=8386"},{"taxonomy":"product_tag","embeddable":true,"href":"https:\/\/www.upm.es\/recursosidi\/wp-json\/wp\/v2\/product_tag?post=8386"},{"taxonomy":"comunidad_upm","embeddable":true,"href":"https:\/\/www.upm.es\/recursosidi\/wp-json\/wp\/v2\/comunidades-upm?post=8386"},{"taxonomy":"quien","embeddable":true,"href":"https:\/\/www.upm.es\/recursosidi\/wp-json\/wp\/v2\/quien?post=8386"},{"taxonomy":"mapa","embeddable":true,"href":"https:\/\/www.upm.es\/recursosidi\/wp-json\/wp\/v2\/mapa?post=8386"},{"taxonomy":"disponibilidad","embeddable":true,"href":"https:\/\/www.upm.es\/recursosidi\/wp-json\/wp\/v2\/disponibilidad?post=8386"},{"taxonomy":"donde","embeddable":true,"href":"https:\/\/www.upm.es\/recursosidi\/wp-json\/wp\/v2\/donde?post=8386"},{"taxonomy":"infraestructura","embeddable":true,"href":"https:\/\/www.upm.es\/recursosidi\/wp-json\/wp\/v2\/infraestructura?post=8386"},{"taxonomy":"ods","embeddable":true,"href":"https:\/\/www.upm.es\/recursosidi\/wp-json\/wp\/v2\/ods?post=8386"},{"taxonomy":"origen","embeddable":true,"href":"https:\/\/www.upm.es\/recursosidi\/wp-json\/wp\/v2\/origen?post=8386"}],"curies":[{"name":"wp","href":"https:\/\/api.w.org\/{rel}","templated":true}]}}