{"id":8388,"date":"2021-11-25T14:05:33","date_gmt":"2021-11-25T13:05:33","guid":{"rendered":"https:\/\/www.upm.es\/recursosidi\/offers-resources\/sin categor\u00eda\/sistema-emisor-receptor-para-tarjetas-inteligentes-sin-contacto-de-muy-baja-frecuencia\/"},"modified":"2022-08-10T02:02:55","modified_gmt":"2022-08-10T00:02:55","slug":"sistema-emisor-receptor-para-tarjetas-inteligentes-sin-contacto-de-muy-baja-frecuencia","status":"publish","type":"product","link":"https:\/\/www.upm.es\/recursosidi\/offers-resources\/patentes\/sistema-emisor-receptor-para-tarjetas-inteligentes-sin-contacto-de-muy-baja-frecuencia\/","title":{"rendered":"Sistema emisor-receptor para tarjetas inteligentes sin contacto de muy baja frecuencia"},"content":{"rendered":"<h5>Descripci\u00f3n de la patente <\/h5>\n<p>Sistema de recepci\u00f3n-emisi\u00f3n de informaci\u00f3n aplicado a tarjetas inteligentes sin contacto que evita los problemas de apantallamiento de las t\u00e9cnicas actuales. Se basa y  permite el uso de campos de baja frecuencia (por debajo de 100 kHz). Se compone de tres m\u00f3dulos diferentes:<br \/>\na.\tEmisor. Campo magn\u00e9tico variable con una zona de campo despreciable para evitar la saturaci\u00f3n del sensor magn\u00e9tico receptor.<br \/>\nb.\tReceptor. Sensor sintonizable de campo magn\u00e9tico que detecta directamente la alteraci\u00f3n del campo magn\u00e9tico producido por la tarjeta al ser sintonizado a la frecuencia del m\u00f3dulo emisor.<br \/>\nc.\tTarjeta inteligente sin contactos. Caracterizada por estar formada por un n\u00facleo magn\u00e9tico y un arrollamiento cortocircuitable que rodea a dicho n\u00facleo. No requiere necesariamente de un circuito resonante.<br \/>\nAplicable en sistemas de control automatizado de procesos de entrada-salida como acceso autom\u00e1tico, pago autom\u00e1tico,  etc.<br \/>\nF\u00e1cilmente fabricable, de forma econ\u00f3mica, mediante tecnolog\u00eda planar PCB.<\/p>\n<h5>Situaci\u00f3n <\/h5>\n<p>Concedida<\/p>\n<h5>N\u00famero de solicitud<\/h5>\n<p>P200402437<\/p>\n<h5>N\u00famero de publicaci\u00f3n<\/h5>\n<p>ES2251315<\/p>\n<h5>Fecha de presentaci\u00f3n <\/h5>\n<p>14\/10\/2004<\/p>\n<h5>Fecha de concesi\u00f3n <\/h5>\n<p>17\/08\/2006<\/p>\n<div class=\"pdfprnt-buttons pdfprnt-buttons-product pdfprnt-bottom-left\"><a href=\"https:\/\/www.upm.es\/recursosidi\/wp-json\/wp\/v2\/product\/8388?print=pdf\" class=\"pdfprnt-button pdfprnt-button-pdf\" target=\"_blank\"><span class=\"pdfprnt-button-title pdfprnt-button-pdf-title\">Descargar ficha<\/span><\/a><\/div>","protected":false},"excerpt":{"rendered":"<p>Descripci\u00f3n de la patente Sistema de recepci\u00f3n-emisi\u00f3n de informaci\u00f3n aplicado a tarjetas inteligentes sin contacto que evita los problemas de apantallamiento de las t\u00e9cnicas actuales.&hellip;<\/p>\n","protected":false},"featured_media":0,"template":"","meta":{"_acf_changed":false},"product_cat":[3946],"product_tag":[],"comunidades-upm":[],"quien":[],"mapa":[],"disponibilidad":[],"donde":[{"term_id":478,"name":"Grupo de dispositivos magn\u00e9ticos del ISOM","slug":"grupo-de-dispositivos-magneticos-del-isom","term_group":0,"term_taxonomy_id":478,"taxonomy":"donde","description":"Nuestro trabajo se centra en los materiales magn&eacute;ticos y su aplicaci&oacute;n en sensores y dispositivos. Hemos buscado siempre compaginar temas de investigaci&oacute;n b&aacute;sica con temas de investigaci&oacute;n aplicada muy relacionados con empresas. Las <strong>l&iacute;neas de trabajo<\/strong> actuales pueden agruparse en:\n&nbsp;\n\nSensores magn&eacute;ticos (detecci&oacute;n de veh&iacute;culos, motores lineales, fraudes en contadores, &hellip;),\nInstrumentaci&oacute;n (magnetrones y suscept&oacute;metros)\nTarjetas inteligentes de baja frecuencia,\nMulticapas magn&eacute;ticas met&aacute;licas. V&aacute;lvulas de Spin. Medidas CPP,\nDin&aacute;mica de paredes de dominio magn&eacute;tico,\nTransferencia de esp&iacute;n en paredes magn&eacute;ticas y nanoestructuras magn&eacute;ticas,\nNanopart&iacute;culas y nanocintas magn&eacute;ticas para aplicaciones biom&eacute;dicas\n","parent":0,"count":5,"filter":"raw","term_order":"0"},{"term_id":244,"name":"Instituto Universitario de Sistemas Optoelectr\u00f3nicos y Microtecnolog\u00eda (ISOM)","slug":"instituto-universitario-de-sistemas-optoelectronicos-y-microtecnologia-isom","term_group":0,"term_taxonomy_id":244,"taxonomy":"donde","description":"","parent":0,"count":33,"filter":"raw","term_order":"0"}],"infraestructura":[],"ods":[],"origen":[{"term_id":180,"name":"Patente","slug":"patente","term_group":0,"term_taxonomy_id":180,"taxonomy":"origen","description":"","parent":0,"count":614,"filter":"raw","term_order":"0"}],"familia_tax":false,"quien_tax":false,"donde_tax":false,"year":"","contacto":"<strong>Principales: <\/strong><ul><li>CLAUDIO AROCA HERNANDEZ-ROS <blockquote><strong>claudio.aroca@upm.es<\/strong><\/blockquote><\/li><li>DAVID CIUDAD DEL R\u00cdO P\u00c9REZ <blockquote><strong><\/strong><\/blockquote><\/li><li>PEDRO SANCHEZ SANCHEZ <blockquote><strong>pedro.sanchezs@upm.es<\/strong><\/blockquote><\/li><\/ul><strong>Otros inventores: <\/strong><ul><li>CarmenS\u00e1nchez Trujillo Universidad Complutense de Madrid (UCM)<\/li> <li>EloisaL\u00f3pez P\u00e9rez Universidad Complutense de Madrid (UCM)<\/li> <\/ul>","telefono":"","pagina_web":"","email":"","id_ficha_portal":"36","video":"","adjuntos":false,"adjuntos_portal":"https:\/\/www.upm.es\/S2i\/Acuse\/recuperarArchivo.jsp?id=36&id_archivo=183&tipo=patente&extension=fichero","inf":false,"departamento":"","acf":[],"lang":"es","translation":{"es":8388},"_links":{"self":[{"href":"https:\/\/www.upm.es\/recursosidi\/wp-json\/wp\/v2\/product\/8388"}],"collection":[{"href":"https:\/\/www.upm.es\/recursosidi\/wp-json\/wp\/v2\/product"}],"about":[{"href":"https:\/\/www.upm.es\/recursosidi\/wp-json\/wp\/v2\/types\/product"}],"wp:attachment":[{"href":"https:\/\/www.upm.es\/recursosidi\/wp-json\/wp\/v2\/media?parent=8388"}],"wp:term":[{"taxonomy":"product_cat","embeddable":true,"href":"https:\/\/www.upm.es\/recursosidi\/wp-json\/wp\/v2\/product_cat?post=8388"},{"taxonomy":"product_tag","embeddable":true,"href":"https:\/\/www.upm.es\/recursosidi\/wp-json\/wp\/v2\/product_tag?post=8388"},{"taxonomy":"comunidad_upm","embeddable":true,"href":"https:\/\/www.upm.es\/recursosidi\/wp-json\/wp\/v2\/comunidades-upm?post=8388"},{"taxonomy":"quien","embeddable":true,"href":"https:\/\/www.upm.es\/recursosidi\/wp-json\/wp\/v2\/quien?post=8388"},{"taxonomy":"mapa","embeddable":true,"href":"https:\/\/www.upm.es\/recursosidi\/wp-json\/wp\/v2\/mapa?post=8388"},{"taxonomy":"disponibilidad","embeddable":true,"href":"https:\/\/www.upm.es\/recursosidi\/wp-json\/wp\/v2\/disponibilidad?post=8388"},{"taxonomy":"donde","embeddable":true,"href":"https:\/\/www.upm.es\/recursosidi\/wp-json\/wp\/v2\/donde?post=8388"},{"taxonomy":"infraestructura","embeddable":true,"href":"https:\/\/www.upm.es\/recursosidi\/wp-json\/wp\/v2\/infraestructura?post=8388"},{"taxonomy":"ods","embeddable":true,"href":"https:\/\/www.upm.es\/recursosidi\/wp-json\/wp\/v2\/ods?post=8388"},{"taxonomy":"origen","embeddable":true,"href":"https:\/\/www.upm.es\/recursosidi\/wp-json\/wp\/v2\/origen?post=8388"}],"curies":[{"name":"wp","href":"https:\/\/api.w.org\/{rel}","templated":true}]}}