{"id":8393,"date":"2021-11-25T14:05:45","date_gmt":"2021-11-25T13:05:45","guid":{"rendered":"https:\/\/www.upm.es\/recursosidi\/offers-resources\/sin categor\u00eda\/procedimiento-y-aparato-micro-cambiador-de-calor-para-la-optimizacion-de-la-transferencia-de-calor-utilizando-efectos-oscilatorios-no-estacionarios\/"},"modified":"2022-08-10T02:03:11","modified_gmt":"2022-08-10T00:03:11","slug":"procedimiento-y-aparato-micro-cambiador-de-calor-para-la-optimizacion-de-la-transferencia-de-calor-utilizando-efectos-oscilatorios-no-estacionarios","status":"publish","type":"product","link":"https:\/\/www.upm.es\/recursosidi\/offers-resources\/patentes\/procedimiento-y-aparato-micro-cambiador-de-calor-para-la-optimizacion-de-la-transferencia-de-calor-utilizando-efectos-oscilatorios-no-estacionarios\/","title":{"rendered":"Procedimiento y aparato micro-cambiador de calor para la optimizaci\u00f3n de la transferencia de calor utilizando efectos oscilatorios no-estacionarios"},"content":{"rendered":"<h5>Descripci\u00f3n de la patente <\/h5>\n<p>El procedimiento consiste en hacer pasar un fluido de trabajo por un primer micro-canal que desemboca en un segundo micro-canal de secci\u00f3n mayor que el primero mediante una expansi\u00f3n brusca (t\u00edpicamente en forma de escal\u00f3n). Tanto el caudal como el gradiente de presi\u00f3n a la entrada del primer micro-canal no son estacionarios sino que se hacen oscilar de una manera predeterminada.<br \/>\nLa oscilaci\u00f3n prescrita de las variables fluido-din\u00e1micas a la entrada del primer micro-canal induce un comportamiento no estacionario en el campo fluido cuyo efecto es cambiar la topolog\u00eda local del flujo en el segundo micro-canal. Estos cambios locales, amplificados por la presencia de la expansi\u00f3n brusca situada entre los micro-canales, dan lugar a un aumento de la transferencia de calor entre el fluido de trabajo y las paredes del segundo micro-canal.<\/p>\n<h5>Situaci\u00f3n <\/h5>\n<p>Concedida<\/p>\n<h5>N\u00famero de solicitud<\/h5>\n<p>P200502112<\/p>\n<h5>N\u00famero de publicaci\u00f3n<\/h5>\n<p>ES2270720<\/p>\n<h5>Fecha de presentaci\u00f3n <\/h5>\n<p>26\/08\/2005<\/p>\n<h5>Fecha de concesi\u00f3n <\/h5>\n<p>18\/12\/2007<\/p>\n<div class=\"pdfprnt-buttons pdfprnt-buttons-product pdfprnt-bottom-left\"><a href=\"https:\/\/www.upm.es\/recursosidi\/wp-json\/wp\/v2\/product\/8393?print=pdf\" class=\"pdfprnt-button pdfprnt-button-pdf\" target=\"_blank\"><span class=\"pdfprnt-button-title pdfprnt-button-pdf-title\">Descargar ficha<\/span><\/a><\/div>","protected":false},"excerpt":{"rendered":"<p>Descripci\u00f3n de la patente El procedimiento consiste en hacer pasar un fluido de trabajo por un primer micro-canal que desemboca en un segundo micro-canal de&hellip;<\/p>\n","protected":false},"featured_media":0,"template":"","meta":{"_acf_changed":false},"product_cat":[3946],"product_tag":[],"comunidades-upm":[],"quien":[],"mapa":[],"disponibilidad":[],"donde":[{"term_id":398,"name":"Sistemas y Microsistemas Termofluidodin\u00e1micos","slug":"sistemas-y-microsistemas-termofluidodinamicos","term_group":0,"term_taxonomy_id":398,"taxonomy":"donde","description":"","parent":0,"count":4,"filter":"raw","term_order":"0"}],"infraestructura":[],"ods":[],"origen":[{"term_id":180,"name":"Patente","slug":"patente","term_group":0,"term_taxonomy_id":180,"taxonomy":"origen","description":"","parent":0,"count":614,"filter":"raw","term_order":"0"}],"familia_tax":false,"quien_tax":false,"donde_tax":false,"year":"","contacto":"<strong>Principales: <\/strong><ul><li>ANGEL GERARDO VELAZQUEZ LOPEZ <blockquote><strong>angel.velazquez@upm.es<\/strong><\/blockquote><\/li><\/ul><strong>Otros inventores UPM: <\/strong><ul><li>M\u00e9ndez L\u00f3pez, Beatriz<\/li><\/ul>","telefono":"","pagina_web":"","email":"","id_ficha_portal":"45","video":"","adjuntos":false,"adjuntos_portal":"https:\/\/www.upm.es\/S2i\/Acuse\/recuperarArchivo.jsp?id=45&id_archivo=167&tipo=patente&extension=fichero ","inf":false,"departamento":"","acf":[],"lang":"es","translation":{"es":8393},"_links":{"self":[{"href":"https:\/\/www.upm.es\/recursosidi\/wp-json\/wp\/v2\/product\/8393"}],"collection":[{"href":"https:\/\/www.upm.es\/recursosidi\/wp-json\/wp\/v2\/product"}],"about":[{"href":"https:\/\/www.upm.es\/recursosidi\/wp-json\/wp\/v2\/types\/product"}],"wp:attachment":[{"href":"https:\/\/www.upm.es\/recursosidi\/wp-json\/wp\/v2\/media?parent=8393"}],"wp:term":[{"taxonomy":"product_cat","embeddable":true,"href":"https:\/\/www.upm.es\/recursosidi\/wp-json\/wp\/v2\/product_cat?post=8393"},{"taxonomy":"product_tag","embeddable":true,"href":"https:\/\/www.upm.es\/recursosidi\/wp-json\/wp\/v2\/product_tag?post=8393"},{"taxonomy":"comunidad_upm","embeddable":true,"href":"https:\/\/www.upm.es\/recursosidi\/wp-json\/wp\/v2\/comunidades-upm?post=8393"},{"taxonomy":"quien","embeddable":true,"href":"https:\/\/www.upm.es\/recursosidi\/wp-json\/wp\/v2\/quien?post=8393"},{"taxonomy":"mapa","embeddable":true,"href":"https:\/\/www.upm.es\/recursosidi\/wp-json\/wp\/v2\/mapa?post=8393"},{"taxonomy":"disponibilidad","embeddable":true,"href":"https:\/\/www.upm.es\/recursosidi\/wp-json\/wp\/v2\/disponibilidad?post=8393"},{"taxonomy":"donde","embeddable":true,"href":"https:\/\/www.upm.es\/recursosidi\/wp-json\/wp\/v2\/donde?post=8393"},{"taxonomy":"infraestructura","embeddable":true,"href":"https:\/\/www.upm.es\/recursosidi\/wp-json\/wp\/v2\/infraestructura?post=8393"},{"taxonomy":"ods","embeddable":true,"href":"https:\/\/www.upm.es\/recursosidi\/wp-json\/wp\/v2\/ods?post=8393"},{"taxonomy":"origen","embeddable":true,"href":"https:\/\/www.upm.es\/recursosidi\/wp-json\/wp\/v2\/origen?post=8393"}],"curies":[{"name":"wp","href":"https:\/\/api.w.org\/{rel}","templated":true}]}}