{"id":8395,"date":"2021-11-25T14:05:49","date_gmt":"2021-11-25T13:05:49","guid":{"rendered":"https:\/\/www.upm.es\/recursosidi\/offers-resources\/sin categor\u00eda\/metodo-para-la-supresion-de-la-recombinacion-no-radiativa-en-materiales-dopados-con-centros-profundos\/"},"modified":"2022-08-10T02:03:17","modified_gmt":"2022-08-10T00:03:17","slug":"metodo-para-la-supresion-de-la-recombinacion-no-radiativa-en-materiales-dopados-con-centros-profundos","status":"publish","type":"product","link":"https:\/\/www.upm.es\/recursosidi\/offers-resources\/patentes\/metodo-para-la-supresion-de-la-recombinacion-no-radiativa-en-materiales-dopados-con-centros-profundos\/","title":{"rendered":"M\u00e9todo para la supresi\u00f3n de la recombinaci\u00f3n no radiativa en materiales dopados con centros profundos"},"content":{"rendered":"<h5>Descripci\u00f3n de la patente <\/h5>\n<p>Procedimiento para obtener materiales semiconductores con niveles situados cerca del centro de la banda prohibida (niveles profundos) que no sufren la recombinaci\u00f3n no radiativa por emisi\u00f3n de m\u00faltiples fonones (MPE) asociada a dichos niveles. Consiste en incrementar el dopaje del semiconductor con aquellas impurezas que producen los centros profundos hasta alcanzar el punto en que se causa una transici\u00f3n de Mott entre las funciones de onda de los electrones atrapados en los centros, de tal forma que \u00e9stas quedan distribuidas a lo largo de todo el semiconductor. Cuando esto ocurre, desaparecen las variaciones locales de densidad de carga el\u00e9ctrica y con ellas la recombinaci\u00f3n por MPE. A partir de los materiales resultantes (semiconductores con tres bandas energ\u00e9ticas separadas (1),(2) y (3)) se pueden fabricar dispositivos optoelectr\u00f3nicos (c\u00e9lulas solares, fotodetectores, l\u00e1seres, etc) capaces de utilizar de forma eficiente (y si el caso lo requiere, simult\u00e1nea) transiciones electr\u00f3nicas radiativas en rangos energ\u00e9ticos no convencionales.<\/p>\n<h5>Situaci\u00f3n <\/h5>\n<p>Concedida<\/p>\n<h5>N\u00famero de solicitud<\/h5>\n<p>P200503055<\/p>\n<h5>N\u00famero de publicaci\u00f3n<\/h5>\n<p>ES2276624<\/p>\n<h5>Fecha de presentaci\u00f3n <\/h5>\n<p>13\/12\/2005<\/p>\n<h5>Fecha de concesi\u00f3n <\/h5>\n<p>30\/11\/2007<\/p>\n<div class=\"pdfprnt-buttons pdfprnt-buttons-product pdfprnt-bottom-left\"><a href=\"https:\/\/www.upm.es\/recursosidi\/wp-json\/wp\/v2\/product\/8395?print=pdf\" class=\"pdfprnt-button pdfprnt-button-pdf\" target=\"_blank\"><span class=\"pdfprnt-button-title pdfprnt-button-pdf-title\">Descargar ficha<\/span><\/a><\/div>","protected":false},"excerpt":{"rendered":"<p>Descripci\u00f3n de la patente Procedimiento para obtener materiales semiconductores con niveles situados cerca del centro de la banda prohibida (niveles profundos) que no sufren la&hellip;<\/p>\n","protected":false},"featured_media":0,"template":"","meta":{"_acf_changed":false},"product_cat":[3946],"product_tag":[],"comunidades-upm":[],"quien":[],"mapa":[],"disponibilidad":[],"donde":[{"term_id":236,"name":"Instituto de Energ\u00eda Solar (IES)","slug":"instituto-de-energia-solar-ies","term_group":0,"term_taxonomy_id":236,"taxonomy":"donde","description":"","parent":0,"count":41,"filter":"raw","term_order":"0"},{"term_id":432,"name":"Silicio y Nuevos Conceptos para C\u00e9lulas Solares","slug":"silicio-y-nuevos-conceptos-para-celulas-solares","term_group":0,"term_taxonomy_id":432,"taxonomy":"donde","description":"Uno de nuestros objetivos es el estudio de los l&iacute;mites de conversi&oacute;n de la energ&iacute;a solar fotovoltaica, con especial &eacute;nfasis en identificar mecanismos que puedan mejorar dr&aacute;sticamente el rendimiento actual de esta conversi&oacute;n. Entre &eacute;stos, promovemos las C&eacute;lulas Solares de Banda Intermedia, un &aacute;mbito de investigaci&oacute;n iniciado por nosotros que ha tenido mucha repercusi&oacute;n internacional.\n&nbsp;\nPor otro lado, la investigaci&oacute;n que realizamos tiene por objeto el apoyo a la industria espa&ntilde;ola y europea de c&eacute;lulas solares de silicio cristalino (que son la mayor&iacute;a de las presentes en el mercado), con objeto de abaratar costes y desarrollar nuevos productos.\n&nbsp;\nTodo esto lo llevamos a cabo a trav&eacute;s de tres l&iacute;neas de Investigaci&oacute;n:\n\nC&aacute;lculos cu&aacute;nticos para c&eacute;lulas solares\nNuevos conceptos en c&eacute;lulas solares\nTecnolog&iacute;a de silicio cristalino\n","parent":0,"count":17,"filter":"raw","term_order":"0"}],"infraestructura":[],"ods":[],"origen":[{"term_id":180,"name":"Patente","slug":"patente","term_group":0,"term_taxonomy_id":180,"taxonomy":"origen","description":"","parent":0,"count":614,"filter":"raw","term_order":"0"}],"familia_tax":false,"quien_tax":false,"donde_tax":false,"year":"","contacto":"<strong>Principales: <\/strong><ul><li>CESAR TABLERO CRESPO <blockquote><strong>cesar.tablero@upm.es<\/strong><\/blockquote><\/li><li>ANTONIO MARTI VEGA <blockquote><strong>antonio.marti@upm.es<\/strong><\/blockquote><\/li><li>ELISA ANTOLIN FERNANDEZ <blockquote><strong>elisa.antolin@upm.es<\/strong><\/blockquote><\/li><li>ANTONIO LUQUE LOPEZ <blockquote><strong>a.luque@upm.es<\/strong><\/blockquote><\/li><\/ul>","telefono":"","pagina_web":"","email":"","id_ficha_portal":"51","video":"","adjuntos":false,"adjuntos_portal":"https:\/\/www.upm.es\/S2i\/Acuse\/recuperarArchivo.jsp?id=51&id_archivo=164&tipo=patente&extension=fichero ","inf":false,"departamento":"","acf":[],"lang":"es","translation":{"es":8395},"_links":{"self":[{"href":"https:\/\/www.upm.es\/recursosidi\/wp-json\/wp\/v2\/product\/8395"}],"collection":[{"href":"https:\/\/www.upm.es\/recursosidi\/wp-json\/wp\/v2\/product"}],"about":[{"href":"https:\/\/www.upm.es\/recursosidi\/wp-json\/wp\/v2\/types\/product"}],"wp:attachment":[{"href":"https:\/\/www.upm.es\/recursosidi\/wp-json\/wp\/v2\/media?parent=8395"}],"wp:term":[{"taxonomy":"product_cat","embeddable":true,"href":"https:\/\/www.upm.es\/recursosidi\/wp-json\/wp\/v2\/product_cat?post=8395"},{"taxonomy":"product_tag","embeddable":true,"href":"https:\/\/www.upm.es\/recursosidi\/wp-json\/wp\/v2\/product_tag?post=8395"},{"taxonomy":"comunidad_upm","embeddable":true,"href":"https:\/\/www.upm.es\/recursosidi\/wp-json\/wp\/v2\/comunidades-upm?post=8395"},{"taxonomy":"quien","embeddable":true,"href":"https:\/\/www.upm.es\/recursosidi\/wp-json\/wp\/v2\/quien?post=8395"},{"taxonomy":"mapa","embeddable":true,"href":"https:\/\/www.upm.es\/recursosidi\/wp-json\/wp\/v2\/mapa?post=8395"},{"taxonomy":"disponibilidad","embeddable":true,"href":"https:\/\/www.upm.es\/recursosidi\/wp-json\/wp\/v2\/disponibilidad?post=8395"},{"taxonomy":"donde","embeddable":true,"href":"https:\/\/www.upm.es\/recursosidi\/wp-json\/wp\/v2\/donde?post=8395"},{"taxonomy":"infraestructura","embeddable":true,"href":"https:\/\/www.upm.es\/recursosidi\/wp-json\/wp\/v2\/infraestructura?post=8395"},{"taxonomy":"ods","embeddable":true,"href":"https:\/\/www.upm.es\/recursosidi\/wp-json\/wp\/v2\/ods?post=8395"},{"taxonomy":"origen","embeddable":true,"href":"https:\/\/www.upm.es\/recursosidi\/wp-json\/wp\/v2\/origen?post=8395"}],"curies":[{"name":"wp","href":"https:\/\/api.w.org\/{rel}","templated":true}]}}