{"id":8398,"date":"2021-11-25T14:05:57","date_gmt":"2021-11-25T13:05:57","guid":{"rendered":"https:\/\/www.upm.es\/recursosidi\/offers-resources\/sin categor\u00eda\/sistema-telematico-de-emparejamiento-entre-ofertantes-y-demandantes-basado-en-el-uso-de-los-protocolos-de-correo-electronico\/"},"modified":"2022-08-10T02:03:25","modified_gmt":"2022-08-10T00:03:25","slug":"sistema-telematico-de-emparejamiento-entre-ofertantes-y-demandantes-basado-en-el-uso-de-los-protocolos-de-correo-electronico","status":"publish","type":"product","link":"https:\/\/www.upm.es\/recursosidi\/offers-resources\/patentes\/sistema-telematico-de-emparejamiento-entre-ofertantes-y-demandantes-basado-en-el-uso-de-los-protocolos-de-correo-electronico\/","title":{"rendered":"Sistema Telem\u00e1tico de emparejamiento entre ofertantes y demandantes, basado en el uso de los protocolos de correo electr\u00f3nico"},"content":{"rendered":"<h5>Descripci\u00f3n de la patente <\/h5>\n<p>El objetivo de la invenci\u00f3n es simplificar a ofertantes y demandantes la manera de aportar sus datos y de enviar sus peticiones, as\u00ed como desligar la obtenci\u00f3n de resultados al concepto de sesi\u00f3n.<br \/>\nEl sistema hace uso del correo electr\u00f3nico y sus protocolos est\u00e1ndar y de los mensajes de dispositivos m\u00f3viles (SMS, MMS) para enviar ofertas y demandas  y resultados obtenidos tras una fase de emparejamiento. Los datos se aportan sin hacer uso de interfaces de usuario propios y las comunicaciones entre los clientes y el sistema son as\u00edncronas. El mantenimiento de las ofertas y demandas se realiza respondiendo correos electr\u00f3nicos o mensajes de dispositivos m\u00f3viles.<br \/>\nPara implementar el emparejamiento entre ofertas y demandas, se asignan niveles de importancia a las palabras contenidas en los mensajes recibidos: las palabras del \u00bfasunto\u00bf tienen mayor importancia al texto que detalla los contenidos del mensaje.<\/p>\n<h5>Situaci\u00f3n <\/h5>\n<p>Concedida<\/p>\n<h5>N\u00famero de solicitud<\/h5>\n<p>P200600027<\/p>\n<h5>N\u00famero de publicaci\u00f3n<\/h5>\n<p>ES2318929<\/p>\n<h5>Fecha de presentaci\u00f3n <\/h5>\n<p>05\/01\/2006<\/p>\n<h5>Fecha de concesi\u00f3n <\/h5>\n<p>05\/10\/2009<\/p>\n<div class=\"pdfprnt-buttons pdfprnt-buttons-product pdfprnt-bottom-left\"><a href=\"https:\/\/www.upm.es\/recursosidi\/wp-json\/wp\/v2\/product\/8398?print=pdf\" class=\"pdfprnt-button pdfprnt-button-pdf\" target=\"_blank\"><span class=\"pdfprnt-button-title pdfprnt-button-pdf-title\">Descargar ficha<\/span><\/a><\/div>","protected":false},"excerpt":{"rendered":"<p>Descripci\u00f3n de la patente El objetivo de la invenci\u00f3n es simplificar a ofertantes y demandantes la manera de aportar sus datos y de enviar sus&hellip;<\/p>\n","protected":false},"featured_media":0,"template":"","meta":{"_acf_changed":false},"product_cat":[3946],"product_tag":[],"comunidades-upm":[],"quien":[],"mapa":[],"disponibilidad":[],"donde":[{"term_id":3411,"name":"KNOwledge Discovery and Information Systems (KNODIS)","slug":"knowledge-discovery-and-information-systems-knodis","term_group":0,"term_taxonomy_id":3411,"taxonomy":"donde","description":"","parent":0,"count":3,"filter":"raw","term_order":"0"}],"infraestructura":[],"ods":[],"origen":[{"term_id":180,"name":"Patente","slug":"patente","term_group":0,"term_taxonomy_id":180,"taxonomy":"origen","description":"","parent":0,"count":614,"filter":"raw","term_order":"0"}],"familia_tax":false,"quien_tax":false,"donde_tax":false,"year":"","contacto":"<strong>Principales: <\/strong><ul><li>JESUS BOBADILLA SANCHO <blockquote><strong>jesus.bobadilla@upm.es<\/strong><\/blockquote><\/li><\/ul>","telefono":"","pagina_web":"","email":"","id_ficha_portal":"57","video":"","adjuntos":false,"adjuntos_portal":"https:\/\/www.upm.es\/S2i\/Acuse\/recuperarArchivo.jsp?id=57&id_archivo=339&tipo=patente&extension=fichero ","inf":false,"departamento":"","acf":[],"lang":"es","translation":{"es":8398},"_links":{"self":[{"href":"https:\/\/www.upm.es\/recursosidi\/wp-json\/wp\/v2\/product\/8398"}],"collection":[{"href":"https:\/\/www.upm.es\/recursosidi\/wp-json\/wp\/v2\/product"}],"about":[{"href":"https:\/\/www.upm.es\/recursosidi\/wp-json\/wp\/v2\/types\/product"}],"wp:attachment":[{"href":"https:\/\/www.upm.es\/recursosidi\/wp-json\/wp\/v2\/media?parent=8398"}],"wp:term":[{"taxonomy":"product_cat","embeddable":true,"href":"https:\/\/www.upm.es\/recursosidi\/wp-json\/wp\/v2\/product_cat?post=8398"},{"taxonomy":"product_tag","embeddable":true,"href":"https:\/\/www.upm.es\/recursosidi\/wp-json\/wp\/v2\/product_tag?post=8398"},{"taxonomy":"comunidad_upm","embeddable":true,"href":"https:\/\/www.upm.es\/recursosidi\/wp-json\/wp\/v2\/comunidades-upm?post=8398"},{"taxonomy":"quien","embeddable":true,"href":"https:\/\/www.upm.es\/recursosidi\/wp-json\/wp\/v2\/quien?post=8398"},{"taxonomy":"mapa","embeddable":true,"href":"https:\/\/www.upm.es\/recursosidi\/wp-json\/wp\/v2\/mapa?post=8398"},{"taxonomy":"disponibilidad","embeddable":true,"href":"https:\/\/www.upm.es\/recursosidi\/wp-json\/wp\/v2\/disponibilidad?post=8398"},{"taxonomy":"donde","embeddable":true,"href":"https:\/\/www.upm.es\/recursosidi\/wp-json\/wp\/v2\/donde?post=8398"},{"taxonomy":"infraestructura","embeddable":true,"href":"https:\/\/www.upm.es\/recursosidi\/wp-json\/wp\/v2\/infraestructura?post=8398"},{"taxonomy":"ods","embeddable":true,"href":"https:\/\/www.upm.es\/recursosidi\/wp-json\/wp\/v2\/ods?post=8398"},{"taxonomy":"origen","embeddable":true,"href":"https:\/\/www.upm.es\/recursosidi\/wp-json\/wp\/v2\/origen?post=8398"}],"curies":[{"name":"wp","href":"https:\/\/api.w.org\/{rel}","templated":true}]}}