{"id":8399,"date":"2021-11-25T14:05:59","date_gmt":"2021-11-25T13:05:59","guid":{"rendered":"https:\/\/www.upm.es\/recursosidi\/offers-resources\/sin categor\u00eda\/detector-de-pedunculos-y-tallos-vegetales-basado-en-la-designacion-optica-con-laser-de-linea\/"},"modified":"2022-08-10T02:03:28","modified_gmt":"2022-08-10T00:03:28","slug":"detector-de-pedunculos-y-tallos-vegetales-basado-en-la-designacion-optica-con-laser-de-linea","status":"publish","type":"product","link":"https:\/\/www.upm.es\/recursosidi\/offers-resources\/patentes\/detector-de-pedunculos-y-tallos-vegetales-basado-en-la-designacion-optica-con-laser-de-linea\/","title":{"rendered":"Detector de ped\u00fanculos y tallos vegetales basado en la designaci\u00f3n \u00f3ptica con l\u00e1ser de l\u00ednea"},"content":{"rendered":"<h5>Descripci\u00f3n de la patente <\/h5>\n<p>Esta invenci\u00f3n resuelve el problema de designar y estimar con precisi\u00f3n la posici\u00f3n 3-D de un punto de un ped\u00fanculo o de un tallo mediante la utilizaci\u00f3n de un diodo l\u00e1ser de l\u00ednea para generar instant\u00e1neamente sobre \u00e9l una marca \u00f3ptica perfectamente identificable. Un l\u00e1ser de l\u00ednea es un diodo l\u00e1ser de \u00bfspot\u00bf convencional con una lente que esparce la luz en \u00e1ngulo plano o abanico que, al alcanzar el ped\u00fanculo (o tallo), produce sobre \u00e9l una marca \u00f3ptica. A partir de la imagen o im\u00e1genes de la escena tomadas por el sensor o sensores de visi\u00f3n, se puede encontrar la posici\u00f3n 3-D del punto marcado por un proceso convencional de triangulaci\u00f3n, y, en consecuencia, dirigir con precisi\u00f3n un manipulador rob\u00f3tico para realizar la tarea deseada: recolecci\u00f3n, trasplante, etc<\/p>\n<h5>Situaci\u00f3n <\/h5>\n<p>Concedida<\/p>\n<h5>N\u00famero de solicitud<\/h5>\n<p>P200501586<\/p>\n<h5>N\u00famero de publicaci\u00f3n<\/h5>\n<p>ES2296452<\/p>\n<h5>Fecha de presentaci\u00f3n <\/h5>\n<p>29\/06\/2005<\/p>\n<h5>Fecha de concesi\u00f3n <\/h5>\n<p>18\/11\/2009<\/p>\n<div class=\"pdfprnt-buttons pdfprnt-buttons-product pdfprnt-bottom-left\"><a href=\"https:\/\/www.upm.es\/recursosidi\/wp-json\/wp\/v2\/product\/8399?print=pdf\" class=\"pdfprnt-button pdfprnt-button-pdf\" target=\"_blank\"><span class=\"pdfprnt-button-title pdfprnt-button-pdf-title\">Descargar ficha<\/span><\/a><\/div>","protected":false},"excerpt":{"rendered":"<p>Descripci\u00f3n de la patente Esta invenci\u00f3n resuelve el problema de designar y estimar con precisi\u00f3n la posici\u00f3n 3-D de un punto de un ped\u00fanculo o&hellip;<\/p>\n","protected":false},"featured_media":0,"template":"","meta":{"_acf_changed":false},"product_cat":[3946],"product_tag":[],"comunidades-upm":[],"quien":[],"mapa":[],"disponibilidad":[],"donde":[{"term_id":468,"name":"Grupo de Procesado de Datos y Simulaci\u00f3n (GPDS)-CEDITEC","slug":"grupo-de-procesado-de-datos-y-simulacion-gpds-ceditec","term_group":0,"term_taxonomy_id":468,"taxonomy":"donde","description":"Nuestras l&iacute;neas de investigaci&oacute;n son:\n\nAn&aacute;lisis estad&iacute;stico de se&ntilde;al, fusi&oacute;n multisensor y simulaci&oacute;n\nT&eacute;cnicas de optimizaci&oacute;n y reconocimiento de patrones\nProcesado radar y control de tr&aacute;fico a&eacute;reo\nSistemas de posicionamiento y seguimiento\nTecnolog&iacute;as de gesti&oacute;n del contexto y recomendaci&oacute;n\nSistemas avanzados de interacci&oacute;n y personalizaci&oacute;n\nAplicaciones para entornos inteligentes\nAplicaciones en movilidad\nMetodolog&iacute;as para evaluaci&oacute;n de experiencia de usuario\n\n&nbsp;\nA partir tecnolog&iacute;as horizontales de fusi&oacute;n de sensores y procesado de datos, investigamos en el estado del arte de &aacute;reas de aplicaci&oacute;n como Gesti&oacute;n y Control del Tr&aacute;fico A&eacute;reo (ATC\/ATM) y Sistemas para Espacios Inteligentes.","parent":0,"count":2,"filter":"raw","term_order":"0"},{"term_id":642,"name":"Information Processing and Telecommunications Center (IPTC)","slug":"information-processing-and-telecommunications-center-iptc","term_group":0,"term_taxonomy_id":642,"taxonomy":"donde","description":"","parent":0,"count":74,"filter":"raw","term_order":"0"}],"infraestructura":[],"ods":[],"origen":[{"term_id":180,"name":"Patente","slug":"patente","term_group":0,"term_taxonomy_id":180,"taxonomy":"origen","description":"","parent":0,"count":614,"filter":"raw","term_order":"0"}],"familia_tax":false,"quien_tax":false,"donde_tax":false,"year":"","contacto":"<strong>Principales: <\/strong><ul><li>JUAN ALBERTO BESADA PORTAS <blockquote><strong>juanalberto.besada@upm.es<\/strong><\/blockquote><\/li><li>Paula Tarr\u00edo Alonso <blockquote><strong>paula.tarrio@upm.es<\/strong><\/blockquote><\/li><li>JOSE MARIA DURAN ALTISENT <blockquote><strong>josem.duran@upm.es<\/strong><\/blockquote><\/li><li>JOSE RAMON CASAR CORREDERA <blockquote><strong>joseramon.casar@upm.es<\/strong><\/blockquote><\/li><li>JAVIER IGNACIO PORTILLO GARCIA <blockquote><strong>javier.portillo.garcia@upm.es<\/strong><\/blockquote><\/li><\/ul>","telefono":"","pagina_web":"","email":"","id_ficha_portal":"58","video":"","adjuntos":false,"adjuntos_portal":"https:\/\/www.upm.es\/S2i\/Acuse\/recuperarArchivo.jsp?id=58&id_archivo=187&tipo=patente&extension=fichero ","inf":false,"departamento":"","acf":[],"lang":"es","translation":{"es":8399},"_links":{"self":[{"href":"https:\/\/www.upm.es\/recursosidi\/wp-json\/wp\/v2\/product\/8399"}],"collection":[{"href":"https:\/\/www.upm.es\/recursosidi\/wp-json\/wp\/v2\/product"}],"about":[{"href":"https:\/\/www.upm.es\/recursosidi\/wp-json\/wp\/v2\/types\/product"}],"wp:attachment":[{"href":"https:\/\/www.upm.es\/recursosidi\/wp-json\/wp\/v2\/media?parent=8399"}],"wp:term":[{"taxonomy":"product_cat","embeddable":true,"href":"https:\/\/www.upm.es\/recursosidi\/wp-json\/wp\/v2\/product_cat?post=8399"},{"taxonomy":"product_tag","embeddable":true,"href":"https:\/\/www.upm.es\/recursosidi\/wp-json\/wp\/v2\/product_tag?post=8399"},{"taxonomy":"comunidad_upm","embeddable":true,"href":"https:\/\/www.upm.es\/recursosidi\/wp-json\/wp\/v2\/comunidades-upm?post=8399"},{"taxonomy":"quien","embeddable":true,"href":"https:\/\/www.upm.es\/recursosidi\/wp-json\/wp\/v2\/quien?post=8399"},{"taxonomy":"mapa","embeddable":true,"href":"https:\/\/www.upm.es\/recursosidi\/wp-json\/wp\/v2\/mapa?post=8399"},{"taxonomy":"disponibilidad","embeddable":true,"href":"https:\/\/www.upm.es\/recursosidi\/wp-json\/wp\/v2\/disponibilidad?post=8399"},{"taxonomy":"donde","embeddable":true,"href":"https:\/\/www.upm.es\/recursosidi\/wp-json\/wp\/v2\/donde?post=8399"},{"taxonomy":"infraestructura","embeddable":true,"href":"https:\/\/www.upm.es\/recursosidi\/wp-json\/wp\/v2\/infraestructura?post=8399"},{"taxonomy":"ods","embeddable":true,"href":"https:\/\/www.upm.es\/recursosidi\/wp-json\/wp\/v2\/ods?post=8399"},{"taxonomy":"origen","embeddable":true,"href":"https:\/\/www.upm.es\/recursosidi\/wp-json\/wp\/v2\/origen?post=8399"}],"curies":[{"name":"wp","href":"https:\/\/api.w.org\/{rel}","templated":true}]}}