{"id":8402,"date":"2021-11-25T14:06:06","date_gmt":"2021-11-25T13:06:06","guid":{"rendered":"https:\/\/www.upm.es\/recursosidi\/offers-resources\/sin categor\u00eda\/sistema-de-comunicaciones-inalambricas-bidreccional-de-banda-ancha-integrado-en-redes-de-datagramas\/"},"modified":"2022-08-10T02:03:37","modified_gmt":"2022-08-10T00:03:37","slug":"sistema-de-comunicaciones-inalambricas-bidreccional-de-banda-ancha-integrado-en-redes-de-datagramas","status":"publish","type":"product","link":"https:\/\/www.upm.es\/recursosidi\/offers-resources\/patentes\/sistema-de-comunicaciones-inalambricas-bidreccional-de-banda-ancha-integrado-en-redes-de-datagramas\/","title":{"rendered":"Sistema de comunicaciones inal\u00e1mbricas bidreccional de banda ancha integrado en redes de datagramas"},"content":{"rendered":"<h5>Descripci\u00f3n de la patente <\/h5>\n<p>Sistema de comunicaciones bidireccional, inal\u00e1mbrico, reconfigurable, integrado en una red de datagramas. El sistema presentado se caracteriza por la integraci\u00f3n de una red inal\u00e1mbrica y una red de datagramas. Entre las capacidades del mismo se encuentran la capacidad de reconconfiguraci\u00f3n, lo que significa que es posible adaptarlo a diversos tipos de modulaciones, potencias,  en definitiva, a diversos servicios de comunicaciones. El sistema tambi\u00e9n tiene la capacidad de ser bidireccional, lo que hace posible el trafico de informaci\u00f3n de diversa naturaleza hacia y desde diferentes puntos de la red.<\/p>\n<p>\tPara realizar estas funciones el sistema hace uso de una red de dispositivos inal\u00e1mbricos reconfigurables, con capacidad de transmisi\u00f3n y recepci\u00f3n, que son conectados a una red de datagramas (por ejemplo Internet) que le sirve de red de transporte y control. Dicha conexi\u00f3n entre ambas redes se lleva a cabo mediante la utilizaci\u00f3n de interfaces.<\/p>\n<h5>Situaci\u00f3n <\/h5>\n<p>Concedida<\/p>\n<h5>N\u00famero de solicitud<\/h5>\n<p>P200301738<\/p>\n<h5>N\u00famero de publicaci\u00f3n<\/h5>\n<p>ES2226571<\/p>\n<h5>Fecha de presentaci\u00f3n <\/h5>\n<p>23\/07\/2003<\/p>\n<h5>Fecha de concesi\u00f3n <\/h5>\n<p>28\/12\/2005<\/p>\n<div class=\"pdfprnt-buttons pdfprnt-buttons-product pdfprnt-bottom-left\"><a href=\"https:\/\/www.upm.es\/recursosidi\/wp-json\/wp\/v2\/product\/8402?print=pdf\" class=\"pdfprnt-button pdfprnt-button-pdf\" target=\"_blank\"><span class=\"pdfprnt-button-title pdfprnt-button-pdf-title\">Descargar ficha<\/span><\/a><\/div>","protected":false},"excerpt":{"rendered":"<p>Descripci\u00f3n de la patente Sistema de comunicaciones bidireccional, inal\u00e1mbrico, reconfigurable, integrado en una red de datagramas. El sistema presentado se caracteriza por la integraci\u00f3n de&hellip;<\/p>\n","protected":false},"featured_media":0,"template":"","meta":{"_acf_changed":false},"product_cat":[3946],"product_tag":[],"comunidades-upm":[],"quien":[],"mapa":[],"disponibilidad":[],"donde":[{"term_id":546,"name":"Centro de Electr\u00f3nica Industrial (CEI)","slug":"centro-de-electronica-industrial-cei","term_group":0,"term_taxonomy_id":546,"taxonomy":"donde","description":"","parent":0,"count":25,"filter":"raw","term_order":"0"},{"term_id":538,"name":"Grupo de Ingenier\u00eda de Radio (GIRA)","slug":"grupo-de-ingenieria-de-radio-gira","term_group":0,"term_taxonomy_id":538,"taxonomy":"donde","description":"","parent":0,"count":3,"filter":"raw","term_order":"0"}],"infraestructura":[],"ods":[],"origen":[{"term_id":180,"name":"Patente","slug":"patente","term_group":0,"term_taxonomy_id":180,"taxonomy":"origen","description":"","parent":0,"count":614,"filter":"raw","term_order":"0"}],"familia_tax":false,"quien_tax":false,"donde_tax":false,"year":"","contacto":"<strong>Principales: <\/strong><ul><li>FCO. JAVIER ORTEGA GONZALEZ <blockquote><strong>franciscojavier.ortega@upm.es<\/strong><\/blockquote><\/li><\/ul>","telefono":"","pagina_web":"","email":"","id_ficha_portal":"61","video":"","adjuntos":false,"adjuntos_portal":"https:\/\/www.upm.es\/S2i\/Acuse\/recuperarArchivo.jsp?id=61&id_archivo=113&tipo=patente&extension=fichero","inf":false,"departamento":"","acf":[],"lang":"es","translation":{"es":8402},"_links":{"self":[{"href":"https:\/\/www.upm.es\/recursosidi\/wp-json\/wp\/v2\/product\/8402"}],"collection":[{"href":"https:\/\/www.upm.es\/recursosidi\/wp-json\/wp\/v2\/product"}],"about":[{"href":"https:\/\/www.upm.es\/recursosidi\/wp-json\/wp\/v2\/types\/product"}],"wp:attachment":[{"href":"https:\/\/www.upm.es\/recursosidi\/wp-json\/wp\/v2\/media?parent=8402"}],"wp:term":[{"taxonomy":"product_cat","embeddable":true,"href":"https:\/\/www.upm.es\/recursosidi\/wp-json\/wp\/v2\/product_cat?post=8402"},{"taxonomy":"product_tag","embeddable":true,"href":"https:\/\/www.upm.es\/recursosidi\/wp-json\/wp\/v2\/product_tag?post=8402"},{"taxonomy":"comunidad_upm","embeddable":true,"href":"https:\/\/www.upm.es\/recursosidi\/wp-json\/wp\/v2\/comunidades-upm?post=8402"},{"taxonomy":"quien","embeddable":true,"href":"https:\/\/www.upm.es\/recursosidi\/wp-json\/wp\/v2\/quien?post=8402"},{"taxonomy":"mapa","embeddable":true,"href":"https:\/\/www.upm.es\/recursosidi\/wp-json\/wp\/v2\/mapa?post=8402"},{"taxonomy":"disponibilidad","embeddable":true,"href":"https:\/\/www.upm.es\/recursosidi\/wp-json\/wp\/v2\/disponibilidad?post=8402"},{"taxonomy":"donde","embeddable":true,"href":"https:\/\/www.upm.es\/recursosidi\/wp-json\/wp\/v2\/donde?post=8402"},{"taxonomy":"infraestructura","embeddable":true,"href":"https:\/\/www.upm.es\/recursosidi\/wp-json\/wp\/v2\/infraestructura?post=8402"},{"taxonomy":"ods","embeddable":true,"href":"https:\/\/www.upm.es\/recursosidi\/wp-json\/wp\/v2\/ods?post=8402"},{"taxonomy":"origen","embeddable":true,"href":"https:\/\/www.upm.es\/recursosidi\/wp-json\/wp\/v2\/origen?post=8402"}],"curies":[{"name":"wp","href":"https:\/\/api.w.org\/{rel}","templated":true}]}}