{"id":8404,"date":"2021-11-25T14:06:11","date_gmt":"2021-11-25T13:06:11","guid":{"rendered":"https:\/\/www.upm.es\/recursosidi\/offers-resources\/sin categor\u00eda\/sistema-de-deteccion-optica-para-bio-ensayos-de-alta-sensibilidad-sin-marcado\/"},"modified":"2022-08-10T02:03:43","modified_gmt":"2022-08-10T00:03:43","slug":"sistema-de-deteccion-optica-para-bio-ensayos-de-alta-sensibilidad-sin-marcado","status":"publish","type":"product","link":"https:\/\/www.upm.es\/recursosidi\/offers-resources\/patentes\/sistema-de-deteccion-optica-para-bio-ensayos-de-alta-sensibilidad-sin-marcado\/","title":{"rendered":"Sistema de detecci\u00f3n \u00f3ptica para bio-ensayos de alta sensibilidad sin marcado"},"content":{"rendered":"<h5>Descripci\u00f3n de la patente <\/h5>\n<p>Sistema de detecci\u00f3n \u00f3ptica para bio-ensayos de alta sensibilidad sin marcado que comprende el uso de t\u00e9cnicas de caracterizaci\u00f3n \u00f3ptica que permiten la interrogaci\u00f3n vertical en dominios micro y sub-microm\u00e9tricos as\u00ed como al menos una celda resonante o interferom\u00e9trica bio-fot\u00f3nica de interrogaci\u00f3n vertical caracterizado porque adem\u00e1s comprende, al menos:<br \/>\n(I)\tun sistema \u00f3ptico de medida que comprende, a su vez y al menos, una fuente de excitaci\u00f3n, medios \u00f3pticos de detecci\u00f3n de la se\u00f1al procedente de un cabezal \u00f3ptico; y un cabezal \u00f3ptico; y<br \/>\n(II)\tun elemento para la integraci\u00f3n de m\u00faltiples analitos comprendiendo, a su vez y al menos, una pluralidad de celdas bio-sensibles, una pluralidad de conexiones flu\u00eddicas conectadas con las celdas; y un sustrato sobre el que reposan tanto las celdas bio-sensibles como las conexiones flu\u00eddicas;<br \/>\ny donde dicho cabezal \u00f3ptico est\u00e1 configurado para analizar cada una de dichas celdas bio-sensibles y los analitos contenidos en ellas.<\/p>\n<h5>Situaci\u00f3n <\/h5>\n<p>Concedida<\/p>\n<h5>N\u00famero de solicitud<\/h5>\n<p>P200802565<\/p>\n<h5>N\u00famero de publicaci\u00f3n<\/h5>\n<p>ES2334318<\/p>\n<h5>Fecha de presentaci\u00f3n <\/h5>\n<p>05\/09\/2008<\/p>\n<h5>Fecha de concesi\u00f3n <\/h5>\n<p>16\/11\/2011<\/p>\n<h4><strong>Extensiones Internacionales<\/strong><\/h4>\n<h5>EUROPA<\/h5>\n<p><strong>Referencia de la solicitud: <\/strong>09811139.6<br \/>\nEP2327955 <br \/><strong>T\u00edtulo:\t\t\t\t\t   <\/strong>OPTICAL DETECTION SYSTEM FOR LABELLING-FREE HIGH SENSITIVITY BIOASSAYS<br \/><strong>Situacion: \t\t\t\t   <\/strong>Concedida<\/p>\n<h5>PA\u00cdSES<\/h5>\n<p><strong>Pa\u00eds: <\/strong>Alemania<br \/><strong>Titulo: <\/strong>OPTICAL DETECTION SYSTEM<br \/>\nFOR LABELLING-FREE HIGH-SENSITIVITY BIOASSAYS<br \/><strong>Situaci\u00f3n: <\/strong>Concedida<br \/><strong>Pa\u00eds: <\/strong>Reino Unido<br \/><strong>Titulo: <\/strong>OPTICAL DETECTION SYSTEM<br \/>\nFOR LABELLING-FREE HIGH-SENSITIVITY BIOASSAYS<br \/><strong>Situaci\u00f3n: <\/strong>Concedida<br \/><strong>Pa\u00eds: <\/strong>Francia<br \/><strong>Titulo: <\/strong>Syst\u00e8me de d\u00e9tection optique pour essais biologiques \u00e0 haute sensibilit\u00e9 sans marquage <br \/><strong>Situaci\u00f3n: <\/strong>Concedida<br \/><strong>Pa\u00eds: <\/strong>Italia<br \/><strong>Titulo: <\/strong>Sistema di rilevazione ottica per saggi biologici ad alta sensibilit\u00e0 privi di marcatura<br \/><strong>Situaci\u00f3n: <\/strong>Concedida<br \/><strong>Pa\u00eds: <\/strong>Espa\u00f1a<br \/><strong>Titulo: <\/strong>Sistema de detecci\u00f3n \u00f3ptica para ensayos biol\u00f3gicos de alta sensibilidad sin marcado<br \/><strong>Situaci\u00f3n: <\/strong>Concedida<\/p>\n<div class=\"pdfprnt-buttons pdfprnt-buttons-product pdfprnt-bottom-left\"><a href=\"https:\/\/www.upm.es\/recursosidi\/wp-json\/wp\/v2\/product\/8404?print=pdf\" class=\"pdfprnt-button pdfprnt-button-pdf\" target=\"_blank\"><span class=\"pdfprnt-button-title pdfprnt-button-pdf-title\">Descargar ficha<\/span><\/a><\/div>","protected":false},"excerpt":{"rendered":"<p>Descripci\u00f3n de la patente Sistema de detecci\u00f3n \u00f3ptica para bio-ensayos de alta sensibilidad sin marcado que comprende el uso de t\u00e9cnicas de caracterizaci\u00f3n \u00f3ptica que&hellip;<\/p>\n","protected":false},"featured_media":0,"template":"","meta":{"_acf_changed":false},"product_cat":[3946],"product_tag":[],"comunidades-upm":[],"quien":[],"mapa":[],"disponibilidad":[],"donde":[{"term_id":556,"name":"Centro de Tecnolog\u00eda Biom\u00e9dica (CTB)","slug":"centro-de-tecnologia-biomedica-ctb","term_group":0,"term_taxonomy_id":556,"taxonomy":"donde","description":"","parent":0,"count":84,"filter":"raw","term_order":"0"},{"term_id":248,"name":"Centro L\u00e1ser","slug":"centro-laser","term_group":0,"term_taxonomy_id":248,"taxonomy":"donde","description":"","parent":0,"count":10,"filter":"raw","term_order":"0"},{"term_id":396,"name":"Grupo de Investigaci\u00f3n en Ingenier\u00eda y Aplicaciones del L\u00e1ser","slug":"grupo-de-investigacion-en-ingenieria-y-aplicaciones-del-laser","term_group":0,"term_taxonomy_id":396,"taxonomy":"donde","description":"El grupo enfoca su actividad al desarrollo e instrumentaci&oacute;n experimental de aplicaciones industriales de la Tecnolog&iacute;a L&aacute;ser y a la concepci&oacute;n y desarrollo de aplicaciones avanzadas de dicha Tecnolog&iacute;a. Las <strong>l&iacute;neas principales de investigaci&oacute;n<\/strong> son:\n&nbsp;\n\nModelizaci&oacute;n te&oacute;rica, desarrollo e instrumentaci&oacute;n experimental de aplicaciones industriales de los L&aacute;seres de potencia y de L&aacute;seres de elevada intensidad.\nDesarrollo de procesos de micro\/nano-fabricaci&oacute;n con L&aacute;ser, incluidos procesos avanzados de fabricaci&oacute;n de estructuras y componentes de c&eacute;lulas fotovoltaicas y fabricaci&oacute;n de estructuras microflu&iacute;dicas y nanofot&oacute;nicas para dispositivos metrol&oacute;gicos y biosensores.\nDesarrollo de t&eacute;cnicas avanzadas de instrumentaci&oacute;n de sistemas y procesos de fabricaci&oacute;n con l&aacute;ser.\n","parent":0,"count":7,"filter":"raw","term_order":"0"},{"term_id":652,"name":"Grupo de \u00d3ptica F\u00f3tonica y Biofot\u00f3nica (GOFB)","slug":"grupo-de-optica-fotonica-y-biofotonica-gofb","term_group":0,"term_taxonomy_id":652,"taxonomy":"donde","description":"Nuestro objetivo principal es investigar y desarrollar sistemas &oacute;pticos y fot&oacute;nicos para aplicaciones biol&oacute;gicas y opto-qu&iacute;micas como puedan ser sistemas <em>Point-of-Care <\/em>para diagn&oacute;stico <em>In-Vitro<\/em>, sistemas para an&aacute;lisis y diagn&oacute;stico el l&iacute;quidos, chips y micro-chips para sistemas de detecci&oacute;n y para aplicaciones <em>body-on-a-chip.<\/em> Para alcanzar este objetivo nos centramos en diversas &aacute;reas de investigaci&oacute;n:\n&nbsp;\n\nSimulaci&oacute;n de estructuras micro y nano fot&oacute;nicas\nMicro-nano fabricaci&oacute;n de transductores&nbsp; en chips y biochips\nCaracterizaci&oacute;n &oacute;ptica avanzada de transductores\nDesarrollo de sistemas &oacute;ptica avanzados\nMicro y nano flu&iacute;dica\nFuncionalizaci&oacute;n y biofuncionalizaci&oacute;n de superficies\nInmunoensayos y bioqu&iacute;mica\n","parent":0,"count":15,"filter":"raw","term_order":"0"},{"term_id":634,"name":"Manufactura Avanzada con L\u00e1ser","slug":"manufactura-avanzada-con-laser","term_group":0,"term_taxonomy_id":634,"taxonomy":"donde","description":"","parent":0,"count":6,"filter":"raw","term_order":"0"}],"infraestructura":[],"ods":[],"origen":[{"term_id":180,"name":"Patente","slug":"patente","term_group":0,"term_taxonomy_id":180,"taxonomy":"origen","description":"","parent":0,"count":614,"filter":"raw","term_order":"0"}],"familia_tax":false,"quien_tax":false,"donde_tax":false,"year":"","contacto":"<strong>Principales: <\/strong><ul><li>JOSE LUIS OCA\u00d1A MORENO <blockquote><strong>joseluis.ocana@upm.es<\/strong><\/blockquote><\/li><li>MIGUEL HOLGADO BOLA\u00d1OS <blockquote><strong>m.holgado@upm.es<\/strong><\/blockquote><\/li><li>MARIA FE LAGUNA HERAS <blockquote><strong>mariafe.laguna@upm.es<\/strong><\/blockquote><\/li><li>CARLOS LUIS MOLPECERES ALVAREZ <blockquote><strong>carlos.molpeceres@upm.es<\/strong><\/blockquote><\/li><li>MIGUEL MORALES FURIO <blockquote><strong>miguel.morales@upm.es<\/strong><\/blockquote><\/li><li>RAFAEL CASQUEL DEL CAMPO <blockquote><strong>rafael.casquel@upm.es<\/strong><\/blockquote><\/li><\/ul>","telefono":"","pagina_web":"","email":"","id_ficha_portal":"263","video":"","adjuntos":false,"adjuntos_portal":"https:\/\/www.upm.es\/S2i\/Acuse\/recuperarArchivo.jsp?id=263&id_archivo=530&tipo=patente&extension=fichero ","inf":false,"departamento":"","acf":[],"lang":"es","translation":{"es":8404},"_links":{"self":[{"href":"https:\/\/www.upm.es\/recursosidi\/wp-json\/wp\/v2\/product\/8404"}],"collection":[{"href":"https:\/\/www.upm.es\/recursosidi\/wp-json\/wp\/v2\/product"}],"about":[{"href":"https:\/\/www.upm.es\/recursosidi\/wp-json\/wp\/v2\/types\/product"}],"wp:attachment":[{"href":"https:\/\/www.upm.es\/recursosidi\/wp-json\/wp\/v2\/media?parent=8404"}],"wp:term":[{"taxonomy":"product_cat","embeddable":true,"href":"https:\/\/www.upm.es\/recursosidi\/wp-json\/wp\/v2\/product_cat?post=8404"},{"taxonomy":"product_tag","embeddable":true,"href":"https:\/\/www.upm.es\/recursosidi\/wp-json\/wp\/v2\/product_tag?post=8404"},{"taxonomy":"comunidad_upm","embeddable":true,"href":"https:\/\/www.upm.es\/recursosidi\/wp-json\/wp\/v2\/comunidades-upm?post=8404"},{"taxonomy":"quien","embeddable":true,"href":"https:\/\/www.upm.es\/recursosidi\/wp-json\/wp\/v2\/quien?post=8404"},{"taxonomy":"mapa","embeddable":true,"href":"https:\/\/www.upm.es\/recursosidi\/wp-json\/wp\/v2\/mapa?post=8404"},{"taxonomy":"disponibilidad","embeddable":true,"href":"https:\/\/www.upm.es\/recursosidi\/wp-json\/wp\/v2\/disponibilidad?post=8404"},{"taxonomy":"donde","embeddable":true,"href":"https:\/\/www.upm.es\/recursosidi\/wp-json\/wp\/v2\/donde?post=8404"},{"taxonomy":"infraestructura","embeddable":true,"href":"https:\/\/www.upm.es\/recursosidi\/wp-json\/wp\/v2\/infraestructura?post=8404"},{"taxonomy":"ods","embeddable":true,"href":"https:\/\/www.upm.es\/recursosidi\/wp-json\/wp\/v2\/ods?post=8404"},{"taxonomy":"origen","embeddable":true,"href":"https:\/\/www.upm.es\/recursosidi\/wp-json\/wp\/v2\/origen?post=8404"}],"curies":[{"name":"wp","href":"https:\/\/api.w.org\/{rel}","templated":true}]}}