{"id":8405,"date":"2021-11-25T14:06:14","date_gmt":"2021-11-25T13:06:14","guid":{"rendered":"https:\/\/www.upm.es\/recursosidi\/offers-resources\/sin categor\u00eda\/equipo-para-la-regulacion-y-visualizacion-de-transicion-entre-regimenes-laminar-y-turbulento-de-un-fluido\/"},"modified":"2022-08-10T02:03:46","modified_gmt":"2022-08-10T00:03:46","slug":"equipo-para-la-regulacion-y-visualizacion-de-transicion-entre-regimenes-laminar-y-turbulento-de-un-fluido","status":"publish","type":"product","link":"https:\/\/www.upm.es\/recursosidi\/offers-resources\/patentes\/equipo-para-la-regulacion-y-visualizacion-de-transicion-entre-regimenes-laminar-y-turbulento-de-un-fluido\/","title":{"rendered":"Equipo para la regulaci\u00f3n y visualizaci\u00f3n de transici\u00f3n entre reg\u00edmenes laminar y turbulento de un fluido"},"content":{"rendered":"<h5>Descripci\u00f3n de la patente <\/h5>\n<p>Se propone un sistema did\u00e1ctico experimental para la regulaci\u00f3n y visualizaci\u00f3n de la transici\u00f3n entre reg\u00edmenes laminar y turbulento en flujos de l\u00edquidos en conductos de secci\u00f3n circular. Consiste en un dep\u00f3sito o cubeta (1) que contiene un l\u00edquido  (2) que es evacuado a trav\u00e9s de un tubo de descarga (5) que dispone de una tobera (6) a su entrada y una v\u00e1lvula de descarga (7) a la salida. El nivel del l\u00edquido en el dep\u00f3sito es regulado por una v\u00e1lvula (3) y un sensor de nivel (4). Delante de la tobera se inyecta un caudal de colorante (10) a trav\u00e9s de una aguja (13) que fluye desde un dep\u00f3sito (11) regulado con una v\u00e1lvula (12). El l\u00edquido desalojado, junto con el colorante, es medido por un caudal\u00edmetro (8) y recogido en un dep\u00f3sito de descarga (9). Dispone de varios accesorios de control y automatizaci\u00f3n del experimento.<\/p>\n<h5>Situaci\u00f3n <\/h5>\n<p>Concedida<\/p>\n<h5>N\u00famero de solicitud<\/h5>\n<p>P200801365<\/p>\n<h5>N\u00famero de publicaci\u00f3n<\/h5>\n<p>ES2316309<\/p>\n<h5>Fecha de presentaci\u00f3n <\/h5>\n<p>12\/05\/2008<\/p>\n<h5>Fecha de concesi\u00f3n <\/h5>\n<p>12\/02\/2010<\/p>\n<div class=\"pdfprnt-buttons pdfprnt-buttons-product pdfprnt-bottom-left\"><a href=\"https:\/\/www.upm.es\/recursosidi\/wp-json\/wp\/v2\/product\/8405?print=pdf\" class=\"pdfprnt-button pdfprnt-button-pdf\" target=\"_blank\"><span class=\"pdfprnt-button-title pdfprnt-button-pdf-title\">Descargar ficha<\/span><\/a><\/div>","protected":false},"excerpt":{"rendered":"<p>Descripci\u00f3n de la patente Se propone un sistema did\u00e1ctico experimental para la regulaci\u00f3n y visualizaci\u00f3n de la transici\u00f3n entre reg\u00edmenes laminar y turbulento en flujos&hellip;<\/p>\n","protected":false},"featured_media":0,"template":"","meta":{"_acf_changed":false},"product_cat":[3946],"product_tag":[],"comunidades-upm":[],"quien":[],"mapa":[],"disponibilidad":[],"donde":[{"term_id":566,"name":"Proyectos y Calidad","slug":"proyectos-y-calidad","term_group":0,"term_taxonomy_id":566,"taxonomy":"donde","description":"Las l&iacute;neas de investigaci&oacute;n que sustentan nuestro trabajo son las siguientes:\n&nbsp;\n\nSostenibilidad en la Direcci&oacute;n de Proyectos\nCompetencias en Direcci&oacute;n de proyectos\nExtracciones de conocimiento en Procesos Industriales\nM&eacute;todos de Investigaci&oacute;n y Diagn&oacute;stico en Educaci&oacute;n\nCalidad\nEvaluaci&oacute;n ambiental de Planes, Programas y Proyectos\nIntegraci&oacute;n y recuperaci&oacute;n ambiental de espacios degradado\nEvaluaci&oacute;n de la Generaci&oacute;n de Residuos en Construcci&oacute;n\nIndicadores de Sostenibilidad en Construcci&oacute;n\nBusiness Analytics y Big Data\n\n&nbsp;\nEl trabajo se articula en relaci&oacute;n a proyectos concretos, que tienen diferentes or&iacute;genes, tanto de financiaci&oacute;n p&uacute;blica como privada. Entre estos &uacute;ltimos es de destacar la consultor&iacute;a, que ocupa de media un 15% del tiempo disponible para investigaci&oacute;n.\n&nbsp;","parent":0,"count":7,"filter":"raw","term_order":"0"}],"infraestructura":[],"ods":[],"origen":[{"term_id":180,"name":"Patente","slug":"patente","term_group":0,"term_taxonomy_id":180,"taxonomy":"origen","description":"","parent":0,"count":614,"filter":"raw","term_order":"0"}],"familia_tax":false,"quien_tax":false,"donde_tax":false,"year":"","contacto":"<strong>Principales: <\/strong><ul><li>FRANCISCO JAVIER SANCHEZ ALEJO <blockquote><strong>franciscojavier.sanchez@upm.es<\/strong><\/blockquote><\/li><li>JAVIER JIMENEZ FERNANDEZ <blockquote><strong>javier.jimenez.fernandez@upm.es<\/strong><\/blockquote><\/li><\/ul><strong>Otros inventores UPM: <\/strong><ul><li>Agust\u00edn Garc\u00eda Llama<\/li><\/ul>","telefono":"","pagina_web":"","email":"","id_ficha_portal":"274","video":"","adjuntos":false,"adjuntos_portal":"https:\/\/www.upm.es\/S2i\/Acuse\/recuperarArchivo.jsp?id=274&id_archivo=46&tipo=patente&extension=fichero ","inf":false,"departamento":"","acf":[],"lang":"es","translation":{"es":8405},"_links":{"self":[{"href":"https:\/\/www.upm.es\/recursosidi\/wp-json\/wp\/v2\/product\/8405"}],"collection":[{"href":"https:\/\/www.upm.es\/recursosidi\/wp-json\/wp\/v2\/product"}],"about":[{"href":"https:\/\/www.upm.es\/recursosidi\/wp-json\/wp\/v2\/types\/product"}],"wp:attachment":[{"href":"https:\/\/www.upm.es\/recursosidi\/wp-json\/wp\/v2\/media?parent=8405"}],"wp:term":[{"taxonomy":"product_cat","embeddable":true,"href":"https:\/\/www.upm.es\/recursosidi\/wp-json\/wp\/v2\/product_cat?post=8405"},{"taxonomy":"product_tag","embeddable":true,"href":"https:\/\/www.upm.es\/recursosidi\/wp-json\/wp\/v2\/product_tag?post=8405"},{"taxonomy":"comunidad_upm","embeddable":true,"href":"https:\/\/www.upm.es\/recursosidi\/wp-json\/wp\/v2\/comunidades-upm?post=8405"},{"taxonomy":"quien","embeddable":true,"href":"https:\/\/www.upm.es\/recursosidi\/wp-json\/wp\/v2\/quien?post=8405"},{"taxonomy":"mapa","embeddable":true,"href":"https:\/\/www.upm.es\/recursosidi\/wp-json\/wp\/v2\/mapa?post=8405"},{"taxonomy":"disponibilidad","embeddable":true,"href":"https:\/\/www.upm.es\/recursosidi\/wp-json\/wp\/v2\/disponibilidad?post=8405"},{"taxonomy":"donde","embeddable":true,"href":"https:\/\/www.upm.es\/recursosidi\/wp-json\/wp\/v2\/donde?post=8405"},{"taxonomy":"infraestructura","embeddable":true,"href":"https:\/\/www.upm.es\/recursosidi\/wp-json\/wp\/v2\/infraestructura?post=8405"},{"taxonomy":"ods","embeddable":true,"href":"https:\/\/www.upm.es\/recursosidi\/wp-json\/wp\/v2\/ods?post=8405"},{"taxonomy":"origen","embeddable":true,"href":"https:\/\/www.upm.es\/recursosidi\/wp-json\/wp\/v2\/origen?post=8405"}],"curies":[{"name":"wp","href":"https:\/\/api.w.org\/{rel}","templated":true}]}}