{"id":8406,"date":"2021-11-25T14:06:16","date_gmt":"2021-11-25T13:06:16","guid":{"rendered":"https:\/\/www.upm.es\/recursosidi\/offers-resources\/sin categor\u00eda\/material-formado-por-lodos-de-destintado-de-la-industria-papelera-y-su-utilizacion-como-acondicionador-de-suelos-y-como-sustrato-seco-semillado\/"},"modified":"2022-08-10T02:03:49","modified_gmt":"2022-08-10T00:03:49","slug":"material-formado-por-lodos-de-destintado-de-la-industria-papelera-y-su-utilizacion-como-acondicionador-de-suelos-y-como-sustrato-seco-semillado","status":"publish","type":"product","link":"https:\/\/www.upm.es\/recursosidi\/offers-resources\/patentes\/material-formado-por-lodos-de-destintado-de-la-industria-papelera-y-su-utilizacion-como-acondicionador-de-suelos-y-como-sustrato-seco-semillado\/","title":{"rendered":"Material formado por lodos de destintado de la industria papelera y su utilizaci\u00f3n como acondicionador de suelos y como sustrato seco semillado"},"content":{"rendered":"<h5>Descripci\u00f3n de la patente <\/h5>\n<p>Nuevo uso del lodo de destintado producido en el proceso de fabricaci\u00f3n de papel prensa a partir de papel reciclado. El objeto de la invenci\u00f3n incluye el uso como acondicionador de suelo, la dosificaci\u00f3n y la mejora con abonos para su uso agr\u00edcola; su uso como potenciador y acelarador de la germiaci\u00f3n, su dosificaci\u00f3n y mejora con aditivos cementantes para su uso en la fijaci\u00f3n de taludes as\u00ed como  la uitlizaci\u00f3n en seco, semillado y compactado en plaquetas paralepip\u00e9dicas de dimensiones variables, para, tras su posterior humidificaci\u00f3n, revegetar con las especies semilladas.<\/p>\n<h5>Situaci\u00f3n <\/h5>\n<p>Concedida<\/p>\n<h5>N\u00famero de solicitud<\/h5>\n<p>P200302953<\/p>\n<h5>N\u00famero de publicaci\u00f3n<\/h5>\n<p>ES2238169<\/p>\n<h5>Fecha de presentaci\u00f3n <\/h5>\n<p>16\/12\/2003<\/p>\n<h5>Fecha de concesi\u00f3n <\/h5>\n<p>21\/03\/2006<\/p>\n<div class=\"pdfprnt-buttons pdfprnt-buttons-product pdfprnt-bottom-left\"><a href=\"https:\/\/www.upm.es\/recursosidi\/wp-json\/wp\/v2\/product\/8406?print=pdf\" class=\"pdfprnt-button pdfprnt-button-pdf\" target=\"_blank\"><span class=\"pdfprnt-button-title pdfprnt-button-pdf-title\">Descargar ficha<\/span><\/a><\/div>","protected":false},"excerpt":{"rendered":"<p>Descripci\u00f3n de la patente Nuevo uso del lodo de destintado producido en el proceso de fabricaci\u00f3n de papel prensa a partir de papel reciclado. El&hellip;<\/p>\n","protected":false},"featured_media":0,"template":"","meta":{"_acf_changed":false},"product_cat":[3946],"product_tag":[],"comunidades-upm":[],"quien":[],"mapa":[],"disponibilidad":[],"donde":[{"term_id":608,"name":"An\u00e1lisis y Caracterizaci\u00f3n \u00d3ptica de Materiales","slug":"analisis-y-caracterizacion-optica-de-materiales","term_group":0,"term_taxonomy_id":608,"taxonomy":"donde","description":"","parent":0,"count":15,"filter":"raw","term_order":"0"}],"infraestructura":[],"ods":[],"origen":[{"term_id":180,"name":"Patente","slug":"patente","term_group":0,"term_taxonomy_id":180,"taxonomy":"origen","description":"","parent":0,"count":614,"filter":"raw","term_order":"0"}],"familia_tax":false,"quien_tax":false,"donde_tax":false,"year":"","contacto":"<strong>Principales: <\/strong><ul><li>FRANCISCO FERNANDEZ MARTINEZ <blockquote><strong>francisco.fernandezm@upm.es<\/strong><\/blockquote><\/li><li>CRISTOBAL COLON HERNANDEZ <blockquote><strong>cristobal.colon@upm.es<\/strong><\/blockquote><\/li><li>FRANCISCO HERNANDEZ OLIVARES <blockquote><strong>f.hernandez@upm.es<\/strong><\/blockquote><\/li><li>FRANCISCA GUERRERO LOPEZ <blockquote><strong>francisca.guerrero@upm.es<\/strong><\/blockquote><\/li><li>JOSE MARIA GASCO MONTES <blockquote><strong>josemaria.gasco@upm.es<\/strong><\/blockquote><\/li><li>GONZALO BARLUENGA BADIOLA <blockquote><strong>gonzalo.barluenga@upm.es<\/strong><\/blockquote><\/li><li>M. CRUZ DIAZ ALVAREZ <blockquote><strong>mariacruz.diaz@upm.es<\/strong><\/blockquote><\/li><\/ul>","telefono":"","pagina_web":"","email":"","id_ficha_portal":"63","video":"","adjuntos":false,"adjuntos_portal":"https:\/\/www.upm.es\/S2i\/Acuse\/recuperarArchivo.jsp?id=63&id_archivo=180&tipo=patente&extension=fichero ","inf":false,"departamento":"","acf":[],"lang":"es","translation":{"es":8406},"_links":{"self":[{"href":"https:\/\/www.upm.es\/recursosidi\/wp-json\/wp\/v2\/product\/8406"}],"collection":[{"href":"https:\/\/www.upm.es\/recursosidi\/wp-json\/wp\/v2\/product"}],"about":[{"href":"https:\/\/www.upm.es\/recursosidi\/wp-json\/wp\/v2\/types\/product"}],"wp:attachment":[{"href":"https:\/\/www.upm.es\/recursosidi\/wp-json\/wp\/v2\/media?parent=8406"}],"wp:term":[{"taxonomy":"product_cat","embeddable":true,"href":"https:\/\/www.upm.es\/recursosidi\/wp-json\/wp\/v2\/product_cat?post=8406"},{"taxonomy":"product_tag","embeddable":true,"href":"https:\/\/www.upm.es\/recursosidi\/wp-json\/wp\/v2\/product_tag?post=8406"},{"taxonomy":"comunidad_upm","embeddable":true,"href":"https:\/\/www.upm.es\/recursosidi\/wp-json\/wp\/v2\/comunidades-upm?post=8406"},{"taxonomy":"quien","embeddable":true,"href":"https:\/\/www.upm.es\/recursosidi\/wp-json\/wp\/v2\/quien?post=8406"},{"taxonomy":"mapa","embeddable":true,"href":"https:\/\/www.upm.es\/recursosidi\/wp-json\/wp\/v2\/mapa?post=8406"},{"taxonomy":"disponibilidad","embeddable":true,"href":"https:\/\/www.upm.es\/recursosidi\/wp-json\/wp\/v2\/disponibilidad?post=8406"},{"taxonomy":"donde","embeddable":true,"href":"https:\/\/www.upm.es\/recursosidi\/wp-json\/wp\/v2\/donde?post=8406"},{"taxonomy":"infraestructura","embeddable":true,"href":"https:\/\/www.upm.es\/recursosidi\/wp-json\/wp\/v2\/infraestructura?post=8406"},{"taxonomy":"ods","embeddable":true,"href":"https:\/\/www.upm.es\/recursosidi\/wp-json\/wp\/v2\/ods?post=8406"},{"taxonomy":"origen","embeddable":true,"href":"https:\/\/www.upm.es\/recursosidi\/wp-json\/wp\/v2\/origen?post=8406"}],"curies":[{"name":"wp","href":"https:\/\/api.w.org\/{rel}","templated":true}]}}