{"id":8407,"date":"2021-11-25T14:06:19","date_gmt":"2021-11-25T13:06:19","guid":{"rendered":"https:\/\/www.upm.es\/recursosidi\/offers-resources\/sin categor\u00eda\/estructura-filtrante-activa-paso-banda-mediante-secciones-de-interferencia-con-lineas-de-transmision-conectadas-en-paralelo\/"},"modified":"2022-08-10T02:03:51","modified_gmt":"2022-08-10T00:03:51","slug":"estructura-filtrante-activa-paso-banda-mediante-secciones-de-interferencia-con-lineas-de-transmision-conectadas-en-paralelo","status":"publish","type":"product","link":"https:\/\/www.upm.es\/recursosidi\/offers-resources\/patentes\/estructura-filtrante-activa-paso-banda-mediante-secciones-de-interferencia-con-lineas-de-transmision-conectadas-en-paralelo\/","title":{"rendered":"Estructura filtrante activa paso-banda mediante secciones de interferencia con l\u00edneas de transmisi\u00f3n conectadas en paralelo."},"content":{"rendered":"<h5>Descripci\u00f3n de la patente <\/h5>\n<p>Esta estructura esta formada por la conexi\u00f3n en cascada de un filtro pasivo (1) y una etapa de interferencia activa (2). El filtro pasivo constituye una aproximaci\u00f3n de bajo orden a la respuesta global a conseguir. La etapa de interferencia activa incrementa la selectividad del filtro pasivo mediante la generaci\u00f3n de interferencias destructivas fuera de la banda de paso del filtro. Esto se consigue mediante el empleo de secciones de interferencia (4 y 6), separadas por etapas aisladoras (3 y 5), consistentes en l\u00edneas de transmisi\u00f3n conectadas en paralelo, que generan m\u00faltiples ceros de transmisi\u00f3n fuera de la banda de paso del filtro pasivo, manteniendo una interferencia totalmente constructiva en dicha banda. Se trata de una estructura filtrante activa de gran selectividad, altamente lineal y estable, con bajas p\u00e9rdidas de transmisi\u00f3n y ruido, especialmente adecuada en aplicaciones de comunicaciones y radar de banda ancha.<\/p>\n<h5>Situaci\u00f3n <\/h5>\n<p>Concedida<\/p>\n<h5>N\u00famero de solicitud<\/h5>\n<p>P200400377<\/p>\n<h5>N\u00famero de publicaci\u00f3n<\/h5>\n<p>ES2246124<\/p>\n<h5>Fecha de presentaci\u00f3n <\/h5>\n<p>17\/02\/2004<\/p>\n<h5>Fecha de concesi\u00f3n <\/h5>\n<p>07\/07\/2006<\/p>\n<div class=\"pdfprnt-buttons pdfprnt-buttons-product pdfprnt-bottom-left\"><a href=\"https:\/\/www.upm.es\/recursosidi\/wp-json\/wp\/v2\/product\/8407?print=pdf\" class=\"pdfprnt-button pdfprnt-button-pdf\" target=\"_blank\"><span class=\"pdfprnt-button-title pdfprnt-button-pdf-title\">Descargar ficha<\/span><\/a><\/div>","protected":false},"excerpt":{"rendered":"<p>Descripci\u00f3n de la patente Esta estructura esta formada por la conexi\u00f3n en cascada de un filtro pasivo (1) y una etapa de interferencia activa (2).&hellip;<\/p>\n","protected":false},"featured_media":0,"template":"","meta":{"_acf_changed":false},"product_cat":[3946],"product_tag":[],"comunidades-upm":[],"quien":[],"mapa":[],"disponibilidad":[],"donde":[{"term_id":642,"name":"Information Processing and Telecommunications Center (IPTC)","slug":"information-processing-and-telecommunications-center-iptc","term_group":0,"term_taxonomy_id":642,"taxonomy":"donde","description":"","parent":0,"count":74,"filter":"raw","term_order":"0"},{"term_id":464,"name":"Microondas y Radar","slug":"microondas-y-radar","term_group":0,"term_taxonomy_id":464,"taxonomy":"donde","description":"Dise&ntilde;amos, fabricamos y evaluamos componentes, subsistemas y sistemas de radiocomunicaciones y radiodeterminaci&oacute;n trabajando hasta 300 GHz.\n&nbsp;\nNuestras <strong>l&iacute;neas de investigaci&oacute;n<\/strong> son:\n&nbsp;\n\nDise&ntilde;o, desarrollo y caracterizaci&oacute;n experimental de circuitos, subsistemas y sistemas de microondas, ondas milim&eacute;tricas y submilim&eacute;tricas.\nAn&aacute;lisis, simulaci&oacute;n, especificaci&oacute;n y evaluaci&oacute;n de sistemas radar y de radiocomunicaciones.\nAplicaciones de las t&eacute;cnicas y tecnolog&iacute;as de RF y proceso de se&ntilde;al al sector de la Defensa y la Seguridad: radares de vigilancia, sistemas IFF, radares imagen, formaci&oacute;n pasiva de im&aacute;genes, detecci&oacute;n de objetos ocultos, visi&oacute;n a trav&eacute;s de paredes, transmisores de estado s&oacute;lido, sensores de proximidad, guerra electr&oacute;nica, etc.\nAplicaciones de las t&eacute;cnicas y tecnolog&iacute;as de RF y proceso de se&ntilde;al a los sectores del Transporte y Espacio: equipos para sistemas de radionavegaci&oacute;n y control de tr&aacute;fico a&eacute;reo, GPS, sensores radar para carreteras inteligentes, transpondedores TT&amp;C, enlaces de datos para sistemas a&eacute;reos no tripulados (UAS), sistemas LTE en entornos ferroviarios y para posicionamiento en interiores, etc.\n","parent":0,"count":7,"filter":"raw","term_order":"0"}],"infraestructura":[],"ods":[],"origen":[{"term_id":180,"name":"Patente","slug":"patente","term_group":0,"term_taxonomy_id":180,"taxonomy":"origen","description":"","parent":0,"count":614,"filter":"raw","term_order":"0"}],"familia_tax":false,"quien_tax":false,"donde_tax":false,"year":"","contacto":"<strong>Principales: <\/strong><ul><li>JOSE IGNACIO ALONSO MONTES <blockquote><strong>joseignacio.alonso@upm.es<\/strong><\/blockquote><\/li><li>ROBERTO G\u00d3MEZ GARC\u00cdA <blockquote><strong>roberto.gomezg@upm.es<\/strong><\/blockquote><\/li><\/ul>","telefono":"","pagina_web":"","email":"","id_ficha_portal":"67","video":"","adjuntos":false,"adjuntos_portal":"https:\/\/www.upm.es\/S2i\/Acuse\/recuperarArchivo.jsp?id=67&id_archivo=185&tipo=patente&extension=fichero","inf":false,"departamento":"","acf":[],"lang":"es","translation":{"es":8407},"_links":{"self":[{"href":"https:\/\/www.upm.es\/recursosidi\/wp-json\/wp\/v2\/product\/8407"}],"collection":[{"href":"https:\/\/www.upm.es\/recursosidi\/wp-json\/wp\/v2\/product"}],"about":[{"href":"https:\/\/www.upm.es\/recursosidi\/wp-json\/wp\/v2\/types\/product"}],"wp:attachment":[{"href":"https:\/\/www.upm.es\/recursosidi\/wp-json\/wp\/v2\/media?parent=8407"}],"wp:term":[{"taxonomy":"product_cat","embeddable":true,"href":"https:\/\/www.upm.es\/recursosidi\/wp-json\/wp\/v2\/product_cat?post=8407"},{"taxonomy":"product_tag","embeddable":true,"href":"https:\/\/www.upm.es\/recursosidi\/wp-json\/wp\/v2\/product_tag?post=8407"},{"taxonomy":"comunidad_upm","embeddable":true,"href":"https:\/\/www.upm.es\/recursosidi\/wp-json\/wp\/v2\/comunidades-upm?post=8407"},{"taxonomy":"quien","embeddable":true,"href":"https:\/\/www.upm.es\/recursosidi\/wp-json\/wp\/v2\/quien?post=8407"},{"taxonomy":"mapa","embeddable":true,"href":"https:\/\/www.upm.es\/recursosidi\/wp-json\/wp\/v2\/mapa?post=8407"},{"taxonomy":"disponibilidad","embeddable":true,"href":"https:\/\/www.upm.es\/recursosidi\/wp-json\/wp\/v2\/disponibilidad?post=8407"},{"taxonomy":"donde","embeddable":true,"href":"https:\/\/www.upm.es\/recursosidi\/wp-json\/wp\/v2\/donde?post=8407"},{"taxonomy":"infraestructura","embeddable":true,"href":"https:\/\/www.upm.es\/recursosidi\/wp-json\/wp\/v2\/infraestructura?post=8407"},{"taxonomy":"ods","embeddable":true,"href":"https:\/\/www.upm.es\/recursosidi\/wp-json\/wp\/v2\/ods?post=8407"},{"taxonomy":"origen","embeddable":true,"href":"https:\/\/www.upm.es\/recursosidi\/wp-json\/wp\/v2\/origen?post=8407"}],"curies":[{"name":"wp","href":"https:\/\/api.w.org\/{rel}","templated":true}]}}