{"id":8408,"date":"2021-11-25T14:06:21","date_gmt":"2021-11-25T13:06:21","guid":{"rendered":"https:\/\/www.upm.es\/recursosidi\/offers-resources\/sin categor\u00eda\/antena-reflectora-plana-en-tecnologia-impresa-con-ancho-de-banda-mejorado-y-separacion-de-polarizaciones\/"},"modified":"2022-08-10T02:03:55","modified_gmt":"2022-08-10T00:03:55","slug":"antena-reflectora-plana-en-tecnologia-impresa-con-ancho-de-banda-mejorado-y-separacion-de-polarizaciones","status":"publish","type":"product","link":"https:\/\/www.upm.es\/recursosidi\/offers-resources\/patentes\/antena-reflectora-plana-en-tecnologia-impresa-con-ancho-de-banda-mejorado-y-separacion-de-polarizaciones\/","title":{"rendered":"Antena reflectora plana en tecnolog\u00eda impresa con ancho de banda mejorado y separaci\u00f3n de polarizaciones"},"content":{"rendered":"<h5>Descripci\u00f3n de la patente <\/h5>\n<p>Esta invenci\u00f3n consiste en una antena reflectora impresa formada por la repetici\u00f3n de una celda unidad que consta de varios dipolos met\u00e1licos paralelos de distinta longitud impresos en una l\u00e1mina de material diel\u00e9ctrico sobre un plano met\u00e1lico, que refleja el campo electromagn\u00e9tico procedente de un alimentador formando un haz colimado, o conformado, mediante un ajuste de la fase del campo reflejado en cada elemento. El control de fase se realiza ajustando las longitudes de los dipolos. La utilizaci\u00f3n de varios dipolos permite aumentar el ancho de banda sin necesidad de recurrir a estructuras multicapa. Como los dipolos solo controlan la fase de una polarizaci\u00f3n lineal, la polarizaci\u00f3n ortogonal se controla mediante una segunda capa de dipolos situados en la cara inferior del diel\u00e9ctrico perpendicularmente a los de la cara superior, obteni\u00e9ndose un bajo nivel de acoplo entre polarizaciones.<\/p>\n<h5>Situaci\u00f3n <\/h5>\n<p>Concedida<\/p>\n<h5>N\u00famero de solicitud<\/h5>\n<p>P200401382<\/p>\n<h5>N\u00famero de publicaci\u00f3n<\/h5>\n<p>ES2249984<\/p>\n<h5>Fecha de presentaci\u00f3n <\/h5>\n<p>08\/06\/2004<\/p>\n<h5>Fecha de concesi\u00f3n <\/h5>\n<p>06\/02\/2007<\/p>\n<div class=\"pdfprnt-buttons pdfprnt-buttons-product pdfprnt-bottom-left\"><a href=\"https:\/\/www.upm.es\/recursosidi\/wp-json\/wp\/v2\/product\/8408?print=pdf\" class=\"pdfprnt-button pdfprnt-button-pdf\" target=\"_blank\"><span class=\"pdfprnt-button-title pdfprnt-button-pdf-title\">Descargar ficha<\/span><\/a><\/div>","protected":false},"excerpt":{"rendered":"<p>Descripci\u00f3n de la patente Esta invenci\u00f3n consiste en una antena reflectora impresa formada por la repetici\u00f3n de una celda unidad que consta de varios dipolos&hellip;<\/p>\n","protected":false},"featured_media":0,"template":"","meta":{"_acf_changed":false},"product_cat":[3946],"product_tag":[],"comunidades-upm":[],"quien":[],"mapa":[],"disponibilidad":[],"donde":[{"term_id":614,"name":"Grupo de Electromagnetismo Aplicado","slug":"grupo-de-electromagnetismo-aplicado","term_group":0,"term_taxonomy_id":614,"taxonomy":"donde","description":"","parent":0,"count":14,"filter":"raw","term_order":"0"},{"term_id":642,"name":"Information Processing and Telecommunications Center (IPTC)","slug":"information-processing-and-telecommunications-center-iptc","term_group":0,"term_taxonomy_id":642,"taxonomy":"donde","description":"","parent":0,"count":74,"filter":"raw","term_order":"0"}],"infraestructura":[],"ods":[],"origen":[{"term_id":180,"name":"Patente","slug":"patente","term_group":0,"term_taxonomy_id":180,"taxonomy":"origen","description":"","parent":0,"count":614,"filter":"raw","term_order":"0"}],"familia_tax":false,"quien_tax":false,"donde_tax":false,"year":"","contacto":"<strong>Principales: <\/strong><ul><li>JOSE ANTONIO ENCINAR GARCINU\u00d1O <blockquote><strong>jose.encinar@upm.es<\/strong><\/blockquote><\/li><\/ul><strong>Otros inventores UPM: <\/strong><ul><li>Antonio Pedreira R\u00edos<\/li><\/ul>","telefono":"","pagina_web":"","email":"","id_ficha_portal":"68","video":"","adjuntos":false,"adjuntos_portal":"https:\/\/www.upm.es\/S2i\/Acuse\/recuperarArchivo.jsp?id=68&id_archivo=100&tipo=patente&extension=fichero ","inf":false,"departamento":"","acf":[],"lang":"es","translation":{"es":8408},"_links":{"self":[{"href":"https:\/\/www.upm.es\/recursosidi\/wp-json\/wp\/v2\/product\/8408"}],"collection":[{"href":"https:\/\/www.upm.es\/recursosidi\/wp-json\/wp\/v2\/product"}],"about":[{"href":"https:\/\/www.upm.es\/recursosidi\/wp-json\/wp\/v2\/types\/product"}],"wp:attachment":[{"href":"https:\/\/www.upm.es\/recursosidi\/wp-json\/wp\/v2\/media?parent=8408"}],"wp:term":[{"taxonomy":"product_cat","embeddable":true,"href":"https:\/\/www.upm.es\/recursosidi\/wp-json\/wp\/v2\/product_cat?post=8408"},{"taxonomy":"product_tag","embeddable":true,"href":"https:\/\/www.upm.es\/recursosidi\/wp-json\/wp\/v2\/product_tag?post=8408"},{"taxonomy":"comunidad_upm","embeddable":true,"href":"https:\/\/www.upm.es\/recursosidi\/wp-json\/wp\/v2\/comunidades-upm?post=8408"},{"taxonomy":"quien","embeddable":true,"href":"https:\/\/www.upm.es\/recursosidi\/wp-json\/wp\/v2\/quien?post=8408"},{"taxonomy":"mapa","embeddable":true,"href":"https:\/\/www.upm.es\/recursosidi\/wp-json\/wp\/v2\/mapa?post=8408"},{"taxonomy":"disponibilidad","embeddable":true,"href":"https:\/\/www.upm.es\/recursosidi\/wp-json\/wp\/v2\/disponibilidad?post=8408"},{"taxonomy":"donde","embeddable":true,"href":"https:\/\/www.upm.es\/recursosidi\/wp-json\/wp\/v2\/donde?post=8408"},{"taxonomy":"infraestructura","embeddable":true,"href":"https:\/\/www.upm.es\/recursosidi\/wp-json\/wp\/v2\/infraestructura?post=8408"},{"taxonomy":"ods","embeddable":true,"href":"https:\/\/www.upm.es\/recursosidi\/wp-json\/wp\/v2\/ods?post=8408"},{"taxonomy":"origen","embeddable":true,"href":"https:\/\/www.upm.es\/recursosidi\/wp-json\/wp\/v2\/origen?post=8408"}],"curies":[{"name":"wp","href":"https:\/\/api.w.org\/{rel}","templated":true}]}}