{"id":8410,"date":"2021-11-25T14:06:27","date_gmt":"2021-11-25T13:06:27","guid":{"rendered":"https:\/\/www.upm.es\/recursosidi\/offers-resources\/sin categor\u00eda\/ladrillo-ceramico-con-hueco-hexagonal\/"},"modified":"2022-08-10T02:04:01","modified_gmt":"2022-08-10T00:04:01","slug":"ladrillo-ceramico-con-hueco-hexagonal","status":"publish","type":"product","link":"https:\/\/www.upm.es\/recursosidi\/offers-resources\/patentes\/ladrillo-ceramico-con-hueco-hexagonal\/","title":{"rendered":"Ladrillo cer\u00e1mico con hueco hexagonal"},"content":{"rendered":"<h5>Descripci\u00f3n de la patente <\/h5>\n<p>Ladrillo con huecos hexagonales que da una soluci\u00f3n al problema de transmisi\u00f3n de ruido a\u00e9reo que presentan los ladrillos cer\u00e1micos con hueco cuadrado o rectangular.<\/p>\n<h5>Situaci\u00f3n <\/h5>\n<p>Concedida<\/p>\n<h5>N\u00famero de solicitud<\/h5>\n<p>P200401876<\/p>\n<h5>N\u00famero de publicaci\u00f3n<\/h5>\n<p>ES2265234<\/p>\n<h5>Fecha de presentaci\u00f3n <\/h5>\n<p>29\/07\/2004<\/p>\n<h5>Fecha de concesi\u00f3n <\/h5>\n<p>11\/03\/2008<\/p>\n<div class=\"pdfprnt-buttons pdfprnt-buttons-product pdfprnt-bottom-left\"><a href=\"https:\/\/www.upm.es\/recursosidi\/wp-json\/wp\/v2\/product\/8410?print=pdf\" class=\"pdfprnt-button pdfprnt-button-pdf\" target=\"_blank\"><span class=\"pdfprnt-button-title pdfprnt-button-pdf-title\">Descargar ficha<\/span><\/a><\/div>","protected":false},"excerpt":{"rendered":"<p>Descripci\u00f3n de la patente Ladrillo con huecos hexagonales que da una soluci\u00f3n al problema de transmisi\u00f3n de ruido a\u00e9reo que presentan los ladrillos cer\u00e1micos con&hellip;<\/p>\n","protected":false},"featured_media":0,"template":"","meta":{"_acf_changed":false},"product_cat":[3946],"product_tag":[],"comunidades-upm":[],"quien":[],"mapa":[],"disponibilidad":[],"donde":[{"term_id":608,"name":"An\u00e1lisis y Caracterizaci\u00f3n \u00d3ptica de Materiales","slug":"analisis-y-caracterizacion-optica-de-materiales","term_group":0,"term_taxonomy_id":608,"taxonomy":"donde","description":"","parent":0,"count":15,"filter":"raw","term_order":"0"},{"term_id":458,"name":"Grupo de Automatizaci\u00f3n en Se\u00f1al y Comunicaciones (GASC)","slug":"grupo-de-automatizacion-en-senal-y-comunicaciones-gasc","term_group":0,"term_taxonomy_id":458,"taxonomy":"donde","description":"","parent":0,"count":11,"filter":"raw","term_order":"0"}],"infraestructura":[],"ods":[],"origen":[{"term_id":180,"name":"Patente","slug":"patente","term_group":0,"term_taxonomy_id":180,"taxonomy":"origen","description":"","parent":0,"count":614,"filter":"raw","term_order":"0"}],"familia_tax":false,"quien_tax":false,"donde_tax":false,"year":"","contacto":"<strong>Principales: <\/strong><ul><li>FRANCISCO FERNANDEZ MARTINEZ <blockquote><strong>francisco.fernandezm@upm.es<\/strong><\/blockquote><\/li><li>FRANCISCO HERNANDEZ OLIVARES <blockquote><strong>f.hernandez@upm.es<\/strong><\/blockquote><\/li><li>DAVID CORBELLA RIBES <blockquote><strong>david.corbella@upm.es<\/strong><\/blockquote><\/li><\/ul>","telefono":"","pagina_web":"","email":"","id_ficha_portal":"76","video":"","adjuntos":false,"adjuntos_portal":"https:\/\/www.upm.es\/S2i\/Acuse\/recuperarArchivo.jsp?id=76&id_archivo=217&tipo=patente&extension=fichero ","inf":false,"departamento":"","acf":[],"lang":"es","translation":{"es":8410},"_links":{"self":[{"href":"https:\/\/www.upm.es\/recursosidi\/wp-json\/wp\/v2\/product\/8410"}],"collection":[{"href":"https:\/\/www.upm.es\/recursosidi\/wp-json\/wp\/v2\/product"}],"about":[{"href":"https:\/\/www.upm.es\/recursosidi\/wp-json\/wp\/v2\/types\/product"}],"wp:attachment":[{"href":"https:\/\/www.upm.es\/recursosidi\/wp-json\/wp\/v2\/media?parent=8410"}],"wp:term":[{"taxonomy":"product_cat","embeddable":true,"href":"https:\/\/www.upm.es\/recursosidi\/wp-json\/wp\/v2\/product_cat?post=8410"},{"taxonomy":"product_tag","embeddable":true,"href":"https:\/\/www.upm.es\/recursosidi\/wp-json\/wp\/v2\/product_tag?post=8410"},{"taxonomy":"comunidad_upm","embeddable":true,"href":"https:\/\/www.upm.es\/recursosidi\/wp-json\/wp\/v2\/comunidades-upm?post=8410"},{"taxonomy":"quien","embeddable":true,"href":"https:\/\/www.upm.es\/recursosidi\/wp-json\/wp\/v2\/quien?post=8410"},{"taxonomy":"mapa","embeddable":true,"href":"https:\/\/www.upm.es\/recursosidi\/wp-json\/wp\/v2\/mapa?post=8410"},{"taxonomy":"disponibilidad","embeddable":true,"href":"https:\/\/www.upm.es\/recursosidi\/wp-json\/wp\/v2\/disponibilidad?post=8410"},{"taxonomy":"donde","embeddable":true,"href":"https:\/\/www.upm.es\/recursosidi\/wp-json\/wp\/v2\/donde?post=8410"},{"taxonomy":"infraestructura","embeddable":true,"href":"https:\/\/www.upm.es\/recursosidi\/wp-json\/wp\/v2\/infraestructura?post=8410"},{"taxonomy":"ods","embeddable":true,"href":"https:\/\/www.upm.es\/recursosidi\/wp-json\/wp\/v2\/ods?post=8410"},{"taxonomy":"origen","embeddable":true,"href":"https:\/\/www.upm.es\/recursosidi\/wp-json\/wp\/v2\/origen?post=8410"}],"curies":[{"name":"wp","href":"https:\/\/api.w.org\/{rel}","templated":true}]}}