{"id":8411,"date":"2021-11-25T14:06:29","date_gmt":"2021-11-25T13:06:29","guid":{"rendered":"https:\/\/www.upm.es\/recursosidi\/offers-resources\/sin categor\u00eda\/sistema-de-monitorizacion-y-control-de-procesos-de-tratamiento-termico-superficial-de-materiales-con-laser-mediante-un-sistema-de-control-neuronal-adaptativo-mediante-modelo-de-referencia\/"},"modified":"2022-08-10T02:04:04","modified_gmt":"2022-08-10T00:04:04","slug":"sistema-de-monitorizacion-y-control-de-procesos-de-tratamiento-termico-superficial-de-materiales-con-laser-mediante-un-sistema-de-control-neuronal-adaptativo-mediante-modelo-de-referencia","status":"publish","type":"product","link":"https:\/\/www.upm.es\/recursosidi\/offers-resources\/patentes\/sistema-de-monitorizacion-y-control-de-procesos-de-tratamiento-termico-superficial-de-materiales-con-laser-mediante-un-sistema-de-control-neuronal-adaptativo-mediante-modelo-de-referencia\/","title":{"rendered":"Sistema de Monitorizaci\u00f3n y Control de Procesos de Tratamiento T\u00e9rmico Superficial de Materiales con L\u00e1ser Mediante un Sistema de Control Neuronal Adaptativo Mediante Modelo de Referencia"},"content":{"rendered":"<h5>Descripci\u00f3n de la patente <\/h5>\n<p>Consiste en un sistema de monitorizaci\u00f3n y control en tiempo real de procesos de tratamiento t\u00e9rmico superficial de materiales con l\u00e1ser mediante control neuronal mediante modelo de referencia, que emplea como variable de entrada la m\u00e1xima temperatura en la superficie del material y como variable de actuaci\u00f3n la potencia de salida de la fuente l\u00e1ser.<br \/>\nEl sistema calcula c\u00edclicamente la se\u00f1al de actuaci\u00f3n sobre la potencia de la fuente l\u00e1ser (8), en base al error de seguimiento (4).<br \/>\nLa se\u00f1al de control sobre la potencia de la fuente l\u00e1ser (8) es calculada en dos etapas: en primer lugar, el controlador lineal tipo Proporcional, Integral y Derivativo, PID (5) genera, en base al error de seguimiento (4), la correspondiente actuaci\u00f3n (6), y posteriormente, a partir de dicha se\u00f1al y el estado del proceso (2), el controlador neuronal mediante modelo de referencia (7) calcula la se\u00f1al de actuaci\u00f3n sobre la fuente l\u00e1ser (8).<\/p>\n<h5>Situaci\u00f3n <\/h5>\n<p>Concedida<\/p>\n<h5>N\u00famero de solicitud<\/h5>\n<p>P200602421<\/p>\n<h5>N\u00famero de publicaci\u00f3n<\/h5>\n<p>ES2293845<\/p>\n<h5>Fecha de presentaci\u00f3n <\/h5>\n<p>25\/09\/2006<\/p>\n<h5>Fecha de concesi\u00f3n <\/h5>\n<p>20\/11\/2008<\/p>\n<div class=\"pdfprnt-buttons pdfprnt-buttons-product pdfprnt-bottom-left\"><a href=\"https:\/\/www.upm.es\/recursosidi\/wp-json\/wp\/v2\/product\/8411?print=pdf\" class=\"pdfprnt-button pdfprnt-button-pdf\" target=\"_blank\"><span class=\"pdfprnt-button-title pdfprnt-button-pdf-title\">Descargar ficha<\/span><\/a><\/div>","protected":false},"excerpt":{"rendered":"<p>Descripci\u00f3n de la patente Consiste en un sistema de monitorizaci\u00f3n y control en tiempo real de procesos de tratamiento t\u00e9rmico superficial de materiales con l\u00e1ser&hellip;<\/p>\n","protected":false},"featured_media":0,"template":"","meta":{"_acf_changed":false},"product_cat":[3946],"product_tag":[],"comunidades-upm":[],"quien":[],"mapa":[],"disponibilidad":[],"donde":[{"term_id":248,"name":"Centro L\u00e1ser","slug":"centro-laser","term_group":0,"term_taxonomy_id":248,"taxonomy":"donde","description":"","parent":0,"count":10,"filter":"raw","term_order":"0"},{"term_id":396,"name":"Grupo de Investigaci\u00f3n en Ingenier\u00eda y Aplicaciones del L\u00e1ser","slug":"grupo-de-investigacion-en-ingenieria-y-aplicaciones-del-laser","term_group":0,"term_taxonomy_id":396,"taxonomy":"donde","description":"El grupo enfoca su actividad al desarrollo e instrumentaci&oacute;n experimental de aplicaciones industriales de la Tecnolog&iacute;a L&aacute;ser y a la concepci&oacute;n y desarrollo de aplicaciones avanzadas de dicha Tecnolog&iacute;a. Las <strong>l&iacute;neas principales de investigaci&oacute;n<\/strong> son:\n&nbsp;\n\nModelizaci&oacute;n te&oacute;rica, desarrollo e instrumentaci&oacute;n experimental de aplicaciones industriales de los L&aacute;seres de potencia y de L&aacute;seres de elevada intensidad.\nDesarrollo de procesos de micro\/nano-fabricaci&oacute;n con L&aacute;ser, incluidos procesos avanzados de fabricaci&oacute;n de estructuras y componentes de c&eacute;lulas fotovoltaicas y fabricaci&oacute;n de estructuras microflu&iacute;dicas y nanofot&oacute;nicas para dispositivos metrol&oacute;gicos y biosensores.\nDesarrollo de t&eacute;cnicas avanzadas de instrumentaci&oacute;n de sistemas y procesos de fabricaci&oacute;n con l&aacute;ser.\n","parent":0,"count":7,"filter":"raw","term_order":"0"},{"term_id":634,"name":"Manufactura Avanzada con L\u00e1ser","slug":"manufactura-avanzada-con-laser","term_group":0,"term_taxonomy_id":634,"taxonomy":"donde","description":"","parent":0,"count":6,"filter":"raw","term_order":"0"}],"infraestructura":[],"ods":[],"origen":[{"term_id":180,"name":"Patente","slug":"patente","term_group":0,"term_taxonomy_id":180,"taxonomy":"origen","description":"","parent":0,"count":614,"filter":"raw","term_order":"0"}],"familia_tax":false,"quien_tax":false,"donde_tax":false,"year":"","contacto":"<strong>Principales: <\/strong><ul><li>JOSE LUIS OCA\u00d1A MORENO <blockquote><strong>joseluis.ocana@upm.es<\/strong><\/blockquote><\/li><li>CARLOS LUIS MOLPECERES ALVAREZ <blockquote><strong>carlos.molpeceres@upm.es<\/strong><\/blockquote><\/li><\/ul>","telefono":"","pagina_web":"","email":"","id_ficha_portal":"79","video":"","adjuntos":false,"adjuntos_portal":"https:\/\/www.upm.es\/S2i\/Acuse\/recuperarArchivo.jsp?id=79&id_archivo=56&tipo=patente&extension=fichero","inf":false,"departamento":"","acf":[],"lang":"es","translation":{"es":8411},"_links":{"self":[{"href":"https:\/\/www.upm.es\/recursosidi\/wp-json\/wp\/v2\/product\/8411"}],"collection":[{"href":"https:\/\/www.upm.es\/recursosidi\/wp-json\/wp\/v2\/product"}],"about":[{"href":"https:\/\/www.upm.es\/recursosidi\/wp-json\/wp\/v2\/types\/product"}],"wp:attachment":[{"href":"https:\/\/www.upm.es\/recursosidi\/wp-json\/wp\/v2\/media?parent=8411"}],"wp:term":[{"taxonomy":"product_cat","embeddable":true,"href":"https:\/\/www.upm.es\/recursosidi\/wp-json\/wp\/v2\/product_cat?post=8411"},{"taxonomy":"product_tag","embeddable":true,"href":"https:\/\/www.upm.es\/recursosidi\/wp-json\/wp\/v2\/product_tag?post=8411"},{"taxonomy":"comunidad_upm","embeddable":true,"href":"https:\/\/www.upm.es\/recursosidi\/wp-json\/wp\/v2\/comunidades-upm?post=8411"},{"taxonomy":"quien","embeddable":true,"href":"https:\/\/www.upm.es\/recursosidi\/wp-json\/wp\/v2\/quien?post=8411"},{"taxonomy":"mapa","embeddable":true,"href":"https:\/\/www.upm.es\/recursosidi\/wp-json\/wp\/v2\/mapa?post=8411"},{"taxonomy":"disponibilidad","embeddable":true,"href":"https:\/\/www.upm.es\/recursosidi\/wp-json\/wp\/v2\/disponibilidad?post=8411"},{"taxonomy":"donde","embeddable":true,"href":"https:\/\/www.upm.es\/recursosidi\/wp-json\/wp\/v2\/donde?post=8411"},{"taxonomy":"infraestructura","embeddable":true,"href":"https:\/\/www.upm.es\/recursosidi\/wp-json\/wp\/v2\/infraestructura?post=8411"},{"taxonomy":"ods","embeddable":true,"href":"https:\/\/www.upm.es\/recursosidi\/wp-json\/wp\/v2\/ods?post=8411"},{"taxonomy":"origen","embeddable":true,"href":"https:\/\/www.upm.es\/recursosidi\/wp-json\/wp\/v2\/origen?post=8411"}],"curies":[{"name":"wp","href":"https:\/\/api.w.org\/{rel}","templated":true}]}}