{"id":8412,"date":"2021-11-25T14:06:32","date_gmt":"2021-11-25T13:06:32","guid":{"rendered":"https:\/\/www.upm.es\/recursosidi\/offers-resources\/sin categor\u00eda\/modulo-portatil-para-simulacion-de-heladas-y-para-refrigeracion-en-campo\/"},"modified":"2022-08-10T02:04:07","modified_gmt":"2022-08-10T00:04:07","slug":"modulo-portatil-para-simulacion-de-heladas-y-para-refrigeracion-en-campo","status":"publish","type":"product","link":"https:\/\/www.upm.es\/recursosidi\/offers-resources\/patentes\/modulo-portatil-para-simulacion-de-heladas-y-para-refrigeracion-en-campo\/","title":{"rendered":"M\u00f3dulo port\u00e1til para simulaci\u00f3n de heladas y para refrigeraci\u00f3n en campo"},"content":{"rendered":"<h5>Descripci\u00f3n de la patente <\/h5>\n<p>La presente invenci\u00f3n consiste en un dispositivo que tiene como funci\u00f3n enfriar la atm\u00f3sfera que rodea a uno o varios individuos pertenecientes al reino vegetal que, debido a su inmovilidad o gran tama\u00f1o, no pueden ser introducidos en c\u00e1maras frigor\u00edficas convencionales. El m\u00f3dulo, que puede adoptar cualquier forma geom\u00e9trica de caras planas, consta de: paneles prefabricados aislantes de grosor variable que se ensamblan entre s\u00ed; un foco fr\u00edo que se consigue a partir de la expansi\u00f3n de un gas previamente comprimido; un controlador programable; una sonda de temperatura que por medio del controlador act\u00faa sobre una electrov\u00e1lvula criog\u00e9nica que regula la expansi\u00f3n del gas. El m\u00f3dulo permite simular en condiciones de campo temperaturas inferiores a la ambiental, incluidas las heladas cualquiera que sea su cin\u00e9tica. Es modular y portable y se instala con comodidad y rapidez.<\/p>\n<h5>Situaci\u00f3n <\/h5>\n<p>Concedida<\/p>\n<h5>N\u00famero de solicitud<\/h5>\n<p>P200700380<\/p>\n<h5>N\u00famero de publicaci\u00f3n<\/h5>\n<p>ES2285954<\/p>\n<h5>Fecha de presentaci\u00f3n <\/h5>\n<p>13\/02\/2007<\/p>\n<h5>Fecha de concesi\u00f3n <\/h5>\n<p>23\/02\/2009<\/p>\n<div class=\"pdfprnt-buttons pdfprnt-buttons-product pdfprnt-bottom-left\"><a href=\"https:\/\/www.upm.es\/recursosidi\/wp-json\/wp\/v2\/product\/8412?print=pdf\" class=\"pdfprnt-button pdfprnt-button-pdf\" target=\"_blank\"><span class=\"pdfprnt-button-title pdfprnt-button-pdf-title\">Descargar ficha<\/span><\/a><\/div>","protected":false},"excerpt":{"rendered":"<p>Descripci\u00f3n de la patente La presente invenci\u00f3n consiste en un dispositivo que tiene como funci\u00f3n enfriar la atm\u00f3sfera que rodea a uno o varios individuos&hellip;<\/p>\n","protected":false},"featured_media":0,"template":"","meta":{"_acf_changed":false},"product_cat":[3946],"product_tag":[],"comunidades-upm":[],"quien":[],"mapa":[],"disponibilidad":[],"donde":[{"term_id":558,"name":"Centro de Estudios e Investigaci\u00f3n para la Gesti\u00f3n de Riesgos Agrarios y Medioambientales (CEIGRAM). Centro Mixto UPM-AGROSEGURO-ENESA","slug":"centro-de-estudios-e-investigacion-para-la-gestion-de-riesgos-agrarios-y-medioambientales-ceigram-centro-mixto-upm-agroseguro-enesa","term_group":0,"term_taxonomy_id":558,"taxonomy":"donde","description":"","parent":0,"count":12,"filter":"raw","term_order":"0"},{"term_id":332,"name":"Grupo de Sistemas Agrarios (AgSystems)","slug":"grupo-de-sistemas-agrarios-agsystems","term_group":0,"term_taxonomy_id":332,"taxonomy":"donde","description":"Nuestra investigaci&oacute;n se centra en el estudio de sistemas agrarios y de cultivo y su relaci&oacute;n con el medio ambiente. El objetivo final es el dise&ntilde;o de estrategias o alternativas que permitan mantener la sostenibilidad de los sistemas de cultivo en las condiciones actuales y futuras. Para ello, nuestro grupo realiza proyectos de investigaci&oacute;n basados en ensayos de campo y en la utilizaci&oacute;n de modelos de simulaci&oacute;n matem&aacute;tica. \n&nbsp;\nLas principales <strong>l&iacute;neas de investigaci&oacute;n<\/strong> son:\n&nbsp;\n\nManejo de agua y nitr&oacute;geno en sistemas agrarios\nImpacto y adaptaciones al cambio y a la variabilidad clim&aacute;tica en sistemas de cultivo. Incertidumbres asociadas.\nModelizaci&oacute;n de sistemas agrarios\n","parent":0,"count":9,"filter":"raw","term_order":"0"}],"infraestructura":[],"ods":[],"origen":[{"term_id":180,"name":"Patente","slug":"patente","term_group":0,"term_taxonomy_id":180,"taxonomy":"origen","description":"","parent":0,"count":614,"filter":"raw","term_order":"0"}],"familia_tax":false,"quien_tax":false,"donde_tax":false,"year":"","contacto":"<strong>Principales: <\/strong><ul><li>RUBEN MORATIEL YUGUEROS <blockquote><strong>ruben.moratiel@upm.es<\/strong><\/blockquote><\/li><li>JOSE MARIA DURAN ALTISENT <blockquote><strong>josem.duran@upm.es<\/strong><\/blockquote><\/li><\/ul>","telefono":"","pagina_web":"","email":"","id_ficha_portal":"80","video":"","adjuntos":false,"adjuntos_portal":"https:\/\/www.upm.es\/S2i\/Acuse\/recuperarArchivo.jsp?id=80&id_archivo=52&tipo=patente&extension=fichero ","inf":false,"departamento":"","acf":[],"lang":"es","translation":{"es":8412},"_links":{"self":[{"href":"https:\/\/www.upm.es\/recursosidi\/wp-json\/wp\/v2\/product\/8412"}],"collection":[{"href":"https:\/\/www.upm.es\/recursosidi\/wp-json\/wp\/v2\/product"}],"about":[{"href":"https:\/\/www.upm.es\/recursosidi\/wp-json\/wp\/v2\/types\/product"}],"wp:attachment":[{"href":"https:\/\/www.upm.es\/recursosidi\/wp-json\/wp\/v2\/media?parent=8412"}],"wp:term":[{"taxonomy":"product_cat","embeddable":true,"href":"https:\/\/www.upm.es\/recursosidi\/wp-json\/wp\/v2\/product_cat?post=8412"},{"taxonomy":"product_tag","embeddable":true,"href":"https:\/\/www.upm.es\/recursosidi\/wp-json\/wp\/v2\/product_tag?post=8412"},{"taxonomy":"comunidad_upm","embeddable":true,"href":"https:\/\/www.upm.es\/recursosidi\/wp-json\/wp\/v2\/comunidades-upm?post=8412"},{"taxonomy":"quien","embeddable":true,"href":"https:\/\/www.upm.es\/recursosidi\/wp-json\/wp\/v2\/quien?post=8412"},{"taxonomy":"mapa","embeddable":true,"href":"https:\/\/www.upm.es\/recursosidi\/wp-json\/wp\/v2\/mapa?post=8412"},{"taxonomy":"disponibilidad","embeddable":true,"href":"https:\/\/www.upm.es\/recursosidi\/wp-json\/wp\/v2\/disponibilidad?post=8412"},{"taxonomy":"donde","embeddable":true,"href":"https:\/\/www.upm.es\/recursosidi\/wp-json\/wp\/v2\/donde?post=8412"},{"taxonomy":"infraestructura","embeddable":true,"href":"https:\/\/www.upm.es\/recursosidi\/wp-json\/wp\/v2\/infraestructura?post=8412"},{"taxonomy":"ods","embeddable":true,"href":"https:\/\/www.upm.es\/recursosidi\/wp-json\/wp\/v2\/ods?post=8412"},{"taxonomy":"origen","embeddable":true,"href":"https:\/\/www.upm.es\/recursosidi\/wp-json\/wp\/v2\/origen?post=8412"}],"curies":[{"name":"wp","href":"https:\/\/api.w.org\/{rel}","templated":true}]}}