{"id":8413,"date":"2021-11-25T14:06:34","date_gmt":"2021-11-25T13:06:34","guid":{"rendered":"https:\/\/www.upm.es\/recursosidi\/offers-resources\/sin categor\u00eda\/cerramientos-transparentes-o-translucidos-activos-con-capacidad-de-gestion-energetica\/"},"modified":"2022-08-10T02:04:09","modified_gmt":"2022-08-10T00:04:09","slug":"cerramientos-transparentes-o-translucidos-activos-con-capacidad-de-gestion-energetica","status":"publish","type":"product","link":"https:\/\/www.upm.es\/recursosidi\/offers-resources\/patentes\/cerramientos-transparentes-o-translucidos-activos-con-capacidad-de-gestion-energetica\/","title":{"rendered":"Cerramientos transparentes o translucidos activos con capacidad de gesti\u00f3n energ\u00e9tica"},"content":{"rendered":"<h5>Descripci\u00f3n de la patente <\/h5>\n<p>Cerramiento constituido por l\u00e1minas transparentes o transl\u00facidas que forman una c\u00e1mara (1) por la que circula un l\u00edquido en circuito cerrado que cede o absorbe energ\u00eda de los ambientes exterior e interior, un intercambiador de calor (2) en contacto con el l\u00edquido, una bomba de circulaci\u00f3n (3) y un dispositivo reductor de la presi\u00f3n hidrost\u00e1tica (4). El dispositivo reductor de la presi\u00f3n hidrost\u00e1tica permitir\u00e1 reducir los espesores de las l\u00e1minas transparentes que contienen el l\u00edquido. El car\u00e1cter activo del cerramiento est\u00e1 asociado a su capacidad de controlar la carga t\u00e9rmica solar y la iluminaci\u00f3n.<br \/>\nLa carga t\u00e9rmica solar es regulada a trav\u00e9s del intercambiador de calor. El control de la iluminaci\u00f3n del edificio se hace mediante la transparencia regulable del l\u00edquido. El dispositivo as\u00ed formado permitir\u00e1 crear una envolvente isoterma que permite climatizar una edificaci\u00f3n. El sistema podr\u00e1 ser usado para cerramientos activos al exterior o particiones interiores para la climatizaci\u00f3n y el control lum\u00ednico, as\u00ed como para cubiertas acristaladas o falsos techos.<\/p>\n<h5>Situaci\u00f3n <\/h5>\n<p>Concedida<\/p>\n<h5>N\u00famero de solicitud<\/h5>\n<p>P200700476<\/p>\n<h5>N\u00famero de publicaci\u00f3n<\/h5>\n<p>ES2304871<\/p>\n<h5>Fecha de presentaci\u00f3n <\/h5>\n<p>23\/02\/2007<\/p>\n<h5>Fecha de concesi\u00f3n <\/h5>\n<p>18\/01\/2010<\/p>\n<div class=\"pdfprnt-buttons pdfprnt-buttons-product pdfprnt-bottom-left\"><a href=\"https:\/\/www.upm.es\/recursosidi\/wp-json\/wp\/v2\/product\/8413?print=pdf\" class=\"pdfprnt-button pdfprnt-button-pdf\" target=\"_blank\"><span class=\"pdfprnt-button-title pdfprnt-button-pdf-title\">Descargar ficha<\/span><\/a><\/div>","protected":false},"excerpt":{"rendered":"<p>Descripci\u00f3n de la patente Cerramiento constituido por l\u00e1minas transparentes o transl\u00facidas que forman una c\u00e1mara (1) por la que circula un l\u00edquido en circuito cerrado&hellip;<\/p>\n","protected":false},"featured_media":0,"template":"","meta":{"_acf_changed":false},"product_cat":[3946],"product_tag":[],"comunidades-upm":[],"quien":[],"mapa":[],"disponibilidad":[],"donde":[{"term_id":288,"name":"An\u00e1lisis y experimentaci\u00f3n en mec\u00e1nica de fluidos y combusti\u00f3n","slug":"analisis-y-experimentacion-en-mecanica-de-fluidos-y-combustion","term_group":0,"term_taxonomy_id":288,"taxonomy":"donde","description":"","parent":0,"count":5,"filter":"raw","term_order":"0"},{"term_id":618,"name":"Centro de Investigaci\u00f3n en Simulaci\u00f3n Computacional (CCS)","slug":"centro-de-investigacion-en-simulacion-computacional-ccs","term_group":0,"term_taxonomy_id":618,"taxonomy":"donde","description":"","parent":0,"count":27,"filter":"raw","term_order":"0"},{"term_id":282,"name":"M\u00e9todos y Aplicaciones Num\u00e9ricas a la Tecnolog\u00eda Aeroespacial","slug":"metodos-y-aplicaciones-numericas-a-la-tecnologia-aeroespacial","term_group":0,"term_taxonomy_id":282,"taxonomy":"donde","description":"","parent":0,"count":4,"filter":"raw","term_order":"0"}],"infraestructura":[],"ods":[],"origen":[{"term_id":180,"name":"Patente","slug":"patente","term_group":0,"term_taxonomy_id":180,"taxonomy":"origen","description":"","parent":0,"count":614,"filter":"raw","term_order":"0"}],"familia_tax":false,"quien_tax":false,"donde_tax":false,"year":"","contacto":"<strong>Principales: <\/strong><ul><li>MIGUEL HERMANNS  <blockquote><strong>miguel.hermanns@upm.es<\/strong><\/blockquote><\/li><li>JUAN ANTONIO HERNANDEZ RAMOS <blockquote><strong>juanantonio.hernandez@upm.es<\/strong><\/blockquote><\/li><\/ul><strong>Otros inventores UPM: <\/strong><ul><li>DEL AMA GONZALO, FERNANDO<\/li><li>HERNANDEZ JIMENEZ<\/li><\/ul>","telefono":"","pagina_web":"","email":"","id_ficha_portal":"89","video":"","adjuntos":false,"adjuntos_portal":"https:\/\/www.upm.es\/S2i\/Acuse\/recuperarArchivo.jsp?id=89&id_archivo=209&tipo=patente&extension=fichero ","inf":false,"departamento":"","acf":[],"lang":"es","translation":{"es":8413},"_links":{"self":[{"href":"https:\/\/www.upm.es\/recursosidi\/wp-json\/wp\/v2\/product\/8413"}],"collection":[{"href":"https:\/\/www.upm.es\/recursosidi\/wp-json\/wp\/v2\/product"}],"about":[{"href":"https:\/\/www.upm.es\/recursosidi\/wp-json\/wp\/v2\/types\/product"}],"wp:attachment":[{"href":"https:\/\/www.upm.es\/recursosidi\/wp-json\/wp\/v2\/media?parent=8413"}],"wp:term":[{"taxonomy":"product_cat","embeddable":true,"href":"https:\/\/www.upm.es\/recursosidi\/wp-json\/wp\/v2\/product_cat?post=8413"},{"taxonomy":"product_tag","embeddable":true,"href":"https:\/\/www.upm.es\/recursosidi\/wp-json\/wp\/v2\/product_tag?post=8413"},{"taxonomy":"comunidad_upm","embeddable":true,"href":"https:\/\/www.upm.es\/recursosidi\/wp-json\/wp\/v2\/comunidades-upm?post=8413"},{"taxonomy":"quien","embeddable":true,"href":"https:\/\/www.upm.es\/recursosidi\/wp-json\/wp\/v2\/quien?post=8413"},{"taxonomy":"mapa","embeddable":true,"href":"https:\/\/www.upm.es\/recursosidi\/wp-json\/wp\/v2\/mapa?post=8413"},{"taxonomy":"disponibilidad","embeddable":true,"href":"https:\/\/www.upm.es\/recursosidi\/wp-json\/wp\/v2\/disponibilidad?post=8413"},{"taxonomy":"donde","embeddable":true,"href":"https:\/\/www.upm.es\/recursosidi\/wp-json\/wp\/v2\/donde?post=8413"},{"taxonomy":"infraestructura","embeddable":true,"href":"https:\/\/www.upm.es\/recursosidi\/wp-json\/wp\/v2\/infraestructura?post=8413"},{"taxonomy":"ods","embeddable":true,"href":"https:\/\/www.upm.es\/recursosidi\/wp-json\/wp\/v2\/ods?post=8413"},{"taxonomy":"origen","embeddable":true,"href":"https:\/\/www.upm.es\/recursosidi\/wp-json\/wp\/v2\/origen?post=8413"}],"curies":[{"name":"wp","href":"https:\/\/api.w.org\/{rel}","templated":true}]}}