{"id":8414,"date":"2021-11-25T14:06:36","date_gmt":"2021-11-25T13:06:36","guid":{"rendered":"https:\/\/www.upm.es\/recursosidi\/offers-resources\/sin categor\u00eda\/sistema-de-anuloplastia-activo-para-el-tratamiento-progresivo-de-patologias-cardiovasculares\/"},"modified":"2022-08-10T02:04:12","modified_gmt":"2022-08-10T00:04:12","slug":"sistema-de-anuloplastia-activo-para-el-tratamiento-progresivo-de-patologias-cardiovasculares","status":"publish","type":"product","link":"https:\/\/www.upm.es\/recursosidi\/offers-resources\/patentes\/sistema-de-anuloplastia-activo-para-el-tratamiento-progresivo-de-patologias-cardiovasculares\/","title":{"rendered":"Sistema de anuloplastia activo para el tratamiento progresivo de patolog\u00edas cardiovasculares"},"content":{"rendered":"<h5>Descripci\u00f3n de la patente <\/h5>\n<p>Sistema de anuloplastia activo y teleoperado con capacidad para el tratamiento controlado, progresivo, reversible y postoperatorio de la insuficiencia mitral y otras patolog\u00edas cardiovasculares, corregibles mediante el empleo de anillos de anuloplastia. Se basa en el empleo de un anillo actuador con memoria de forma, que puede calentarse con ayuda de dispositivos externos para activar el \u00bfefecto memoria de forma\u00bf, que produce el cambio geom\u00e9trico destinado a disminuir la insuficiencia mitral. La pr\u00f3tesis dispone de electr\u00f3nica de control, que recibe las \u00f3rdenes externas y act\u00faa a tal efecto. La posibilidad de actuaci\u00f3n \u00bfpaso a paso\u00bf, progresiva y reversible, por los medios propuestos en esta invenci\u00f3n, lleva a un m\u00e9todo, que resulta m\u00e1s controlado y produce menor desequilibrio hemodin\u00e1mico, para el tratamiento de diversas valvulopat\u00edas.<\/p>\n<h5>Situaci\u00f3n <\/h5>\n<p>Concedida<\/p>\n<h5>N\u00famero de solicitud<\/h5>\n<p>P200603149<\/p>\n<h5>N\u00famero de publicaci\u00f3n<\/h5>\n<p>ES2277794<\/p>\n<h5>Fecha de presentaci\u00f3n <\/h5>\n<p>13\/12\/2006<\/p>\n<h5>Fecha de concesi\u00f3n <\/h5>\n<p>23\/04\/2008<\/p>\n<div class=\"pdfprnt-buttons pdfprnt-buttons-product pdfprnt-bottom-left\"><a href=\"https:\/\/www.upm.es\/recursosidi\/wp-json\/wp\/v2\/product\/8414?print=pdf\" class=\"pdfprnt-button pdfprnt-button-pdf\" target=\"_blank\"><span class=\"pdfprnt-button-title pdfprnt-button-pdf-title\">Descargar ficha<\/span><\/a><\/div>","protected":false},"excerpt":{"rendered":"<p>Descripci\u00f3n de la patente Sistema de anuloplastia activo y teleoperado con capacidad para el tratamiento controlado, progresivo, reversible y postoperatorio de la insuficiencia mitral y&hellip;<\/p>\n","protected":false},"featured_media":0,"template":"","meta":{"_acf_changed":false},"product_cat":[3946],"product_tag":[],"comunidades-upm":[],"quien":[],"mapa":[],"disponibilidad":[],"donde":[{"term_id":310,"name":"GI-IM: Grupo de Investigaci\u00f3n en Ingenier\u00eda de M\u00e1quinas","slug":"gi-im-grupo-de-investigacion-en-ingenieria-de-maquinas","term_group":0,"term_taxonomy_id":310,"taxonomy":"donde","description":"","parent":0,"count":12,"filter":"raw","term_order":"0"}],"infraestructura":[],"ods":[],"origen":[{"term_id":180,"name":"Patente","slug":"patente","term_group":0,"term_taxonomy_id":180,"taxonomy":"origen","description":"","parent":0,"count":614,"filter":"raw","term_order":"0"}],"familia_tax":false,"quien_tax":false,"donde_tax":false,"year":"","contacto":"<strong>Principales: <\/strong><ul><li>JUAN MANUEL MU\u00d1OZ GUIJOSA <blockquote><strong>juanmanuel.munoz.guijosa@upm.es<\/strong><\/blockquote><\/li><li>ANDRES DIAZ LANTADA <blockquote><strong>andres.diaz@upm.es<\/strong><\/blockquote><\/li><li>JULIO MU\u00d1OZ GARCIA <blockquote><strong>julio.munoz@upm.es<\/strong><\/blockquote><\/li><li>MARIA DEL PILAR LEAL WI\u00d1A <blockquote><strong>pilar.leal@upm.es<\/strong><\/blockquote><\/li><li>PEDRO ORTEGO GARCIA <blockquote><strong>p.ortego@upm.es<\/strong><\/blockquote><\/li><li>HECTOR LORENZO YUSTOS <blockquote><strong>h.lyustos@upm.es<\/strong><\/blockquote><\/li><li>JAVIER ECHAVARRI OTERO <blockquote><strong>javier.echavarri@upm.es<\/strong><\/blockquote><\/li><li>PILAR LAFONT MORGADO <blockquote><strong>pilar.lafont@upm.es<\/strong><\/blockquote><\/li><\/ul><strong>Otros inventores UPM: <\/strong><ul><li>RADA MARTINEZ, IGNACIO<\/li><li>HERNANDEZ RIESCO, JOSE LUIS<\/li><li>JIMENEZ RAMOS, ANTONIO<\/li><li>LATORRE ESCRIBANO, JESUS<\/li><\/ul>","telefono":"","pagina_web":"","email":"","id_ficha_portal":"100","video":"","adjuntos":false,"adjuntos_portal":"https:\/\/www.upm.es\/S2i\/Acuse\/recuperarArchivo.jsp?id=100&id_archivo=158&tipo=patente&extension=fichero ","inf":false,"departamento":"","acf":[],"lang":"es","translation":{"es":8414},"_links":{"self":[{"href":"https:\/\/www.upm.es\/recursosidi\/wp-json\/wp\/v2\/product\/8414"}],"collection":[{"href":"https:\/\/www.upm.es\/recursosidi\/wp-json\/wp\/v2\/product"}],"about":[{"href":"https:\/\/www.upm.es\/recursosidi\/wp-json\/wp\/v2\/types\/product"}],"wp:attachment":[{"href":"https:\/\/www.upm.es\/recursosidi\/wp-json\/wp\/v2\/media?parent=8414"}],"wp:term":[{"taxonomy":"product_cat","embeddable":true,"href":"https:\/\/www.upm.es\/recursosidi\/wp-json\/wp\/v2\/product_cat?post=8414"},{"taxonomy":"product_tag","embeddable":true,"href":"https:\/\/www.upm.es\/recursosidi\/wp-json\/wp\/v2\/product_tag?post=8414"},{"taxonomy":"comunidad_upm","embeddable":true,"href":"https:\/\/www.upm.es\/recursosidi\/wp-json\/wp\/v2\/comunidades-upm?post=8414"},{"taxonomy":"quien","embeddable":true,"href":"https:\/\/www.upm.es\/recursosidi\/wp-json\/wp\/v2\/quien?post=8414"},{"taxonomy":"mapa","embeddable":true,"href":"https:\/\/www.upm.es\/recursosidi\/wp-json\/wp\/v2\/mapa?post=8414"},{"taxonomy":"disponibilidad","embeddable":true,"href":"https:\/\/www.upm.es\/recursosidi\/wp-json\/wp\/v2\/disponibilidad?post=8414"},{"taxonomy":"donde","embeddable":true,"href":"https:\/\/www.upm.es\/recursosidi\/wp-json\/wp\/v2\/donde?post=8414"},{"taxonomy":"infraestructura","embeddable":true,"href":"https:\/\/www.upm.es\/recursosidi\/wp-json\/wp\/v2\/infraestructura?post=8414"},{"taxonomy":"ods","embeddable":true,"href":"https:\/\/www.upm.es\/recursosidi\/wp-json\/wp\/v2\/ods?post=8414"},{"taxonomy":"origen","embeddable":true,"href":"https:\/\/www.upm.es\/recursosidi\/wp-json\/wp\/v2\/origen?post=8414"}],"curies":[{"name":"wp","href":"https:\/\/api.w.org\/{rel}","templated":true}]}}