{"id":8416,"date":"2021-11-25T14:06:41","date_gmt":"2021-11-25T13:06:41","guid":{"rendered":"https:\/\/www.upm.es\/recursosidi\/offers-resources\/sin categor\u00eda\/dispositivo-de-dispensado-automatico-de-liquido-acoplable-a-todo-tipo-de-trampas-entomologicas-horizontales-humedas\/"},"modified":"2022-08-10T02:04:18","modified_gmt":"2022-08-10T00:04:18","slug":"dispositivo-de-dispensado-automatico-de-liquido-acoplable-a-todo-tipo-de-trampas-entomologicas-horizontales-humedas","status":"publish","type":"product","link":"https:\/\/www.upm.es\/recursosidi\/offers-resources\/patentes\/dispositivo-de-dispensado-automatico-de-liquido-acoplable-a-todo-tipo-de-trampas-entomologicas-horizontales-humedas\/","title":{"rendered":"Dispositivo de dispensado autom\u00e1tico de l\u00edquido acoplable a todo tipo de trampas entomol\u00f3gicas horizontales h\u00famedas"},"content":{"rendered":"<h5>Descripci\u00f3n de la patente <\/h5>\n<p>La presente invenci\u00f3n se refiere a un nuevo dispositivo de dispensado autom\u00e1tico de l\u00edquido, acoplable a todo tipo de trampas entomol\u00f3gicas horizontales h\u00famedas de manera que el nivel del mismo permanezca constante, y que adem\u00e1s permite el rellenado del dispositivo sin desmontarlo.<br \/>\nEsto, soluciona un grave problema en el monitoreo de insectos plagas en Protecci\u00f3n de Cultivos, que es el vaciado al cabo de pocos d\u00edas de este tipo de trampas por las condiciones atmosf\u00e9ricas impredecibles en el campo, lo que impide totalmente que cumplan su funci\u00f3n.<\/p>\n<h5>Situaci\u00f3n <\/h5>\n<p>Concedida<\/p>\n<h5>N\u00famero de solicitud<\/h5>\n<p>P200700984<\/p>\n<h5>N\u00famero de publicaci\u00f3n<\/h5>\n<p>ES2288142<\/p>\n<h5>Fecha de presentaci\u00f3n <\/h5>\n<p>12\/04\/2007<\/p>\n<h5>Fecha de concesi\u00f3n <\/h5>\n<p>16\/06\/2008<\/p>\n<div class=\"pdfprnt-buttons pdfprnt-buttons-product pdfprnt-bottom-left\"><a href=\"https:\/\/www.upm.es\/recursosidi\/wp-json\/wp\/v2\/product\/8416?print=pdf\" class=\"pdfprnt-button pdfprnt-button-pdf\" target=\"_blank\"><span class=\"pdfprnt-button-title pdfprnt-button-pdf-title\">Descargar ficha<\/span><\/a><\/div>","protected":false},"excerpt":{"rendered":"<p>Descripci\u00f3n de la patente La presente invenci\u00f3n se refiere a un nuevo dispositivo de dispensado autom\u00e1tico de l\u00edquido, acoplable a todo tipo de trampas entomol\u00f3gicas&hellip;<\/p>\n","protected":false},"featured_media":0,"template":"","meta":{"_acf_changed":false},"product_cat":[3946],"product_tag":[],"comunidades-upm":[],"quien":[],"mapa":[],"disponibilidad":[],"donde":[{"term_id":328,"name":"Manejo Integrado de Plagas","slug":"manejo-integrado-de-plagas","term_group":0,"term_taxonomy_id":328,"taxonomy":"donde","description":"","parent":0,"count":1,"filter":"raw","term_order":"0"}],"infraestructura":[],"ods":[],"origen":[{"term_id":180,"name":"Patente","slug":"patente","term_group":0,"term_taxonomy_id":180,"taxonomy":"origen","description":"","parent":0,"count":614,"filter":"raw","term_order":"0"}],"familia_tax":false,"quien_tax":false,"donde_tax":false,"year":"","contacto":"<strong>Principales: <\/strong><ul><li>ELISA VI\u00d1UELA SANDOVAL <blockquote><strong>elisa.vinuela@upm.es<\/strong><\/blockquote><\/li><li>LUIS ERNESTO QUIROS LOPEZ <blockquote><strong>luis.qlopez@upm.es<\/strong><\/blockquote><\/li><\/ul><strong>Otros inventores UPM: <\/strong><ul><li>Luis Pulido L\u00f3pez<\/li><\/ul>","telefono":"","pagina_web":"","email":"","id_ficha_portal":"102","video":"","adjuntos":false,"adjuntos_portal":"https:\/\/www.upm.es\/S2i\/Acuse\/recuperarArchivo.jsp?id=102&id_archivo=178&tipo=patente&extension=fichero ","inf":false,"departamento":"","acf":[],"lang":"es","translation":{"es":8416},"_links":{"self":[{"href":"https:\/\/www.upm.es\/recursosidi\/wp-json\/wp\/v2\/product\/8416"}],"collection":[{"href":"https:\/\/www.upm.es\/recursosidi\/wp-json\/wp\/v2\/product"}],"about":[{"href":"https:\/\/www.upm.es\/recursosidi\/wp-json\/wp\/v2\/types\/product"}],"wp:attachment":[{"href":"https:\/\/www.upm.es\/recursosidi\/wp-json\/wp\/v2\/media?parent=8416"}],"wp:term":[{"taxonomy":"product_cat","embeddable":true,"href":"https:\/\/www.upm.es\/recursosidi\/wp-json\/wp\/v2\/product_cat?post=8416"},{"taxonomy":"product_tag","embeddable":true,"href":"https:\/\/www.upm.es\/recursosidi\/wp-json\/wp\/v2\/product_tag?post=8416"},{"taxonomy":"comunidad_upm","embeddable":true,"href":"https:\/\/www.upm.es\/recursosidi\/wp-json\/wp\/v2\/comunidades-upm?post=8416"},{"taxonomy":"quien","embeddable":true,"href":"https:\/\/www.upm.es\/recursosidi\/wp-json\/wp\/v2\/quien?post=8416"},{"taxonomy":"mapa","embeddable":true,"href":"https:\/\/www.upm.es\/recursosidi\/wp-json\/wp\/v2\/mapa?post=8416"},{"taxonomy":"disponibilidad","embeddable":true,"href":"https:\/\/www.upm.es\/recursosidi\/wp-json\/wp\/v2\/disponibilidad?post=8416"},{"taxonomy":"donde","embeddable":true,"href":"https:\/\/www.upm.es\/recursosidi\/wp-json\/wp\/v2\/donde?post=8416"},{"taxonomy":"infraestructura","embeddable":true,"href":"https:\/\/www.upm.es\/recursosidi\/wp-json\/wp\/v2\/infraestructura?post=8416"},{"taxonomy":"ods","embeddable":true,"href":"https:\/\/www.upm.es\/recursosidi\/wp-json\/wp\/v2\/ods?post=8416"},{"taxonomy":"origen","embeddable":true,"href":"https:\/\/www.upm.es\/recursosidi\/wp-json\/wp\/v2\/origen?post=8416"}],"curies":[{"name":"wp","href":"https:\/\/api.w.org\/{rel}","templated":true}]}}