{"id":8417,"date":"2021-11-25T14:06:44","date_gmt":"2021-11-25T13:06:44","guid":{"rendered":"https:\/\/www.upm.es\/recursosidi\/offers-resources\/sin categor\u00eda\/sistema-mecanico-autonomo-para-apertura-y-cierre-de-ventanas\/"},"modified":"2022-08-10T02:04:21","modified_gmt":"2022-08-10T00:04:21","slug":"sistema-mecanico-autonomo-para-apertura-y-cierre-de-ventanas","status":"publish","type":"product","link":"https:\/\/www.upm.es\/recursosidi\/offers-resources\/patentes\/sistema-mecanico-autonomo-para-apertura-y-cierre-de-ventanas\/","title":{"rendered":"Sistema mec\u00e1nico aut\u00f3nomo para apertura y cierre de ventanas"},"content":{"rendered":"<h5>Descripci\u00f3n de la patente <\/h5>\n<p>Sistema mec\u00e1nico aut\u00f3nomo para apertura y cierre de ventanas cuando la temperatura del interior del local pasa por una determinada temperatura de consigna. Basado en el empleo de un sensor \u00bf actuador tipo muelle bimet\u00e1lico que acciona al primer eje, una primera transmisi\u00f3n por engranajes para accionar al segundo eje, un mecanismo de cruz de malta accionado por el eje secundario y que proporciona movimiento al tercer eje al pasar por la temperatura de consigna y una segunda transmisi\u00f3n por engranajes para accionar el eje de la ventana. Dispone de sistemas auxiliares de \u00bfvariaci\u00f3n de temperatura de consigna\u00bf y de \u00bfdesconexi\u00f3n voluntaria del sistema\u00bf. Est\u00e1 orientado a la apertura de ventanas seg\u00fan temperaturas crecientes y al cierre de las mismas seg\u00fan temperaturas decrecientes, pero dispone de un sistema adicional de \u00bfinversi\u00f3n de actuaci\u00f3n\u00bf, para cerrar con aumentos de temperatura.<\/p>\n<h5>Situaci\u00f3n <\/h5>\n<p>Concedida<\/p>\n<h5>N\u00famero de solicitud<\/h5>\n<p>P200603148<\/p>\n<h5>N\u00famero de publicaci\u00f3n<\/h5>\n<p>ES2281304<\/p>\n<h5>Fecha de presentaci\u00f3n <\/h5>\n<p>13\/12\/2006<\/p>\n<h5>Fecha de concesi\u00f3n <\/h5>\n<p>30\/04\/2008<\/p>\n<div class=\"pdfprnt-buttons pdfprnt-buttons-product pdfprnt-bottom-left\"><a href=\"https:\/\/www.upm.es\/recursosidi\/wp-json\/wp\/v2\/product\/8417?print=pdf\" class=\"pdfprnt-button pdfprnt-button-pdf\" target=\"_blank\"><span class=\"pdfprnt-button-title pdfprnt-button-pdf-title\">Descargar ficha<\/span><\/a><\/div>","protected":false},"excerpt":{"rendered":"<p>Descripci\u00f3n de la patente Sistema mec\u00e1nico aut\u00f3nomo para apertura y cierre de ventanas cuando la temperatura del interior del local pasa por una determinada temperatura&hellip;<\/p>\n","protected":false},"featured_media":0,"template":"","meta":{"_acf_changed":false},"product_cat":[3946],"product_tag":[],"comunidades-upm":[],"quien":[],"mapa":[],"disponibilidad":[],"donde":[{"term_id":310,"name":"GI-IM: Grupo de Investigaci\u00f3n en Ingenier\u00eda de M\u00e1quinas","slug":"gi-im-grupo-de-investigacion-en-ingenieria-de-maquinas","term_group":0,"term_taxonomy_id":310,"taxonomy":"donde","description":"","parent":0,"count":12,"filter":"raw","term_order":"0"}],"infraestructura":[],"ods":[],"origen":[{"term_id":180,"name":"Patente","slug":"patente","term_group":0,"term_taxonomy_id":180,"taxonomy":"origen","description":"","parent":0,"count":614,"filter":"raw","term_order":"0"}],"familia_tax":false,"quien_tax":false,"donde_tax":false,"year":"","contacto":"<strong>Principales: <\/strong><ul><li>EMILIO BAUTISTA PAZ <blockquote><strong>emilio.bautista@upm.es<\/strong><\/blockquote><\/li><li>JUAN MANUEL MU\u00d1OZ GUIJOSA <blockquote><strong>juanmanuel.munoz.guijosa@upm.es<\/strong><\/blockquote><\/li><li>JOSE LUIS MU\u00d1OZ SANZ <blockquote><strong>joseluis.munozs@upm.es<\/strong><\/blockquote><\/li><li>ANDRES DIAZ LANTADA <blockquote><strong>andres.diaz@upm.es<\/strong><\/blockquote><\/li><li>JULIO MU\u00d1OZ GARCIA <blockquote><strong>julio.munoz@upm.es<\/strong><\/blockquote><\/li><li>MARIA DEL PILAR LEAL WI\u00d1A <blockquote><strong>pilar.leal@upm.es<\/strong><\/blockquote><\/li><li>HECTOR LORENZO YUSTOS <blockquote><strong>h.lyustos@upm.es<\/strong><\/blockquote><\/li><li>JAVIER ECHAVARRI OTERO <blockquote><strong>javier.echavarri@upm.es<\/strong><\/blockquote><\/li><li>PILAR LAFONT MORGADO <blockquote><strong>pilar.lafont@upm.es<\/strong><\/blockquote><\/li><\/ul>","telefono":"","pagina_web":"","email":"","id_ficha_portal":"106","video":"","adjuntos":false,"adjuntos_portal":"https:\/\/www.upm.es\/S2i\/Acuse\/recuperarArchivo.jsp?id=106&id_archivo=161&tipo=patente&extension=fichero ","inf":false,"departamento":"","acf":[],"lang":"es","translation":{"es":8417},"_links":{"self":[{"href":"https:\/\/www.upm.es\/recursosidi\/wp-json\/wp\/v2\/product\/8417"}],"collection":[{"href":"https:\/\/www.upm.es\/recursosidi\/wp-json\/wp\/v2\/product"}],"about":[{"href":"https:\/\/www.upm.es\/recursosidi\/wp-json\/wp\/v2\/types\/product"}],"wp:attachment":[{"href":"https:\/\/www.upm.es\/recursosidi\/wp-json\/wp\/v2\/media?parent=8417"}],"wp:term":[{"taxonomy":"product_cat","embeddable":true,"href":"https:\/\/www.upm.es\/recursosidi\/wp-json\/wp\/v2\/product_cat?post=8417"},{"taxonomy":"product_tag","embeddable":true,"href":"https:\/\/www.upm.es\/recursosidi\/wp-json\/wp\/v2\/product_tag?post=8417"},{"taxonomy":"comunidad_upm","embeddable":true,"href":"https:\/\/www.upm.es\/recursosidi\/wp-json\/wp\/v2\/comunidades-upm?post=8417"},{"taxonomy":"quien","embeddable":true,"href":"https:\/\/www.upm.es\/recursosidi\/wp-json\/wp\/v2\/quien?post=8417"},{"taxonomy":"mapa","embeddable":true,"href":"https:\/\/www.upm.es\/recursosidi\/wp-json\/wp\/v2\/mapa?post=8417"},{"taxonomy":"disponibilidad","embeddable":true,"href":"https:\/\/www.upm.es\/recursosidi\/wp-json\/wp\/v2\/disponibilidad?post=8417"},{"taxonomy":"donde","embeddable":true,"href":"https:\/\/www.upm.es\/recursosidi\/wp-json\/wp\/v2\/donde?post=8417"},{"taxonomy":"infraestructura","embeddable":true,"href":"https:\/\/www.upm.es\/recursosidi\/wp-json\/wp\/v2\/infraestructura?post=8417"},{"taxonomy":"ods","embeddable":true,"href":"https:\/\/www.upm.es\/recursosidi\/wp-json\/wp\/v2\/ods?post=8417"},{"taxonomy":"origen","embeddable":true,"href":"https:\/\/www.upm.es\/recursosidi\/wp-json\/wp\/v2\/origen?post=8417"}],"curies":[{"name":"wp","href":"https:\/\/api.w.org\/{rel}","templated":true}]}}