{"id":8418,"date":"2021-11-25T14:06:46","date_gmt":"2021-11-25T13:06:46","guid":{"rendered":"https:\/\/www.upm.es\/recursosidi\/offers-resources\/sin categor\u00eda\/metodo-para-la-monitorizacion-del-nivel-de-alerta-en-tiempo-real-basado-en-ondas-cerebrales-y-dispositivo-para-la-puesta-en-practica-del-mismo\/"},"modified":"2022-08-10T02:04:24","modified_gmt":"2022-08-10T00:04:24","slug":"metodo-para-la-monitorizacion-del-nivel-de-alerta-en-tiempo-real-basado-en-ondas-cerebrales-y-dispositivo-para-la-puesta-en-practica-del-mismo","status":"publish","type":"product","link":"https:\/\/www.upm.es\/recursosidi\/offers-resources\/patentes\/metodo-para-la-monitorizacion-del-nivel-de-alerta-en-tiempo-real-basado-en-ondas-cerebrales-y-dispositivo-para-la-puesta-en-practica-del-mismo\/","title":{"rendered":"M\u00e9todo para la monitorizaci\u00f3n del nivel de alerta en tiempo real basado en ondas cerebrales y dispositivo para la puesta en pr\u00e1ctica del mismo"},"content":{"rendered":"<h5>Descripci\u00f3n de la patente <\/h5>\n<p>El m\u00e9todo se basa en la captura de la se\u00f1al de electroencefalograf\u00eda del sujeto (EEG) a trav\u00e9s de un sistema de registro de EGG (1) y por medio de tres electrodos secos (4) a trav\u00e9s de los que se registran en modo monopolar a cualquiera de los sitios C3, C4, Cz, O1 y O2 de la corteza cerebral. La se\u00f1al registrada es filtrada, procedi\u00e9ndose a registrar el ritmo alfa del sujeto en estado de relajaci\u00f3n. Una vez determinado dicho comportamiento alfa se registra el EEG del mismo ante cualquier actividad que est\u00e9 realizando,  procediendo a la normalizaci\u00f3n en amplitud respecto de su valor m\u00e1ximo de los espectros registrados. Posteriormente se realiza una segunda normalizaci\u00f3n en funci\u00f3n de la conducta alfa registrada, y a partir de dicho espectro se determina una variable que permite realizar una discriminaci\u00f3n del nivel de alerta por simple umbralizaci\u00f3n, y que corresponde al cociente entre la potencia en la banda superior personal y la banda alfa personal.<\/p>\n<h5>Situaci\u00f3n <\/h5>\n<p>Concedida<\/p>\n<h5>N\u00famero de solicitud<\/h5>\n<p>P200600147<\/p>\n<h5>N\u00famero de publicaci\u00f3n<\/h5>\n<p>ES2318933<\/p>\n<h5>Fecha de presentaci\u00f3n <\/h5>\n<p>24\/01\/2006<\/p>\n<h5>Fecha de concesi\u00f3n <\/h5>\n<p>17\/09\/2009<\/p>\n<div class=\"pdfprnt-buttons pdfprnt-buttons-product pdfprnt-bottom-left\"><a href=\"https:\/\/www.upm.es\/recursosidi\/wp-json\/wp\/v2\/product\/8418?print=pdf\" class=\"pdfprnt-button pdfprnt-button-pdf\" target=\"_blank\"><span class=\"pdfprnt-button-title pdfprnt-button-pdf-title\">Descargar ficha<\/span><\/a><\/div>","protected":false},"excerpt":{"rendered":"<p>Descripci\u00f3n de la patente El m\u00e9todo se basa en la captura de la se\u00f1al de electroencefalograf\u00eda del sujeto (EEG) a trav\u00e9s de un sistema de&hellip;<\/p>\n","protected":false},"featured_media":0,"template":"","meta":{"_acf_changed":false},"product_cat":[3946],"product_tag":[],"comunidades-upm":[],"quien":[],"mapa":[],"disponibilidad":[],"donde":[{"term_id":42,"name":"UPM","slug":"upm","term_group":0,"term_taxonomy_id":42,"taxonomy":"donde","description":"Universidad Polit\u00e9cnica de Madrid\r\nHTML \"Lorem ipsum dolor sit amet, consectetur adipiscing elit, sed do eiusmod tempor incididunt ut labore et dolore magna aliqua. Ut enim ad minim veniam, quis nostrud exercitation ullamco laboris nisi ut aliquip ex ea commodo consequat. Duis aute irure dolor in reprehenderit in voluptate velit esse cillum dolore eu fugiat nulla pariatur. Excepteur sint occaecat cupidatat non proident, sunt in culpa qui officia deserunt mollit anim id est laborum.\"","parent":0,"count":146,"filter":"raw","term_order":"0"}],"infraestructura":[],"ods":[],"origen":[{"term_id":180,"name":"Patente","slug":"patente","term_group":0,"term_taxonomy_id":180,"taxonomy":"origen","description":"","parent":0,"count":614,"filter":"raw","term_order":"0"}],"familia_tax":false,"quien_tax":false,"donde_tax":false,"year":"","contacto":"<ul><li><blockquote><strong>otri.investigacion@upm.es<\/strong><\/blockquote><\/li><\/ul>","telefono":"","pagina_web":"","email":"","id_ficha_portal":"108","video":"","adjuntos":false,"adjuntos_portal":"https:\/\/www.upm.es\/S2i\/Acuse\/recuperarArchivo.jsp?id=108&id_archivo=338&tipo=patente&extension=fichero ","inf":false,"departamento":"","acf":[],"lang":"es","translation":{"es":8418},"_links":{"self":[{"href":"https:\/\/www.upm.es\/recursosidi\/wp-json\/wp\/v2\/product\/8418"}],"collection":[{"href":"https:\/\/www.upm.es\/recursosidi\/wp-json\/wp\/v2\/product"}],"about":[{"href":"https:\/\/www.upm.es\/recursosidi\/wp-json\/wp\/v2\/types\/product"}],"wp:attachment":[{"href":"https:\/\/www.upm.es\/recursosidi\/wp-json\/wp\/v2\/media?parent=8418"}],"wp:term":[{"taxonomy":"product_cat","embeddable":true,"href":"https:\/\/www.upm.es\/recursosidi\/wp-json\/wp\/v2\/product_cat?post=8418"},{"taxonomy":"product_tag","embeddable":true,"href":"https:\/\/www.upm.es\/recursosidi\/wp-json\/wp\/v2\/product_tag?post=8418"},{"taxonomy":"comunidad_upm","embeddable":true,"href":"https:\/\/www.upm.es\/recursosidi\/wp-json\/wp\/v2\/comunidades-upm?post=8418"},{"taxonomy":"quien","embeddable":true,"href":"https:\/\/www.upm.es\/recursosidi\/wp-json\/wp\/v2\/quien?post=8418"},{"taxonomy":"mapa","embeddable":true,"href":"https:\/\/www.upm.es\/recursosidi\/wp-json\/wp\/v2\/mapa?post=8418"},{"taxonomy":"disponibilidad","embeddable":true,"href":"https:\/\/www.upm.es\/recursosidi\/wp-json\/wp\/v2\/disponibilidad?post=8418"},{"taxonomy":"donde","embeddable":true,"href":"https:\/\/www.upm.es\/recursosidi\/wp-json\/wp\/v2\/donde?post=8418"},{"taxonomy":"infraestructura","embeddable":true,"href":"https:\/\/www.upm.es\/recursosidi\/wp-json\/wp\/v2\/infraestructura?post=8418"},{"taxonomy":"ods","embeddable":true,"href":"https:\/\/www.upm.es\/recursosidi\/wp-json\/wp\/v2\/ods?post=8418"},{"taxonomy":"origen","embeddable":true,"href":"https:\/\/www.upm.es\/recursosidi\/wp-json\/wp\/v2\/origen?post=8418"}],"curies":[{"name":"wp","href":"https:\/\/api.w.org\/{rel}","templated":true}]}}