{"id":8420,"date":"2021-11-25T14:06:51","date_gmt":"2021-11-25T13:06:51","guid":{"rendered":"https:\/\/www.upm.es\/recursosidi\/offers-resources\/sin categor\u00eda\/procedimiento-para-la-obtencion-de-hielo-liquido\/"},"modified":"2022-08-10T02:04:29","modified_gmt":"2022-08-10T00:04:29","slug":"procedimiento-para-la-obtencion-de-hielo-liquido","status":"publish","type":"product","link":"https:\/\/www.upm.es\/recursosidi\/offers-resources\/patentes\/procedimiento-para-la-obtencion-de-hielo-liquido\/","title":{"rendered":"Procedimiento para la obtenci\u00f3n de hielo l\u00edquido"},"content":{"rendered":"<h5>Descripci\u00f3n de la patente <\/h5>\n<p>Esta invenci\u00f3n facilita la obtenci\u00f3n de hielo l\u00edquido utilizando la t\u00e9cnica de vac\u00edo mediante un proceso de vaporizaci\u00f3n de parte del agua de una soluci\u00f3n acuosa formada por agua y una soluci\u00f3n criosc\u00f3pica. Supone un ahorro energ\u00e9tico frente a las m\u00e1quinas de rascado de hielo y trituraci\u00f3n.<br \/>\nEl hielo l\u00edquido se est\u00e1 utilizando en la actualidad, para la conservaci\u00f3n de alimentos frescos, mediante contacto directo como en el caso del pescado, o bien previamente envasado como en las hortalizas.<br \/>\nTambi\u00e9n se le da una aplicaci\u00f3n m\u00e1s industrial en su uso para refrigerar grandes edificios a trav\u00e9s de sistemas de aire acondicionado.<\/p>\n<h5>Situaci\u00f3n <\/h5>\n<p>Concedida<\/p>\n<h5>N\u00famero de solicitud<\/h5>\n<p>P200601938<\/p>\n<h5>N\u00famero de publicaci\u00f3n<\/h5>\n<p>ES2262454<\/p>\n<h5>Fecha de presentaci\u00f3n <\/h5>\n<p>20\/07\/2006<\/p>\n<h5>Fecha de concesi\u00f3n <\/h5>\n<p>22\/10\/2007<\/p>\n<div class=\"pdfprnt-buttons pdfprnt-buttons-product pdfprnt-bottom-left\"><a href=\"https:\/\/www.upm.es\/recursosidi\/wp-json\/wp\/v2\/product\/8420?print=pdf\" class=\"pdfprnt-button pdfprnt-button-pdf\" target=\"_blank\"><span class=\"pdfprnt-button-title pdfprnt-button-pdf-title\">Descargar ficha<\/span><\/a><\/div>","protected":false},"excerpt":{"rendered":"<p>Descripci\u00f3n de la patente Esta invenci\u00f3n facilita la obtenci\u00f3n de hielo l\u00edquido utilizando la t\u00e9cnica de vac\u00edo mediante un proceso de vaporizaci\u00f3n de parte del&hellip;<\/p>\n","protected":false},"featured_media":0,"template":"","meta":{"_acf_changed":false},"product_cat":[3946],"product_tag":[],"comunidades-upm":[],"quien":[],"mapa":[],"disponibilidad":[],"donde":[{"term_id":42,"name":"UPM","slug":"upm","term_group":0,"term_taxonomy_id":42,"taxonomy":"donde","description":"Universidad Polit\u00e9cnica de Madrid\r\nHTML \"Lorem ipsum dolor sit amet, consectetur adipiscing elit, sed do eiusmod tempor incididunt ut labore et dolore magna aliqua. Ut enim ad minim veniam, quis nostrud exercitation ullamco laboris nisi ut aliquip ex ea commodo consequat. Duis aute irure dolor in reprehenderit in voluptate velit esse cillum dolore eu fugiat nulla pariatur. Excepteur sint occaecat cupidatat non proident, sunt in culpa qui officia deserunt mollit anim id est laborum.\"","parent":0,"count":145,"filter":"raw","term_order":"0"}],"infraestructura":[],"ods":[],"origen":[{"term_id":180,"name":"Patente","slug":"patente","term_group":0,"term_taxonomy_id":180,"taxonomy":"origen","description":"","parent":0,"count":614,"filter":"raw","term_order":"0"}],"familia_tax":false,"quien_tax":false,"donde_tax":false,"year":"","contacto":"<ul><li><blockquote><strong>otri.investigacion@upm.es<\/strong><\/blockquote><\/li><\/ul>","telefono":"","pagina_web":"","email":"","id_ficha_portal":"118","video":"","adjuntos":false,"adjuntos_portal":"","inf":false,"departamento":"","acf":[],"lang":"es","translation":{"es":8420},"_links":{"self":[{"href":"https:\/\/www.upm.es\/recursosidi\/wp-json\/wp\/v2\/product\/8420"}],"collection":[{"href":"https:\/\/www.upm.es\/recursosidi\/wp-json\/wp\/v2\/product"}],"about":[{"href":"https:\/\/www.upm.es\/recursosidi\/wp-json\/wp\/v2\/types\/product"}],"wp:attachment":[{"href":"https:\/\/www.upm.es\/recursosidi\/wp-json\/wp\/v2\/media?parent=8420"}],"wp:term":[{"taxonomy":"product_cat","embeddable":true,"href":"https:\/\/www.upm.es\/recursosidi\/wp-json\/wp\/v2\/product_cat?post=8420"},{"taxonomy":"product_tag","embeddable":true,"href":"https:\/\/www.upm.es\/recursosidi\/wp-json\/wp\/v2\/product_tag?post=8420"},{"taxonomy":"comunidad_upm","embeddable":true,"href":"https:\/\/www.upm.es\/recursosidi\/wp-json\/wp\/v2\/comunidades-upm?post=8420"},{"taxonomy":"quien","embeddable":true,"href":"https:\/\/www.upm.es\/recursosidi\/wp-json\/wp\/v2\/quien?post=8420"},{"taxonomy":"mapa","embeddable":true,"href":"https:\/\/www.upm.es\/recursosidi\/wp-json\/wp\/v2\/mapa?post=8420"},{"taxonomy":"disponibilidad","embeddable":true,"href":"https:\/\/www.upm.es\/recursosidi\/wp-json\/wp\/v2\/disponibilidad?post=8420"},{"taxonomy":"donde","embeddable":true,"href":"https:\/\/www.upm.es\/recursosidi\/wp-json\/wp\/v2\/donde?post=8420"},{"taxonomy":"infraestructura","embeddable":true,"href":"https:\/\/www.upm.es\/recursosidi\/wp-json\/wp\/v2\/infraestructura?post=8420"},{"taxonomy":"ods","embeddable":true,"href":"https:\/\/www.upm.es\/recursosidi\/wp-json\/wp\/v2\/ods?post=8420"},{"taxonomy":"origen","embeddable":true,"href":"https:\/\/www.upm.es\/recursosidi\/wp-json\/wp\/v2\/origen?post=8420"}],"curies":[{"name":"wp","href":"https:\/\/api.w.org\/{rel}","templated":true}]}}