{"id":8421,"date":"2021-11-25T14:06:54","date_gmt":"2021-11-25T13:06:54","guid":{"rendered":"https:\/\/www.upm.es\/recursosidi\/offers-resources\/sin categor\u00eda\/reactor-termolitico-de-descomposicion-de-hidrocarburos\/"},"modified":"2022-08-10T02:04:32","modified_gmt":"2022-08-10T00:04:32","slug":"reactor-termolitico-de-descomposicion-de-hidrocarburos","status":"publish","type":"product","link":"https:\/\/www.upm.es\/recursosidi\/offers-resources\/patentes\/reactor-termolitico-de-descomposicion-de-hidrocarburos\/","title":{"rendered":"Reactor Termol\u00edtico de descomposici\u00f3n de hidrocarburos"},"content":{"rendered":"<h5>Descripci\u00f3n de la patente <\/h5>\n<p>Reactor termol\u00edtico de descomposici\u00f3n de hidrocarburos ideado para propiciar la descarburaci\u00f3n de hidrocarburos mediante la aplicaci\u00f3n de calor de alta temperatura a una corriente gaseosa de hidrocarburos que circula en el seno de un reactor embebido en un horno; teniendo el reactor, en su zona anular, unas boquillas de inyecci\u00f3n de los hidrocarburos en trayectoria de tipo cicl\u00f3nica; y existiendo en su zona superior una membrana de material hidrurable o filtro de hidr\u00f3geno, a trav\u00e9s del cual fluye hacia ese colector la mayor parte del hidr\u00f3geno puro, de gran valor energ\u00e9tico, producido en la descomposici\u00f3n termol\u00edtica; y existiendo otro colector de escape del reactor, en este caso ubicado en su zona inferior, con v\u00e1lvula regulable para dosificar la evacuaci\u00f3n del polvo de carbono junto al gas de arrastre, constitu\u00eddo esencialmente de hidrocarburos no descompuestos, susceptibles de ser reutilizados.<\/p>\n<h5>Situaci\u00f3n <\/h5>\n<p>Concedida<\/p>\n<h5>N\u00famero de solicitud<\/h5>\n<p>P200601130<\/p>\n<h5>N\u00famero de publicaci\u00f3n<\/h5>\n<p>ES2264400<\/p>\n<h5>Fecha de presentaci\u00f3n <\/h5>\n<p>04\/05\/2006<\/p>\n<h5>Fecha de concesi\u00f3n <\/h5>\n<p>06\/03\/2008<\/p>\n<div class=\"pdfprnt-buttons pdfprnt-buttons-product pdfprnt-bottom-left\"><a href=\"https:\/\/www.upm.es\/recursosidi\/wp-json\/wp\/v2\/product\/8421?print=pdf\" class=\"pdfprnt-button pdfprnt-button-pdf\" target=\"_blank\"><span class=\"pdfprnt-button-title pdfprnt-button-pdf-title\">Descargar ficha<\/span><\/a><\/div>","protected":false},"excerpt":{"rendered":"<p>Descripci\u00f3n de la patente Reactor termol\u00edtico de descomposici\u00f3n de hidrocarburos ideado para propiciar la descarburaci\u00f3n de hidrocarburos mediante la aplicaci\u00f3n de calor de alta temperatura&hellip;<\/p>\n","protected":false},"featured_media":0,"template":"","meta":{"_acf_changed":false},"product_cat":[3946],"product_tag":[],"comunidades-upm":[],"quien":[],"mapa":[],"disponibilidad":[],"donde":[{"term_id":238,"name":"Instituto de Fusi\u00f3n Nuclear \"Guillermo Velarde\" (IFN-GV)","slug":"instituto-de-fusion-nuclear-guillermo-velarde-ifn-gv","term_group":0,"term_taxonomy_id":238,"taxonomy":"donde","description":"","parent":0,"count":57,"filter":"raw","term_order":"0"},{"term_id":390,"name":"Thermal Energy for Sustainability","slug":"thermal-energy-for-sustainability","term_group":0,"term_taxonomy_id":390,"taxonomy":"donde","description":"","parent":0,"count":57,"filter":"raw","term_order":"0"}],"infraestructura":[],"ods":[],"origen":[{"term_id":180,"name":"Patente","slug":"patente","term_group":0,"term_taxonomy_id":180,"taxonomy":"origen","description":"","parent":0,"count":614,"filter":"raw","term_order":"0"}],"familia_tax":false,"quien_tax":false,"donde_tax":false,"year":"","contacto":"<strong>Principales: <\/strong><ul><li>JOSE MARIA MARTINEZ-VAL PE\u00d1ALOSA <blockquote><strong>josemaria.martinezval@upm.es<\/strong><\/blockquote><\/li><\/ul>","telefono":"","pagina_web":"","email":"","id_ficha_portal":"120","video":"","adjuntos":false,"adjuntos_portal":"https:\/\/www.upm.es\/S2i\/Acuse\/recuperarArchivo.jsp?id=120&id_archivo=175&tipo=patente&extension=fichero","inf":false,"departamento":"","acf":[],"lang":"es","translation":{"es":8421},"_links":{"self":[{"href":"https:\/\/www.upm.es\/recursosidi\/wp-json\/wp\/v2\/product\/8421"}],"collection":[{"href":"https:\/\/www.upm.es\/recursosidi\/wp-json\/wp\/v2\/product"}],"about":[{"href":"https:\/\/www.upm.es\/recursosidi\/wp-json\/wp\/v2\/types\/product"}],"wp:attachment":[{"href":"https:\/\/www.upm.es\/recursosidi\/wp-json\/wp\/v2\/media?parent=8421"}],"wp:term":[{"taxonomy":"product_cat","embeddable":true,"href":"https:\/\/www.upm.es\/recursosidi\/wp-json\/wp\/v2\/product_cat?post=8421"},{"taxonomy":"product_tag","embeddable":true,"href":"https:\/\/www.upm.es\/recursosidi\/wp-json\/wp\/v2\/product_tag?post=8421"},{"taxonomy":"comunidad_upm","embeddable":true,"href":"https:\/\/www.upm.es\/recursosidi\/wp-json\/wp\/v2\/comunidades-upm?post=8421"},{"taxonomy":"quien","embeddable":true,"href":"https:\/\/www.upm.es\/recursosidi\/wp-json\/wp\/v2\/quien?post=8421"},{"taxonomy":"mapa","embeddable":true,"href":"https:\/\/www.upm.es\/recursosidi\/wp-json\/wp\/v2\/mapa?post=8421"},{"taxonomy":"disponibilidad","embeddable":true,"href":"https:\/\/www.upm.es\/recursosidi\/wp-json\/wp\/v2\/disponibilidad?post=8421"},{"taxonomy":"donde","embeddable":true,"href":"https:\/\/www.upm.es\/recursosidi\/wp-json\/wp\/v2\/donde?post=8421"},{"taxonomy":"infraestructura","embeddable":true,"href":"https:\/\/www.upm.es\/recursosidi\/wp-json\/wp\/v2\/infraestructura?post=8421"},{"taxonomy":"ods","embeddable":true,"href":"https:\/\/www.upm.es\/recursosidi\/wp-json\/wp\/v2\/ods?post=8421"},{"taxonomy":"origen","embeddable":true,"href":"https:\/\/www.upm.es\/recursosidi\/wp-json\/wp\/v2\/origen?post=8421"}],"curies":[{"name":"wp","href":"https:\/\/api.w.org\/{rel}","templated":true}]}}