{"id":8423,"date":"2021-11-25T14:06:59","date_gmt":"2021-11-25T13:06:59","guid":{"rendered":"https:\/\/www.upm.es\/recursosidi\/offers-resources\/sin categor\u00eda\/procedimiento-de-biodegradacion-fungica-de-triturado-de-neumaticos\/"},"modified":"2022-08-10T02:04:38","modified_gmt":"2022-08-10T00:04:38","slug":"procedimiento-de-biodegradacion-fungica-de-triturado-de-neumaticos","status":"publish","type":"product","link":"https:\/\/www.upm.es\/recursosidi\/offers-resources\/patentes\/procedimiento-de-biodegradacion-fungica-de-triturado-de-neumaticos\/","title":{"rendered":"Procedimiento  de biodegradacion f\u00fangica de triturado de neum\u00e1ticos"},"content":{"rendered":"<h5>Descripci\u00f3n de la patente <\/h5>\n<p>La biodegradaci\u00f3n consiste en la utilizaci\u00f3n de microorganismos para degradar un material contaminante con vistas al posterior aprovechamiento y reutilizaci\u00f3n de los productos de degradaci\u00f3n obtenidos.<\/p>\n<p>El estudio de la biodegradaci\u00f3n del caucho se viene realizando desde hace a\u00f1os. La mayor\u00eda de los trabajos son de investigaci\u00f3n b\u00e1sica y suponen fundamentalmente la participaci\u00f3n de bacterias, aisladas principalmente de suelos, fuentes termales y restos de neum\u00e1ticos en descomposici\u00f3n. Los actinomicetos han sido considerados las bacterias m\u00e1s importantes en la degradaci\u00f3n de productos de caucho natural y vulcanizado, especialmente Nocardia. Tambi\u00e9n se ha descrito, aunque en menor medida, el uso de hongos de pudrici\u00f3n de la madera y sus enzimas para la descomposici\u00f3n de caucho vulcanizado.<\/p>\n<p>El procedimiento que se describe en esta patente utiliza un hongo, Paecilomyces lilacinus IMI 117109, para la biodegradaci\u00f3n de un triturado heterog\u00e9neo de neum\u00e1ticos comerciales usados de composici\u00f3n inespec\u00edfica.<\/p>\n<p>Previo al tratamiento de biodegradaci\u00f3n f\u00fangica, se realiza el lavado del triturado de neum\u00e1tico para eliminar posibles contaminaciones que puedan interferir con el proceso. Posteriormente se efect\u00faa el cultivo del hongo en presencia del triturado de neum\u00e1tico en medio l\u00edquido y condiciones de agitaci\u00f3n. En una segunda fase, se elimina el exceso de medio l\u00edquido. Tras el periodo de incubaci\u00f3n se aprecia el micelio del hongo sobre la superficie del triturado y se pone de manifiesto la biodegradaci\u00f3n del material.<\/p>\n<p>Este procedimiento de biodegradaci\u00f3n f\u00fangica supone una alternativa a los procesos de degradaci\u00f3n de neum\u00e1ticos usados, permitiendo reducir la acumulaci\u00f3n de los mismos, y a la vez, aprovechar los productos de su biodegradaci\u00f3n para ser reutilizados en la industria del neum\u00e1tico u otros usos industriales.<\/p>\n<h5>N\u00famero de solicitud<\/h5>\n<p>P200703236<\/p>\n<h5>N\u00famero de publicaci\u00f3n<\/h5>\n<p>ES2293864<\/p>\n<h5>Fecha de presentaci\u00f3n <\/h5>\n<p>05\/12\/2007<\/p>\n<h5>Fecha de concesi\u00f3n <\/h5>\n<p>26\/02\/2009<\/p>\n<div class=\"pdfprnt-buttons pdfprnt-buttons-product pdfprnt-bottom-left\"><a href=\"https:\/\/www.upm.es\/recursosidi\/wp-json\/wp\/v2\/product\/8423?print=pdf\" class=\"pdfprnt-button pdfprnt-button-pdf\" target=\"_blank\"><span class=\"pdfprnt-button-title pdfprnt-button-pdf-title\">Descargar ficha<\/span><\/a><\/div>","protected":false},"excerpt":{"rendered":"<p>Descripci\u00f3n de la patente La biodegradaci\u00f3n consiste en la utilizaci\u00f3n de microorganismos para degradar un material contaminante con vistas al posterior aprovechamiento y reutilizaci\u00f3n de&hellip;<\/p>\n","protected":false},"featured_media":0,"template":"","meta":{"_acf_changed":false},"product_cat":[3946],"product_tag":[],"comunidades-upm":[],"quien":[],"mapa":[],"disponibilidad":[],"donde":[{"term_id":392,"name":"Bioingenier\u00eda y Materiales (BIO-MAT)","slug":"bioingenieria-y-materiales-bio-mat","term_group":0,"term_taxonomy_id":392,"taxonomy":"donde","description":"En el <a href=\"http:\/\/www.upm.es\/observatorio\/vi\/index.jsp?pageac=grupo.jsp&amp;idGrupo=222\">Grupo de Bioingenier&iacute;a y Materiales (BIO-MAT)<\/a> desarrollamos nuestro trabajo en base a las siguientes l&iacute;neas de investigaci&oacute;n:\n&nbsp;\n\nBiopel&iacute;culas, Biodeterioro y Corrosi&oacute;n Microbiana\nBiodegradaci&oacute;n y Biorremediaci&oacute;n\nNanotecnolog&iacute;a de Pol&iacute;meros y Biopol&iacute;meros\nComportamiento de Materiales en Servicio\nSinterizados y Nuevos Materiales\nMicrobiolog&iacute;a Molecular y Biotecnolog&iacute;a\n","parent":0,"count":17,"filter":"raw","term_order":"0"}],"infraestructura":[],"ods":[],"origen":[{"term_id":180,"name":"Patente","slug":"patente","term_group":0,"term_taxonomy_id":180,"taxonomy":"origen","description":"","parent":0,"count":614,"filter":"raw","term_order":"0"}],"familia_tax":false,"quien_tax":false,"donde_tax":false,"year":"","contacto":"<strong>Principales: <\/strong><ul><li>Constantino Ruibal Villase\u00f1or <blockquote><strong><\/strong><\/blockquote><\/li><li>ANA MARIA GARCIA RUIZ <blockquote><strong>ana.garcia.ruiz@upm.es<\/strong><\/blockquote><\/li><li>DIEGO ALEJANDRO MORENO GOMEZ <blockquote><strong>diego.moreno@upm.es<\/strong><\/blockquote><\/li><\/ul><strong>Otros inventores: <\/strong><ul><li>Enrique Benavides <blockquote><strong>ebenavides@nuclin.com<\/strong><\/blockquote> NUCLIN SA<\/li> <\/ul>","telefono":"","pagina_web":"","email":"","id_ficha_portal":"127","video":"","adjuntos":false,"adjuntos_portal":"","inf":false,"departamento":"","acf":[],"lang":"es","translation":{"es":8423},"_links":{"self":[{"href":"https:\/\/www.upm.es\/recursosidi\/wp-json\/wp\/v2\/product\/8423"}],"collection":[{"href":"https:\/\/www.upm.es\/recursosidi\/wp-json\/wp\/v2\/product"}],"about":[{"href":"https:\/\/www.upm.es\/recursosidi\/wp-json\/wp\/v2\/types\/product"}],"wp:attachment":[{"href":"https:\/\/www.upm.es\/recursosidi\/wp-json\/wp\/v2\/media?parent=8423"}],"wp:term":[{"taxonomy":"product_cat","embeddable":true,"href":"https:\/\/www.upm.es\/recursosidi\/wp-json\/wp\/v2\/product_cat?post=8423"},{"taxonomy":"product_tag","embeddable":true,"href":"https:\/\/www.upm.es\/recursosidi\/wp-json\/wp\/v2\/product_tag?post=8423"},{"taxonomy":"comunidad_upm","embeddable":true,"href":"https:\/\/www.upm.es\/recursosidi\/wp-json\/wp\/v2\/comunidades-upm?post=8423"},{"taxonomy":"quien","embeddable":true,"href":"https:\/\/www.upm.es\/recursosidi\/wp-json\/wp\/v2\/quien?post=8423"},{"taxonomy":"mapa","embeddable":true,"href":"https:\/\/www.upm.es\/recursosidi\/wp-json\/wp\/v2\/mapa?post=8423"},{"taxonomy":"disponibilidad","embeddable":true,"href":"https:\/\/www.upm.es\/recursosidi\/wp-json\/wp\/v2\/disponibilidad?post=8423"},{"taxonomy":"donde","embeddable":true,"href":"https:\/\/www.upm.es\/recursosidi\/wp-json\/wp\/v2\/donde?post=8423"},{"taxonomy":"infraestructura","embeddable":true,"href":"https:\/\/www.upm.es\/recursosidi\/wp-json\/wp\/v2\/infraestructura?post=8423"},{"taxonomy":"ods","embeddable":true,"href":"https:\/\/www.upm.es\/recursosidi\/wp-json\/wp\/v2\/ods?post=8423"},{"taxonomy":"origen","embeddable":true,"href":"https:\/\/www.upm.es\/recursosidi\/wp-json\/wp\/v2\/origen?post=8423"}],"curies":[{"name":"wp","href":"https:\/\/api.w.org\/{rel}","templated":true}]}}