{"id":8424,"date":"2021-11-25T14:07:01","date_gmt":"2021-11-25T13:07:01","guid":{"rendered":"https:\/\/www.upm.es\/recursosidi\/offers-resources\/sin categor\u00eda\/sistema-de-medida-de-gradiente-de-campo-magnetico\/"},"modified":"2022-08-10T02:04:41","modified_gmt":"2022-08-10T00:04:41","slug":"sistema-de-medida-de-gradiente-de-campo-magnetico","status":"publish","type":"product","link":"https:\/\/www.upm.es\/recursosidi\/offers-resources\/patentes\/sistema-de-medida-de-gradiente-de-campo-magnetico\/","title":{"rendered":"Sistema de medida de gradiente de campo magn\u00e9tico"},"content":{"rendered":"<h5>Descripci\u00f3n de la patente <\/h5>\n<p>Dispositivo para la medida de gradientes de campo magn\u00e9tico, formado por tres gradi\u00f3metros mec\u00e1nicos, G1, G2 y G3, con forma de leng\u00fceta, dispuestos co-planarmente y de modo radial en torno a un miSmo punto.<br \/>\nLos gradi\u00f3metros micro-electro-mec\u00e1nicos (MEMS) en forma de leng\u00fceta pueden producir medidas err\u00f3neas del gradiente debido a diversas circunstancias: flexiones o torsiones de la leng\u00fceta de origen t\u00e9rmico o magnetostrictivo; orientaci\u00f3n de la leng\u00fceta bajo la acci\u00f3n de un campo magn\u00e9tico intenso. Estos problemas se suelen evitar empleando otras estructuras, puentes en vez de leng\u00fcetas, lo que conlleva una merma de la sensibilidad.<br \/>\nLa distribuci\u00f3n espacial de los gradi\u00f3metros en el sistema permite obtener una medida conjunta de forma correcta del gradiente de campo magn\u00e9tico, a\u00fan cuando las medidas proporcionadas por cada gradi\u00f3metro, de forma independiente, sean err\u00f3neas.<\/p>\n<h5>Situaci\u00f3n <\/h5>\n<p>Concedida<\/p>\n<h5>N\u00famero de solicitud<\/h5>\n<p>P200703422<\/p>\n<h5>N\u00famero de publicaci\u00f3n<\/h5>\n<p>ES2340117<\/p>\n<h5>Fecha de presentaci\u00f3n <\/h5>\n<p>21\/12\/2007<\/p>\n<h5>Fecha de concesi\u00f3n <\/h5>\n<p>24\/11\/2010<\/p>\n<div class=\"pdfprnt-buttons pdfprnt-buttons-product pdfprnt-bottom-left\"><a href=\"https:\/\/www.upm.es\/recursosidi\/wp-json\/wp\/v2\/product\/8424?print=pdf\" class=\"pdfprnt-button pdfprnt-button-pdf\" target=\"_blank\"><span class=\"pdfprnt-button-title pdfprnt-button-pdf-title\">Descargar ficha<\/span><\/a><\/div>","protected":false},"excerpt":{"rendered":"<p>Descripci\u00f3n de la patente Dispositivo para la medida de gradientes de campo magn\u00e9tico, formado por tres gradi\u00f3metros mec\u00e1nicos, G1, G2 y G3, con forma de&hellip;<\/p>\n","protected":false},"featured_media":0,"template":"","meta":{"_acf_changed":false},"product_cat":[3946],"product_tag":[],"comunidades-upm":[],"quien":[],"mapa":[],"disponibilidad":[],"donde":[{"term_id":478,"name":"Grupo de dispositivos magn\u00e9ticos del ISOM","slug":"grupo-de-dispositivos-magneticos-del-isom","term_group":0,"term_taxonomy_id":478,"taxonomy":"donde","description":"Nuestro trabajo se centra en los materiales magn&eacute;ticos y su aplicaci&oacute;n en sensores y dispositivos. Hemos buscado siempre compaginar temas de investigaci&oacute;n b&aacute;sica con temas de investigaci&oacute;n aplicada muy relacionados con empresas. Las <strong>l&iacute;neas de trabajo<\/strong> actuales pueden agruparse en:\n&nbsp;\n\nSensores magn&eacute;ticos (detecci&oacute;n de veh&iacute;culos, motores lineales, fraudes en contadores, &hellip;),\nInstrumentaci&oacute;n (magnetrones y suscept&oacute;metros)\nTarjetas inteligentes de baja frecuencia,\nMulticapas magn&eacute;ticas met&aacute;licas. V&aacute;lvulas de Spin. Medidas CPP,\nDin&aacute;mica de paredes de dominio magn&eacute;tico,\nTransferencia de esp&iacute;n en paredes magn&eacute;ticas y nanoestructuras magn&eacute;ticas,\nNanopart&iacute;culas y nanocintas magn&eacute;ticas para aplicaciones biom&eacute;dicas\n","parent":0,"count":5,"filter":"raw","term_order":"0"},{"term_id":244,"name":"Instituto Universitario de Sistemas Optoelectr\u00f3nicos y Microtecnolog\u00eda (ISOM)","slug":"instituto-universitario-de-sistemas-optoelectronicos-y-microtecnologia-isom","term_group":0,"term_taxonomy_id":244,"taxonomy":"donde","description":"","parent":0,"count":33,"filter":"raw","term_order":"0"}],"infraestructura":[],"ods":[],"origen":[{"term_id":180,"name":"Patente","slug":"patente","term_group":0,"term_taxonomy_id":180,"taxonomy":"origen","description":"","parent":0,"count":614,"filter":"raw","term_order":"0"}],"familia_tax":false,"quien_tax":false,"donde_tax":false,"year":"","contacto":"<strong>Principales: <\/strong><ul><li>CLAUDIO AROCA HERNANDEZ-ROS <blockquote><strong>claudio.aroca@upm.es<\/strong><\/blockquote><\/li><li>DAVID CIUDAD DEL R\u00cdO P\u00c9REZ <blockquote><strong><\/strong><\/blockquote><\/li><li>PEDRO SANCHEZ SANCHEZ <blockquote><strong>pedro.sanchezs@upm.es<\/strong><\/blockquote><\/li><\/ul>","telefono":"","pagina_web":"","email":"","id_ficha_portal":"131","video":"","adjuntos":false,"adjuntos_portal":"https:\/\/www.upm.es\/S2i\/Acuse\/recuperarArchivo.jsp?id=131&id_archivo=574&tipo=patente&extension=fichero ","inf":false,"departamento":"","acf":[],"lang":"es","translation":{"es":8424},"_links":{"self":[{"href":"https:\/\/www.upm.es\/recursosidi\/wp-json\/wp\/v2\/product\/8424"}],"collection":[{"href":"https:\/\/www.upm.es\/recursosidi\/wp-json\/wp\/v2\/product"}],"about":[{"href":"https:\/\/www.upm.es\/recursosidi\/wp-json\/wp\/v2\/types\/product"}],"wp:attachment":[{"href":"https:\/\/www.upm.es\/recursosidi\/wp-json\/wp\/v2\/media?parent=8424"}],"wp:term":[{"taxonomy":"product_cat","embeddable":true,"href":"https:\/\/www.upm.es\/recursosidi\/wp-json\/wp\/v2\/product_cat?post=8424"},{"taxonomy":"product_tag","embeddable":true,"href":"https:\/\/www.upm.es\/recursosidi\/wp-json\/wp\/v2\/product_tag?post=8424"},{"taxonomy":"comunidad_upm","embeddable":true,"href":"https:\/\/www.upm.es\/recursosidi\/wp-json\/wp\/v2\/comunidades-upm?post=8424"},{"taxonomy":"quien","embeddable":true,"href":"https:\/\/www.upm.es\/recursosidi\/wp-json\/wp\/v2\/quien?post=8424"},{"taxonomy":"mapa","embeddable":true,"href":"https:\/\/www.upm.es\/recursosidi\/wp-json\/wp\/v2\/mapa?post=8424"},{"taxonomy":"disponibilidad","embeddable":true,"href":"https:\/\/www.upm.es\/recursosidi\/wp-json\/wp\/v2\/disponibilidad?post=8424"},{"taxonomy":"donde","embeddable":true,"href":"https:\/\/www.upm.es\/recursosidi\/wp-json\/wp\/v2\/donde?post=8424"},{"taxonomy":"infraestructura","embeddable":true,"href":"https:\/\/www.upm.es\/recursosidi\/wp-json\/wp\/v2\/infraestructura?post=8424"},{"taxonomy":"ods","embeddable":true,"href":"https:\/\/www.upm.es\/recursosidi\/wp-json\/wp\/v2\/ods?post=8424"},{"taxonomy":"origen","embeddable":true,"href":"https:\/\/www.upm.es\/recursosidi\/wp-json\/wp\/v2\/origen?post=8424"}],"curies":[{"name":"wp","href":"https:\/\/api.w.org\/{rel}","templated":true}]}}