{"id":8425,"date":"2021-11-25T14:07:04","date_gmt":"2021-11-25T13:07:04","guid":{"rendered":"https:\/\/www.upm.es\/recursosidi\/offers-resources\/sin categor\u00eda\/soporte-para-embarcaciones-auxiliares\/"},"modified":"2022-08-10T02:04:43","modified_gmt":"2022-08-10T00:04:43","slug":"soporte-para-embarcaciones-auxiliares","status":"publish","type":"product","link":"https:\/\/www.upm.es\/recursosidi\/offers-resources\/patentes\/soporte-para-embarcaciones-auxiliares\/","title":{"rendered":"Soporte para embarcaciones auxiliares"},"content":{"rendered":"<h5>Descripci\u00f3n de la patente <\/h5>\n<p>Soporte para embarcaciones auxiliares sobre la plataforma (2) de popa de una embarcaci\u00f3n principal, con una caja (1) empotrable en la plataforma (2), que alberga en su interior un mecanismo articulado (18). El soporte presenta una posici\u00f3n inoperante con el mecanismo articulado (18) en el interior de la caja (1), y una posici\u00f3n de uso con el mecanismo articulado (18) fuera de la caja (1), sobresaliendo por encima de la plataforma (2) y definiendo una configuraci\u00f3n en \u00bfV\u00bf para la sujeci\u00f3n del casco de la embarcaci\u00f3n auxiliar. El mecanismo articulado (18) tiene al menos dos brazos (4) para su fijaci\u00f3n articulada a la base de la caja (1), pasando el soporte de la posici\u00f3n inoperante a la de uso mediante la basculaci\u00f3n del mecanismo articulado (18) alrededor de los brazos (4), sobresaliendo por encima de la plataforma (2) y ubic\u00e1ndose en voladizo m\u00e1s all\u00e1 del extremo de popa de la embarcaci\u00f3n principal.<\/p>\n<h5>Situaci\u00f3n <\/h5>\n<p>Concedida<\/p>\n<h5>N\u00famero de solicitud<\/h5>\n<p>P200802358<\/p>\n<h5>N\u00famero de publicaci\u00f3n<\/h5>\n<p>ES2319079<\/p>\n<h5>Fecha de presentaci\u00f3n <\/h5>\n<p>06\/08\/2008<\/p>\n<h5>Fecha de concesi\u00f3n <\/h5>\n<p>04\/09\/2009<\/p>\n<div class=\"pdfprnt-buttons pdfprnt-buttons-product pdfprnt-bottom-left\"><a href=\"https:\/\/www.upm.es\/recursosidi\/wp-json\/wp\/v2\/product\/8425?print=pdf\" class=\"pdfprnt-button pdfprnt-button-pdf\" target=\"_blank\"><span class=\"pdfprnt-button-title pdfprnt-button-pdf-title\">Descargar ficha<\/span><\/a><\/div>","protected":false},"excerpt":{"rendered":"<p>Descripci\u00f3n de la patente Soporte para embarcaciones auxiliares sobre la plataforma (2) de popa de una embarcaci\u00f3n principal, con una caja (1) empotrable en la&hellip;<\/p>\n","protected":false},"featured_media":0,"template":"","meta":{"_acf_changed":false},"product_cat":[3946],"product_tag":[],"comunidades-upm":[],"quien":[],"mapa":[],"disponibilidad":[],"donde":[{"term_id":424,"name":"CEHINAV (Canal de Ensayos Hidrodin\u00e1micos de la E.T.S.I. Navales)","slug":"cehinav-canal-de-ensayos-hidrodinamicos-de-la-e-t-s-i-navales","term_group":0,"term_taxonomy_id":424,"taxonomy":"donde","description":"Nuestro trabajo est&aacute; centrado en temas hidrodin&aacute;micos, tanto desde una faceta experimental como num&eacute;rica. Las l&iacute;neas de investigaci&oacute;n del grupo son:\n&nbsp;\n\nAn&aacute;lisis y optimizaci&oacute;n de formas de buques mediante estudios num&eacute;ricos y experimentales de comportamiento en la mar.\nEstabilidad de los buques en estado intacto y despu&eacute;s de aver&iacute;as.\nEmbarcaciones deportivas de alta competici&oacute;n.\nDesarrollo de CFD aplicados a la hidrodin&aacute;mica de buques.\nEstudios num&eacute;ricos y experimentales de la hidrodin&aacute;mica en artefactos y plataformas marinas para energ&iacute;as tanto renovables, como oli &amp; gas.\nSimulaci&oacute;n computacional y experimental del fen&oacute;meno de \"sloshing\"\nEstudios de tanques estabilizadores pasivos.\n","parent":0,"count":7,"filter":"raw","term_order":"0"}],"infraestructura":[],"ods":[],"origen":[{"term_id":180,"name":"Patente","slug":"patente","term_group":0,"term_taxonomy_id":180,"taxonomy":"origen","description":"","parent":0,"count":614,"filter":"raw","term_order":"0"}],"familia_tax":false,"quien_tax":false,"donde_tax":false,"year":"","contacto":"<strong>Principales: <\/strong><ul><li>ANTONIO SOUTO IGLESIAS <blockquote><strong>antonio.souto@upm.es<\/strong><\/blockquote><\/li><\/ul>","telefono":"","pagina_web":"","email":"","id_ficha_portal":"264","video":"","adjuntos":false,"adjuntos_portal":"https:\/\/www.upm.es\/S2i\/Acuse\/recuperarArchivo.jsp?id=264&id_archivo=131&tipo=patente&extension=fichero ","inf":false,"departamento":"","acf":[],"lang":"es","translation":{"es":8425},"_links":{"self":[{"href":"https:\/\/www.upm.es\/recursosidi\/wp-json\/wp\/v2\/product\/8425"}],"collection":[{"href":"https:\/\/www.upm.es\/recursosidi\/wp-json\/wp\/v2\/product"}],"about":[{"href":"https:\/\/www.upm.es\/recursosidi\/wp-json\/wp\/v2\/types\/product"}],"wp:attachment":[{"href":"https:\/\/www.upm.es\/recursosidi\/wp-json\/wp\/v2\/media?parent=8425"}],"wp:term":[{"taxonomy":"product_cat","embeddable":true,"href":"https:\/\/www.upm.es\/recursosidi\/wp-json\/wp\/v2\/product_cat?post=8425"},{"taxonomy":"product_tag","embeddable":true,"href":"https:\/\/www.upm.es\/recursosidi\/wp-json\/wp\/v2\/product_tag?post=8425"},{"taxonomy":"comunidad_upm","embeddable":true,"href":"https:\/\/www.upm.es\/recursosidi\/wp-json\/wp\/v2\/comunidades-upm?post=8425"},{"taxonomy":"quien","embeddable":true,"href":"https:\/\/www.upm.es\/recursosidi\/wp-json\/wp\/v2\/quien?post=8425"},{"taxonomy":"mapa","embeddable":true,"href":"https:\/\/www.upm.es\/recursosidi\/wp-json\/wp\/v2\/mapa?post=8425"},{"taxonomy":"disponibilidad","embeddable":true,"href":"https:\/\/www.upm.es\/recursosidi\/wp-json\/wp\/v2\/disponibilidad?post=8425"},{"taxonomy":"donde","embeddable":true,"href":"https:\/\/www.upm.es\/recursosidi\/wp-json\/wp\/v2\/donde?post=8425"},{"taxonomy":"infraestructura","embeddable":true,"href":"https:\/\/www.upm.es\/recursosidi\/wp-json\/wp\/v2\/infraestructura?post=8425"},{"taxonomy":"ods","embeddable":true,"href":"https:\/\/www.upm.es\/recursosidi\/wp-json\/wp\/v2\/ods?post=8425"},{"taxonomy":"origen","embeddable":true,"href":"https:\/\/www.upm.es\/recursosidi\/wp-json\/wp\/v2\/origen?post=8425"}],"curies":[{"name":"wp","href":"https:\/\/api.w.org\/{rel}","templated":true}]}}