{"id":8426,"date":"2021-11-25T14:07:06","date_gmt":"2021-11-25T13:07:06","guid":{"rendered":"https:\/\/www.upm.es\/recursosidi\/offers-resources\/sin categor\u00eda\/preamplificador-de-estado-solido-de-senales-de-audio-generadas-por-instrumentos-musicales\/"},"modified":"2022-08-10T02:04:46","modified_gmt":"2022-08-10T00:04:46","slug":"preamplificador-de-estado-solido-de-senales-de-audio-generadas-por-instrumentos-musicales","status":"publish","type":"product","link":"https:\/\/www.upm.es\/recursosidi\/offers-resources\/patentes\/preamplificador-de-estado-solido-de-senales-de-audio-generadas-por-instrumentos-musicales\/","title":{"rendered":"Preamplificador de estado s\u00f3lido de se\u00f1ales de audio generadas por instrumentos musicales"},"content":{"rendered":"<h5>Descripci\u00f3n de la patente <\/h5>\n<p>Preamplificador de estado s\u00f3lido de se\u00f1ales de audio generadas por instrumentos musicales, en especial para guitarras el\u00e9ctricas, que simula la distorsi\u00f3n arm\u00f3nica de los amplificadores de audio de v\u00e1lvulas, comprendiendo:<br \/>\n&#8211; un m\u00f3dulo adaptador (2) para obtener una primera se\u00f1al (40) con ganancia mayor que la unidad y desfasada 180\u00ba respecto a la se\u00f1al de audio (4) y una segunda se\u00f1al (41) con ganancia positiva menor que la unidad respecto a la se\u00f1al de audio (4);<br \/>\n&#8211; un m\u00f3dulo modificador de se\u00f1al (8) para recortar las partes negativas de la primera (40) y segunda (41) se\u00f1ales, obteniendo una primera (31) y segunda (32) se\u00f1ales recortadas; y sumar la primera (31) y segunda (32) se\u00f1ales recortadas, obteniendo una se\u00f1al suma (33);<br \/>\n&#8211; un m\u00f3dulo en emisor com\u00fan (20) para recortar de forma abrupta la parte positiva de la se\u00f1al suma (33);<br \/>\n&#8211; un m\u00f3dulo en seguidor de emisor (24) para reducir la impedancia de salida del preamplificador (1).<\/p>\n<h5>Situaci\u00f3n <\/h5>\n<p>Concedida<\/p>\n<h5>N\u00famero de solicitud<\/h5>\n<p>P200803428<\/p>\n<h5>N\u00famero de publicaci\u00f3n<\/h5>\n<p>ES2319956<\/p>\n<h5>Fecha de presentaci\u00f3n <\/h5>\n<p>02\/12\/2008<\/p>\n<h5>Fecha de concesi\u00f3n <\/h5>\n<p>07\/09\/2009<\/p>\n<div class=\"pdfprnt-buttons pdfprnt-buttons-product pdfprnt-bottom-left\"><a href=\"https:\/\/www.upm.es\/recursosidi\/wp-json\/wp\/v2\/product\/8426?print=pdf\" class=\"pdfprnt-button pdfprnt-button-pdf\" target=\"_blank\"><span class=\"pdfprnt-button-title pdfprnt-button-pdf-title\">Descargar ficha<\/span><\/a><\/div>","protected":false},"excerpt":{"rendered":"<p>Descripci\u00f3n de la patente Preamplificador de estado s\u00f3lido de se\u00f1ales de audio generadas por instrumentos musicales, en especial para guitarras el\u00e9ctricas, que simula la distorsi\u00f3n&hellip;<\/p>\n","protected":false},"featured_media":0,"template":"","meta":{"_acf_changed":false},"product_cat":[3946],"product_tag":[],"comunidades-upm":[],"quien":[],"mapa":[],"disponibilidad":[],"donde":[{"term_id":42,"name":"UPM","slug":"upm","term_group":0,"term_taxonomy_id":42,"taxonomy":"donde","description":"Universidad Polit\u00e9cnica de Madrid\r\nHTML \"Lorem ipsum dolor sit amet, consectetur adipiscing elit, sed do eiusmod tempor incididunt ut labore et dolore magna aliqua. Ut enim ad minim veniam, quis nostrud exercitation ullamco laboris nisi ut aliquip ex ea commodo consequat. Duis aute irure dolor in reprehenderit in voluptate velit esse cillum dolore eu fugiat nulla pariatur. Excepteur sint occaecat cupidatat non proident, sunt in culpa qui officia deserunt mollit anim id est laborum.\"","parent":0,"count":146,"filter":"raw","term_order":"0"}],"infraestructura":[],"ods":[],"origen":[{"term_id":180,"name":"Patente","slug":"patente","term_group":0,"term_taxonomy_id":180,"taxonomy":"origen","description":"","parent":0,"count":614,"filter":"raw","term_order":"0"}],"familia_tax":false,"quien_tax":false,"donde_tax":false,"year":"","contacto":"<ul><li><blockquote><strong>otri.investigacion@upm.es<\/strong><\/blockquote><\/li><\/ul>","telefono":"","pagina_web":"","email":"","id_ficha_portal":"280","video":"","adjuntos":false,"adjuntos_portal":"https:\/\/www.upm.es\/S2i\/Acuse\/recuperarArchivo.jsp?id=280&id_archivo=75&tipo=patente&extension=fichero ","inf":false,"departamento":"","acf":[],"lang":"es","translation":{"es":8426},"_links":{"self":[{"href":"https:\/\/www.upm.es\/recursosidi\/wp-json\/wp\/v2\/product\/8426"}],"collection":[{"href":"https:\/\/www.upm.es\/recursosidi\/wp-json\/wp\/v2\/product"}],"about":[{"href":"https:\/\/www.upm.es\/recursosidi\/wp-json\/wp\/v2\/types\/product"}],"wp:attachment":[{"href":"https:\/\/www.upm.es\/recursosidi\/wp-json\/wp\/v2\/media?parent=8426"}],"wp:term":[{"taxonomy":"product_cat","embeddable":true,"href":"https:\/\/www.upm.es\/recursosidi\/wp-json\/wp\/v2\/product_cat?post=8426"},{"taxonomy":"product_tag","embeddable":true,"href":"https:\/\/www.upm.es\/recursosidi\/wp-json\/wp\/v2\/product_tag?post=8426"},{"taxonomy":"comunidad_upm","embeddable":true,"href":"https:\/\/www.upm.es\/recursosidi\/wp-json\/wp\/v2\/comunidades-upm?post=8426"},{"taxonomy":"quien","embeddable":true,"href":"https:\/\/www.upm.es\/recursosidi\/wp-json\/wp\/v2\/quien?post=8426"},{"taxonomy":"mapa","embeddable":true,"href":"https:\/\/www.upm.es\/recursosidi\/wp-json\/wp\/v2\/mapa?post=8426"},{"taxonomy":"disponibilidad","embeddable":true,"href":"https:\/\/www.upm.es\/recursosidi\/wp-json\/wp\/v2\/disponibilidad?post=8426"},{"taxonomy":"donde","embeddable":true,"href":"https:\/\/www.upm.es\/recursosidi\/wp-json\/wp\/v2\/donde?post=8426"},{"taxonomy":"infraestructura","embeddable":true,"href":"https:\/\/www.upm.es\/recursosidi\/wp-json\/wp\/v2\/infraestructura?post=8426"},{"taxonomy":"ods","embeddable":true,"href":"https:\/\/www.upm.es\/recursosidi\/wp-json\/wp\/v2\/ods?post=8426"},{"taxonomy":"origen","embeddable":true,"href":"https:\/\/www.upm.es\/recursosidi\/wp-json\/wp\/v2\/origen?post=8426"}],"curies":[{"name":"wp","href":"https:\/\/api.w.org\/{rel}","templated":true}]}}