{"id":8427,"date":"2021-11-25T14:07:08","date_gmt":"2021-11-25T13:07:08","guid":{"rendered":"https:\/\/www.upm.es\/recursosidi\/offers-resources\/sin categor\u00eda\/utilizacion-de-lodos-de-destintado-procedentes-de-la-industria-papelera-para-eliminacion-de-metales-pesados-en-disolucion-acuosa\/"},"modified":"2022-08-10T02:04:49","modified_gmt":"2022-08-10T00:04:49","slug":"utilizacion-de-lodos-de-destintado-procedentes-de-la-industria-papelera-para-eliminacion-de-metales-pesados-en-disolucion-acuosa","status":"publish","type":"product","link":"https:\/\/www.upm.es\/recursosidi\/offers-resources\/patentes\/utilizacion-de-lodos-de-destintado-procedentes-de-la-industria-papelera-para-eliminacion-de-metales-pesados-en-disolucion-acuosa\/","title":{"rendered":"Utilizaci\u00f3n de lodos de destintado procedentes de la industria papelera para eliminaci\u00f3n de metales pesados en disoluci\u00f3n acuosa"},"content":{"rendered":"<h5>Descripci\u00f3n de la patente <\/h5>\n<p>La presente invenci\u00f3n supone un aprovechamiento del lodo de destintado procedente del reciclado de papel en el proceso de fabricaci\u00f3n de papel prensa. El lodo de destintado seco tiene un contenido en materia org\u00e1nica del 35.2%, su mayor parte fibras de celulosa. El resto del material es principalmente carbonato c\u00e1lcico. La pir\u00f3lisis de este lodo se utiliza en la eliminaci\u00f3n de metales pesados en disoluci\u00f3n acuosa. Este material es eficaz para eliminar metales pesados como Cu, Ni, Cd, Zn, Pb y Cr de aguas contaminadas en distintas concentraciones.<\/p>\n<h5>Situaci\u00f3n <\/h5>\n<p>Concedida<\/p>\n<h5>N\u00famero de solicitud<\/h5>\n<p>P200701507<\/p>\n<h5>N\u00famero de publicaci\u00f3n<\/h5>\n<p>ES2282056<\/p>\n<h5>Fecha de presentaci\u00f3n <\/h5>\n<p>01\/06\/2007<\/p>\n<h5>Fecha de concesi\u00f3n <\/h5>\n<p>12\/05\/2008<\/p>\n<div class=\"pdfprnt-buttons pdfprnt-buttons-product pdfprnt-bottom-left\"><a href=\"https:\/\/www.upm.es\/recursosidi\/wp-json\/wp\/v2\/product\/8427?print=pdf\" class=\"pdfprnt-button pdfprnt-button-pdf\" target=\"_blank\"><span class=\"pdfprnt-button-title pdfprnt-button-pdf-title\">Descargar ficha<\/span><\/a><\/div>","protected":false},"excerpt":{"rendered":"<p>Descripci\u00f3n de la patente La presente invenci\u00f3n supone un aprovechamiento del lodo de destintado procedente del reciclado de papel en el proceso de fabricaci\u00f3n de&hellip;<\/p>\n","protected":false},"featured_media":0,"template":"","meta":{"_acf_changed":false},"product_cat":[3946],"product_tag":[],"comunidades-upm":[],"quien":[],"mapa":[],"disponibilidad":[],"donde":[{"term_id":314,"name":"Valorizaci\u00f3n de Recursos","slug":"valorizacion-de-recursos","term_group":0,"term_taxonomy_id":314,"taxonomy":"donde","description":"Nuestras dos principales l&iacute;neas de investigaci&oacute;n en la actualidad son:\n\nTratamiento t&eacute;rmico de residuos org&aacute;nicos para la producci&oacute;n de biochar y materiales carbonosos.\nValorizaci&oacute;n de&nbsp; informaci&oacute;n agroclim&aacute;tica, especialmente si tienen grandes bases de datos, del orden de millones de registros.\n\n&nbsp;\nOtras l&iacute;neas de investigaci&oacute;n desarrolladas por nuestro grupo son:\n\nTratamiento y recuperaci&oacute;n de suelos mineros\nConservaci&oacute;n de suelos y aguas\nSustratos de cultivo\nEvaluaci&oacute;n de tierras\nGesti&oacute;n integrada del territorio y los recursos\n","parent":0,"count":3,"filter":"raw","term_order":"0"}],"infraestructura":[],"ods":[],"origen":[{"term_id":180,"name":"Patente","slug":"patente","term_group":0,"term_taxonomy_id":180,"taxonomy":"origen","description":"","parent":0,"count":614,"filter":"raw","term_order":"0"}],"familia_tax":false,"quien_tax":false,"donde_tax":false,"year":"","contacto":"<strong>Principales: <\/strong><ul><li>GABRIEL GASCO GUERRERO <blockquote><strong>gabriel.gasco@upm.es<\/strong><\/blockquote><\/li><li>ANA MARIA MENDEZ LAZARO <blockquote><strong>anamaria.mendez@upm.es<\/strong><\/blockquote><\/li><li>SANDRA PAULINA BARRIGA CURILLO <blockquote><strong>sandra.barriga.curillo@alumnos.upm.es<\/strong><\/blockquote><\/li><\/ul>","telefono":"","pagina_web":"","email":"","id_ficha_portal":"87","video":"","adjuntos":false,"adjuntos_portal":"","inf":false,"departamento":"","acf":[],"lang":"es","translation":{"es":8427},"_links":{"self":[{"href":"https:\/\/www.upm.es\/recursosidi\/wp-json\/wp\/v2\/product\/8427"}],"collection":[{"href":"https:\/\/www.upm.es\/recursosidi\/wp-json\/wp\/v2\/product"}],"about":[{"href":"https:\/\/www.upm.es\/recursosidi\/wp-json\/wp\/v2\/types\/product"}],"wp:attachment":[{"href":"https:\/\/www.upm.es\/recursosidi\/wp-json\/wp\/v2\/media?parent=8427"}],"wp:term":[{"taxonomy":"product_cat","embeddable":true,"href":"https:\/\/www.upm.es\/recursosidi\/wp-json\/wp\/v2\/product_cat?post=8427"},{"taxonomy":"product_tag","embeddable":true,"href":"https:\/\/www.upm.es\/recursosidi\/wp-json\/wp\/v2\/product_tag?post=8427"},{"taxonomy":"comunidad_upm","embeddable":true,"href":"https:\/\/www.upm.es\/recursosidi\/wp-json\/wp\/v2\/comunidades-upm?post=8427"},{"taxonomy":"quien","embeddable":true,"href":"https:\/\/www.upm.es\/recursosidi\/wp-json\/wp\/v2\/quien?post=8427"},{"taxonomy":"mapa","embeddable":true,"href":"https:\/\/www.upm.es\/recursosidi\/wp-json\/wp\/v2\/mapa?post=8427"},{"taxonomy":"disponibilidad","embeddable":true,"href":"https:\/\/www.upm.es\/recursosidi\/wp-json\/wp\/v2\/disponibilidad?post=8427"},{"taxonomy":"donde","embeddable":true,"href":"https:\/\/www.upm.es\/recursosidi\/wp-json\/wp\/v2\/donde?post=8427"},{"taxonomy":"infraestructura","embeddable":true,"href":"https:\/\/www.upm.es\/recursosidi\/wp-json\/wp\/v2\/infraestructura?post=8427"},{"taxonomy":"ods","embeddable":true,"href":"https:\/\/www.upm.es\/recursosidi\/wp-json\/wp\/v2\/ods?post=8427"},{"taxonomy":"origen","embeddable":true,"href":"https:\/\/www.upm.es\/recursosidi\/wp-json\/wp\/v2\/origen?post=8427"}],"curies":[{"name":"wp","href":"https:\/\/api.w.org\/{rel}","templated":true}]}}