{"id":8429,"date":"2021-11-25T14:07:14","date_gmt":"2021-11-25T13:07:14","guid":{"rendered":"https:\/\/www.upm.es\/recursosidi\/offers-resources\/sin categor\u00eda\/tecnica-de-conmutacion-de-antena-a-frecuencia-variable-para-radares-de-onda-continua-con-una-unica-antena\/"},"modified":"2022-08-10T02:04:56","modified_gmt":"2022-08-10T00:04:56","slug":"tecnica-de-conmutacion-de-antena-a-frecuencia-variable-para-radares-de-onda-continua-con-una-unica-antena","status":"publish","type":"product","link":"https:\/\/www.upm.es\/recursosidi\/offers-resources\/patentes\/tecnica-de-conmutacion-de-antena-a-frecuencia-variable-para-radares-de-onda-continua-con-una-unica-antena\/","title":{"rendered":"T\u00e9cnica de conmutaci\u00f3n de antena a frecuencia variable para radares de onda continua con una \u00fanica antena"},"content":{"rendered":"<h5>Descripci\u00f3n de la patente <\/h5>\n<p>Se presenta una t\u00e9cnica para operar un radar de onda continua, frecuencia modulada (FMCW en ingl\u00e9s) y alta resoluci\u00f3n con una sola antena. La t\u00e9cnica utiliza un sistema de conmutaci\u00f3n que intercambia la antena entre transmisi\u00f3n y recepci\u00f3n varias veces por rampa de frecuencia transmitida. Esta t\u00e9cnica conocida como onda continua interrumpida y frecuencia modulada (FMICW en ingl\u00e9s) tiene problemas de alcance.<\/p>\n<p>La invenci\u00f3n propuesta soluciona ese problema del alcance. Para ello cada rampa es conmutada con una se\u00f1al de control cuadrada de distinta frecuencia. Esta conmutaci\u00f3n genera arm\u00f3nicos indeseados alrededor de cada blanco que est\u00e1n localizados en distintas frecuencias para cada rampa. Aprovechando este hecho se realiza un algoritmo que combina apodizaci\u00f3n y una minimizaci\u00f3n sobre un conjunto de se\u00f1ales para eliminar esos arm\u00f3nicos.<\/p>\n<h5>Situaci\u00f3n <\/h5>\n<p>Concedida<\/p>\n<h5>N\u00famero de solicitud<\/h5>\n<p>P200603117<\/p>\n<h5>N\u00famero de publicaci\u00f3n<\/h5>\n<p>ES2298081<\/p>\n<h5>Fecha de presentaci\u00f3n <\/h5>\n<p>05\/12\/2006<\/p>\n<h5>Fecha de concesi\u00f3n <\/h5>\n<p>12\/09\/2008<\/p>\n<div class=\"pdfprnt-buttons pdfprnt-buttons-product pdfprnt-bottom-left\"><a href=\"https:\/\/www.upm.es\/recursosidi\/wp-json\/wp\/v2\/product\/8429?print=pdf\" class=\"pdfprnt-button pdfprnt-button-pdf\" target=\"_blank\"><span class=\"pdfprnt-button-title pdfprnt-button-pdf-title\">Descargar ficha<\/span><\/a><\/div>","protected":false},"excerpt":{"rendered":"<p>Descripci\u00f3n de la patente Se presenta una t\u00e9cnica para operar un radar de onda continua, frecuencia modulada (FMCW en ingl\u00e9s) y alta resoluci\u00f3n con una&hellip;<\/p>\n","protected":false},"featured_media":0,"template":"","meta":{"_acf_changed":false},"product_cat":[3946],"product_tag":[],"comunidades-upm":[],"quien":[],"mapa":[],"disponibilidad":[],"donde":[{"term_id":642,"name":"Information Processing and Telecommunications Center (IPTC)","slug":"information-processing-and-telecommunications-center-iptc","term_group":0,"term_taxonomy_id":642,"taxonomy":"donde","description":"","parent":0,"count":74,"filter":"raw","term_order":"0"},{"term_id":464,"name":"Microondas y Radar","slug":"microondas-y-radar","term_group":0,"term_taxonomy_id":464,"taxonomy":"donde","description":"Dise&ntilde;amos, fabricamos y evaluamos componentes, subsistemas y sistemas de radiocomunicaciones y radiodeterminaci&oacute;n trabajando hasta 300 GHz.\n&nbsp;\nNuestras <strong>l&iacute;neas de investigaci&oacute;n<\/strong> son:\n&nbsp;\n\nDise&ntilde;o, desarrollo y caracterizaci&oacute;n experimental de circuitos, subsistemas y sistemas de microondas, ondas milim&eacute;tricas y submilim&eacute;tricas.\nAn&aacute;lisis, simulaci&oacute;n, especificaci&oacute;n y evaluaci&oacute;n de sistemas radar y de radiocomunicaciones.\nAplicaciones de las t&eacute;cnicas y tecnolog&iacute;as de RF y proceso de se&ntilde;al al sector de la Defensa y la Seguridad: radares de vigilancia, sistemas IFF, radares imagen, formaci&oacute;n pasiva de im&aacute;genes, detecci&oacute;n de objetos ocultos, visi&oacute;n a trav&eacute;s de paredes, transmisores de estado s&oacute;lido, sensores de proximidad, guerra electr&oacute;nica, etc.\nAplicaciones de las t&eacute;cnicas y tecnolog&iacute;as de RF y proceso de se&ntilde;al a los sectores del Transporte y Espacio: equipos para sistemas de radionavegaci&oacute;n y control de tr&aacute;fico a&eacute;reo, GPS, sensores radar para carreteras inteligentes, transpondedores TT&amp;C, enlaces de datos para sistemas a&eacute;reos no tripulados (UAS), sistemas LTE en entornos ferroviarios y para posicionamiento en interiores, etc.\n","parent":0,"count":7,"filter":"raw","term_order":"0"}],"infraestructura":[],"ods":[],"origen":[{"term_id":180,"name":"Patente","slug":"patente","term_group":0,"term_taxonomy_id":180,"taxonomy":"origen","description":"","parent":0,"count":614,"filter":"raw","term_order":"0"}],"familia_tax":false,"quien_tax":false,"donde_tax":false,"year":"","contacto":"<strong>Principales: <\/strong><ul><li>MATEO BURGOS GARCIA <blockquote><strong>mateo.burgos@upm.es<\/strong><\/blockquote><\/li><li>JOSE TOMAS GONZALEZ PARTIDA <blockquote><strong>josetomas.gonzalez@upm.es<\/strong><\/blockquote><\/li><\/ul>","telefono":"","pagina_web":"","email":"","id_ficha_portal":"124","video":"","adjuntos":false,"adjuntos_portal":"https:\/\/www.upm.es\/S2i\/Acuse\/recuperarArchivo.jsp?id=124&id_archivo=5&tipo=patente&extension=fichero","inf":false,"departamento":"","acf":[],"lang":"es","translation":{"es":8429},"_links":{"self":[{"href":"https:\/\/www.upm.es\/recursosidi\/wp-json\/wp\/v2\/product\/8429"}],"collection":[{"href":"https:\/\/www.upm.es\/recursosidi\/wp-json\/wp\/v2\/product"}],"about":[{"href":"https:\/\/www.upm.es\/recursosidi\/wp-json\/wp\/v2\/types\/product"}],"wp:attachment":[{"href":"https:\/\/www.upm.es\/recursosidi\/wp-json\/wp\/v2\/media?parent=8429"}],"wp:term":[{"taxonomy":"product_cat","embeddable":true,"href":"https:\/\/www.upm.es\/recursosidi\/wp-json\/wp\/v2\/product_cat?post=8429"},{"taxonomy":"product_tag","embeddable":true,"href":"https:\/\/www.upm.es\/recursosidi\/wp-json\/wp\/v2\/product_tag?post=8429"},{"taxonomy":"comunidad_upm","embeddable":true,"href":"https:\/\/www.upm.es\/recursosidi\/wp-json\/wp\/v2\/comunidades-upm?post=8429"},{"taxonomy":"quien","embeddable":true,"href":"https:\/\/www.upm.es\/recursosidi\/wp-json\/wp\/v2\/quien?post=8429"},{"taxonomy":"mapa","embeddable":true,"href":"https:\/\/www.upm.es\/recursosidi\/wp-json\/wp\/v2\/mapa?post=8429"},{"taxonomy":"disponibilidad","embeddable":true,"href":"https:\/\/www.upm.es\/recursosidi\/wp-json\/wp\/v2\/disponibilidad?post=8429"},{"taxonomy":"donde","embeddable":true,"href":"https:\/\/www.upm.es\/recursosidi\/wp-json\/wp\/v2\/donde?post=8429"},{"taxonomy":"infraestructura","embeddable":true,"href":"https:\/\/www.upm.es\/recursosidi\/wp-json\/wp\/v2\/infraestructura?post=8429"},{"taxonomy":"ods","embeddable":true,"href":"https:\/\/www.upm.es\/recursosidi\/wp-json\/wp\/v2\/ods?post=8429"},{"taxonomy":"origen","embeddable":true,"href":"https:\/\/www.upm.es\/recursosidi\/wp-json\/wp\/v2\/origen?post=8429"}],"curies":[{"name":"wp","href":"https:\/\/api.w.org\/{rel}","templated":true}]}}