{"id":8430,"date":"2021-11-25T14:07:16","date_gmt":"2021-11-25T13:07:16","guid":{"rendered":"https:\/\/www.upm.es\/recursosidi\/offers-resources\/sin categor\u00eda\/silla-de-ruedas-para-utilizacion-en-vehiculos-automoviles\/"},"modified":"2022-08-10T02:04:58","modified_gmt":"2022-08-10T00:04:58","slug":"silla-de-ruedas-para-utilizacion-en-vehiculos-automoviles","status":"publish","type":"product","link":"https:\/\/www.upm.es\/recursosidi\/offers-resources\/patentes\/silla-de-ruedas-para-utilizacion-en-vehiculos-automoviles\/","title":{"rendered":"Silla de ruedas para utilizaci\u00f3n en veh\u00edculos autom\u00f3viles"},"content":{"rendered":"<h5>Descripci\u00f3n de la patente <\/h5>\n<p>La silla de ruedas est\u00e1 dise\u00f1ada para posibilitar que una persona viaje sentada sobre ella en veh\u00edculos autom\u00f3viles sin que se tenga que trasladar a un asiento de serie, mejorando la protecci\u00f3n del ocupante en caso de colisi\u00f3n respecto a una silla de ruedas convencional.Incorpora anclajes para un cintur\u00f3n de seguridad y un reposacabezas que proporcionan la retenci\u00f3n del ocupante en una colisi\u00f3n, junto con el asiento y respaldo instalados sobre la estructura de la silla.<br \/>\nLa rigidez estructural de la silla y el reposacabezas integrado, hacen que no sea necesario un respaldo adicional al de la silla de ruedas instalado en el veh\u00edculo. Adem\u00e1s, gracias a la incorporaci\u00f3n de los puntos de anclaje para el cintur\u00f3n de seguridad en la estructura de la silla de ruedas no existe dependencia con la posici\u00f3n de los puntos de anclaje del veh\u00edculo, resultando que el ocupante siempre se podr\u00e1 ajustar adecuadamente el cintur\u00f3n de seguridad<\/p>\n<h5>Situaci\u00f3n <\/h5>\n<p>Concedida<\/p>\n<h5>N\u00famero de solicitud<\/h5>\n<p>P200401556<\/p>\n<h5>N\u00famero de publicaci\u00f3n<\/h5>\n<p>ES2246147<\/p>\n<h5>Fecha de presentaci\u00f3n <\/h5>\n<p>25\/06\/2004<\/p>\n<h5>Fecha de concesi\u00f3n <\/h5>\n<p>05\/03\/2007<\/p>\n<div class=\"pdfprnt-buttons pdfprnt-buttons-product pdfprnt-bottom-left\"><a href=\"https:\/\/www.upm.es\/recursosidi\/wp-json\/wp\/v2\/product\/8430?print=pdf\" class=\"pdfprnt-button pdfprnt-button-pdf\" target=\"_blank\"><span class=\"pdfprnt-button-title pdfprnt-button-pdf-title\">Descargar ficha<\/span><\/a><\/div>","protected":false},"excerpt":{"rendered":"<p>Descripci\u00f3n de la patente La silla de ruedas est\u00e1 dise\u00f1ada para posibilitar que una persona viaje sentada sobre ella en veh\u00edculos autom\u00f3viles sin que se&hellip;<\/p>\n","protected":false},"featured_media":0,"template":"","meta":{"_acf_changed":false},"product_cat":[3946],"product_tag":[],"comunidades-upm":[],"quien":[],"mapa":[],"disponibilidad":[],"donde":[{"term_id":42,"name":"UPM","slug":"upm","term_group":0,"term_taxonomy_id":42,"taxonomy":"donde","description":"Universidad Polit\u00e9cnica de Madrid\r\nHTML \"Lorem ipsum dolor sit amet, consectetur adipiscing elit, sed do eiusmod tempor incididunt ut labore et dolore magna aliqua. Ut enim ad minim veniam, quis nostrud exercitation ullamco laboris nisi ut aliquip ex ea commodo consequat. Duis aute irure dolor in reprehenderit in voluptate velit esse cillum dolore eu fugiat nulla pariatur. Excepteur sint occaecat cupidatat non proident, sunt in culpa qui officia deserunt mollit anim id est laborum.\"","parent":0,"count":146,"filter":"raw","term_order":"0"}],"infraestructura":[],"ods":[],"origen":[{"term_id":180,"name":"Patente","slug":"patente","term_group":0,"term_taxonomy_id":180,"taxonomy":"origen","description":"","parent":0,"count":614,"filter":"raw","term_order":"0"}],"familia_tax":false,"quien_tax":false,"donde_tax":false,"year":"","contacto":"<ul><li><blockquote><strong>otri.investigacion@upm.es<\/strong><\/blockquote><\/li><\/ul>","telefono":"","pagina_web":"","email":"","id_ficha_portal":"74","video":"","adjuntos":false,"adjuntos_portal":"","inf":false,"departamento":"","acf":[],"lang":"es","translation":{"es":8430},"_links":{"self":[{"href":"https:\/\/www.upm.es\/recursosidi\/wp-json\/wp\/v2\/product\/8430"}],"collection":[{"href":"https:\/\/www.upm.es\/recursosidi\/wp-json\/wp\/v2\/product"}],"about":[{"href":"https:\/\/www.upm.es\/recursosidi\/wp-json\/wp\/v2\/types\/product"}],"wp:attachment":[{"href":"https:\/\/www.upm.es\/recursosidi\/wp-json\/wp\/v2\/media?parent=8430"}],"wp:term":[{"taxonomy":"product_cat","embeddable":true,"href":"https:\/\/www.upm.es\/recursosidi\/wp-json\/wp\/v2\/product_cat?post=8430"},{"taxonomy":"product_tag","embeddable":true,"href":"https:\/\/www.upm.es\/recursosidi\/wp-json\/wp\/v2\/product_tag?post=8430"},{"taxonomy":"comunidad_upm","embeddable":true,"href":"https:\/\/www.upm.es\/recursosidi\/wp-json\/wp\/v2\/comunidades-upm?post=8430"},{"taxonomy":"quien","embeddable":true,"href":"https:\/\/www.upm.es\/recursosidi\/wp-json\/wp\/v2\/quien?post=8430"},{"taxonomy":"mapa","embeddable":true,"href":"https:\/\/www.upm.es\/recursosidi\/wp-json\/wp\/v2\/mapa?post=8430"},{"taxonomy":"disponibilidad","embeddable":true,"href":"https:\/\/www.upm.es\/recursosidi\/wp-json\/wp\/v2\/disponibilidad?post=8430"},{"taxonomy":"donde","embeddable":true,"href":"https:\/\/www.upm.es\/recursosidi\/wp-json\/wp\/v2\/donde?post=8430"},{"taxonomy":"infraestructura","embeddable":true,"href":"https:\/\/www.upm.es\/recursosidi\/wp-json\/wp\/v2\/infraestructura?post=8430"},{"taxonomy":"ods","embeddable":true,"href":"https:\/\/www.upm.es\/recursosidi\/wp-json\/wp\/v2\/ods?post=8430"},{"taxonomy":"origen","embeddable":true,"href":"https:\/\/www.upm.es\/recursosidi\/wp-json\/wp\/v2\/origen?post=8430"}],"curies":[{"name":"wp","href":"https:\/\/api.w.org\/{rel}","templated":true}]}}