{"id":8431,"date":"2021-11-25T14:07:19","date_gmt":"2021-11-25T13:07:19","guid":{"rendered":"https:\/\/www.upm.es\/recursosidi\/offers-resources\/sin categor\u00eda\/procedimiento-para-estimar-la-velocidad-de-giro-del-rotor-de-una-maquina-de-induccion-trifasica\/"},"modified":"2022-08-10T02:05:01","modified_gmt":"2022-08-10T00:05:01","slug":"procedimiento-para-estimar-la-velocidad-de-giro-del-rotor-de-una-maquina-de-induccion-trifasica","status":"publish","type":"product","link":"https:\/\/www.upm.es\/recursosidi\/offers-resources\/patentes\/procedimiento-para-estimar-la-velocidad-de-giro-del-rotor-de-una-maquina-de-induccion-trifasica\/","title":{"rendered":"Procedimiento para estimar la velocidad de giro del rotor de una m\u00e1quina de inducci\u00f3n trif\u00e1sica"},"content":{"rendered":"<h5>Descripci\u00f3n de la patente <\/h5>\n<p>M\u00e9todo para calcular la velocidad de giro del rotor de una m\u00e1quina de inducci\u00f3n partiendo de las medidas de la corriente de dos de las fases y de la tensi\u00f3n de dos de las fases con las que se alimenta y del conocimiento de los par\u00e1metros de la m\u00e1quina (resistencias, inductancias, etc). Con esta informaci\u00f3n se calculan las componentes x,y de los fasores espaciales tensi\u00f3n del estator,   y corriente de magnetizaci\u00f3n del estator,   referidos al sistema de referencia fijo (usx, usy e ismx, ismy respectivamente). Con estas componentes se obtienen dos ecuaciones similares para el c\u00e1lculo de la velocidad del rotor (velocidad A y velocidad B). Para resolver el problema derivado del c\u00e1lculo de la ecuaci\u00f3n de la velocidad cuando el denominador se hace cero, se aprovecha la propiedad de que los denominadores de las expresiones velocidad A y velocidad B se anulan con una diferencia de fase de 90\u00ba. De esta forma, el c\u00e1lculo de la velocidad se realiza con aquella ecuaci\u00f3n cuyo denominador se encuentre m\u00e1s alejado de cero en cada instante.<\/p>\n<h5>Situaci\u00f3n <\/h5>\n<p>Concedida<\/p>\n<h5>N\u00famero de solicitud<\/h5>\n<p>P200900190<\/p>\n<h5>N\u00famero de publicaci\u00f3n<\/h5>\n<p>ES2325728<\/p>\n<h5>Fecha de presentaci\u00f3n <\/h5>\n<p>23\/01\/2009<\/p>\n<h5>Fecha de concesi\u00f3n <\/h5>\n<p>01\/02\/2010<\/p>\n<div class=\"pdfprnt-buttons pdfprnt-buttons-product pdfprnt-bottom-left\"><a href=\"https:\/\/www.upm.es\/recursosidi\/wp-json\/wp\/v2\/product\/8431?print=pdf\" class=\"pdfprnt-button pdfprnt-button-pdf\" target=\"_blank\"><span class=\"pdfprnt-button-title pdfprnt-button-pdf-title\">Descargar ficha<\/span><\/a><\/div>","protected":false},"excerpt":{"rendered":"<p>Descripci\u00f3n de la patente M\u00e9todo para calcular la velocidad de giro del rotor de una m\u00e1quina de inducci\u00f3n partiendo de las medidas de la corriente&hellip;<\/p>\n","protected":false},"featured_media":0,"template":"","meta":{"_acf_changed":false},"product_cat":[3946],"product_tag":[],"comunidades-upm":[],"quien":[],"mapa":[],"disponibilidad":[],"donde":[{"term_id":546,"name":"Centro de Electr\u00f3nica Industrial (CEI)","slug":"centro-de-electronica-industrial-cei","term_group":0,"term_taxonomy_id":546,"taxonomy":"donde","description":"","parent":0,"count":25,"filter":"raw","term_order":"0"},{"term_id":600,"name":"Generaci\u00f3n Distribuida Renovable y Control Inteligente","slug":"generacion-distribuida-renovable-y-control-inteligente","term_group":0,"term_taxonomy_id":600,"taxonomy":"donde","description":"","parent":0,"count":10,"filter":"raw","term_order":"0"},{"term_id":374,"name":"Generaci\u00f3n el\u00e9ctrica con energ\u00eda e\u00f3lica","slug":"generacion-electrica-con-energia-eolica","term_group":0,"term_taxonomy_id":374,"taxonomy":"donde","description":"","parent":0,"count":70,"filter":"raw","term_order":"0"}],"infraestructura":[],"ods":[],"origen":[{"term_id":180,"name":"Patente","slug":"patente","term_group":0,"term_taxonomy_id":180,"taxonomy":"origen","description":"","parent":0,"count":614,"filter":"raw","term_order":"0"}],"familia_tax":false,"quien_tax":false,"donde_tax":false,"year":"","contacto":"<strong>Principales: <\/strong><ul><li>CARLOS MARIO VEGA GONZALEZ <blockquote><strong>carlosmario.vega@upm.es<\/strong><\/blockquote><\/li><li>JAIME RODRIGUEZ ARRIBAS <blockquote><strong>jaime.rodriguez@upm.es<\/strong><\/blockquote><\/li><li>CARMELO CARRERO LOPEZ <blockquote><strong>carmelo.carrero@upm.es<\/strong><\/blockquote><\/li><li>DIONISIO RAMIREZ PRIETO <blockquote><strong>dionisio.ramirez@upm.es<\/strong><\/blockquote><\/li><\/ul>","telefono":"","pagina_web":"","email":"","id_ficha_portal":"288","video":"","adjuntos":false,"adjuntos_portal":"https:\/\/www.upm.es\/S2i\/Acuse\/recuperarArchivo.jsp?id=288&id_archivo=41&tipo=patente&extension=fichero ","inf":false,"departamento":"","acf":[],"lang":"es","translation":{"es":8431},"_links":{"self":[{"href":"https:\/\/www.upm.es\/recursosidi\/wp-json\/wp\/v2\/product\/8431"}],"collection":[{"href":"https:\/\/www.upm.es\/recursosidi\/wp-json\/wp\/v2\/product"}],"about":[{"href":"https:\/\/www.upm.es\/recursosidi\/wp-json\/wp\/v2\/types\/product"}],"wp:attachment":[{"href":"https:\/\/www.upm.es\/recursosidi\/wp-json\/wp\/v2\/media?parent=8431"}],"wp:term":[{"taxonomy":"product_cat","embeddable":true,"href":"https:\/\/www.upm.es\/recursosidi\/wp-json\/wp\/v2\/product_cat?post=8431"},{"taxonomy":"product_tag","embeddable":true,"href":"https:\/\/www.upm.es\/recursosidi\/wp-json\/wp\/v2\/product_tag?post=8431"},{"taxonomy":"comunidad_upm","embeddable":true,"href":"https:\/\/www.upm.es\/recursosidi\/wp-json\/wp\/v2\/comunidades-upm?post=8431"},{"taxonomy":"quien","embeddable":true,"href":"https:\/\/www.upm.es\/recursosidi\/wp-json\/wp\/v2\/quien?post=8431"},{"taxonomy":"mapa","embeddable":true,"href":"https:\/\/www.upm.es\/recursosidi\/wp-json\/wp\/v2\/mapa?post=8431"},{"taxonomy":"disponibilidad","embeddable":true,"href":"https:\/\/www.upm.es\/recursosidi\/wp-json\/wp\/v2\/disponibilidad?post=8431"},{"taxonomy":"donde","embeddable":true,"href":"https:\/\/www.upm.es\/recursosidi\/wp-json\/wp\/v2\/donde?post=8431"},{"taxonomy":"infraestructura","embeddable":true,"href":"https:\/\/www.upm.es\/recursosidi\/wp-json\/wp\/v2\/infraestructura?post=8431"},{"taxonomy":"ods","embeddable":true,"href":"https:\/\/www.upm.es\/recursosidi\/wp-json\/wp\/v2\/ods?post=8431"},{"taxonomy":"origen","embeddable":true,"href":"https:\/\/www.upm.es\/recursosidi\/wp-json\/wp\/v2\/origen?post=8431"}],"curies":[{"name":"wp","href":"https:\/\/api.w.org\/{rel}","templated":true}]}}