{"id":8432,"date":"2021-11-25T14:07:21","date_gmt":"2021-11-25T13:07:21","guid":{"rendered":"https:\/\/www.upm.es\/recursosidi\/offers-resources\/sin categor\u00eda\/sistema-inalambrico-de-control-remoto-para-sistemas-de-visualizacion\/"},"modified":"2022-08-10T02:05:05","modified_gmt":"2022-08-10T00:05:05","slug":"sistema-inalambrico-de-control-remoto-para-sistemas-de-visualizacion","status":"publish","type":"product","link":"https:\/\/www.upm.es\/recursosidi\/offers-resources\/patentes\/sistema-inalambrico-de-control-remoto-para-sistemas-de-visualizacion\/","title":{"rendered":"Sistema inal\u00e1mbrico de control remoto para sistemas de visualizaci\u00f3n"},"content":{"rendered":"<h5>Descripci\u00f3n de la patente <\/h5>\n<p>La invenci\u00f3n consiste en un dispositivo inal\u00e1mbrico que permite controlar de forma remota el funcionamiento de un sistema de procesamiento de informaci\u00f3n en el que se incluya la posibilidad de visualizaci\u00f3n de datos. Un ejemplo bien conocido de este tipo de sistemas es un televisor. F\u00edsicamente la parte del dispositivo que debe manipular el operador consiste en un objeto de forma redondeada, construido de tal manera que es resistente a golpes, que es resistente a su inmersi\u00f3n en l\u00edquidos y suficientemente blando como para permitir que se pueda comprimir con la mano. El operador se comunica con este objeto desplaz\u00e1ndolo, gir\u00e1ndolo sobre s\u00ed mismo o apret\u00e1ndolo. Como realimentaci\u00f3n visual de estas acciones, el sistema muestra en la pantalla un objeto virtual cuyo aspecto y comportamiento cambia con la manipulaci\u00f3n del objeto real. El dispositivo proporciona realimentaci\u00f3n ac\u00fastica y cierto nivel de realimentaci\u00f3n h\u00e1ptica.<\/p>\n<h5>Situaci\u00f3n <\/h5>\n<p>Concedida<\/p>\n<h5>N\u00famero de solicitud<\/h5>\n<p>P200501609<\/p>\n<h5>N\u00famero de publicaci\u00f3n<\/h5>\n<p>ES2293783<\/p>\n<h5>Fecha de presentaci\u00f3n <\/h5>\n<p>01\/07\/2005<\/p>\n<h5>Fecha de concesi\u00f3n <\/h5>\n<p>04\/06\/2009<\/p>\n<div class=\"pdfprnt-buttons pdfprnt-buttons-product pdfprnt-bottom-left\"><a href=\"https:\/\/www.upm.es\/recursosidi\/wp-json\/wp\/v2\/product\/8432?print=pdf\" class=\"pdfprnt-button pdfprnt-button-pdf\" target=\"_blank\"><span class=\"pdfprnt-button-title pdfprnt-button-pdf-title\">Descargar ficha<\/span><\/a><\/div>","protected":false},"excerpt":{"rendered":"<p>Descripci\u00f3n de la patente La invenci\u00f3n consiste en un dispositivo inal\u00e1mbrico que permite controlar de forma remota el funcionamiento de un sistema de procesamiento de&hellip;<\/p>\n","protected":false},"featured_media":0,"template":"","meta":{"_acf_changed":false},"product_cat":[3946],"product_tag":[],"comunidades-upm":[],"quien":[],"mapa":[],"disponibilidad":[],"donde":[{"term_id":42,"name":"UPM","slug":"upm","term_group":0,"term_taxonomy_id":42,"taxonomy":"donde","description":"Universidad Polit\u00e9cnica de Madrid\r\nHTML \"Lorem ipsum dolor sit amet, consectetur adipiscing elit, sed do eiusmod tempor incididunt ut labore et dolore magna aliqua. Ut enim ad minim veniam, quis nostrud exercitation ullamco laboris nisi ut aliquip ex ea commodo consequat. Duis aute irure dolor in reprehenderit in voluptate velit esse cillum dolore eu fugiat nulla pariatur. Excepteur sint occaecat cupidatat non proident, sunt in culpa qui officia deserunt mollit anim id est laborum.\"","parent":0,"count":146,"filter":"raw","term_order":"0"}],"infraestructura":[],"ods":[],"origen":[{"term_id":180,"name":"Patente","slug":"patente","term_group":0,"term_taxonomy_id":180,"taxonomy":"origen","description":"","parent":0,"count":614,"filter":"raw","term_order":"0"}],"familia_tax":false,"quien_tax":false,"donde_tax":false,"year":"","contacto":"<ul><li><blockquote><strong>otri.investigacion@upm.es<\/strong><\/blockquote><\/li><\/ul>","telefono":"","pagina_web":"","email":"","id_ficha_portal":"141","video":"","adjuntos":false,"adjuntos_portal":"https:\/\/www.upm.es\/S2i\/Acuse\/recuperarArchivo.jsp?id=141&id_archivo=125&tipo=patente&extension=fichero","inf":false,"departamento":"","acf":[],"lang":"es","translation":{"es":8432},"_links":{"self":[{"href":"https:\/\/www.upm.es\/recursosidi\/wp-json\/wp\/v2\/product\/8432"}],"collection":[{"href":"https:\/\/www.upm.es\/recursosidi\/wp-json\/wp\/v2\/product"}],"about":[{"href":"https:\/\/www.upm.es\/recursosidi\/wp-json\/wp\/v2\/types\/product"}],"wp:attachment":[{"href":"https:\/\/www.upm.es\/recursosidi\/wp-json\/wp\/v2\/media?parent=8432"}],"wp:term":[{"taxonomy":"product_cat","embeddable":true,"href":"https:\/\/www.upm.es\/recursosidi\/wp-json\/wp\/v2\/product_cat?post=8432"},{"taxonomy":"product_tag","embeddable":true,"href":"https:\/\/www.upm.es\/recursosidi\/wp-json\/wp\/v2\/product_tag?post=8432"},{"taxonomy":"comunidad_upm","embeddable":true,"href":"https:\/\/www.upm.es\/recursosidi\/wp-json\/wp\/v2\/comunidades-upm?post=8432"},{"taxonomy":"quien","embeddable":true,"href":"https:\/\/www.upm.es\/recursosidi\/wp-json\/wp\/v2\/quien?post=8432"},{"taxonomy":"mapa","embeddable":true,"href":"https:\/\/www.upm.es\/recursosidi\/wp-json\/wp\/v2\/mapa?post=8432"},{"taxonomy":"disponibilidad","embeddable":true,"href":"https:\/\/www.upm.es\/recursosidi\/wp-json\/wp\/v2\/disponibilidad?post=8432"},{"taxonomy":"donde","embeddable":true,"href":"https:\/\/www.upm.es\/recursosidi\/wp-json\/wp\/v2\/donde?post=8432"},{"taxonomy":"infraestructura","embeddable":true,"href":"https:\/\/www.upm.es\/recursosidi\/wp-json\/wp\/v2\/infraestructura?post=8432"},{"taxonomy":"ods","embeddable":true,"href":"https:\/\/www.upm.es\/recursosidi\/wp-json\/wp\/v2\/ods?post=8432"},{"taxonomy":"origen","embeddable":true,"href":"https:\/\/www.upm.es\/recursosidi\/wp-json\/wp\/v2\/origen?post=8432"}],"curies":[{"name":"wp","href":"https:\/\/api.w.org\/{rel}","templated":true}]}}