{"id":8433,"date":"2021-11-25T14:07:24","date_gmt":"2021-11-25T13:07:24","guid":{"rendered":"https:\/\/www.upm.es\/recursosidi\/offers-resources\/sin categor\u00eda\/procedimiento-para-la-obtencion-de-peliculas-de-materiales-semiconductores-incorporando-una-banda-intermedia\/"},"modified":"2022-08-10T02:05:08","modified_gmt":"2022-08-10T00:05:08","slug":"procedimiento-para-la-obtencion-de-peliculas-de-materiales-semiconductores-incorporando-una-banda-intermedia","status":"publish","type":"product","link":"https:\/\/www.upm.es\/recursosidi\/offers-resources\/patentes\/procedimiento-para-la-obtencion-de-peliculas-de-materiales-semiconductores-incorporando-una-banda-intermedia\/","title":{"rendered":"Procedimiento para la obtenci\u00f3n de pel\u00edculas de materiales semiconductores incorporando una banda intermedia"},"content":{"rendered":"<h5>Descripci\u00f3n de la patente <\/h5>\n<p>La presente invenci\u00f3n describe un procedimiento de obtenci\u00f3n de pel\u00edculas delgadas de materiales semiconductores de banda intermedia consistente en la obtenci\u00f3n de un blanco de part\u00edculas prensadas del dicho material  para utilizarlo en un equipo de pulverizaci\u00f3n cat\u00f3dica. El blanco se obtiene mediante el proceso t\u00e9rmico de una mezcla de los componentes del material semiconductor, siguiendo un perfil espec\u00edfico de temperaturas y tiempos, para conseguir un material en forma policristalina de la misma composici\u00f3n que el material semiconductor de banda intermedia. El material policristalino se desagrega mediante procedimientos mec\u00e1nicos nuevamente en forma de polvo y se compacta posteriormente,  mediante la aplicaci\u00f3n de presi\u00f3n en forma adecuada para formar un blanco.<\/p>\n<h5>Situaci\u00f3n <\/h5>\n<p>Concedida<\/p>\n<h5>N\u00famero de solicitud<\/h5>\n<p>P200800571<\/p>\n<h5>N\u00famero de publicaci\u00f3n<\/h5>\n<p>ES2302663<\/p>\n<h5>Fecha de presentaci\u00f3n <\/h5>\n<p>28\/02\/2008<\/p>\n<h5>Fecha de concesi\u00f3n <\/h5>\n<p>16\/01\/2009<\/p>\n<div class=\"pdfprnt-buttons pdfprnt-buttons-product pdfprnt-bottom-left\"><a href=\"https:\/\/www.upm.es\/recursosidi\/wp-json\/wp\/v2\/product\/8433?print=pdf\" class=\"pdfprnt-button pdfprnt-button-pdf\" target=\"_blank\"><span class=\"pdfprnt-button-title pdfprnt-button-pdf-title\">Descargar ficha<\/span><\/a><\/div>","protected":false},"excerpt":{"rendered":"<p>Descripci\u00f3n de la patente La presente invenci\u00f3n describe un procedimiento de obtenci\u00f3n de pel\u00edculas delgadas de materiales semiconductores de banda intermedia consistente en la obtenci\u00f3n&hellip;<\/p>\n","protected":false},"featured_media":0,"template":"","meta":{"_acf_changed":false},"product_cat":[3946],"product_tag":[],"comunidades-upm":[],"quien":[],"mapa":[],"disponibilidad":[],"donde":[{"term_id":236,"name":"Instituto de Energ\u00eda Solar (IES)","slug":"instituto-de-energia-solar-ies","term_group":0,"term_taxonomy_id":236,"taxonomy":"donde","description":"","parent":0,"count":41,"filter":"raw","term_order":"0"},{"term_id":432,"name":"Silicio y Nuevos Conceptos para C\u00e9lulas Solares","slug":"silicio-y-nuevos-conceptos-para-celulas-solares","term_group":0,"term_taxonomy_id":432,"taxonomy":"donde","description":"Uno de nuestros objetivos es el estudio de los l&iacute;mites de conversi&oacute;n de la energ&iacute;a solar fotovoltaica, con especial &eacute;nfasis en identificar mecanismos que puedan mejorar dr&aacute;sticamente el rendimiento actual de esta conversi&oacute;n. Entre &eacute;stos, promovemos las C&eacute;lulas Solares de Banda Intermedia, un &aacute;mbito de investigaci&oacute;n iniciado por nosotros que ha tenido mucha repercusi&oacute;n internacional.\n&nbsp;\nPor otro lado, la investigaci&oacute;n que realizamos tiene por objeto el apoyo a la industria espa&ntilde;ola y europea de c&eacute;lulas solares de silicio cristalino (que son la mayor&iacute;a de las presentes en el mercado), con objeto de abaratar costes y desarrollar nuevos productos.\n&nbsp;\nTodo esto lo llevamos a cabo a trav&eacute;s de tres l&iacute;neas de Investigaci&oacute;n:\n\nC&aacute;lculos cu&aacute;nticos para c&eacute;lulas solares\nNuevos conceptos en c&eacute;lulas solares\nTecnolog&iacute;a de silicio cristalino\n","parent":0,"count":17,"filter":"raw","term_order":"0"}],"infraestructura":[],"ods":[],"origen":[{"term_id":180,"name":"Patente","slug":"patente","term_group":0,"term_taxonomy_id":180,"taxonomy":"origen","description":"","parent":0,"count":614,"filter":"raw","term_order":"0"}],"familia_tax":false,"quien_tax":false,"donde_tax":false,"year":"","contacto":"<strong>Principales: <\/strong><ul><li>ANTONIO MARTI VEGA <blockquote><strong>antonio.marti@upm.es<\/strong><\/blockquote><\/li><li>ANTONIO LUQUE LOPEZ <blockquote><strong>a.luque@upm.es<\/strong><\/blockquote><\/li><\/ul><strong>Otros inventores: <\/strong><ul><li>LuisCasta\u00f1er Mu\u00f1oz UPC - Universitat Polit\u00e9cnica de Catalu\u00f1a<\/li> <\/ul>","telefono":"","pagina_web":"","email":"","id_ficha_portal":"144","video":"","adjuntos":false,"adjuntos_portal":"https:\/\/www.upm.es\/S2i\/Acuse\/recuperarArchivo.jsp?id=144&id_archivo=320&tipo=patente&extension=fichero ","inf":false,"departamento":"","acf":[],"lang":"es","translation":{"es":8433},"_links":{"self":[{"href":"https:\/\/www.upm.es\/recursosidi\/wp-json\/wp\/v2\/product\/8433"}],"collection":[{"href":"https:\/\/www.upm.es\/recursosidi\/wp-json\/wp\/v2\/product"}],"about":[{"href":"https:\/\/www.upm.es\/recursosidi\/wp-json\/wp\/v2\/types\/product"}],"wp:attachment":[{"href":"https:\/\/www.upm.es\/recursosidi\/wp-json\/wp\/v2\/media?parent=8433"}],"wp:term":[{"taxonomy":"product_cat","embeddable":true,"href":"https:\/\/www.upm.es\/recursosidi\/wp-json\/wp\/v2\/product_cat?post=8433"},{"taxonomy":"product_tag","embeddable":true,"href":"https:\/\/www.upm.es\/recursosidi\/wp-json\/wp\/v2\/product_tag?post=8433"},{"taxonomy":"comunidad_upm","embeddable":true,"href":"https:\/\/www.upm.es\/recursosidi\/wp-json\/wp\/v2\/comunidades-upm?post=8433"},{"taxonomy":"quien","embeddable":true,"href":"https:\/\/www.upm.es\/recursosidi\/wp-json\/wp\/v2\/quien?post=8433"},{"taxonomy":"mapa","embeddable":true,"href":"https:\/\/www.upm.es\/recursosidi\/wp-json\/wp\/v2\/mapa?post=8433"},{"taxonomy":"disponibilidad","embeddable":true,"href":"https:\/\/www.upm.es\/recursosidi\/wp-json\/wp\/v2\/disponibilidad?post=8433"},{"taxonomy":"donde","embeddable":true,"href":"https:\/\/www.upm.es\/recursosidi\/wp-json\/wp\/v2\/donde?post=8433"},{"taxonomy":"infraestructura","embeddable":true,"href":"https:\/\/www.upm.es\/recursosidi\/wp-json\/wp\/v2\/infraestructura?post=8433"},{"taxonomy":"ods","embeddable":true,"href":"https:\/\/www.upm.es\/recursosidi\/wp-json\/wp\/v2\/ods?post=8433"},{"taxonomy":"origen","embeddable":true,"href":"https:\/\/www.upm.es\/recursosidi\/wp-json\/wp\/v2\/origen?post=8433"}],"curies":[{"name":"wp","href":"https:\/\/api.w.org\/{rel}","templated":true}]}}