{"id":8436,"date":"2021-11-25T14:07:31","date_gmt":"2021-11-25T13:07:31","guid":{"rendered":"https:\/\/www.upm.es\/recursosidi\/offers-resources\/sin categor\u00eda\/sistema-de-verificacion-de-la-calidad-de-la-medida-de-velocidad-en-sistemas-basados-en-radar-doppler\/"},"modified":"2022-08-10T02:05:18","modified_gmt":"2022-08-10T00:05:18","slug":"sistema-de-verificacion-de-la-calidad-de-la-medida-de-velocidad-en-sistemas-basados-en-radar-doppler","status":"publish","type":"product","link":"https:\/\/www.upm.es\/recursosidi\/offers-resources\/patentes\/sistema-de-verificacion-de-la-calidad-de-la-medida-de-velocidad-en-sistemas-basados-en-radar-doppler\/","title":{"rendered":"Sistema de verificaci\u00f3n de la calidad de la medida de velocidad en sistemas basados en radar doppler"},"content":{"rendered":"<h5>Descripci\u00f3n de la patente <\/h5>\n<p>El sistema sirve para verificar la calidad de la medida de velocidad que proporcionan los sistemas basados en radar doppler. Para ello compara en tiempo real las medidas realizadas con el sistema desarrollado con las que env\u00eda el radar doppler a verificar. Para la comparaci\u00f3n se realiza un an\u00e1lisis estad\u00edstico en el que se verifica si el radar instalado mide la velocidad de los veh\u00edculos en v\u00edas de tr\u00e1fico dentro de las tolerancias permitidas seg\u00fan la legislaci\u00f3n vigente.  La calificaci\u00f3n de calidad del radar objeto de estudio es inmediata al finalizar el an\u00e1lisis.<\/p>\n<p>En el sistema, se integra  un equipo emisor de radio que env\u00eda desde el radar la se\u00f1al anal\u00f3gica doppler y la se\u00f1al digital del radar doppler, y un equipo receptor de radio de las se\u00f1ales anteriores adem\u00e1s de un sistema de adquisici\u00f3n de datos, sincronismo, control y an\u00e1lisis.<\/p>\n<h5>Situaci\u00f3n <\/h5>\n<p>Concedida<\/p>\n<h5>N\u00famero de solicitud<\/h5>\n<p>P200701348<\/p>\n<h5>N\u00famero de publicaci\u00f3n<\/h5>\n<p>ES2335453<\/p>\n<h5>Fecha de presentaci\u00f3n <\/h5>\n<p>18\/05\/2007<\/p>\n<h5>Fecha de concesi\u00f3n <\/h5>\n<p>02\/02\/2012<\/p>\n<div class=\"pdfprnt-buttons pdfprnt-buttons-product pdfprnt-bottom-left\"><a href=\"https:\/\/www.upm.es\/recursosidi\/wp-json\/wp\/v2\/product\/8436?print=pdf\" class=\"pdfprnt-button pdfprnt-button-pdf\" target=\"_blank\"><span class=\"pdfprnt-button-title pdfprnt-button-pdf-title\">Descargar ficha<\/span><\/a><\/div>","protected":false},"excerpt":{"rendered":"<p>Descripci\u00f3n de la patente El sistema sirve para verificar la calidad de la medida de velocidad que proporcionan los sistemas basados en radar doppler. Para&hellip;<\/p>\n","protected":false},"featured_media":0,"template":"","meta":{"_acf_changed":false},"product_cat":[3946],"product_tag":[],"comunidades-upm":[],"quien":[],"mapa":[],"disponibilidad":[],"donde":[{"term_id":590,"name":"Centro de Materiales y Dispositivos Avanzados para Tecnolog\u00edas de Informaci\u00f3n y Comunicaciones (CEMDATIC)","slug":"centro-de-materiales-y-dispositivos-avanzados-para-tecnologias-de-informacion-y-comunicaciones-cemdatic","term_group":0,"term_taxonomy_id":590,"taxonomy":"donde","description":"","parent":0,"count":20,"filter":"raw","term_order":"0"}],"infraestructura":[],"ods":[],"origen":[{"term_id":180,"name":"Patente","slug":"patente","term_group":0,"term_taxonomy_id":180,"taxonomy":"origen","description":"","parent":0,"count":614,"filter":"raw","term_order":"0"}],"familia_tax":false,"quien_tax":false,"donde_tax":false,"year":"","contacto":"<strong>Principales: <\/strong><ul><li>JOSE DE FRUTOS VAQUERIZO <blockquote><strong>jose.defrutos@upm.es<\/strong><\/blockquote><\/li><li>FRANCISCO JAVIER JIMENEZ MARTINEZ <blockquote><strong>franciscojavier.jimenez@upm.es<\/strong><\/blockquote><\/li><li>CARLOS PASTOR PAZ <blockquote><strong>c.pastorpaz@upm.es<\/strong><\/blockquote><\/li><\/ul>","telefono":"","pagina_web":"","email":"","id_ficha_portal":"163","video":"","adjuntos":false,"adjuntos_portal":"https:\/\/www.upm.es\/S2i\/Acuse\/recuperarArchivo.jsp?id=163&id_archivo=547&tipo=patente&extension=fichero ","inf":false,"departamento":"","acf":[],"lang":"es","translation":{"es":8436},"_links":{"self":[{"href":"https:\/\/www.upm.es\/recursosidi\/wp-json\/wp\/v2\/product\/8436"}],"collection":[{"href":"https:\/\/www.upm.es\/recursosidi\/wp-json\/wp\/v2\/product"}],"about":[{"href":"https:\/\/www.upm.es\/recursosidi\/wp-json\/wp\/v2\/types\/product"}],"wp:attachment":[{"href":"https:\/\/www.upm.es\/recursosidi\/wp-json\/wp\/v2\/media?parent=8436"}],"wp:term":[{"taxonomy":"product_cat","embeddable":true,"href":"https:\/\/www.upm.es\/recursosidi\/wp-json\/wp\/v2\/product_cat?post=8436"},{"taxonomy":"product_tag","embeddable":true,"href":"https:\/\/www.upm.es\/recursosidi\/wp-json\/wp\/v2\/product_tag?post=8436"},{"taxonomy":"comunidad_upm","embeddable":true,"href":"https:\/\/www.upm.es\/recursosidi\/wp-json\/wp\/v2\/comunidades-upm?post=8436"},{"taxonomy":"quien","embeddable":true,"href":"https:\/\/www.upm.es\/recursosidi\/wp-json\/wp\/v2\/quien?post=8436"},{"taxonomy":"mapa","embeddable":true,"href":"https:\/\/www.upm.es\/recursosidi\/wp-json\/wp\/v2\/mapa?post=8436"},{"taxonomy":"disponibilidad","embeddable":true,"href":"https:\/\/www.upm.es\/recursosidi\/wp-json\/wp\/v2\/disponibilidad?post=8436"},{"taxonomy":"donde","embeddable":true,"href":"https:\/\/www.upm.es\/recursosidi\/wp-json\/wp\/v2\/donde?post=8436"},{"taxonomy":"infraestructura","embeddable":true,"href":"https:\/\/www.upm.es\/recursosidi\/wp-json\/wp\/v2\/infraestructura?post=8436"},{"taxonomy":"ods","embeddable":true,"href":"https:\/\/www.upm.es\/recursosidi\/wp-json\/wp\/v2\/ods?post=8436"},{"taxonomy":"origen","embeddable":true,"href":"https:\/\/www.upm.es\/recursosidi\/wp-json\/wp\/v2\/origen?post=8436"}],"curies":[{"name":"wp","href":"https:\/\/api.w.org\/{rel}","templated":true}]}}