{"id":8437,"date":"2021-11-25T14:07:33","date_gmt":"2021-11-25T13:07:33","guid":{"rendered":"https:\/\/www.upm.es\/recursosidi\/offers-resources\/sin categor\u00eda\/generador-de-huecos-de-tension-de-perfil-temporal-programable-para-ensayo-de-equipos-electricos-conectados-a-redes-de-alta-tension-y-procedimiento-de-operacion\/"},"modified":"2022-08-10T02:05:20","modified_gmt":"2022-08-10T00:05:20","slug":"generador-de-huecos-de-tension-de-perfil-temporal-programable-para-ensayo-de-equipos-electricos-conectados-a-redes-de-alta-tension-y-procedimiento-de-operacion","status":"publish","type":"product","link":"https:\/\/www.upm.es\/recursosidi\/offers-resources\/patentes\/generador-de-huecos-de-tension-de-perfil-temporal-programable-para-ensayo-de-equipos-electricos-conectados-a-redes-de-alta-tension-y-procedimiento-de-operacion\/","title":{"rendered":"Generador de huecos de tensi\u00f3n de perfil temporal programable para ensayo de equipos el\u00e9ctricos conectados a redes de alta tensi\u00f3n y procedimiento de operaci\u00f3n"},"content":{"rendered":"<h5>Descripci\u00f3n de la patente <\/h5>\n<p>Se trata de un generador compuesto por un dispositivo electromagn\u00e9tico capaz de reproducir la tensi\u00f3n a la que se ve sometido un generador o un receptor conectado a la red el\u00e9ctrica de alta tensi\u00f3n cuando se produce un descenso brusco y muy acusado de la amplitud de la tensi\u00f3n, contingencia conocida como \u00bfhueco de tensi\u00f3n\u00bf. Dicho dispositivo proporciona una herramienta de ensayo y homologaci\u00f3n del funcionamiento de generadores y\/o receptores en alta tensi\u00f3n frente a huecos de tensi\u00f3n, con diferentes perfiles de evoluci\u00f3n temporal y sin necesidad de provocar fallos reales en la red.<\/p>\n<p>El dispositivo est\u00e1 compuesto por un regulador de inducci\u00f3n que dispone de un servomecanismo que, a trav\u00e9s del control de la posici\u00f3n de su eje, realiza la regulaci\u00f3n de la tensi\u00f3n en las conexiones de salida de dicho equipo.<\/p>\n<h5>Situaci\u00f3n <\/h5>\n<p>Concedida<\/p>\n<h5>N\u00famero de solicitud<\/h5>\n<p>P200702015<\/p>\n<h5>N\u00famero de publicaci\u00f3n<\/h5>\n<p>ES2296554<\/p>\n<h5>Fecha de presentaci\u00f3n <\/h5>\n<p>19\/07\/2007<\/p>\n<h5>Fecha de concesi\u00f3n <\/h5>\n<p>24\/07\/2009<\/p>\n<div class=\"pdfprnt-buttons pdfprnt-buttons-product pdfprnt-bottom-left\"><a href=\"https:\/\/www.upm.es\/recursosidi\/wp-json\/wp\/v2\/product\/8437?print=pdf\" class=\"pdfprnt-button pdfprnt-button-pdf\" target=\"_blank\"><span class=\"pdfprnt-button-title pdfprnt-button-pdf-title\">Descargar ficha<\/span><\/a><\/div>","protected":false},"excerpt":{"rendered":"<p>Descripci\u00f3n de la patente Se trata de un generador compuesto por un dispositivo electromagn\u00e9tico capaz de reproducir la tensi\u00f3n a la que se ve sometido&hellip;<\/p>\n","protected":false},"featured_media":0,"template":"","meta":{"_acf_changed":false},"product_cat":[3946],"product_tag":[],"comunidades-upm":[],"quien":[],"mapa":[],"disponibilidad":[],"donde":[{"term_id":546,"name":"Centro de Electr\u00f3nica Industrial (CEI)","slug":"centro-de-electronica-industrial-cei","term_group":0,"term_taxonomy_id":546,"taxonomy":"donde","description":"","parent":0,"count":25,"filter":"raw","term_order":"0"},{"term_id":374,"name":"Generaci\u00f3n el\u00e9ctrica con energ\u00eda e\u00f3lica","slug":"generacion-electrica-con-energia-eolica","term_group":0,"term_taxonomy_id":374,"taxonomy":"donde","description":"","parent":0,"count":70,"filter":"raw","term_order":"0"}],"infraestructura":[],"ods":[],"origen":[{"term_id":180,"name":"Patente","slug":"patente","term_group":0,"term_taxonomy_id":180,"taxonomy":"origen","description":"","parent":0,"count":614,"filter":"raw","term_order":"0"}],"familia_tax":false,"quien_tax":false,"donde_tax":false,"year":"","contacto":"<strong>Principales: <\/strong><ul><li>JAIME RODRIGUEZ ARRIBAS <blockquote><strong>jaime.rodriguez@upm.es<\/strong><\/blockquote><\/li><li>SERGIO MARTINEZ GONZALEZ <blockquote><strong>sergio.martinez@upm.es<\/strong><\/blockquote><\/li><li>NIEVES HERRERO MARTINEZ <blockquote><strong>nieves.herrero@upm.es<\/strong><\/blockquote><\/li><li>JOSE ANGEL SANCHEZ FERNANDEZ <blockquote><strong>joseangel.sanchez@upm.es<\/strong><\/blockquote><\/li><li>FRANCISCO BLAZQUEZ GARCIA <blockquote><strong>francisco.blazquez@upm.es<\/strong><\/blockquote><\/li><li>CARLOS VEGANZONES NICOLAS <blockquote><strong>carlos.veganzones@upm.es<\/strong><\/blockquote><\/li><li>DIONISIO RAMIREZ PRIETO <blockquote><strong>dionisio.ramirez@upm.es<\/strong><\/blockquote><\/li><li>CARLOS ANTONIO PLATERO GAONA <blockquote><strong>carlosantonio.platero@upm.es<\/strong><\/blockquote><\/li><\/ul>","telefono":"","pagina_web":"","email":"","id_ficha_portal":"168","video":"","adjuntos":false,"adjuntos_portal":"https:\/\/www.upm.es\/S2i\/Acuse\/recuperarArchivo.jsp?id=168&id_archivo=337&tipo=patente&extension=fichero ","inf":false,"departamento":"","acf":[],"lang":"es","translation":{"es":8437},"_links":{"self":[{"href":"https:\/\/www.upm.es\/recursosidi\/wp-json\/wp\/v2\/product\/8437"}],"collection":[{"href":"https:\/\/www.upm.es\/recursosidi\/wp-json\/wp\/v2\/product"}],"about":[{"href":"https:\/\/www.upm.es\/recursosidi\/wp-json\/wp\/v2\/types\/product"}],"wp:attachment":[{"href":"https:\/\/www.upm.es\/recursosidi\/wp-json\/wp\/v2\/media?parent=8437"}],"wp:term":[{"taxonomy":"product_cat","embeddable":true,"href":"https:\/\/www.upm.es\/recursosidi\/wp-json\/wp\/v2\/product_cat?post=8437"},{"taxonomy":"product_tag","embeddable":true,"href":"https:\/\/www.upm.es\/recursosidi\/wp-json\/wp\/v2\/product_tag?post=8437"},{"taxonomy":"comunidad_upm","embeddable":true,"href":"https:\/\/www.upm.es\/recursosidi\/wp-json\/wp\/v2\/comunidades-upm?post=8437"},{"taxonomy":"quien","embeddable":true,"href":"https:\/\/www.upm.es\/recursosidi\/wp-json\/wp\/v2\/quien?post=8437"},{"taxonomy":"mapa","embeddable":true,"href":"https:\/\/www.upm.es\/recursosidi\/wp-json\/wp\/v2\/mapa?post=8437"},{"taxonomy":"disponibilidad","embeddable":true,"href":"https:\/\/www.upm.es\/recursosidi\/wp-json\/wp\/v2\/disponibilidad?post=8437"},{"taxonomy":"donde","embeddable":true,"href":"https:\/\/www.upm.es\/recursosidi\/wp-json\/wp\/v2\/donde?post=8437"},{"taxonomy":"infraestructura","embeddable":true,"href":"https:\/\/www.upm.es\/recursosidi\/wp-json\/wp\/v2\/infraestructura?post=8437"},{"taxonomy":"ods","embeddable":true,"href":"https:\/\/www.upm.es\/recursosidi\/wp-json\/wp\/v2\/ods?post=8437"},{"taxonomy":"origen","embeddable":true,"href":"https:\/\/www.upm.es\/recursosidi\/wp-json\/wp\/v2\/origen?post=8437"}],"curies":[{"name":"wp","href":"https:\/\/api.w.org\/{rel}","templated":true}]}}