{"id":8438,"date":"2021-11-25T14:07:36","date_gmt":"2021-11-25T13:07:36","guid":{"rendered":"https:\/\/www.upm.es\/recursosidi\/offers-resources\/sin categor\u00eda\/equipo-de-congelacion-de-tensiones-para-ensayos-fotoelasticos\/"},"modified":"2022-08-10T02:05:24","modified_gmt":"2022-08-10T00:05:24","slug":"equipo-de-congelacion-de-tensiones-para-ensayos-fotoelasticos","status":"publish","type":"product","link":"https:\/\/www.upm.es\/recursosidi\/offers-resources\/patentes\/equipo-de-congelacion-de-tensiones-para-ensayos-fotoelasticos\/","title":{"rendered":"Equipo de congelaci\u00f3n de tensiones para ensayos fotoel\u00e1sticos"},"content":{"rendered":"<h5>Descripci\u00f3n de la patente <\/h5>\n<p>La presente invenci\u00f3n se refiere a un equipo capaz de crear un estado tensional en una probeta de pl\u00e1stico, cuyas curvas isocrom\u00e1ticas son visionadas gracias a un foco de luz y dos filtros polarizadores, calent\u00e1ndola hasta una temperatura determinada para pasar despu\u00e9s a enfriarla, con lo que las tensiones de la probeta quedan grabadas en ella de manera permanente. Se trata de una invenci\u00f3n que pertenece, dentro del campo del an\u00e1lisis estructural, al de la fotoelasticidad, apoy\u00e1ndose para su dise\u00f1o y desarrollo en conocimientos e investigaciones propias relacionadas con la elasticidad y resistencia de los materiales.<\/p>\n<h5>Situaci\u00f3n <\/h5>\n<p>Concedida<\/p>\n<h5>N\u00famero de solicitud<\/h5>\n<p>P200701980<\/p>\n<h5>N\u00famero de publicaci\u00f3n<\/h5>\n<p>ES2285966<\/p>\n<h5>Fecha de presentaci\u00f3n <\/h5>\n<p>13\/07\/2007<\/p>\n<h5>Fecha de concesi\u00f3n <\/h5>\n<p>26\/02\/2009<\/p>\n<div class=\"pdfprnt-buttons pdfprnt-buttons-product pdfprnt-bottom-left\"><a href=\"https:\/\/www.upm.es\/recursosidi\/wp-json\/wp\/v2\/product\/8438?print=pdf\" class=\"pdfprnt-button pdfprnt-button-pdf\" target=\"_blank\"><span class=\"pdfprnt-button-title pdfprnt-button-pdf-title\">Descargar ficha<\/span><\/a><\/div>","protected":false},"excerpt":{"rendered":"<p>Descripci\u00f3n de la patente La presente invenci\u00f3n se refiere a un equipo capaz de crear un estado tensional en una probeta de pl\u00e1stico, cuyas curvas&hellip;<\/p>\n","protected":false},"featured_media":0,"template":"","meta":{"_acf_changed":false},"product_cat":[3946],"product_tag":[],"comunidades-upm":[],"quien":[],"mapa":[],"disponibilidad":[],"donde":[{"term_id":542,"name":"Grupo de An\u00e1lisis Biomec\u00e1nico","slug":"grupo-de-analisis-biomecanico","term_group":0,"term_taxonomy_id":542,"taxonomy":"donde","description":"","parent":0,"count":6,"filter":"raw","term_order":"0"},{"term_id":566,"name":"Proyectos y Calidad","slug":"proyectos-y-calidad","term_group":0,"term_taxonomy_id":566,"taxonomy":"donde","description":"Las l&iacute;neas de investigaci&oacute;n que sustentan nuestro trabajo son las siguientes:\n&nbsp;\n\nSostenibilidad en la Direcci&oacute;n de Proyectos\nCompetencias en Direcci&oacute;n de proyectos\nExtracciones de conocimiento en Procesos Industriales\nM&eacute;todos de Investigaci&oacute;n y Diagn&oacute;stico en Educaci&oacute;n\nCalidad\nEvaluaci&oacute;n ambiental de Planes, Programas y Proyectos\nIntegraci&oacute;n y recuperaci&oacute;n ambiental de espacios degradado\nEvaluaci&oacute;n de la Generaci&oacute;n de Residuos en Construcci&oacute;n\nIndicadores de Sostenibilidad en Construcci&oacute;n\nBusiness Analytics y Big Data\n\n&nbsp;\nEl trabajo se articula en relaci&oacute;n a proyectos concretos, que tienen diferentes or&iacute;genes, tanto de financiaci&oacute;n p&uacute;blica como privada. Entre estos &uacute;ltimos es de destacar la consultor&iacute;a, que ocupa de media un 15% del tiempo disponible para investigaci&oacute;n.\n&nbsp;","parent":0,"count":7,"filter":"raw","term_order":"0"}],"infraestructura":[],"ods":[],"origen":[{"term_id":180,"name":"Patente","slug":"patente","term_group":0,"term_taxonomy_id":180,"taxonomy":"origen","description":"","parent":0,"count":614,"filter":"raw","term_order":"0"}],"familia_tax":false,"quien_tax":false,"donde_tax":false,"year":"","contacto":"<strong>Principales: <\/strong><ul><li>ANTONIO ROS FELIP <blockquote><strong>antonio.ros@upm.es<\/strong><\/blockquote><\/li><li>FRANCISCO JAVIER SANCHEZ ALEJO <blockquote><strong>franciscojavier.sanchez@upm.es<\/strong><\/blockquote><\/li><li>RAFAEL CARLOS CLARAMUNT ALONSO <blockquote><strong>rafaelcarlos.claramunt@upm.es<\/strong><\/blockquote><\/li><\/ul>","telefono":"","pagina_web":"","email":"","id_ficha_portal":"169","video":"","adjuntos":false,"adjuntos_portal":"https:\/\/www.upm.es\/S2i\/Acuse\/recuperarArchivo.jsp?id=169&id_archivo=165&tipo=patente&extension=fichero ","inf":false,"departamento":"","acf":[],"lang":"es","translation":{"es":8438},"_links":{"self":[{"href":"https:\/\/www.upm.es\/recursosidi\/wp-json\/wp\/v2\/product\/8438"}],"collection":[{"href":"https:\/\/www.upm.es\/recursosidi\/wp-json\/wp\/v2\/product"}],"about":[{"href":"https:\/\/www.upm.es\/recursosidi\/wp-json\/wp\/v2\/types\/product"}],"wp:attachment":[{"href":"https:\/\/www.upm.es\/recursosidi\/wp-json\/wp\/v2\/media?parent=8438"}],"wp:term":[{"taxonomy":"product_cat","embeddable":true,"href":"https:\/\/www.upm.es\/recursosidi\/wp-json\/wp\/v2\/product_cat?post=8438"},{"taxonomy":"product_tag","embeddable":true,"href":"https:\/\/www.upm.es\/recursosidi\/wp-json\/wp\/v2\/product_tag?post=8438"},{"taxonomy":"comunidad_upm","embeddable":true,"href":"https:\/\/www.upm.es\/recursosidi\/wp-json\/wp\/v2\/comunidades-upm?post=8438"},{"taxonomy":"quien","embeddable":true,"href":"https:\/\/www.upm.es\/recursosidi\/wp-json\/wp\/v2\/quien?post=8438"},{"taxonomy":"mapa","embeddable":true,"href":"https:\/\/www.upm.es\/recursosidi\/wp-json\/wp\/v2\/mapa?post=8438"},{"taxonomy":"disponibilidad","embeddable":true,"href":"https:\/\/www.upm.es\/recursosidi\/wp-json\/wp\/v2\/disponibilidad?post=8438"},{"taxonomy":"donde","embeddable":true,"href":"https:\/\/www.upm.es\/recursosidi\/wp-json\/wp\/v2\/donde?post=8438"},{"taxonomy":"infraestructura","embeddable":true,"href":"https:\/\/www.upm.es\/recursosidi\/wp-json\/wp\/v2\/infraestructura?post=8438"},{"taxonomy":"ods","embeddable":true,"href":"https:\/\/www.upm.es\/recursosidi\/wp-json\/wp\/v2\/ods?post=8438"},{"taxonomy":"origen","embeddable":true,"href":"https:\/\/www.upm.es\/recursosidi\/wp-json\/wp\/v2\/origen?post=8438"}],"curies":[{"name":"wp","href":"https:\/\/api.w.org\/{rel}","templated":true}]}}