{"id":8439,"date":"2021-11-25T14:07:38","date_gmt":"2021-11-25T13:07:38","guid":{"rendered":"https:\/\/www.upm.es\/recursosidi\/offers-resources\/sin categor\u00eda\/procedimiento-y-arquitectura-sin-memoria-para-el-calculo-de-las-rotaciones-de-la-fft\/"},"modified":"2022-08-10T02:05:27","modified_gmt":"2022-08-10T00:05:27","slug":"procedimiento-y-arquitectura-sin-memoria-para-el-calculo-de-las-rotaciones-de-la-fft","status":"publish","type":"product","link":"https:\/\/www.upm.es\/recursosidi\/offers-resources\/patentes\/procedimiento-y-arquitectura-sin-memoria-para-el-calculo-de-las-rotaciones-de-la-fft\/","title":{"rendered":"Procedimiento y arquitectura sin memoria para el c\u00e1lculo de las rotaciones de la FFT"},"content":{"rendered":"<h5>Descripci\u00f3n de la patente <\/h5>\n<p>Procedimiento y arquitectura que permiten calcular las rotaciones de cualquier FFT descompuesta seg\u00fan el algoritmo Cooley-Tukey, sin tener que recurrir a ning\u00fan dato previamente almacenado. Todos los \u00e1ngulos de rotaci\u00f3n que requieren las etapas de la FFT son generados a partir de un \u00fanico contador para toda la FFT, y utilizando un sencillo circuito compuesto por sumadores y puertas l\u00f3gicas. De esta forma se elimina la necesidad de almacenar datos relacionados con los \u00e1ngulos de rotaci\u00f3n, consiguiendo as\u00ed una importante reducci\u00f3n en el \u00e1rea de la FFT, especialmente para FFTs de muchos puntos.<br \/>\nAdem\u00e1s, las rotaciones se calculan empleando una modificaci\u00f3n del algoritmo CORDIC que permite simplificar los bloques de c\u00e1lculo de las microrrotaciones.<br \/>\nFinalmente, se presenta un sistema que utiliza \u00fanicamente dos restadores para  compensar el escalado propio del algoritmo CORDIC<\/p>\n<h5>Situaci\u00f3n <\/h5>\n<p>Concedida<\/p>\n<h5>N\u00famero de solicitud<\/h5>\n<p>P200700983<\/p>\n<h5>N\u00famero de publicaci\u00f3n<\/h5>\n<p>ES2283236<\/p>\n<h5>Fecha de presentaci\u00f3n <\/h5>\n<p>12\/04\/2007<\/p>\n<h5>Fecha de concesi\u00f3n <\/h5>\n<p>26\/02\/2008<\/p>\n<div class=\"pdfprnt-buttons pdfprnt-buttons-product pdfprnt-bottom-left\"><a href=\"https:\/\/www.upm.es\/recursosidi\/wp-json\/wp\/v2\/product\/8439?print=pdf\" class=\"pdfprnt-button pdfprnt-button-pdf\" target=\"_blank\"><span class=\"pdfprnt-button-title pdfprnt-button-pdf-title\">Descargar ficha<\/span><\/a><\/div>","protected":false},"excerpt":{"rendered":"<p>Descripci\u00f3n de la patente Procedimiento y arquitectura que permiten calcular las rotaciones de cualquier FFT descompuesta seg\u00fan el algoritmo Cooley-Tukey, sin tener que recurrir a&hellip;<\/p>\n","protected":false},"featured_media":0,"template":"","meta":{"_acf_changed":false},"product_cat":[3946],"product_tag":[],"comunidades-upm":[],"quien":[],"mapa":[],"disponibilidad":[],"donde":[{"term_id":642,"name":"Information Processing and Telecommunications Center (IPTC)","slug":"information-processing-and-telecommunications-center-iptc","term_group":0,"term_taxonomy_id":642,"taxonomy":"donde","description":"","parent":0,"count":74,"filter":"raw","term_order":"0"},{"term_id":440,"name":"Laboratorio de Sistemas Integrados (LSI)","slug":"laboratorio-de-sistemas-integrados-lsi","term_group":0,"term_taxonomy_id":440,"taxonomy":"donde","description":"La actividad del grupo cubre las diversas etapas que van desde la I+D hasta la innovaci&oacute;n, en un amplio espectro tem&aacute;tico, a fin de proporcionar soluciones tecnol&oacute;gicas en el &aacute;rea de los sistemas integrados. As&iacute;, las principales l&iacute;neas de investigaci&oacute;n son:\n&nbsp;\n\n<strong>Microelectr&oacute;nica<\/strong>: Dise&ntilde;o de circuitos tolerantes a variaciones (proceso, temperatura, tensi&oacute;n, envejecimiento, radiaci&oacute;n) y VLSI.\n<strong>Arquitecturas digitales<\/strong> espec&iacute;ficas de altas prestaciones y sobre plataformas reconfigurables (FPGAs). Aceleraci&oacute;n Hardware.\n<strong>Herramientas EDA<\/strong> para el dise&ntilde;o de sistemas electr&oacute;nicos.\nDise&ntilde;o de <strong>sistemas embebidos, redes de sensores inal&aacute;mbricos, radio cognitiva<\/strong> y aplicaciones con estas tecnolog&iacute;as, incluyendo optimizaci&oacute;n de prestaciones, seguridad y consumo energ&eacute;tico.\n<strong>Optimizaci&oacute;n energ&eacute;tica<\/strong> de centros de datos.\n","parent":0,"count":13,"filter":"raw","term_order":"0"},{"term_id":464,"name":"Microondas y Radar","slug":"microondas-y-radar","term_group":0,"term_taxonomy_id":464,"taxonomy":"donde","description":"Dise&ntilde;amos, fabricamos y evaluamos componentes, subsistemas y sistemas de radiocomunicaciones y radiodeterminaci&oacute;n trabajando hasta 300 GHz.\n&nbsp;\nNuestras <strong>l&iacute;neas de investigaci&oacute;n<\/strong> son:\n&nbsp;\n\nDise&ntilde;o, desarrollo y caracterizaci&oacute;n experimental de circuitos, subsistemas y sistemas de microondas, ondas milim&eacute;tricas y submilim&eacute;tricas.\nAn&aacute;lisis, simulaci&oacute;n, especificaci&oacute;n y evaluaci&oacute;n de sistemas radar y de radiocomunicaciones.\nAplicaciones de las t&eacute;cnicas y tecnolog&iacute;as de RF y proceso de se&ntilde;al al sector de la Defensa y la Seguridad: radares de vigilancia, sistemas IFF, radares imagen, formaci&oacute;n pasiva de im&aacute;genes, detecci&oacute;n de objetos ocultos, visi&oacute;n a trav&eacute;s de paredes, transmisores de estado s&oacute;lido, sensores de proximidad, guerra electr&oacute;nica, etc.\nAplicaciones de las t&eacute;cnicas y tecnolog&iacute;as de RF y proceso de se&ntilde;al a los sectores del Transporte y Espacio: equipos para sistemas de radionavegaci&oacute;n y control de tr&aacute;fico a&eacute;reo, GPS, sensores radar para carreteras inteligentes, transpondedores TT&amp;C, enlaces de datos para sistemas a&eacute;reos no tripulados (UAS), sistemas LTE en entornos ferroviarios y para posicionamiento en interiores, etc.\n","parent":0,"count":7,"filter":"raw","term_order":"0"}],"infraestructura":[],"ods":[],"origen":[{"term_id":180,"name":"Patente","slug":"patente","term_group":0,"term_taxonomy_id":180,"taxonomy":"origen","description":"","parent":0,"count":614,"filter":"raw","term_order":"0"}],"familia_tax":false,"quien_tax":false,"donde_tax":false,"year":"","contacto":"<strong>Principales: <\/strong><ul><li>JESUS GRAJAL DE LA FUENTE <blockquote><strong>jesus.grajal@upm.es<\/strong><\/blockquote><\/li><li>MARIO GARRIDO GALVEZ <blockquote><strong>mario.garrido@upm.es<\/strong><\/blockquote><\/li><\/ul><strong>Otros inventores UPM: <\/strong><ul><li>Mario Garrido<\/li><\/ul>","telefono":"","pagina_web":"","email":"","id_ficha_portal":"170","video":"","adjuntos":false,"adjuntos_portal":"https:\/\/www.upm.es\/S2i\/Acuse\/recuperarArchivo.jsp?id=170&id_archivo=190&tipo=patente&extension=fichero ","inf":false,"departamento":"","acf":[],"lang":"es","translation":{"es":8439},"_links":{"self":[{"href":"https:\/\/www.upm.es\/recursosidi\/wp-json\/wp\/v2\/product\/8439"}],"collection":[{"href":"https:\/\/www.upm.es\/recursosidi\/wp-json\/wp\/v2\/product"}],"about":[{"href":"https:\/\/www.upm.es\/recursosidi\/wp-json\/wp\/v2\/types\/product"}],"wp:attachment":[{"href":"https:\/\/www.upm.es\/recursosidi\/wp-json\/wp\/v2\/media?parent=8439"}],"wp:term":[{"taxonomy":"product_cat","embeddable":true,"href":"https:\/\/www.upm.es\/recursosidi\/wp-json\/wp\/v2\/product_cat?post=8439"},{"taxonomy":"product_tag","embeddable":true,"href":"https:\/\/www.upm.es\/recursosidi\/wp-json\/wp\/v2\/product_tag?post=8439"},{"taxonomy":"comunidad_upm","embeddable":true,"href":"https:\/\/www.upm.es\/recursosidi\/wp-json\/wp\/v2\/comunidades-upm?post=8439"},{"taxonomy":"quien","embeddable":true,"href":"https:\/\/www.upm.es\/recursosidi\/wp-json\/wp\/v2\/quien?post=8439"},{"taxonomy":"mapa","embeddable":true,"href":"https:\/\/www.upm.es\/recursosidi\/wp-json\/wp\/v2\/mapa?post=8439"},{"taxonomy":"disponibilidad","embeddable":true,"href":"https:\/\/www.upm.es\/recursosidi\/wp-json\/wp\/v2\/disponibilidad?post=8439"},{"taxonomy":"donde","embeddable":true,"href":"https:\/\/www.upm.es\/recursosidi\/wp-json\/wp\/v2\/donde?post=8439"},{"taxonomy":"infraestructura","embeddable":true,"href":"https:\/\/www.upm.es\/recursosidi\/wp-json\/wp\/v2\/infraestructura?post=8439"},{"taxonomy":"ods","embeddable":true,"href":"https:\/\/www.upm.es\/recursosidi\/wp-json\/wp\/v2\/ods?post=8439"},{"taxonomy":"origen","embeddable":true,"href":"https:\/\/www.upm.es\/recursosidi\/wp-json\/wp\/v2\/origen?post=8439"}],"curies":[{"name":"wp","href":"https:\/\/api.w.org\/{rel}","templated":true}]}}