{"id":8441,"date":"2021-11-25T14:07:43","date_gmt":"2021-11-25T13:07:43","guid":{"rendered":"https:\/\/www.upm.es\/recursosidi\/offers-resources\/sin categor\u00eda\/vierteaguas-con-adecuacion-de-su-derrame-para-proteger-los-huecos-de-edificios-y-su-interior-de-la-radiacion-solar-directa-reflejada-desde-su-superficie\/"},"modified":"2022-08-10T02:05:32","modified_gmt":"2022-08-10T00:05:32","slug":"vierteaguas-con-adecuacion-de-su-derrame-para-proteger-los-huecos-de-edificios-y-su-interior-de-la-radiacion-solar-directa-reflejada-desde-su-superficie","status":"publish","type":"product","link":"https:\/\/www.upm.es\/recursosidi\/offers-resources\/patentes\/vierteaguas-con-adecuacion-de-su-derrame-para-proteger-los-huecos-de-edificios-y-su-interior-de-la-radiacion-solar-directa-reflejada-desde-su-superficie\/","title":{"rendered":"Vierteaguas con adecuaci\u00f3n de su derrame para proteger los huecos de edificios y su interior de la radiaci\u00f3n solar directa reflejada desde su superficie"},"content":{"rendered":"<h5>Descripci\u00f3n de la patente <\/h5>\n<p>Se trata de un vierteaguas que funciona como un sistema pasivo, ecoeficiente y sostenible para la optimizaci\u00f3n y aprovechamiento de recursos arquitect\u00f3nicos, mediante adecuaci\u00f3n de las pendientes de planos inclinados, sustituyendo su funci\u00f3n de vierteaguas pluviales y convirti\u00e9ndolas en superficies reflectoras de la radiaci\u00f3n solar directa indeseable, destinadas a contribuir al bajo consumo energ\u00e9tico durante los meses de calor en edificaci\u00f3n masiva. Escuda al interior de la incidencia solar y reduce el tr\u00e1nsito de energ\u00eda por huecos de cerramiento, disminuyendo la ganancia de calor, acumulaci\u00f3n y penetraci\u00f3n por conducci\u00f3n y radiaci\u00f3n reflejada, suprimiendo un tradicional puente t\u00e9rmico.<\/p>\n<h5>Situaci\u00f3n <\/h5>\n<p>Concedida<\/p>\n<h5>N\u00famero de solicitud<\/h5>\n<p>P200701255<\/p>\n<h5>N\u00famero de publicaci\u00f3n<\/h5>\n<p>ES2292368<\/p>\n<h5>Fecha de presentaci\u00f3n <\/h5>\n<p>09\/05\/2007<\/p>\n<h5>Fecha de concesi\u00f3n <\/h5>\n<p>01\/09\/2008<\/p>\n<div class=\"pdfprnt-buttons pdfprnt-buttons-product pdfprnt-bottom-left\"><a href=\"https:\/\/www.upm.es\/recursosidi\/wp-json\/wp\/v2\/product\/8441?print=pdf\" class=\"pdfprnt-button pdfprnt-button-pdf\" target=\"_blank\"><span class=\"pdfprnt-button-title pdfprnt-button-pdf-title\">Descargar ficha<\/span><\/a><\/div>","protected":false},"excerpt":{"rendered":"<p>Descripci\u00f3n de la patente Se trata de un vierteaguas que funciona como un sistema pasivo, ecoeficiente y sostenible para la optimizaci\u00f3n y aprovechamiento de recursos&hellip;<\/p>\n","protected":false},"featured_media":0,"template":"","meta":{"_acf_changed":false},"product_cat":[3946],"product_tag":[],"comunidades-upm":[],"quien":[],"mapa":[],"disponibilidad":[],"donde":[{"term_id":42,"name":"UPM","slug":"upm","term_group":0,"term_taxonomy_id":42,"taxonomy":"donde","description":"Universidad Polit\u00e9cnica de Madrid\r\nHTML \"Lorem ipsum dolor sit amet, consectetur adipiscing elit, sed do eiusmod tempor incididunt ut labore et dolore magna aliqua. Ut enim ad minim veniam, quis nostrud exercitation ullamco laboris nisi ut aliquip ex ea commodo consequat. Duis aute irure dolor in reprehenderit in voluptate velit esse cillum dolore eu fugiat nulla pariatur. Excepteur sint occaecat cupidatat non proident, sunt in culpa qui officia deserunt mollit anim id est laborum.\"","parent":0,"count":146,"filter":"raw","term_order":"0"}],"infraestructura":[],"ods":[],"origen":[{"term_id":180,"name":"Patente","slug":"patente","term_group":0,"term_taxonomy_id":180,"taxonomy":"origen","description":"","parent":0,"count":614,"filter":"raw","term_order":"0"}],"familia_tax":false,"quien_tax":false,"donde_tax":false,"year":"","contacto":"<ul><li><blockquote><strong>otri.investigacion@upm.es<\/strong><\/blockquote><\/li><\/ul>","telefono":"","pagina_web":"","email":"","id_ficha_portal":"173","video":"","adjuntos":false,"adjuntos_portal":"https:\/\/www.upm.es\/S2i\/Acuse\/recuperarArchivo.jsp?id=173&id_archivo=349&tipo=patente&extension=fichero ","inf":false,"departamento":"","acf":[],"lang":"es","translation":{"es":8441},"_links":{"self":[{"href":"https:\/\/www.upm.es\/recursosidi\/wp-json\/wp\/v2\/product\/8441"}],"collection":[{"href":"https:\/\/www.upm.es\/recursosidi\/wp-json\/wp\/v2\/product"}],"about":[{"href":"https:\/\/www.upm.es\/recursosidi\/wp-json\/wp\/v2\/types\/product"}],"wp:attachment":[{"href":"https:\/\/www.upm.es\/recursosidi\/wp-json\/wp\/v2\/media?parent=8441"}],"wp:term":[{"taxonomy":"product_cat","embeddable":true,"href":"https:\/\/www.upm.es\/recursosidi\/wp-json\/wp\/v2\/product_cat?post=8441"},{"taxonomy":"product_tag","embeddable":true,"href":"https:\/\/www.upm.es\/recursosidi\/wp-json\/wp\/v2\/product_tag?post=8441"},{"taxonomy":"comunidad_upm","embeddable":true,"href":"https:\/\/www.upm.es\/recursosidi\/wp-json\/wp\/v2\/comunidades-upm?post=8441"},{"taxonomy":"quien","embeddable":true,"href":"https:\/\/www.upm.es\/recursosidi\/wp-json\/wp\/v2\/quien?post=8441"},{"taxonomy":"mapa","embeddable":true,"href":"https:\/\/www.upm.es\/recursosidi\/wp-json\/wp\/v2\/mapa?post=8441"},{"taxonomy":"disponibilidad","embeddable":true,"href":"https:\/\/www.upm.es\/recursosidi\/wp-json\/wp\/v2\/disponibilidad?post=8441"},{"taxonomy":"donde","embeddable":true,"href":"https:\/\/www.upm.es\/recursosidi\/wp-json\/wp\/v2\/donde?post=8441"},{"taxonomy":"infraestructura","embeddable":true,"href":"https:\/\/www.upm.es\/recursosidi\/wp-json\/wp\/v2\/infraestructura?post=8441"},{"taxonomy":"ods","embeddable":true,"href":"https:\/\/www.upm.es\/recursosidi\/wp-json\/wp\/v2\/ods?post=8441"},{"taxonomy":"origen","embeddable":true,"href":"https:\/\/www.upm.es\/recursosidi\/wp-json\/wp\/v2\/origen?post=8441"}],"curies":[{"name":"wp","href":"https:\/\/api.w.org\/{rel}","templated":true}]}}