{"id":8445,"date":"2021-11-25T14:07:53","date_gmt":"2021-11-25T13:07:53","guid":{"rendered":"https:\/\/www.upm.es\/recursosidi\/offers-resources\/sin categor\u00eda\/utilizacion-de-las-cepas-bacterianas-del-genero-de-las-pseudomonas-pch3-y-gch1-para-la-biorestauracion-de-suelos-y-purificacion-de-aguas-contaminados-por-herbicidas-del-grupo-de-las-acetamidas\/"},"modified":"2021-11-25T14:07:53","modified_gmt":"2021-11-25T13:07:53","slug":"utilizacion-de-las-cepas-bacterianas-del-genero-de-las-pseudomonas-pch3-y-gch1-para-la-biorestauracion-de-suelos-y-purificacion-de-aguas-contaminados-por-herbicidas-del-grupo-de-las-acetamidas","status":"publish","type":"product","link":"https:\/\/www.upm.es\/recursosidi\/offers-resources\/patentes\/utilizacion-de-las-cepas-bacterianas-del-genero-de-las-pseudomonas-pch3-y-gch1-para-la-biorestauracion-de-suelos-y-purificacion-de-aguas-contaminados-por-herbicidas-del-grupo-de-las-acetamidas\/","title":{"rendered":"Utilizaci\u00f3n de las cepas bacterianas del g\u00e9nero de las Pseudomonas PCH3 y GCH1 para la biorestauraci\u00f3n de suelos y purificaci\u00f3n de aguas contaminados por herbicidas del grupo de las acetamidas"},"content":{"rendered":"<h5>Descripci\u00f3n de la patente <\/h5>\n<p>La utilizaci\u00f3n de la cepas bacterianas del g\u00e9nero Pseudomonas PCH3 y GCH1 para la biorrestauraci\u00f3n de suleos y purificaci\u00f3n de aguas, contaminadas por herbicidas del grupo de las acetamidas, constituye un m\u00e9todo biotecnol\u00f3gico susceptible de ser empleado en la restauraci\u00f3n de suelos y aguas contaminadas con acetamidas y derivados arom\u00e1ticos, procedentes de la actividad agr\u00edcola y\/o industrial. estas cepas bacterianas han demostrado su capacidad para degradar estos compuestosorg\u00e1nicos. Su utilizaci\u00f3n en t\u00e9cnicas de biorrestauraci\u00f3n &#8220;in situ&#8221;, al ser inoculadas en el suelo contaminado, o &#8220;ex situ&#8221;, inmovilizadas sobre soportes s\u00f3lidos, como biocatalizadores de un reactor, constituyen una alternativa, o bien una etapa final, a los m\u00e9todos fisicoqu\u00edmicos que se emplean actualmente.<\/p>\n<h5>N\u00famero de solicitud<\/h5>\n<p>P9501444<\/p>\n<h5>N\u00famero de publicaci\u00f3n<\/h5>\n<p>ES2095193<\/p>\n<h5>Fecha de presentaci\u00f3n <\/h5>\n<p>18\/07\/1995<\/p>\n<h5>Fecha de concesi\u00f3n <\/h5>\n<p>04\/08\/1997<\/p>\n<div class=\"pdfprnt-buttons pdfprnt-buttons-product pdfprnt-bottom-left\"><a href=\"https:\/\/www.upm.es\/recursosidi\/wp-json\/wp\/v2\/product\/8445?print=pdf\" class=\"pdfprnt-button pdfprnt-button-pdf\" target=\"_blank\"><span class=\"pdfprnt-button-title pdfprnt-button-pdf-title\">Descargar ficha<\/span><\/a><\/div>","protected":false},"excerpt":{"rendered":"<p>Descripci\u00f3n de la patente La utilizaci\u00f3n de la cepas bacterianas del g\u00e9nero Pseudomonas PCH3 y GCH1 para la biorrestauraci\u00f3n de suleos y purificaci\u00f3n de aguas,&hellip;<\/p>\n","protected":false},"featured_media":0,"template":"","meta":{"_acf_changed":false},"product_cat":[3946],"product_tag":[],"comunidades-upm":[],"quien":[],"mapa":[],"disponibilidad":[],"donde":[{"term_id":316,"name":"Grupo de Sistemas Complejos","slug":"grupo-de-sistemas-complejos","term_group":0,"term_taxonomy_id":316,"taxonomy":"donde","description":"El GSC tiene amplia experiencia en &aacute;reas relacionadas con sistemas complejos, tratamiento de datos masivos, din&aacute;mica no lineal y caos, y es de car&aacute;cter fuertemente interdisciplinar, investigando en &aacute;reas tan variadas como la f&iacute;sica, matem&aacute;ticas, &oacute;ptica, sociolog&iacute;a, medicina, biolog&iacute;a y agroambiental.\n&nbsp;\nEl trabajo que realizamos se centra en las siguientes<strong> l&iacute;neas de investigaci&oacute;n<\/strong>:\n\n<strong>Redes complejas: <\/strong>Modelizaci&oacute;n y estudio del comportamiento de diversos sistemas complejos. Interacciones mutualistas en redes ecol&oacute;gicas, an&aacute;lisis del comportamiento humano en redes sociales (Twitter), movilidad y actividades econ&oacute;micas. Aplicaciones a la cooperaci&oacute;n y el desarrollo en la agricultura.\n<strong>Big Data:<\/strong> Tratamiento, an&aacute;lisis y modelizaci&oacute;n de datos masivos procedentes de redes sociales, de telefon&iacute;a m&oacute;vil, de transporte, del &aacute;rea de la salud, agronom&iacute;a, sensores, smart cities, etc.\n<strong>Aut&oacute;matas Celulares<\/strong>: Estudio de sistemas discretos en todas sus componentes, estructurados espacialmente y con din&aacute;mica sincronizada.\n<strong>Caos Cl&aacute;sico y Cu&aacute;ntico: <\/strong>Leyes de escala y an&aacute;lisis del caos. Estudio de las manifestaciones cu&aacute;nticas de sistemas con din&aacute;mica cl&aacute;sica ca&oacute;tica.\n<strong>Din&aacute;mica No Lineal de Sistemas Continuos<\/strong>: Estudio de la din&aacute;mica no lineal de sistemas distribuidos, como solitones o fen&oacute;menos de inestabilidad, con aplicaci&oacute;n a la &oacute;ptica no lineal y fluidos complejos.\n","parent":0,"count":3,"filter":"raw","term_order":"0"}],"infraestructura":[],"ods":[],"origen":[{"term_id":180,"name":"Patente","slug":"patente","term_group":0,"term_taxonomy_id":180,"taxonomy":"origen","description":"","parent":0,"count":614,"filter":"raw","term_order":"0"}],"familia_tax":false,"quien_tax":false,"donde_tax":false,"year":"","contacto":"<strong>Principales: <\/strong><ul><li>RAMON ALONSO SANZ <blockquote><strong>ramon.alonso@upm.es<\/strong><\/blockquote><\/li><\/ul><strong>Otros inventores: <\/strong><ul><li>Javier Fern\u00e1ndez Alvarez Universidad Complutense de Madrid (UCM)<\/li> <li>GerardoMengs Gonz\u00e1lez Universidad Complutense de Madrid (UCM)<\/li> <li>VicenteG\u00f3mez y Miguel <blockquote><strong>Tlf: 5690<\/strong><\/blockquote> Universidad Complutense de Madrid (UCM)<\/li> <li>MargaritaMart\u00edn Fern\u00e1ndez <blockquote><strong>Tlf:394 \/ 3823<\/strong><\/blockquote> Universidad Complutense de Madrid (UCM)<\/li> <li>EstrellaFerrez Mu\u00f1\u00f3z Universidad Complutense de Madrid (UCM)<\/li> <\/ul>","telefono":"","pagina_web":"","email":"","id_ficha_portal":"220","video":"","adjuntos":false,"adjuntos_portal":"","inf":false,"departamento":"","acf":[],"lang":"es","translation":{"es":8445},"_links":{"self":[{"href":"https:\/\/www.upm.es\/recursosidi\/wp-json\/wp\/v2\/product\/8445"}],"collection":[{"href":"https:\/\/www.upm.es\/recursosidi\/wp-json\/wp\/v2\/product"}],"about":[{"href":"https:\/\/www.upm.es\/recursosidi\/wp-json\/wp\/v2\/types\/product"}],"wp:attachment":[{"href":"https:\/\/www.upm.es\/recursosidi\/wp-json\/wp\/v2\/media?parent=8445"}],"wp:term":[{"taxonomy":"product_cat","embeddable":true,"href":"https:\/\/www.upm.es\/recursosidi\/wp-json\/wp\/v2\/product_cat?post=8445"},{"taxonomy":"product_tag","embeddable":true,"href":"https:\/\/www.upm.es\/recursosidi\/wp-json\/wp\/v2\/product_tag?post=8445"},{"taxonomy":"comunidad_upm","embeddable":true,"href":"https:\/\/www.upm.es\/recursosidi\/wp-json\/wp\/v2\/comunidades-upm?post=8445"},{"taxonomy":"quien","embeddable":true,"href":"https:\/\/www.upm.es\/recursosidi\/wp-json\/wp\/v2\/quien?post=8445"},{"taxonomy":"mapa","embeddable":true,"href":"https:\/\/www.upm.es\/recursosidi\/wp-json\/wp\/v2\/mapa?post=8445"},{"taxonomy":"disponibilidad","embeddable":true,"href":"https:\/\/www.upm.es\/recursosidi\/wp-json\/wp\/v2\/disponibilidad?post=8445"},{"taxonomy":"donde","embeddable":true,"href":"https:\/\/www.upm.es\/recursosidi\/wp-json\/wp\/v2\/donde?post=8445"},{"taxonomy":"infraestructura","embeddable":true,"href":"https:\/\/www.upm.es\/recursosidi\/wp-json\/wp\/v2\/infraestructura?post=8445"},{"taxonomy":"ods","embeddable":true,"href":"https:\/\/www.upm.es\/recursosidi\/wp-json\/wp\/v2\/ods?post=8445"},{"taxonomy":"origen","embeddable":true,"href":"https:\/\/www.upm.es\/recursosidi\/wp-json\/wp\/v2\/origen?post=8445"}],"curies":[{"name":"wp","href":"https:\/\/api.w.org\/{rel}","templated":true}]}}