{"id":8446,"date":"2021-11-25T14:07:55","date_gmt":"2021-11-25T13:07:55","guid":{"rendered":"https:\/\/www.upm.es\/recursosidi\/offers-resources\/sin categor\u00eda\/sistema-sensor-autoalimentado-fotovoltaicamente-e-integrado-para-telemedida-de-parametros-fisicos-y-quimicos-a-traves-de-canales-opticos\/"},"modified":"2022-08-10T02:05:46","modified_gmt":"2022-08-10T00:05:46","slug":"sistema-sensor-autoalimentado-fotovoltaicamente-e-integrado-para-telemedida-de-parametros-fisicos-y-quimicos-a-traves-de-canales-opticos","status":"publish","type":"product","link":"https:\/\/www.upm.es\/recursosidi\/offers-resources\/patentes\/sistema-sensor-autoalimentado-fotovoltaicamente-e-integrado-para-telemedida-de-parametros-fisicos-y-quimicos-a-traves-de-canales-opticos\/","title":{"rendered":"Sistema sensor autoalimentado fotovoltaicamente e integrado para telemedida de par\u00e1metros f\u00edsicos y qu\u00edmicos a trav\u00e9s de canales \u00f3pticos"},"content":{"rendered":"<h5>Descripci\u00f3n de la patente <\/h5>\n<p>Se refiere a un nuevo sistema sensor para telemedida de par\u00e1metros f\u00edsicos y qu\u00edmicos a trav\u00e9s de canales \u00f3pticos que se autoalimentan mediante conversores fotovoltaicos integrados en el propio sistema. Consta de una unidad sensora que incluye el conversor fotovoltaico, un canal de transmisi\u00f3n y un puesto de control. la autoalimentaci\u00f3n se realiza en la propia unidad sensora gracias a la transformaci\u00f3n en electricidad de la luz que recibe el conversor fotovoltaico. esta situaci\u00f3n permite que la cabeza sensora se ubique en el lugar que se desee, con absoluta independencia de la distancia al puesto de control o a alguna toma de energ\u00eda el\u00e9ctrica; tampoco pr&gt;ecisa bater\u00edas. Junto con la autoalimentaci\u00f3n, la otra caracter\u00edstica de la presente Patente es la integraci\u00f3n. esta pretende que el conversor fotovoltaico se construya de forma monol\u00edtica (o mediante otra tecnolog\u00eda) junto con alguna parte (o todas) de la cabeza sensora como, por ejemplo, el propio sensor, el emisor de datos hacia el puesto de control e incluso su electr\u00f3nica asociada.<\/p>\n<h5>N\u00famero de solicitud<\/h5>\n<p>P9600152<\/p>\n<h5>N\u00famero de publicaci\u00f3n<\/h5>\n<p>ES2117939<\/p>\n<h5>Fecha de presentaci\u00f3n <\/h5>\n<p>24\/01\/1996<\/p>\n<h5>Fecha de concesi\u00f3n <\/h5>\n<p>25\/01\/1999<\/p>\n<div class=\"pdfprnt-buttons pdfprnt-buttons-product pdfprnt-bottom-left\"><a href=\"https:\/\/www.upm.es\/recursosidi\/wp-json\/wp\/v2\/product\/8446?print=pdf\" class=\"pdfprnt-button pdfprnt-button-pdf\" target=\"_blank\"><span class=\"pdfprnt-button-title pdfprnt-button-pdf-title\">Descargar ficha<\/span><\/a><\/div>","protected":false},"excerpt":{"rendered":"<p>Descripci\u00f3n de la patente Se refiere a un nuevo sistema sensor para telemedida de par\u00e1metros f\u00edsicos y qu\u00edmicos a trav\u00e9s de canales \u00f3pticos que se&hellip;<\/p>\n","protected":false},"featured_media":0,"template":"","meta":{"_acf_changed":false},"product_cat":[3946],"product_tag":[],"comunidades-upm":[],"quien":[],"mapa":[],"disponibilidad":[],"donde":[{"term_id":236,"name":"Instituto de Energ\u00eda Solar (IES)","slug":"instituto-de-energia-solar-ies","term_group":0,"term_taxonomy_id":236,"taxonomy":"donde","description":"","parent":0,"count":41,"filter":"raw","term_order":"0"},{"term_id":428,"name":"Semiconductores III-V","slug":"semiconductores-iii-v","term_group":0,"term_taxonomy_id":428,"taxonomy":"donde","description":"","parent":0,"count":6,"filter":"raw","term_order":"0"}],"infraestructura":[],"ods":[],"origen":[{"term_id":180,"name":"Patente","slug":"patente","term_group":0,"term_taxonomy_id":180,"taxonomy":"origen","description":"","parent":0,"count":614,"filter":"raw","term_order":"0"}],"familia_tax":false,"quien_tax":false,"donde_tax":false,"year":"","contacto":"<strong>Principales: <\/strong><ul><li>CARLOS ALGORA DEL VALLE <blockquote><strong>carlos.algora@upm.es<\/strong><\/blockquote><\/li><li>MANUEL LOPEZ-AMO Y SAINZ <blockquote><strong><\/strong><\/blockquote><\/li><li>JOSE MIGUEL LOPEZ HIGUERA <blockquote><strong><\/strong><\/blockquote><\/li><\/ul>","telefono":"","pagina_web":"","email":"","id_ficha_portal":"222","video":"","adjuntos":false,"adjuntos_portal":"","inf":false,"departamento":"","acf":[],"lang":"es","translation":{"es":8446},"_links":{"self":[{"href":"https:\/\/www.upm.es\/recursosidi\/wp-json\/wp\/v2\/product\/8446"}],"collection":[{"href":"https:\/\/www.upm.es\/recursosidi\/wp-json\/wp\/v2\/product"}],"about":[{"href":"https:\/\/www.upm.es\/recursosidi\/wp-json\/wp\/v2\/types\/product"}],"wp:attachment":[{"href":"https:\/\/www.upm.es\/recursosidi\/wp-json\/wp\/v2\/media?parent=8446"}],"wp:term":[{"taxonomy":"product_cat","embeddable":true,"href":"https:\/\/www.upm.es\/recursosidi\/wp-json\/wp\/v2\/product_cat?post=8446"},{"taxonomy":"product_tag","embeddable":true,"href":"https:\/\/www.upm.es\/recursosidi\/wp-json\/wp\/v2\/product_tag?post=8446"},{"taxonomy":"comunidad_upm","embeddable":true,"href":"https:\/\/www.upm.es\/recursosidi\/wp-json\/wp\/v2\/comunidades-upm?post=8446"},{"taxonomy":"quien","embeddable":true,"href":"https:\/\/www.upm.es\/recursosidi\/wp-json\/wp\/v2\/quien?post=8446"},{"taxonomy":"mapa","embeddable":true,"href":"https:\/\/www.upm.es\/recursosidi\/wp-json\/wp\/v2\/mapa?post=8446"},{"taxonomy":"disponibilidad","embeddable":true,"href":"https:\/\/www.upm.es\/recursosidi\/wp-json\/wp\/v2\/disponibilidad?post=8446"},{"taxonomy":"donde","embeddable":true,"href":"https:\/\/www.upm.es\/recursosidi\/wp-json\/wp\/v2\/donde?post=8446"},{"taxonomy":"infraestructura","embeddable":true,"href":"https:\/\/www.upm.es\/recursosidi\/wp-json\/wp\/v2\/infraestructura?post=8446"},{"taxonomy":"ods","embeddable":true,"href":"https:\/\/www.upm.es\/recursosidi\/wp-json\/wp\/v2\/ods?post=8446"},{"taxonomy":"origen","embeddable":true,"href":"https:\/\/www.upm.es\/recursosidi\/wp-json\/wp\/v2\/origen?post=8446"}],"curies":[{"name":"wp","href":"https:\/\/api.w.org\/{rel}","templated":true}]}}