{"id":8447,"date":"2021-11-25T14:07:58","date_gmt":"2021-11-25T13:07:58","guid":{"rendered":"https:\/\/www.upm.es\/recursosidi\/offers-resources\/sin categor\u00eda\/sistema-de-seguridad-para-acceso-identificacion-y-control-de-presencia-en-viviendas-locales-y-superficies-comerciales-que-puede-realizar-transacciones-electronicas-mediante-tarjeta-inteligente\/"},"modified":"2022-08-10T02:05:49","modified_gmt":"2022-08-10T00:05:49","slug":"sistema-de-seguridad-para-acceso-identificacion-y-control-de-presencia-en-viviendas-locales-y-superficies-comerciales-que-puede-realizar-transacciones-electronicas-mediante-tarjeta-inteligente","status":"publish","type":"product","link":"https:\/\/www.upm.es\/recursosidi\/offers-resources\/patentes\/sistema-de-seguridad-para-acceso-identificacion-y-control-de-presencia-en-viviendas-locales-y-superficies-comerciales-que-puede-realizar-transacciones-electronicas-mediante-tarjeta-inteligente\/","title":{"rendered":"Sistema de seguridad para acceso, identificaci\u00f3n y control de presencia en viviendas, locales y superficies comerciales, que puede realizar transacciones electr\u00f3nicas mediante tarjeta inteligente"},"content":{"rendered":"<h5>Descripci\u00f3n de la patente <\/h5>\n<p>Sistema de seguridad para acceso, identificaci\u00f3n y control de presencia en viviendas, locales, y superficies comerciales, que puede realizar transacciones electr\u00f3nicas mediante tarjeta inteligente. El sistema cubre el control de acceso de personas a recintos, su identificaci\u00f3n, su control de presencia y su seguimiento de movimientos. Cubre asimisomo la realizaci\u00f3n de transacciones electr\u00f3nicas, tanto normalizadas (dinero electr\u00f3nico oficial) como no normalizadas (dinero propio o trueque). este sistema es aplicable para viviendas, locales y superficies comerciales. Cada usuario dispone de una \u00fanica tarjeta inteligente personal que tiene grabada en el circuito integrado , adem\u00e1s de informaci\u00f3n gr\u00e1fica, tendr\u00e1 grabada toda la informaci\u00f3n necesaria para el uso de los sitemas a los que tenga acceso. Asimismo, la tarjeta puede incorporar otros soportes de almacenamiento de informaci\u00f3n complementaria, tanto magn\u00e9ticos como \u00f3pticos. Tiene aplicaci\u00f3n en el \u00e1rea indusdtrial de sistemas de seguridad t en el \u00e1rea dom\u00f3tica.<\/p>\n<h5>N\u00famero de solicitud<\/h5>\n<p>P9600877<\/p>\n<h5>N\u00famero de publicaci\u00f3n<\/h5>\n<p>ES2114488<\/p>\n<h5>Fecha de presentaci\u00f3n <\/h5>\n<p>18\/04\/1996<\/p>\n<h5>Fecha de concesi\u00f3n <\/h5>\n<p>03\/11\/1998<\/p>\n<div class=\"pdfprnt-buttons pdfprnt-buttons-product pdfprnt-bottom-left\"><a href=\"https:\/\/www.upm.es\/recursosidi\/wp-json\/wp\/v2\/product\/8447?print=pdf\" class=\"pdfprnt-button pdfprnt-button-pdf\" target=\"_blank\"><span class=\"pdfprnt-button-title pdfprnt-button-pdf-title\">Descargar ficha<\/span><\/a><\/div>","protected":false},"excerpt":{"rendered":"<p>Descripci\u00f3n de la patente Sistema de seguridad para acceso, identificaci\u00f3n y control de presencia en viviendas, locales, y superficies comerciales, que puede realizar transacciones electr\u00f3nicas&hellip;<\/p>\n","protected":false},"featured_media":0,"template":"","meta":{"_acf_changed":false},"product_cat":[3946],"product_tag":[],"comunidades-upm":[],"quien":[],"mapa":[],"disponibilidad":[],"donde":[{"term_id":646,"name":"B105 Electronic Systems Lab","slug":"b105-electronic-systems-lab","term_group":0,"term_taxonomy_id":646,"taxonomy":"donde","description":"Exploraci&oacute;n de las sinergias entre hardware y software para optimizar el dise&ntilde;o (prestaciones, seguridad, consumo energ&eacute;tico, QoS) en sistemas embebidos.\n&nbsp;\nDise&ntilde;o a nivel de sistema, consumo energ&eacute;tico, radio cognitiva, optimizaci&oacute;n &ldquo;cross-layer&rdquo;, protocolos de comunicaci&oacute;n y dise&ntilde;o &ldquo;context-aware&rdquo; para Redes de Sensores Inal&aacute;mbricos (WSN).\n&nbsp;\nDise&ntilde;o de sistemas integrados para aplicaciones espec&iacute;ficas (sensores, comunicaciones, procesado e interfaces).\n&nbsp;\nNuestra principal habilidad son las pruebas de concepto y simulaciones, microcontroladores, transceptores y dispositivos cognitivos, dise&ntilde;o de sistemas electr&oacute;nicos, dise&ntilde;o de protocolos de comunicaci&oacute;n,&nbsp; integraci&oacute;n de sensores y actuadores y realizaci&oacute;n de aplicaciones (salud, obra civil, seguridad y defensa, &nbsp;etc.).","parent":0,"count":4,"filter":"raw","term_order":"0"}],"infraestructura":[],"ods":[],"origen":[{"term_id":180,"name":"Patente","slug":"patente","term_group":0,"term_taxonomy_id":180,"taxonomy":"origen","description":"","parent":0,"count":614,"filter":"raw","term_order":"0"}],"familia_tax":false,"quien_tax":false,"donde_tax":false,"year":"","contacto":"<strong>Principales: <\/strong><ul><li>OCTAVIO NIETO-TALADRIZ GARCIA <blockquote><strong>octavio.nieto-taladriz@upm.es<\/strong><\/blockquote><\/li><\/ul><strong>Otros inventores UPM: <\/strong><ul><li>Fenoll,Enrique<\/li><\/ul>","telefono":"","pagina_web":"","email":"","id_ficha_portal":"224","video":"","adjuntos":false,"adjuntos_portal":"","inf":false,"departamento":"","acf":[],"lang":"es","translation":{"es":8447},"_links":{"self":[{"href":"https:\/\/www.upm.es\/recursosidi\/wp-json\/wp\/v2\/product\/8447"}],"collection":[{"href":"https:\/\/www.upm.es\/recursosidi\/wp-json\/wp\/v2\/product"}],"about":[{"href":"https:\/\/www.upm.es\/recursosidi\/wp-json\/wp\/v2\/types\/product"}],"wp:attachment":[{"href":"https:\/\/www.upm.es\/recursosidi\/wp-json\/wp\/v2\/media?parent=8447"}],"wp:term":[{"taxonomy":"product_cat","embeddable":true,"href":"https:\/\/www.upm.es\/recursosidi\/wp-json\/wp\/v2\/product_cat?post=8447"},{"taxonomy":"product_tag","embeddable":true,"href":"https:\/\/www.upm.es\/recursosidi\/wp-json\/wp\/v2\/product_tag?post=8447"},{"taxonomy":"comunidad_upm","embeddable":true,"href":"https:\/\/www.upm.es\/recursosidi\/wp-json\/wp\/v2\/comunidades-upm?post=8447"},{"taxonomy":"quien","embeddable":true,"href":"https:\/\/www.upm.es\/recursosidi\/wp-json\/wp\/v2\/quien?post=8447"},{"taxonomy":"mapa","embeddable":true,"href":"https:\/\/www.upm.es\/recursosidi\/wp-json\/wp\/v2\/mapa?post=8447"},{"taxonomy":"disponibilidad","embeddable":true,"href":"https:\/\/www.upm.es\/recursosidi\/wp-json\/wp\/v2\/disponibilidad?post=8447"},{"taxonomy":"donde","embeddable":true,"href":"https:\/\/www.upm.es\/recursosidi\/wp-json\/wp\/v2\/donde?post=8447"},{"taxonomy":"infraestructura","embeddable":true,"href":"https:\/\/www.upm.es\/recursosidi\/wp-json\/wp\/v2\/infraestructura?post=8447"},{"taxonomy":"ods","embeddable":true,"href":"https:\/\/www.upm.es\/recursosidi\/wp-json\/wp\/v2\/ods?post=8447"},{"taxonomy":"origen","embeddable":true,"href":"https:\/\/www.upm.es\/recursosidi\/wp-json\/wp\/v2\/origen?post=8447"}],"curies":[{"name":"wp","href":"https:\/\/api.w.org\/{rel}","templated":true}]}}