{"id":8448,"date":"2021-11-25T14:08:00","date_gmt":"2021-11-25T13:08:00","guid":{"rendered":"https:\/\/www.upm.es\/recursosidi\/offers-resources\/sin categor\u00eda\/diseno-y-procedimiento-de-un-sistema-electronico-controlado-por-ordenador-para-la-realizacion-de-audiometrias-aereas-con-tonos-puros-de-forma-manual-y-automatica\/"},"modified":"2022-08-10T02:05:52","modified_gmt":"2022-08-10T00:05:52","slug":"diseno-y-procedimiento-de-un-sistema-electronico-controlado-por-ordenador-para-la-realizacion-de-audiometrias-aereas-con-tonos-puros-de-forma-manual-y-automatica","status":"publish","type":"product","link":"https:\/\/www.upm.es\/recursosidi\/offers-resources\/patentes\/diseno-y-procedimiento-de-un-sistema-electronico-controlado-por-ordenador-para-la-realizacion-de-audiometrias-aereas-con-tonos-puros-de-forma-manual-y-automatica\/","title":{"rendered":"Dise\u00f1o y procedimiento de un sistema electr\u00f3nico controlado por ordenador, para la realizaci\u00f3n de audiometrias aereas con tonos puros de forma manual y autom\u00e1tica."},"content":{"rendered":"<h5>Descripci\u00f3n de la patente <\/h5>\n<p>Se trata de un aparato electr\u00f3nico, basado en DSPs, que se conecta a un ordenador personal, El dispositivo interpreta las \u00f3rdenes que le llegan del ordenador para generar las se\u00f1ales audiol\u00f3gicas de la frecuencia y nivel precisos, actuando sobre un atenuador calibrado. Todo el proceso de operatividad se realiza desde un ordenador personal que se comunica con el dispositivo v\u00eda RS 232.<br \/>\nEl aparato permite realizar audiometr\u00edas a\u00e9reas con tonos puros, cumpliendo las especificaciones t\u00e9cnicas y de procedimiento exigibles a los audi\u00f3metros de tipo IV seg\u00fan la norma IEC 645.<\/p>\n<h5>Situaci\u00f3n <\/h5>\n<p>Concedida<\/p>\n<h5>N\u00famero de solicitud<\/h5>\n<p>P9602208<\/p>\n<h5>N\u00famero de publicaci\u00f3n<\/h5>\n<p>ES2115552<\/p>\n<h5>Fecha de presentaci\u00f3n <\/h5>\n<p>17\/10\/1996<\/p>\n<h5>Fecha de concesi\u00f3n <\/h5>\n<p>16\/02\/1999<\/p>\n<div class=\"pdfprnt-buttons pdfprnt-buttons-product pdfprnt-bottom-left\"><a href=\"https:\/\/www.upm.es\/recursosidi\/wp-json\/wp\/v2\/product\/8448?print=pdf\" class=\"pdfprnt-button pdfprnt-button-pdf\" target=\"_blank\"><span class=\"pdfprnt-button-title pdfprnt-button-pdf-title\">Descargar ficha<\/span><\/a><\/div>","protected":false},"excerpt":{"rendered":"<p>Descripci\u00f3n de la patente Se trata de un aparato electr\u00f3nico, basado en DSPs, que se conecta a un ordenador personal, El dispositivo interpreta las \u00f3rdenes&hellip;<\/p>\n","protected":false},"featured_media":0,"template":"","meta":{"_acf_changed":false},"product_cat":[3946],"product_tag":[],"comunidades-upm":[],"quien":[],"mapa":[],"disponibilidad":[],"donde":[{"term_id":250,"name":"Centro de Digitalizaci\u00f3n Intermodular (CeDInt)","slug":"centro-de-digitalizacion-intermodular-cedint","term_group":0,"term_taxonomy_id":250,"taxonomy":"donde","description":"","parent":0,"count":21,"filter":"raw","term_order":"0"}],"infraestructura":[],"ods":[],"origen":[{"term_id":180,"name":"Patente","slug":"patente","term_group":0,"term_taxonomy_id":180,"taxonomy":"origen","description":"","parent":0,"count":614,"filter":"raw","term_order":"0"}],"familia_tax":false,"quien_tax":false,"donde_tax":false,"year":"","contacto":"<strong>Principales: <\/strong><ul><li>MANUEL RECUERO LOPEZ <blockquote><strong>manuel.recuero@upm.es<\/strong><\/blockquote><\/li><li>JUAN SANCHO GIL <blockquote><strong>juan.sancho@upm.es<\/strong><\/blockquote><\/li><li>JORGE GRUNDMAN ISLA <blockquote><strong>jorge.grundman@upm.es<\/strong><\/blockquote><\/li><li>CONSTANTINO GIL GONZALEZ <blockquote><strong>c.gil@upm.es<\/strong><\/blockquote><\/li><\/ul><strong>Otros inventores UPM: <\/strong><ul><li>PEREZ HERRERO, DAVID ANTONIO<\/li><li> JIMENEZ RAMOS, JAVIER<\/li><\/ul>","telefono":"","pagina_web":"","email":"","id_ficha_portal":"226","video":"","adjuntos":false,"adjuntos_portal":"","inf":false,"departamento":"","acf":[],"lang":"es","translation":{"es":8448},"_links":{"self":[{"href":"https:\/\/www.upm.es\/recursosidi\/wp-json\/wp\/v2\/product\/8448"}],"collection":[{"href":"https:\/\/www.upm.es\/recursosidi\/wp-json\/wp\/v2\/product"}],"about":[{"href":"https:\/\/www.upm.es\/recursosidi\/wp-json\/wp\/v2\/types\/product"}],"wp:attachment":[{"href":"https:\/\/www.upm.es\/recursosidi\/wp-json\/wp\/v2\/media?parent=8448"}],"wp:term":[{"taxonomy":"product_cat","embeddable":true,"href":"https:\/\/www.upm.es\/recursosidi\/wp-json\/wp\/v2\/product_cat?post=8448"},{"taxonomy":"product_tag","embeddable":true,"href":"https:\/\/www.upm.es\/recursosidi\/wp-json\/wp\/v2\/product_tag?post=8448"},{"taxonomy":"comunidad_upm","embeddable":true,"href":"https:\/\/www.upm.es\/recursosidi\/wp-json\/wp\/v2\/comunidades-upm?post=8448"},{"taxonomy":"quien","embeddable":true,"href":"https:\/\/www.upm.es\/recursosidi\/wp-json\/wp\/v2\/quien?post=8448"},{"taxonomy":"mapa","embeddable":true,"href":"https:\/\/www.upm.es\/recursosidi\/wp-json\/wp\/v2\/mapa?post=8448"},{"taxonomy":"disponibilidad","embeddable":true,"href":"https:\/\/www.upm.es\/recursosidi\/wp-json\/wp\/v2\/disponibilidad?post=8448"},{"taxonomy":"donde","embeddable":true,"href":"https:\/\/www.upm.es\/recursosidi\/wp-json\/wp\/v2\/donde?post=8448"},{"taxonomy":"infraestructura","embeddable":true,"href":"https:\/\/www.upm.es\/recursosidi\/wp-json\/wp\/v2\/infraestructura?post=8448"},{"taxonomy":"ods","embeddable":true,"href":"https:\/\/www.upm.es\/recursosidi\/wp-json\/wp\/v2\/ods?post=8448"},{"taxonomy":"origen","embeddable":true,"href":"https:\/\/www.upm.es\/recursosidi\/wp-json\/wp\/v2\/origen?post=8448"}],"curies":[{"name":"wp","href":"https:\/\/api.w.org\/{rel}","templated":true}]}}