{"id":8450,"date":"2021-11-25T14:08:05","date_gmt":"2021-11-25T13:08:05","guid":{"rendered":"https:\/\/www.upm.es\/recursosidi\/offers-resources\/sin categor\u00eda\/sistema-de-refrigeracion-de-centrales-termicas\/"},"modified":"2022-08-10T02:05:58","modified_gmt":"2022-08-10T00:05:58","slug":"sistema-de-refrigeracion-de-centrales-termicas","status":"publish","type":"product","link":"https:\/\/www.upm.es\/recursosidi\/offers-resources\/patentes\/sistema-de-refrigeracion-de-centrales-termicas\/","title":{"rendered":"Sistema de refrigeraci\u00f3n de centrales t\u00e9rmicas"},"content":{"rendered":"<h5>Descripci\u00f3n de la patente <\/h5>\n<p>Sistema de refrigeraci\u00f3n de centrales t\u00e9rmicas que consta de un circuito cerrado de l\u00edquido que se enfr\u00eda en un aero-refrigerador (10), por cuyo exterior es impulsado el aire atmosf\u00e9rico, contando adem\u00e1s en el circuito cerrado con un dep\u00f3sito de gran tama\u00f1o, o aljibe (25) del mencionado l\u00edquido. El l\u00edquido refrigerante del dep\u00f3sito o aljibe (25) puede enviarse a ser enfriado en el aero-refrigerador (10) cuando su temperatura es mayor que la del aire exterior, y la central t\u00e9rmica no est\u00e1 funcionando; o puede enviarse dicho l\u00edquido al foco fr\u00edo (6) del ciclo de potencia de la central t\u00e9rmica, cuando \u00e9sta se encuentra funcionando y la temperatura del l\u00edquido del aljibe (25) es inferior a la temperatura que puede alcanzar el l\u00edquido en su enfriamiento a trav\u00e9s del aero-refrigerador (10), seg\u00fan la temperatura del aire atmosf\u00e9rico.<\/p>\n<h5>Situaci\u00f3n <\/h5>\n<p>Concedida<\/p>\n<h5>N\u00famero de solicitud<\/h5>\n<p>P200930275<\/p>\n<h5>N\u00famero de publicaci\u00f3n<\/h5>\n<p>ES2334758<\/p>\n<h5>Fecha de presentaci\u00f3n <\/h5>\n<p>08\/06\/2009<\/p>\n<h5>Fecha de concesi\u00f3n <\/h5>\n<p>24\/08\/2010<\/p>\n<div class=\"pdfprnt-buttons pdfprnt-buttons-product pdfprnt-bottom-left\"><a href=\"https:\/\/www.upm.es\/recursosidi\/wp-json\/wp\/v2\/product\/8450?print=pdf\" class=\"pdfprnt-button pdfprnt-button-pdf\" target=\"_blank\"><span class=\"pdfprnt-button-title pdfprnt-button-pdf-title\">Descargar ficha<\/span><\/a><\/div>","protected":false},"excerpt":{"rendered":"<p>Descripci\u00f3n de la patente Sistema de refrigeraci\u00f3n de centrales t\u00e9rmicas que consta de un circuito cerrado de l\u00edquido que se enfr\u00eda en un aero-refrigerador (10),&hellip;<\/p>\n","protected":false},"featured_media":0,"template":"","meta":{"_acf_changed":false},"product_cat":[3946],"product_tag":[],"comunidades-upm":[],"quien":[],"mapa":[],"disponibilidad":[],"donde":[{"term_id":238,"name":"Instituto de Fusi\u00f3n Nuclear \"Guillermo Velarde\" (IFN-GV)","slug":"instituto-de-fusion-nuclear-guillermo-velarde-ifn-gv","term_group":0,"term_taxonomy_id":238,"taxonomy":"donde","description":"","parent":0,"count":57,"filter":"raw","term_order":"0"},{"term_id":390,"name":"Thermal Energy for Sustainability","slug":"thermal-energy-for-sustainability","term_group":0,"term_taxonomy_id":390,"taxonomy":"donde","description":"","parent":0,"count":57,"filter":"raw","term_order":"0"}],"infraestructura":[],"ods":[],"origen":[{"term_id":180,"name":"Patente","slug":"patente","term_group":0,"term_taxonomy_id":180,"taxonomy":"origen","description":"","parent":0,"count":614,"filter":"raw","term_order":"0"}],"familia_tax":false,"quien_tax":false,"donde_tax":false,"year":"","contacto":"<strong>Principales: <\/strong><ul><li>JOSE MARIA MARTINEZ-VAL PE\u00d1ALOSA <blockquote><strong>josemaria.martinezval@upm.es<\/strong><\/blockquote><\/li><li>MANUEL VALDES DEL FRESNO <blockquote><strong>manuel.valdes@upm.es<\/strong><\/blockquote><\/li><li>ALBERTO ABANADES VELASCO <blockquote><strong>alberto.abanades@upm.es<\/strong><\/blockquote><\/li><li>RAFAEL RUBEN AMENGUAL MATAS <blockquote><strong>ruben.amengual@upm.es<\/strong><\/blockquote><\/li><\/ul><strong>Otros inventores UPM: <\/strong><ul><li>Mireia Piera Carrete<\/li><li>Javier Mu\u00f1oz Ant\u00f3n<\/li><li>Mar\u00eda Jos\u00e9 Montes Pita<\/li><li>Antonio Rovira de Antonio<\/li><\/ul>","telefono":"","pagina_web":"","email":"","id_ficha_portal":"427","video":"","adjuntos":false,"adjuntos_portal":"https:\/\/www.upm.es\/S2i\/Acuse\/recuperarArchivo.jsp?id=427&id_archivo=570&tipo=patente&extension=fichero ","inf":false,"departamento":"","acf":[],"lang":"es","translation":{"es":8450},"_links":{"self":[{"href":"https:\/\/www.upm.es\/recursosidi\/wp-json\/wp\/v2\/product\/8450"}],"collection":[{"href":"https:\/\/www.upm.es\/recursosidi\/wp-json\/wp\/v2\/product"}],"about":[{"href":"https:\/\/www.upm.es\/recursosidi\/wp-json\/wp\/v2\/types\/product"}],"wp:attachment":[{"href":"https:\/\/www.upm.es\/recursosidi\/wp-json\/wp\/v2\/media?parent=8450"}],"wp:term":[{"taxonomy":"product_cat","embeddable":true,"href":"https:\/\/www.upm.es\/recursosidi\/wp-json\/wp\/v2\/product_cat?post=8450"},{"taxonomy":"product_tag","embeddable":true,"href":"https:\/\/www.upm.es\/recursosidi\/wp-json\/wp\/v2\/product_tag?post=8450"},{"taxonomy":"comunidad_upm","embeddable":true,"href":"https:\/\/www.upm.es\/recursosidi\/wp-json\/wp\/v2\/comunidades-upm?post=8450"},{"taxonomy":"quien","embeddable":true,"href":"https:\/\/www.upm.es\/recursosidi\/wp-json\/wp\/v2\/quien?post=8450"},{"taxonomy":"mapa","embeddable":true,"href":"https:\/\/www.upm.es\/recursosidi\/wp-json\/wp\/v2\/mapa?post=8450"},{"taxonomy":"disponibilidad","embeddable":true,"href":"https:\/\/www.upm.es\/recursosidi\/wp-json\/wp\/v2\/disponibilidad?post=8450"},{"taxonomy":"donde","embeddable":true,"href":"https:\/\/www.upm.es\/recursosidi\/wp-json\/wp\/v2\/donde?post=8450"},{"taxonomy":"infraestructura","embeddable":true,"href":"https:\/\/www.upm.es\/recursosidi\/wp-json\/wp\/v2\/infraestructura?post=8450"},{"taxonomy":"ods","embeddable":true,"href":"https:\/\/www.upm.es\/recursosidi\/wp-json\/wp\/v2\/ods?post=8450"},{"taxonomy":"origen","embeddable":true,"href":"https:\/\/www.upm.es\/recursosidi\/wp-json\/wp\/v2\/origen?post=8450"}],"curies":[{"name":"wp","href":"https:\/\/api.w.org\/{rel}","templated":true}]}}