{"id":8452,"date":"2021-11-25T14:08:10","date_gmt":"2021-11-25T13:08:10","guid":{"rendered":"https:\/\/www.upm.es\/recursosidi\/offers-resources\/sin categor\u00eda\/sistema-de-verificacion-automatico-de-cinemometros-doppler\/"},"modified":"2022-08-10T02:06:05","modified_gmt":"2022-08-10T00:06:05","slug":"sistema-de-verificacion-automatico-de-cinemometros-doppler","status":"publish","type":"product","link":"https:\/\/www.upm.es\/recursosidi\/offers-resources\/patentes\/sistema-de-verificacion-automatico-de-cinemometros-doppler\/","title":{"rendered":"Sistema de verificaci\u00f3n autom\u00e1tico de cinem\u00f3metros Doppler"},"content":{"rendered":"<h5>Descripci\u00f3n de la patente <\/h5>\n<p>Sistema de Verificaci\u00f3n Autom\u00e1tica de Cinem\u00f3metros Doppler<br \/>\nSe trata de un sistema de verificaci\u00f3n autom\u00e1tica de cinem\u00f3metros Doppler (en adelante, SVACD), que sirve para verificar el funcionamiento de los cinem\u00f3metros basados en el efecto doppler de forma autom\u00e1tica. El SAVCD se encarga de adquirir se\u00f1ales con la secuencia temporal que se desee, analizarlas, almacenarlas y procesarlas, generando autom\u00e1ticamente un informe de verificaci\u00f3n de un cinem\u00f3metro a verificar. El SAVCD detecta si se produce alguna eventualidad en el funcionamiento del cinem\u00f3metro \u00f3 en si mismo, avisando del hecho a trav\u00e9s de mensajes a m\u00f3viles.<br \/>\nEl SAVCD, se compone los subsistemas:<br \/>\n\u00bf\tServidor: ubicado junto al cinem\u00f3metro, en el que se programan y ejecutan las tareas,   se almacenan los datos, avisa de eventualidades en el SAVCD \u00f3 el cinem\u00f3metro y proporciona las coordenadas mediante un sistema GPS.<br \/>\n\u00bf\tCliente: accede de forma remota al servidor gestion\u00e1ndolo y descarga y\/o elimina los datos almacenados en el servidor. Con el procesado de los datos genera el informe de verificaci\u00f3n.<\/p>\n<h5>Situaci\u00f3n <\/h5>\n<p>Concedida<\/p>\n<h5>N\u00famero de solicitud<\/h5>\n<p>P200901618<\/p>\n<h5>N\u00famero de publicaci\u00f3n<\/h5>\n<p>ES2356007<\/p>\n<h5>Fecha de presentaci\u00f3n <\/h5>\n<p>21\/07\/2009<\/p>\n<h5>Fecha de concesi\u00f3n <\/h5>\n<p>07\/10\/2011<\/p>\n<div class=\"pdfprnt-buttons pdfprnt-buttons-product pdfprnt-bottom-left\"><a href=\"https:\/\/www.upm.es\/recursosidi\/wp-json\/wp\/v2\/product\/8452?print=pdf\" class=\"pdfprnt-button pdfprnt-button-pdf\" target=\"_blank\"><span class=\"pdfprnt-button-title pdfprnt-button-pdf-title\">Descargar ficha<\/span><\/a><\/div>","protected":false},"excerpt":{"rendered":"<p>Descripci\u00f3n de la patente Sistema de Verificaci\u00f3n Autom\u00e1tica de Cinem\u00f3metros Doppler Se trata de un sistema de verificaci\u00f3n autom\u00e1tica de cinem\u00f3metros Doppler (en adelante, SVACD),&hellip;<\/p>\n","protected":false},"featured_media":0,"template":"","meta":{"_acf_changed":false},"product_cat":[3946],"product_tag":[],"comunidades-upm":[],"quien":[],"mapa":[],"disponibilidad":[],"donde":[{"term_id":590,"name":"Centro de Materiales y Dispositivos Avanzados para Tecnolog\u00edas de Informaci\u00f3n y Comunicaciones (CEMDATIC)","slug":"centro-de-materiales-y-dispositivos-avanzados-para-tecnologias-de-informacion-y-comunicaciones-cemdatic","term_group":0,"term_taxonomy_id":590,"taxonomy":"donde","description":"","parent":0,"count":20,"filter":"raw","term_order":"0"}],"infraestructura":[],"ods":[],"origen":[{"term_id":180,"name":"Patente","slug":"patente","term_group":0,"term_taxonomy_id":180,"taxonomy":"origen","description":"","parent":0,"count":614,"filter":"raw","term_order":"0"}],"familia_tax":false,"quien_tax":false,"donde_tax":false,"year":"","contacto":"<strong>Principales: <\/strong><ul><li>JOSE DE FRUTOS VAQUERIZO <blockquote><strong>jose.defrutos@upm.es<\/strong><\/blockquote><\/li><li>FRANCISCO JAVIER JIMENEZ MARTINEZ <blockquote><strong>franciscojavier.jimenez@upm.es<\/strong><\/blockquote><\/li><li>CARLOS PASTOR PAZ <blockquote><strong>c.pastorpaz@upm.es<\/strong><\/blockquote><\/li><\/ul><strong>Otros inventores UPM: <\/strong><ul><li>Carlos Marcos Lucas<\/li><\/ul>","telefono":"","pagina_web":"","email":"","id_ficha_portal":"438","video":"","adjuntos":false,"adjuntos_portal":"https:\/\/www.upm.es\/S2i\/Acuse\/recuperarArchivo.jsp?id=438&id_archivo=667&tipo=patente&extension=fichero ","inf":false,"departamento":"","acf":[],"lang":"es","translation":{"es":8452},"_links":{"self":[{"href":"https:\/\/www.upm.es\/recursosidi\/wp-json\/wp\/v2\/product\/8452"}],"collection":[{"href":"https:\/\/www.upm.es\/recursosidi\/wp-json\/wp\/v2\/product"}],"about":[{"href":"https:\/\/www.upm.es\/recursosidi\/wp-json\/wp\/v2\/types\/product"}],"wp:attachment":[{"href":"https:\/\/www.upm.es\/recursosidi\/wp-json\/wp\/v2\/media?parent=8452"}],"wp:term":[{"taxonomy":"product_cat","embeddable":true,"href":"https:\/\/www.upm.es\/recursosidi\/wp-json\/wp\/v2\/product_cat?post=8452"},{"taxonomy":"product_tag","embeddable":true,"href":"https:\/\/www.upm.es\/recursosidi\/wp-json\/wp\/v2\/product_tag?post=8452"},{"taxonomy":"comunidad_upm","embeddable":true,"href":"https:\/\/www.upm.es\/recursosidi\/wp-json\/wp\/v2\/comunidades-upm?post=8452"},{"taxonomy":"quien","embeddable":true,"href":"https:\/\/www.upm.es\/recursosidi\/wp-json\/wp\/v2\/quien?post=8452"},{"taxonomy":"mapa","embeddable":true,"href":"https:\/\/www.upm.es\/recursosidi\/wp-json\/wp\/v2\/mapa?post=8452"},{"taxonomy":"disponibilidad","embeddable":true,"href":"https:\/\/www.upm.es\/recursosidi\/wp-json\/wp\/v2\/disponibilidad?post=8452"},{"taxonomy":"donde","embeddable":true,"href":"https:\/\/www.upm.es\/recursosidi\/wp-json\/wp\/v2\/donde?post=8452"},{"taxonomy":"infraestructura","embeddable":true,"href":"https:\/\/www.upm.es\/recursosidi\/wp-json\/wp\/v2\/infraestructura?post=8452"},{"taxonomy":"ods","embeddable":true,"href":"https:\/\/www.upm.es\/recursosidi\/wp-json\/wp\/v2\/ods?post=8452"},{"taxonomy":"origen","embeddable":true,"href":"https:\/\/www.upm.es\/recursosidi\/wp-json\/wp\/v2\/origen?post=8452"}],"curies":[{"name":"wp","href":"https:\/\/api.w.org\/{rel}","templated":true}]}}