{"id":8455,"date":"2021-11-25T14:08:17","date_gmt":"2021-11-25T13:08:17","guid":{"rendered":"https:\/\/www.upm.es\/recursosidi\/offers-resources\/sin categor\u00eda\/sistema-de-agua-caliente-sanitaria-por-energia-solar-con-recuperacion-de-energia-residual-y-aplicacion-con-alta-eficacia-de-energia-complementaria\/"},"modified":"2022-08-10T02:06:12","modified_gmt":"2022-08-10T00:06:12","slug":"sistema-de-agua-caliente-sanitaria-por-energia-solar-con-recuperacion-de-energia-residual-y-aplicacion-con-alta-eficacia-de-energia-complementaria","status":"publish","type":"product","link":"https:\/\/www.upm.es\/recursosidi\/offers-resources\/patentes\/sistema-de-agua-caliente-sanitaria-por-energia-solar-con-recuperacion-de-energia-residual-y-aplicacion-con-alta-eficacia-de-energia-complementaria\/","title":{"rendered":"Sistema de agua caliente sanitaria por energ\u00eda solar con recuperaci\u00f3n de energ\u00eda residual y aplicaci\u00f3n con alta eficacia de energ\u00eda complementaria"},"content":{"rendered":"<h5>Descripci\u00f3n de la patente <\/h5>\n<p>La presente invenci\u00f3n consiste en un sistema de preparaci\u00f3n de agua caliente sanitaria mediante energ\u00eda solar con recuperaci\u00f3n de la energ\u00eda la energ\u00eda residual de las aguas grises calientes del edificio y aplicaci\u00f3n de energ\u00eda complementaria con alta eficacia.<\/p>\n<p>Se trata de un conjunto de dep\u00f3sitos de acumulaci\u00f3n colocados en serie. El primero recibe la energ\u00eda complementaria convencional que pueda precisar para alcanzar la temperatura de consumo y el \u00faltimo de los que recibe la energ\u00eda residual de las agua grises usadas antes de expulsarlas fuera del edificio.<\/p>\n<p>Pueden ser dos o tres los dep\u00f3sitos situados en serie. Los dos primeros, en el caso de ser tres, recibir\u00e1n la aportaci\u00f3n de calor proveniente de los colectores solares mediante un intercambiador situado en cada uno de ellos conectados en serie o en paralelo con v\u00e1lvulas de tres v\u00edas, de modo que el agua caliente que sale de los colectores pasa o calienta, en primer lugar, el primer dep\u00f3sito y a continuaci\u00f3n, con la energ\u00eda sobrante, el segundo.<\/p>\n<p>El \u00faltimo de los dep\u00f3sitos, el que se mantiene a menor temperatura, tiene otro intercambiador por el que pasan las aguas grises calientes empleadas en el edificio, las del lavavajillas, lavadora, fregadero, lavabo y ducha, cediendo su calor residual al sistema. <\/p>\n<h5>Situaci\u00f3n <\/h5>\n<p>Concedida<\/p>\n<h5>N\u00famero de solicitud<\/h5>\n<p>P200802790<\/p>\n<h5>N\u00famero de publicaci\u00f3n<\/h5>\n<p>ES2365281<\/p>\n<h5>Fecha de presentaci\u00f3n <\/h5>\n<p>01\/10\/2008<\/p>\n<h5>Fecha de concesi\u00f3n <\/h5>\n<p>21\/03\/2012<\/p>\n<div class=\"pdfprnt-buttons pdfprnt-buttons-product pdfprnt-bottom-left\"><a href=\"https:\/\/www.upm.es\/recursosidi\/wp-json\/wp\/v2\/product\/8455?print=pdf\" class=\"pdfprnt-button pdfprnt-button-pdf\" target=\"_blank\"><span class=\"pdfprnt-button-title pdfprnt-button-pdf-title\">Descargar ficha<\/span><\/a><\/div>","protected":false},"excerpt":{"rendered":"<p>Descripci\u00f3n de la patente La presente invenci\u00f3n consiste en un sistema de preparaci\u00f3n de agua caliente sanitaria mediante energ\u00eda solar con recuperaci\u00f3n de la energ\u00eda&hellip;<\/p>\n","protected":false},"featured_media":0,"template":"","meta":{"_acf_changed":false},"product_cat":[3946],"product_tag":[],"comunidades-upm":[],"quien":[],"mapa":[],"disponibilidad":[],"donde":[{"term_id":260,"name":"Arquitectura Bioclim\u00e1tica en un entorno sostenible-ABIO","slug":"arquitectura-bioclimatica-en-un-entorno-sostenible-abio","term_group":0,"term_taxonomy_id":260,"taxonomy":"donde","description":"","parent":0,"count":19,"filter":"raw","term_order":"0"},{"term_id":600,"name":"Generaci\u00f3n Distribuida Renovable y Control Inteligente","slug":"generacion-distribuida-renovable-y-control-inteligente","term_group":0,"term_taxonomy_id":600,"taxonomy":"donde","description":"","parent":0,"count":10,"filter":"raw","term_order":"0"},{"term_id":658,"name":"Grupo de Biometr\u00eda, Biose\u00f1ales, Seguridad y Smart Mobility","slug":"grupo-de-biometria-biosenales-seguridad-y-smart-mobility","term_group":0,"term_taxonomy_id":658,"taxonomy":"donde","description":"","parent":0,"count":17,"filter":"raw","term_order":"0"},{"term_id":642,"name":"Information Processing and Telecommunications Center (IPTC)","slug":"information-processing-and-telecommunications-center-iptc","term_group":0,"term_taxonomy_id":642,"taxonomy":"donde","description":"","parent":0,"count":74,"filter":"raw","term_order":"0"},{"term_id":236,"name":"Instituto de Energ\u00eda Solar (IES)","slug":"instituto-de-energia-solar-ies","term_group":0,"term_taxonomy_id":236,"taxonomy":"donde","description":"","parent":0,"count":41,"filter":"raw","term_order":"0"},{"term_id":264,"name":"T\u00e9cnicas Innovadoras y Sostenibles en la Edificaci\u00f3n","slug":"tecnicas-innovadoras-y-sostenibles-en-la-edificacion","term_group":0,"term_taxonomy_id":264,"taxonomy":"donde","description":"","parent":0,"count":13,"filter":"raw","term_order":"0"}],"infraestructura":[],"ods":[],"origen":[{"term_id":180,"name":"Patente","slug":"patente","term_group":0,"term_taxonomy_id":180,"taxonomy":"origen","description":"","parent":0,"count":614,"filter":"raw","term_order":"0"}],"familia_tax":false,"quien_tax":false,"donde_tax":false,"year":"","contacto":"<strong>Principales: <\/strong><ul><li>LUIS MAGDALENA LAYOS <blockquote><strong>luis.magdalena@upm.es<\/strong><\/blockquote><\/li><li>FRANCISCO J. JIMENEZ LEUBE <blockquote><strong>francisco.jimenez@upm.es<\/strong><\/blockquote><\/li><li>FCO. JAVIER NEILA GONZALEZ <blockquote><strong>fjavier.neila@upm.es<\/strong><\/blockquote><\/li><li>CESAR BEDOYA FRUTOS <blockquote><strong>cesar.bedoya@upm.es<\/strong><\/blockquote><\/li><li>MARIA ESTEFANIA CAAMA\u00d1O MARTIN <blockquote><strong>estefania.cmartin@upm.es<\/strong><\/blockquote><\/li><li>ALFONSO GARCIA SANTOS <blockquote><strong>alfonso.garciasantos@upm.es<\/strong><\/blockquote><\/li><li>MIGUEL ANGEL EGIDO AGUILERA <blockquote><strong>miguel.egido@upm.es<\/strong><\/blockquote><\/li><\/ul>","telefono":"","pagina_web":"","email":"","id_ficha_portal":"85","video":"","adjuntos":false,"adjuntos_portal":"https:\/\/www.upm.es\/S2i\/Acuse\/recuperarArchivo.jsp?id=85&id_archivo=889&tipo=patente&extension=fichero ","inf":false,"departamento":"","acf":[],"lang":"es","translation":{"es":8455},"_links":{"self":[{"href":"https:\/\/www.upm.es\/recursosidi\/wp-json\/wp\/v2\/product\/8455"}],"collection":[{"href":"https:\/\/www.upm.es\/recursosidi\/wp-json\/wp\/v2\/product"}],"about":[{"href":"https:\/\/www.upm.es\/recursosidi\/wp-json\/wp\/v2\/types\/product"}],"wp:attachment":[{"href":"https:\/\/www.upm.es\/recursosidi\/wp-json\/wp\/v2\/media?parent=8455"}],"wp:term":[{"taxonomy":"product_cat","embeddable":true,"href":"https:\/\/www.upm.es\/recursosidi\/wp-json\/wp\/v2\/product_cat?post=8455"},{"taxonomy":"product_tag","embeddable":true,"href":"https:\/\/www.upm.es\/recursosidi\/wp-json\/wp\/v2\/product_tag?post=8455"},{"taxonomy":"comunidad_upm","embeddable":true,"href":"https:\/\/www.upm.es\/recursosidi\/wp-json\/wp\/v2\/comunidades-upm?post=8455"},{"taxonomy":"quien","embeddable":true,"href":"https:\/\/www.upm.es\/recursosidi\/wp-json\/wp\/v2\/quien?post=8455"},{"taxonomy":"mapa","embeddable":true,"href":"https:\/\/www.upm.es\/recursosidi\/wp-json\/wp\/v2\/mapa?post=8455"},{"taxonomy":"disponibilidad","embeddable":true,"href":"https:\/\/www.upm.es\/recursosidi\/wp-json\/wp\/v2\/disponibilidad?post=8455"},{"taxonomy":"donde","embeddable":true,"href":"https:\/\/www.upm.es\/recursosidi\/wp-json\/wp\/v2\/donde?post=8455"},{"taxonomy":"infraestructura","embeddable":true,"href":"https:\/\/www.upm.es\/recursosidi\/wp-json\/wp\/v2\/infraestructura?post=8455"},{"taxonomy":"ods","embeddable":true,"href":"https:\/\/www.upm.es\/recursosidi\/wp-json\/wp\/v2\/ods?post=8455"},{"taxonomy":"origen","embeddable":true,"href":"https:\/\/www.upm.es\/recursosidi\/wp-json\/wp\/v2\/origen?post=8455"}],"curies":[{"name":"wp","href":"https:\/\/api.w.org\/{rel}","templated":true}]}}