{"id":8456,"date":"2021-11-25T14:08:20","date_gmt":"2021-11-25T13:08:20","guid":{"rendered":"https:\/\/www.upm.es\/recursosidi\/offers-resources\/sin categor\u00eda\/detector-a-distancia-de-sustancias-fluorescentes\/"},"modified":"2022-08-10T02:06:15","modified_gmt":"2022-08-10T00:06:15","slug":"detector-a-distancia-de-sustancias-fluorescentes","status":"publish","type":"product","link":"https:\/\/www.upm.es\/recursosidi\/offers-resources\/patentes\/detector-a-distancia-de-sustancias-fluorescentes\/","title":{"rendered":"Detector a distancia de sustancias fluorescentes"},"content":{"rendered":"<h5>Descripci\u00f3n de la patente <\/h5>\n<p>Sistema y m\u00e9todo de detecci\u00f3n de sustancias fluorescentes tal que permita la localizaci\u00f3n de sustancias fluorescentes a media distancia que comprende, al menos, medios emisores l\u00e1ser, tal que emita en la banda adecuada para la producci\u00f3n de fluorescencias en la familia de sustancias a localizar; medios de recepci\u00f3n \u00f3ptica a distancia; medios de an\u00e1lisis de la banda espectral de fluorescencia de las sustancias a localizar; y medios de control conectados con los primeros medios de emisi\u00f3n l\u00e1ser, con lo segundos medios de recepci\u00f3n \u00f3ptica a distancia y los terceros medios de an\u00e1lisis espectral; de tal forma que se consiga localizar a distancia la traza fluorescente.<\/p>\n<h5>N\u00famero de solicitud<\/h5>\n<p>U201100703<\/p>\n<h5>N\u00famero de publicaci\u00f3n<\/h5>\n<p>ES2344774<\/p>\n<h5>Fecha de presentaci\u00f3n <\/h5>\n<p>12\/08\/2011<\/p>\n<h5>Fecha de concesi\u00f3n <\/h5>\n<p>03\/04\/2012<\/p>\n<div class=\"pdfprnt-buttons pdfprnt-buttons-product pdfprnt-bottom-left\"><a href=\"https:\/\/www.upm.es\/recursosidi\/wp-json\/wp\/v2\/product\/8456?print=pdf\" class=\"pdfprnt-button pdfprnt-button-pdf\" target=\"_blank\"><span class=\"pdfprnt-button-title pdfprnt-button-pdf-title\">Descargar ficha<\/span><\/a><\/div>","protected":false},"excerpt":{"rendered":"<p>Descripci\u00f3n de la patente Sistema y m\u00e9todo de detecci\u00f3n de sustancias fluorescentes tal que permita la localizaci\u00f3n de sustancias fluorescentes a media distancia que comprende,&hellip;<\/p>\n","protected":false},"featured_media":0,"template":"","meta":{"_acf_changed":false},"product_cat":[3946],"product_tag":[],"comunidades-upm":[],"quien":[],"mapa":[],"disponibilidad":[],"donde":[{"term_id":476,"name":"Tecnolog\u00edas de Apoyo a la Vida","slug":"tecnologias-de-apoyo-a-la-vida","term_group":0,"term_taxonomy_id":476,"taxonomy":"donde","description":"Somos uno de los principales grupos europeos de investigaci\u00f3n e innovaci\u00f3n en el sector de la eSalud y la eInclusion social y mantenemos colaboraciones estables con el sector privado y p\u00fablico en diversas \u00e1reas de I+D+i.\r\nTenemos una larga trayectoria en el dise\u00f1o, desarrollo y evaluaci\u00f3n de servicios y aplicaciones basados en las Tecnolog\u00edas de la Informaci\u00f3n y la Comunicaci\u00f3n para la creaci\u00f3n y promoci\u00f3n de nuevas ideas, m\u00e9todos y soluciones tecnol\u00f3gicas en todos los aspectos de la cadena de valor de las organizaciones.\r\n\r\nNuestros principales ejes de investigaci\u00f3n son:\r\n\r\nTIC en sanidad y servicios sociales (e-salud y e-inclusi\u00f3n)\r\nNeurofot\u00f3nica\r\nRedes y Sensores Fot\u00f3nicos","parent":0,"count":23,"filter":"raw","term_order":"0"}],"infraestructura":[],"ods":[],"origen":[{"term_id":180,"name":"Patente","slug":"patente","term_group":0,"term_taxonomy_id":180,"taxonomy":"origen","description":"","parent":0,"count":614,"filter":"raw","term_order":"0"}],"familia_tax":false,"quien_tax":false,"donde_tax":false,"year":"","contacto":"<strong>Principales: <\/strong><ul><li>JULIO GUTIERREZ RIOS <blockquote><strong>julio.gutierrez@upm.es<\/strong><\/blockquote><\/li><li>IV\u00c1N SOTO MAC\u00cdA <blockquote><strong>adventt@hotmail.com<\/strong><\/blockquote><\/li><li>ELENA GALLEGO GARC\u00cdA <blockquote><strong>elenagallegogarcia@gmail.com<\/strong><\/blockquote><\/li><li>ALEJANDRO MEDRANO GIL <blockquote><strong>a.medrano@upm.es<\/strong><\/blockquote><\/li><li>Angel Esteban Orobio <blockquote><strong>angel.esteban@upm.es<\/strong><\/blockquote><\/li><li>PATRICIA MARAVER ABAD <blockquote><strong>patriciamaraver@gmail.com<\/strong><\/blockquote><\/li><li>JARA VASSALLO SACO <blockquote><strong>jvassallio@fi.upm.es<\/strong><\/blockquote><\/li><\/ul><strong>Otros inventores UPM: <\/strong><ul><li>Jara Vassal\u00bflo Saco (contratada UPM<\/li><li>Iv\u00e1n Soto Mac\u00eda (externo<\/li><li>Elena Gallego Garc\u00eda (externa)<\/li><li>Patricia Maraver Abad<\/li><li>\u00c1ngel Esteban Orobio<\/li><li>Alejandro Medrano Gil<\/li><\/ul><strong>Otros inventores: <\/strong><ul><li>Juan Vassallo Sanz CSIC - Consejo Superior de Investigaciones Cient\u00edficas<\/li> <\/ul>","telefono":"","pagina_web":"","email":"","id_ficha_portal":"273","video":"","adjuntos":false,"adjuntos_portal":"https:\/\/www.upm.es\/S2i\/Acuse\/recuperarArchivo.jsp?id=273&id_archivo=560&tipo=patente&extension=fichero ","inf":false,"departamento":"","acf":[],"lang":"es","translation":{"es":8456},"_links":{"self":[{"href":"https:\/\/www.upm.es\/recursosidi\/wp-json\/wp\/v2\/product\/8456"}],"collection":[{"href":"https:\/\/www.upm.es\/recursosidi\/wp-json\/wp\/v2\/product"}],"about":[{"href":"https:\/\/www.upm.es\/recursosidi\/wp-json\/wp\/v2\/types\/product"}],"wp:attachment":[{"href":"https:\/\/www.upm.es\/recursosidi\/wp-json\/wp\/v2\/media?parent=8456"}],"wp:term":[{"taxonomy":"product_cat","embeddable":true,"href":"https:\/\/www.upm.es\/recursosidi\/wp-json\/wp\/v2\/product_cat?post=8456"},{"taxonomy":"product_tag","embeddable":true,"href":"https:\/\/www.upm.es\/recursosidi\/wp-json\/wp\/v2\/product_tag?post=8456"},{"taxonomy":"comunidad_upm","embeddable":true,"href":"https:\/\/www.upm.es\/recursosidi\/wp-json\/wp\/v2\/comunidades-upm?post=8456"},{"taxonomy":"quien","embeddable":true,"href":"https:\/\/www.upm.es\/recursosidi\/wp-json\/wp\/v2\/quien?post=8456"},{"taxonomy":"mapa","embeddable":true,"href":"https:\/\/www.upm.es\/recursosidi\/wp-json\/wp\/v2\/mapa?post=8456"},{"taxonomy":"disponibilidad","embeddable":true,"href":"https:\/\/www.upm.es\/recursosidi\/wp-json\/wp\/v2\/disponibilidad?post=8456"},{"taxonomy":"donde","embeddable":true,"href":"https:\/\/www.upm.es\/recursosidi\/wp-json\/wp\/v2\/donde?post=8456"},{"taxonomy":"infraestructura","embeddable":true,"href":"https:\/\/www.upm.es\/recursosidi\/wp-json\/wp\/v2\/infraestructura?post=8456"},{"taxonomy":"ods","embeddable":true,"href":"https:\/\/www.upm.es\/recursosidi\/wp-json\/wp\/v2\/ods?post=8456"},{"taxonomy":"origen","embeddable":true,"href":"https:\/\/www.upm.es\/recursosidi\/wp-json\/wp\/v2\/origen?post=8456"}],"curies":[{"name":"wp","href":"https:\/\/api.w.org\/{rel}","templated":true}]}}