{"id":8457,"date":"2021-11-25T14:08:22","date_gmt":"2021-11-25T13:08:22","guid":{"rendered":"https:\/\/www.upm.es\/recursosidi\/offers-resources\/sin%20categor\u00eda\/metodo-para-incrementar-la-potencia-electrica-neta-de-centrales-termosolares\/"},"modified":"2022-08-10T02:06:18","modified_gmt":"2022-08-10T00:06:18","slug":"metodo-para-incrementar-la-potencia-electrica-neta-de-centrales-termosolares","status":"publish","type":"product","link":"https:\/\/www.upm.es\/recursosidi\/offers-resources\/patentes\/metodo-para-incrementar-la-potencia-electrica-neta-de-centrales-termosolares\/","title":{"rendered":"M\u00e9todo para incrementar la potencia el\u00e9ctrica neta de centrales termosolares"},"content":{"rendered":"<h5>Descripci\u00f3n de la patente <\/h5>\n<p>La presente invenci\u00f3n permite incrementar la potencia el\u00e9ctrica neta suministrada a la red por las centrales termosolares, al disminuir el consumo el\u00e9ctrico de los servicios auxiliares, de forma que se accionan las bombas principales de servicios auxiliares con turbinas de vapor (turbobombas) directamente utilizando energ\u00eda t\u00e9rmica producida en la central. Por un lado se aprovecha la energ\u00eda t\u00e9rmica directamente para alimentar los servicios auxiliares en los d\u00edas que la radiaci\u00f3n solar es mayor que la radiaci\u00f3n de dise\u00f1o ya que el generador y la turbina no pueden sobrepasar su potencia asignada y se debe reducir la producci\u00f3n t\u00e9rmica, ante la imposibilidad de transformar dicha energ\u00eda en energ\u00eda el\u00e9ctrica. Por otra parte el rendimiento del accionamiento de las bombas de servicios auxiliares es mejor al utilizar vapor para accionar las bombas a trav\u00e9s de una turbina de vapor (turbobombas) en lugar de accionarlas con motores el\u00e9ctricos (motobombas).<\/p>\n<h5>N\u00famero de solicitud<\/h5>\n<p>P200901000<\/p>\n<h5>N\u00famero de publicaci\u00f3n<\/h5>\n<p>ES2323355<\/p>\n<h5>Fecha de presentaci\u00f3n <\/h5>\n<p>16\/04\/2009<\/p>\n<h5>Fecha de concesi\u00f3n <\/h5>\n<p>21\/12\/2010<\/p>\n<h4><strong>Extensiones Internacionales<\/strong><\/h4>\n<h5>PA\u00cdSES<\/h5>\n<p><strong>Pa\u00eds: <\/strong>MARRUECOS<br \/><strong>N\u00famero de solicitud: <\/strong>34340<br \/><strong>Titulo: <\/strong>M\u00c9TODO PARA INCREMENTAR LA POTENCIA EL\u00c9CTRICA NETA DE CENTRALES TERMOSOLARES<br \/><strong>Situaci\u00f3n: <\/strong>Concedida<br \/><strong>Pa\u00eds: <\/strong>OAPI (Organizaci\u00f3n Africana de la Propiedad Intelectual)<br \/><strong>N\u00famero de solicitud: <\/strong>1201100374<br \/><strong>Titulo: <\/strong>METHOD FOR INCREASING THE NET ELECTRIC POWER OF SOLAR THERMAL POWER PLANTS<br \/><strong>Situaci\u00f3n: <\/strong>Concedida<br \/><strong>Pa\u00eds: <\/strong>SUD\u00c1FRICA<br \/><strong>N\u00famero de solicitud: <\/strong>2011\/07281<br \/><strong>Titulo: <\/strong>METHOD FOR INCREASING THE NET ELECTRIC POWER OF SOLAR THERMAL POWER PLANTS<br \/><strong>Situaci\u00f3n: <\/strong>Concedida<\/p>\n<div class=\"pdfprnt-buttons pdfprnt-buttons-product pdfprnt-bottom-left\"><a href=\"https:\/\/www.upm.es\/recursosidi\/wp-json\/wp\/v2\/product\/8457?print=pdf\" class=\"pdfprnt-button pdfprnt-button-pdf\" target=\"_blank\"><span class=\"pdfprnt-button-title pdfprnt-button-pdf-title\">Descargar ficha<\/span><\/a><\/div>","protected":false},"excerpt":{"rendered":"<p>Descripci\u00f3n de la patente La presente invenci\u00f3n permite incrementar la potencia el\u00e9ctrica neta suministrada a la red por las centrales termosolares, al disminuir el consumo&hellip;<\/p>\n","protected":false},"featured_media":0,"template":"","meta":{"_acf_changed":false},"product_cat":[3946],"product_tag":[],"comunidades-upm":[],"quien":[],"mapa":[],"disponibilidad":[],"donde":[{"term_id":374,"name":"Generaci\u00f3n el\u00e9ctrica con energ\u00eda e\u00f3lica","slug":"generacion-electrica-con-energia-eolica","term_group":0,"term_taxonomy_id":374,"taxonomy":"donde","description":"","parent":0,"count":70,"filter":"raw","term_order":"0"}],"infraestructura":[],"ods":[],"origen":[{"term_id":180,"name":"Patente","slug":"patente","term_group":0,"term_taxonomy_id":180,"taxonomy":"origen","description":"","parent":0,"count":614,"filter":"raw","term_order":"0"}],"familia_tax":false,"quien_tax":false,"donde_tax":false,"year":"","contacto":"<strong>Principales: <\/strong><ul><li>JAIME RODRIGUEZ ARRIBAS <blockquote><strong>jaime.rodriguez@upm.es<\/strong><\/blockquote><\/li><li>FRANCISCO BLAZQUEZ GARCIA <blockquote><strong>francisco.blazquez@upm.es<\/strong><\/blockquote><\/li><li>MARTA REDONDO CUEVAS <blockquote><strong>marta.redondo@upm.es<\/strong><\/blockquote><\/li><li>CARLOS ANTONIO PLATERO GAONA <blockquote><strong>carlosantonio.platero@upm.es<\/strong><\/blockquote><\/li><\/ul><strong>Otros inventores UPM: <\/strong><ul><li>Mar\u00eda Isabel Barriguete D\u00edez (externa)<\/li><\/ul><strong>Otros inventores: <\/strong><ul><li>PabloFr\u00edas Mar\u00edn Universidad Pontificia Comillas<\/li> <\/ul>","telefono":"","pagina_web":"","email":"","id_ficha_portal":"417","video":"","adjuntos":false,"adjuntos_portal":"","inf":false,"departamento":"","acf":[],"lang":"es","translation":{"es":8457},"_links":{"self":[{"href":"https:\/\/www.upm.es\/recursosidi\/wp-json\/wp\/v2\/product\/8457"}],"collection":[{"href":"https:\/\/www.upm.es\/recursosidi\/wp-json\/wp\/v2\/product"}],"about":[{"href":"https:\/\/www.upm.es\/recursosidi\/wp-json\/wp\/v2\/types\/product"}],"wp:attachment":[{"href":"https:\/\/www.upm.es\/recursosidi\/wp-json\/wp\/v2\/media?parent=8457"}],"wp:term":[{"taxonomy":"product_cat","embeddable":true,"href":"https:\/\/www.upm.es\/recursosidi\/wp-json\/wp\/v2\/product_cat?post=8457"},{"taxonomy":"product_tag","embeddable":true,"href":"https:\/\/www.upm.es\/recursosidi\/wp-json\/wp\/v2\/product_tag?post=8457"},{"taxonomy":"comunidad_upm","embeddable":true,"href":"https:\/\/www.upm.es\/recursosidi\/wp-json\/wp\/v2\/comunidades-upm?post=8457"},{"taxonomy":"quien","embeddable":true,"href":"https:\/\/www.upm.es\/recursosidi\/wp-json\/wp\/v2\/quien?post=8457"},{"taxonomy":"mapa","embeddable":true,"href":"https:\/\/www.upm.es\/recursosidi\/wp-json\/wp\/v2\/mapa?post=8457"},{"taxonomy":"disponibilidad","embeddable":true,"href":"https:\/\/www.upm.es\/recursosidi\/wp-json\/wp\/v2\/disponibilidad?post=8457"},{"taxonomy":"donde","embeddable":true,"href":"https:\/\/www.upm.es\/recursosidi\/wp-json\/wp\/v2\/donde?post=8457"},{"taxonomy":"infraestructura","embeddable":true,"href":"https:\/\/www.upm.es\/recursosidi\/wp-json\/wp\/v2\/infraestructura?post=8457"},{"taxonomy":"ods","embeddable":true,"href":"https:\/\/www.upm.es\/recursosidi\/wp-json\/wp\/v2\/ods?post=8457"},{"taxonomy":"origen","embeddable":true,"href":"https:\/\/www.upm.es\/recursosidi\/wp-json\/wp\/v2\/origen?post=8457"}],"curies":[{"name":"wp","href":"https:\/\/api.w.org\/{rel}","templated":true}]}}