{"id":8458,"date":"2021-11-25T14:08:25","date_gmt":"2021-11-25T13:08:25","guid":{"rendered":"https:\/\/www.upm.es\/recursosidi\/offers-resources\/sin categor\u00eda\/central-helio-termica-con-gestion-exergetica-del-calor\/"},"modified":"2022-08-10T02:06:20","modified_gmt":"2022-08-10T00:06:20","slug":"central-helio-termica-con-gestion-exergetica-del-calor","status":"publish","type":"product","link":"https:\/\/www.upm.es\/recursosidi\/offers-resources\/patentes\/central-helio-termica-con-gestion-exergetica-del-calor\/","title":{"rendered":"Central helio-t\u00e9rmica con gesti\u00f3n exerg\u00e9tica del calor"},"content":{"rendered":"<h5>Descripci\u00f3n de la patente <\/h5>\n<p>Central helio-t\u00e9rmica con gesti\u00f3n exerg\u00e9tica del calor para funcionar en condiciones nominales un amplio plazo de horas diarias, estructurada en sectores con funciones de calentamiento diferenciadas, y en la que cada sector tiene su propio fluido calor\u00edfero, pero todos los sectores tienen consecutivamente el mismo fluido de trabajo del ciclo termodin\u00e1mico, constando cada sector de una bater\u00eda de captadores solares(1) , un intercambiador principal (2) de contacto t\u00e9rmico con el fluido de trabajo, un sistema de almacenamiento t\u00e9rmico indirecto, y otro directo, y de las bombas, v\u00e1lvulas e instrumentaci\u00f3n precisas para configurar cada sector seg\u00fan tres circuitos diferentes, lo que permite almacenar la energ\u00eda t\u00e9rmica cuando la irradiaci\u00f3n solar captada est\u00e1 por encima del valor nominal, y utilizar este calor para hacer funcionar el ciclo termodin\u00e1mico tambi\u00e9n en condiciones nominales cuando el valor de la irradiaci\u00f3n decae por debajo del nominal.<\/p>\n<h5>Situaci\u00f3n <\/h5>\n<p>Concedida<\/p>\n<h5>N\u00famero de solicitud<\/h5>\n<p>P200930335<\/p>\n<h5>N\u00famero de publicaci\u00f3n<\/h5>\n<p>ES2334198<\/p>\n<h5>Fecha de presentaci\u00f3n <\/h5>\n<p>19\/06\/2009<\/p>\n<h5>Fecha de concesi\u00f3n <\/h5>\n<p>18\/10\/2010<\/p>\n<div class=\"pdfprnt-buttons pdfprnt-buttons-product pdfprnt-bottom-left\"><a href=\"https:\/\/www.upm.es\/recursosidi\/wp-json\/wp\/v2\/product\/8458?print=pdf\" class=\"pdfprnt-button pdfprnt-button-pdf\" target=\"_blank\"><span class=\"pdfprnt-button-title pdfprnt-button-pdf-title\">Descargar ficha<\/span><\/a><\/div>","protected":false},"excerpt":{"rendered":"<p>Descripci\u00f3n de la patente Central helio-t\u00e9rmica con gesti\u00f3n exerg\u00e9tica del calor para funcionar en condiciones nominales un amplio plazo de horas diarias, estructurada en sectores&hellip;<\/p>\n","protected":false},"featured_media":0,"template":"","meta":{"_acf_changed":false},"product_cat":[3946],"product_tag":[],"comunidades-upm":[],"quien":[],"mapa":[],"disponibilidad":[],"donde":[{"term_id":238,"name":"Instituto de Fusi\u00f3n Nuclear \"Guillermo Velarde\" (IFN-GV)","slug":"instituto-de-fusion-nuclear-guillermo-velarde-ifn-gv","term_group":0,"term_taxonomy_id":238,"taxonomy":"donde","description":"","parent":0,"count":57,"filter":"raw","term_order":"0"},{"term_id":390,"name":"Thermal Energy for Sustainability","slug":"thermal-energy-for-sustainability","term_group":0,"term_taxonomy_id":390,"taxonomy":"donde","description":"","parent":0,"count":57,"filter":"raw","term_order":"0"}],"infraestructura":[],"ods":[],"origen":[{"term_id":180,"name":"Patente","slug":"patente","term_group":0,"term_taxonomy_id":180,"taxonomy":"origen","description":"","parent":0,"count":614,"filter":"raw","term_order":"0"}],"familia_tax":false,"quien_tax":false,"donde_tax":false,"year":"","contacto":"<strong>Principales: <\/strong><ul><li>JOSE MARIA MARTINEZ-VAL PE\u00d1ALOSA <blockquote><strong>josemaria.martinezval@upm.es<\/strong><\/blockquote><\/li><li>MANUEL VALDES DEL FRESNO <blockquote><strong>manuel.valdes@upm.es<\/strong><\/blockquote><\/li><li>ALBERTO ABANADES VELASCO <blockquote><strong>alberto.abanades@upm.es<\/strong><\/blockquote><\/li><li>RAFAEL RUBEN AMENGUAL MATAS <blockquote><strong>ruben.amengual@upm.es<\/strong><\/blockquote><\/li><\/ul><strong>Otros inventores UPM: <\/strong><ul><li>Javier Mu\u00f1oz Ant\u00f3n<\/li><li>M\u00aa Jos\u00e9 Montes Pita<\/li><li>Antonio J. Rovira de Antonio<\/li><li>Mireia Piera Carret\u00e9<\/li><\/ul>","telefono":"","pagina_web":"","email":"","id_ficha_portal":"431","video":"","adjuntos":false,"adjuntos_portal":"https:\/\/www.upm.es\/S2i\/Acuse\/recuperarArchivo.jsp?id=431&id_archivo=518&tipo=patente&extension=fichero ","inf":false,"departamento":"","acf":[],"lang":"es","translation":{"es":8458},"_links":{"self":[{"href":"https:\/\/www.upm.es\/recursosidi\/wp-json\/wp\/v2\/product\/8458"}],"collection":[{"href":"https:\/\/www.upm.es\/recursosidi\/wp-json\/wp\/v2\/product"}],"about":[{"href":"https:\/\/www.upm.es\/recursosidi\/wp-json\/wp\/v2\/types\/product"}],"wp:attachment":[{"href":"https:\/\/www.upm.es\/recursosidi\/wp-json\/wp\/v2\/media?parent=8458"}],"wp:term":[{"taxonomy":"product_cat","embeddable":true,"href":"https:\/\/www.upm.es\/recursosidi\/wp-json\/wp\/v2\/product_cat?post=8458"},{"taxonomy":"product_tag","embeddable":true,"href":"https:\/\/www.upm.es\/recursosidi\/wp-json\/wp\/v2\/product_tag?post=8458"},{"taxonomy":"comunidad_upm","embeddable":true,"href":"https:\/\/www.upm.es\/recursosidi\/wp-json\/wp\/v2\/comunidades-upm?post=8458"},{"taxonomy":"quien","embeddable":true,"href":"https:\/\/www.upm.es\/recursosidi\/wp-json\/wp\/v2\/quien?post=8458"},{"taxonomy":"mapa","embeddable":true,"href":"https:\/\/www.upm.es\/recursosidi\/wp-json\/wp\/v2\/mapa?post=8458"},{"taxonomy":"disponibilidad","embeddable":true,"href":"https:\/\/www.upm.es\/recursosidi\/wp-json\/wp\/v2\/disponibilidad?post=8458"},{"taxonomy":"donde","embeddable":true,"href":"https:\/\/www.upm.es\/recursosidi\/wp-json\/wp\/v2\/donde?post=8458"},{"taxonomy":"infraestructura","embeddable":true,"href":"https:\/\/www.upm.es\/recursosidi\/wp-json\/wp\/v2\/infraestructura?post=8458"},{"taxonomy":"ods","embeddable":true,"href":"https:\/\/www.upm.es\/recursosidi\/wp-json\/wp\/v2\/ods?post=8458"},{"taxonomy":"origen","embeddable":true,"href":"https:\/\/www.upm.es\/recursosidi\/wp-json\/wp\/v2\/origen?post=8458"}],"curies":[{"name":"wp","href":"https:\/\/api.w.org\/{rel}","templated":true}]}}