{"id":8460,"date":"2021-11-25T14:08:31","date_gmt":"2021-11-25T13:08:31","guid":{"rendered":"https:\/\/www.upm.es\/recursosidi\/offers-resources\/sin categor\u00eda\/dispositivo-de-filtrado-de-ondas-acusticas-de-volumen\/"},"modified":"2022-08-10T02:06:26","modified_gmt":"2022-08-10T00:06:26","slug":"dispositivo-de-filtrado-de-ondas-acusticas-de-volumen","status":"publish","type":"product","link":"https:\/\/www.upm.es\/recursosidi\/offers-resources\/patentes\/dispositivo-de-filtrado-de-ondas-acusticas-de-volumen\/","title":{"rendered":"Dispositivo de filtrado de ondas ac\u00fasticas de volumen"},"content":{"rendered":"<h5>Descripci\u00f3n de la patente <\/h5>\n<p>Dispositivo de filtrado de ondas ac\u00fasticas de volumen BAW, que comprende una pluralidad de filtros, con una pluralidad de resonadores, con frecuencias de resonancia diferentes integrados en un sustrato com\u00fan, cuyo m\u00e9todo de fabricaci\u00f3n comprende:<br \/>\n&#8211; depositar una estructura de aislamiento ac\u00fastico y el\u00e9ctrico (2, 3) sobre la superficie superior de un sustrato,<br \/>\n&#8211; depositar una capa de un metal como electrodo inferior (4) y semilla para el crecimiento de la capa subsiguiente,<br \/>\n&#8211; depositar secuencialmente una pluralidad de capas delgadas de material piezoel\u00e9ctrico (5, 6) sobre el electrodo inferior (4), situadas en las posiciones donde un resonador, con la frecuencia correspondiente al espesor de dichas capas, se quiera situar, y su posterior grabado,<br \/>\n&#8211; eliminar todo el material usado como m\u00e1scara en el grabado realizado,<br \/>\n&#8211; depositar, sobre todos los resonadores, una capa met\u00e1lica de espesor constante, que constituye el electrodo superior (7) de cada resonador de cada filtro.<\/p>\n<h5>Situaci\u00f3n <\/h5>\n<p>Concedida<\/p>\n<h5>N\u00famero de solicitud<\/h5>\n<p>P200900936<\/p>\n<h5>N\u00famero de publicaci\u00f3n<\/h5>\n<p>ES2327890<\/p>\n<h5>Fecha de presentaci\u00f3n <\/h5>\n<p>06\/04\/2009<\/p>\n<h5>Fecha de concesi\u00f3n <\/h5>\n<p>03\/05\/2010<\/p>\n<div class=\"pdfprnt-buttons pdfprnt-buttons-product pdfprnt-bottom-left\"><a href=\"https:\/\/www.upm.es\/recursosidi\/wp-json\/wp\/v2\/product\/8460?print=pdf\" class=\"pdfprnt-button pdfprnt-button-pdf\" target=\"_blank\"><span class=\"pdfprnt-button-title pdfprnt-button-pdf-title\">Descargar ficha<\/span><\/a><\/div>","protected":false},"excerpt":{"rendered":"<p>Descripci\u00f3n de la patente Dispositivo de filtrado de ondas ac\u00fasticas de volumen BAW, que comprende una pluralidad de filtros, con una pluralidad de resonadores, con&hellip;<\/p>\n","protected":false},"featured_media":0,"template":"","meta":{"_acf_changed":false},"product_cat":[3946],"product_tag":[],"comunidades-upm":[],"quien":[],"mapa":[],"disponibilidad":[],"donde":[{"term_id":590,"name":"Centro de Materiales y Dispositivos Avanzados para Tecnolog\u00edas de Informaci\u00f3n y Comunicaciones (CEMDATIC)","slug":"centro-de-materiales-y-dispositivos-avanzados-para-tecnologias-de-informacion-y-comunicaciones-cemdatic","term_group":0,"term_taxonomy_id":590,"taxonomy":"donde","description":"","parent":0,"count":20,"filter":"raw","term_order":"0"},{"term_id":470,"name":"Microsistemas y Materiales Electr\u00f3nicos","slug":"microsistemas-y-materiales-electronicos","term_group":0,"term_taxonomy_id":470,"taxonomy":"donde","description":"","parent":0,"count":2,"filter":"raw","term_order":"0"}],"infraestructura":[],"ods":[],"origen":[{"term_id":180,"name":"Patente","slug":"patente","term_group":0,"term_taxonomy_id":180,"taxonomy":"origen","description":"","parent":0,"count":614,"filter":"raw","term_order":"0"}],"familia_tax":false,"quien_tax":false,"donde_tax":false,"year":"","contacto":"<strong>Principales: <\/strong><ul><li>JIMENA OLIVARES ROZA <blockquote><strong>jimena.olivares@upm.es<\/strong><\/blockquote><\/li><li>MARTA CLEMENT LORENZO <blockquote><strong>marta.clement@upm.es<\/strong><\/blockquote><\/li><li>ENRIQUE IBORRA GRAU <blockquote><strong>enrique.iborra@upm.es<\/strong><\/blockquote><\/li><\/ul>","telefono":"","pagina_web":"","email":"","id_ficha_portal":"388","video":"","adjuntos":false,"adjuntos_portal":"https:\/\/www.upm.es\/S2i\/Acuse\/recuperarArchivo.jsp?id=388&id_archivo=284&tipo=patente&extension=fichero ","inf":false,"departamento":"","acf":[],"lang":"es","translation":{"es":8460},"_links":{"self":[{"href":"https:\/\/www.upm.es\/recursosidi\/wp-json\/wp\/v2\/product\/8460"}],"collection":[{"href":"https:\/\/www.upm.es\/recursosidi\/wp-json\/wp\/v2\/product"}],"about":[{"href":"https:\/\/www.upm.es\/recursosidi\/wp-json\/wp\/v2\/types\/product"}],"wp:attachment":[{"href":"https:\/\/www.upm.es\/recursosidi\/wp-json\/wp\/v2\/media?parent=8460"}],"wp:term":[{"taxonomy":"product_cat","embeddable":true,"href":"https:\/\/www.upm.es\/recursosidi\/wp-json\/wp\/v2\/product_cat?post=8460"},{"taxonomy":"product_tag","embeddable":true,"href":"https:\/\/www.upm.es\/recursosidi\/wp-json\/wp\/v2\/product_tag?post=8460"},{"taxonomy":"comunidad_upm","embeddable":true,"href":"https:\/\/www.upm.es\/recursosidi\/wp-json\/wp\/v2\/comunidades-upm?post=8460"},{"taxonomy":"quien","embeddable":true,"href":"https:\/\/www.upm.es\/recursosidi\/wp-json\/wp\/v2\/quien?post=8460"},{"taxonomy":"mapa","embeddable":true,"href":"https:\/\/www.upm.es\/recursosidi\/wp-json\/wp\/v2\/mapa?post=8460"},{"taxonomy":"disponibilidad","embeddable":true,"href":"https:\/\/www.upm.es\/recursosidi\/wp-json\/wp\/v2\/disponibilidad?post=8460"},{"taxonomy":"donde","embeddable":true,"href":"https:\/\/www.upm.es\/recursosidi\/wp-json\/wp\/v2\/donde?post=8460"},{"taxonomy":"infraestructura","embeddable":true,"href":"https:\/\/www.upm.es\/recursosidi\/wp-json\/wp\/v2\/infraestructura?post=8460"},{"taxonomy":"ods","embeddable":true,"href":"https:\/\/www.upm.es\/recursosidi\/wp-json\/wp\/v2\/ods?post=8460"},{"taxonomy":"origen","embeddable":true,"href":"https:\/\/www.upm.es\/recursosidi\/wp-json\/wp\/v2\/origen?post=8460"}],"curies":[{"name":"wp","href":"https:\/\/api.w.org\/{rel}","templated":true}]}}