{"id":8461,"date":"2021-11-25T14:08:34","date_gmt":"2021-11-25T13:08:34","guid":{"rendered":"https:\/\/www.upm.es\/recursosidi\/offers-resources\/sin%20categor\u00eda\/sistema-de-telemetria-empleando-comunicacion-mediante-campo-magnetico-para-diagnostico-y-deteccion-de-episodios-bruxistas\/"},"modified":"2022-08-10T02:06:28","modified_gmt":"2022-08-10T00:06:28","slug":"sistema-de-telemetria-empleando-comunicacion-mediante-campo-magnetico-para-diagnostico-y-deteccion-de-episodios-bruxistas","status":"publish","type":"product","link":"https:\/\/www.upm.es\/recursosidi\/offers-resources\/patentes\/sistema-de-telemetria-empleando-comunicacion-mediante-campo-magnetico-para-diagnostico-y-deteccion-de-episodios-bruxistas\/","title":{"rendered":"Sistema de telemetr\u00eda empleando comunicaci\u00f3n mediante campo magn\u00e9tico para diagn\u00f3stico y detecci\u00f3n de episodios bruxistas"},"content":{"rendered":"<h5>Descripci\u00f3n de la patente <\/h5>\n<p>La presente invenci\u00f3n consiste en un sistema de telemetr\u00eda que, mediante comunicaci\u00f3n inal\u00e1mbrica empleando campo magn\u00e9tico, permite el registro permanente en tiempo real del apretamiento\/rechinamiento dental, conocido como &#8220;bruxismo&#8221;.<br \/>\nEst\u00e1 basada en el empleo de un elemento sensor pasivo \/ transceptor, cuyas m\u00ednimas dimensiones permiten su integraci\u00f3n en una f\u00e9rula que se coloca en la cavidad bucal, en combinaci\u00f3n con un elemento excitador\/receptor, situado en el exterior de la cavidad bucal, manteniendo un consumo reducido en la electr\u00f3nica intrabucal, que no necesita bater\u00edas ya que extrae la energ\u00eda que necesita para operar del campo de excitaci\u00f3n, lo que permite un funcionamiento perpetuo. <\/p>\n<h5>Situaci\u00f3n <\/h5>\n<p>Concedida<\/p>\n<h5>N\u00famero de solicitud<\/h5>\n<p>P200900875<\/p>\n<h5>N\u00famero de publicaci\u00f3n<\/h5>\n<p>ES2323843<\/p>\n<h5>Fecha de presentaci\u00f3n <\/h5>\n<p>31\/03\/2009<\/p>\n<h5>Fecha de concesi\u00f3n <\/h5>\n<p>01\/02\/2010<\/p>\n<div class=\"pdfprnt-buttons pdfprnt-buttons-product pdfprnt-bottom-left\"><a href=\"https:\/\/www.upm.es\/recursosidi\/wp-json\/wp\/v2\/product\/8461?print=pdf\" class=\"pdfprnt-button pdfprnt-button-pdf\" target=\"_blank\"><span class=\"pdfprnt-button-title pdfprnt-button-pdf-title\">Descargar ficha<\/span><\/a><\/div>","protected":false},"excerpt":{"rendered":"<p>Descripci\u00f3n de la patente La presente invenci\u00f3n consiste en un sistema de telemetr\u00eda que, mediante comunicaci\u00f3n inal\u00e1mbrica empleando campo magn\u00e9tico, permite el registro permanente en&hellip;<\/p>\n","protected":false},"featured_media":0,"template":"","meta":{"_acf_changed":false},"product_cat":[3946],"product_tag":[],"comunidades-upm":[],"quien":[],"mapa":[],"disponibilidad":[],"donde":[{"term_id":576,"name":"Centro de Autom\u00e1tica y Rob\u00f3tica (CAR). Centro Mixto UPM-CSIC","slug":"centro-de-automatica-y-robotica-car-centro-mixto-upm-csic","term_group":0,"term_taxonomy_id":576,"taxonomy":"donde","description":"","parent":0,"count":42,"filter":"raw","term_order":"0"},{"term_id":310,"name":"GI-IM: Grupo de Investigaci\u00f3n en Ingenier\u00eda de M\u00e1quinas","slug":"gi-im-grupo-de-investigacion-en-ingenieria-de-maquinas","term_group":0,"term_taxonomy_id":310,"taxonomy":"donde","description":"","parent":0,"count":12,"filter":"raw","term_order":"0"},{"term_id":642,"name":"Information Processing and Telecommunications Center (IPTC)","slug":"information-processing-and-telecommunications-center-iptc","term_group":0,"term_taxonomy_id":642,"taxonomy":"donde","description":"","parent":0,"count":74,"filter":"raw","term_order":"0"},{"term_id":366,"name":"Rob\u00f3tica y Cibern\u00e9tica","slug":"robotica-y-cibernetica","term_group":0,"term_taxonomy_id":366,"taxonomy":"donde","description":"En el grupo de Investigaci&oacute;n de Rob&oacute;tica y Cibern&eacute;tica (ROBCIB) orientamos la investigaci&oacute;n hacia el desarrollo de robots y sus aplicaciones trabajando en nuestras principales l&iacute;neas de investigaci&oacute;n:\n&nbsp;\n\nRob&oacute;tica de exteriores\nRobots para agricultura\nRobots para Seguridad B&uacute;squeda y Rescate\nRob&oacute;tica a&eacute;rea\nInterfaces Humano Robot\nSoftRobots\nIngenier&iacute;a biom&eacute;dica\nMicro-rob&oacute;tica\n\n&nbsp;\nLos miembros del ROBCIB han sido pioneros en Espa&ntilde;a en la investigaci&oacute;n y desarrollo en diversas &aacute;reas de la rob&oacute;tica, habiendo participado en el desarrollo de robots o de aplicaciones de los mismos desde el a&ntilde;o 1982, bien en proyectos nacionales como internacionales con financiaci&oacute;n p&uacute;blica y privada.","parent":0,"count":10,"filter":"raw","term_order":"0"},{"term_id":360,"name":"Robots y m\u00e1quinas inteligentes","slug":"robots-y-maquinas-inteligentes","term_group":0,"term_taxonomy_id":360,"taxonomy":"donde","description":"","parent":0,"count":22,"filter":"raw","term_order":"0"}],"infraestructura":[],"ods":[],"origen":[{"term_id":180,"name":"Patente","slug":"patente","term_group":0,"term_taxonomy_id":180,"taxonomy":"origen","description":"","parent":0,"count":614,"filter":"raw","term_order":"0"}],"familia_tax":false,"quien_tax":false,"donde_tax":false,"year":"","contacto":"<strong>Principales: <\/strong><ul><li>FRANCISCO J. JIMENEZ LEUBE <blockquote><strong>francisco.jimenez@upm.es<\/strong><\/blockquote><\/li><li>CARLOS GONZALEZ BRIS <blockquote><strong>carlos.gonzalez.bris@upm.es<\/strong><\/blockquote><\/li><li>PEDRO LUIS CASTEDO CEPEDA <blockquote><strong>pedroluis.castedo@upm.es<\/strong><\/blockquote><\/li><li>ANTONIO BARRIENTOS CRUZ <blockquote><strong>antonio.barrientos@upm.es<\/strong><\/blockquote><\/li><li>JESUS SANZ MAUDES <blockquote><strong>jesus.sanz@upm.es<\/strong><\/blockquote><\/li><li>ANDRES DIAZ LANTADA <blockquote><strong>andres.diaz@upm.es<\/strong><\/blockquote><\/li><li>ALEXANDER MARTINEZ ALVAREZ <blockquote><strong>alex.martinez@upm.es<\/strong><\/blockquote><\/li><li>JULIO MU\u00d1OZ GARCIA <blockquote><strong>julio.munoz@upm.es<\/strong><\/blockquote><\/li><li>ROBERTO GONZALEZ HERRANZ <blockquote><strong>roberto.gonzalez@upm.es<\/strong><\/blockquote><\/li><li>HECTOR LORENZO YUSTOS <blockquote><strong>h.lyustos@upm.es<\/strong><\/blockquote><\/li><li>JAVIER ECHAVARRI OTERO <blockquote><strong>javier.echavarri@upm.es<\/strong><\/blockquote><\/li><li>PILAR LAFONT MORGADO <blockquote><strong>pilar.lafont@upm.es<\/strong><\/blockquote><\/li><\/ul><strong>Otros inventores UPM: <\/strong><ul><li>Jes\u00fas Latorre Escribano<\/li><\/ul>","telefono":"","pagina_web":"","email":"","id_ficha_portal":"387","video":"","adjuntos":false,"adjuntos_portal":"https:\/\/www.upm.es\/S2i\/Acuse\/recuperarArchivo.jsp?id=387&id_archivo=42&tipo=patente&extension=fichero ","inf":false,"departamento":"","acf":[],"lang":"es","translation":{"es":8461},"_links":{"self":[{"href":"https:\/\/www.upm.es\/recursosidi\/wp-json\/wp\/v2\/product\/8461"}],"collection":[{"href":"https:\/\/www.upm.es\/recursosidi\/wp-json\/wp\/v2\/product"}],"about":[{"href":"https:\/\/www.upm.es\/recursosidi\/wp-json\/wp\/v2\/types\/product"}],"wp:attachment":[{"href":"https:\/\/www.upm.es\/recursosidi\/wp-json\/wp\/v2\/media?parent=8461"}],"wp:term":[{"taxonomy":"product_cat","embeddable":true,"href":"https:\/\/www.upm.es\/recursosidi\/wp-json\/wp\/v2\/product_cat?post=8461"},{"taxonomy":"product_tag","embeddable":true,"href":"https:\/\/www.upm.es\/recursosidi\/wp-json\/wp\/v2\/product_tag?post=8461"},{"taxonomy":"comunidad_upm","embeddable":true,"href":"https:\/\/www.upm.es\/recursosidi\/wp-json\/wp\/v2\/comunidades-upm?post=8461"},{"taxonomy":"quien","embeddable":true,"href":"https:\/\/www.upm.es\/recursosidi\/wp-json\/wp\/v2\/quien?post=8461"},{"taxonomy":"mapa","embeddable":true,"href":"https:\/\/www.upm.es\/recursosidi\/wp-json\/wp\/v2\/mapa?post=8461"},{"taxonomy":"disponibilidad","embeddable":true,"href":"https:\/\/www.upm.es\/recursosidi\/wp-json\/wp\/v2\/disponibilidad?post=8461"},{"taxonomy":"donde","embeddable":true,"href":"https:\/\/www.upm.es\/recursosidi\/wp-json\/wp\/v2\/donde?post=8461"},{"taxonomy":"infraestructura","embeddable":true,"href":"https:\/\/www.upm.es\/recursosidi\/wp-json\/wp\/v2\/infraestructura?post=8461"},{"taxonomy":"ods","embeddable":true,"href":"https:\/\/www.upm.es\/recursosidi\/wp-json\/wp\/v2\/ods?post=8461"},{"taxonomy":"origen","embeddable":true,"href":"https:\/\/www.upm.es\/recursosidi\/wp-json\/wp\/v2\/origen?post=8461"}],"curies":[{"name":"wp","href":"https:\/\/api.w.org\/{rel}","templated":true}]}}