{"id":8462,"date":"2021-11-25T14:08:37","date_gmt":"2021-11-25T13:08:37","guid":{"rendered":"https:\/\/www.upm.es\/recursosidi\/offers-resources\/sin categor\u00eda\/metodo-de-transmision-dual-de-contenidos-multimedia\/"},"modified":"2022-08-10T02:06:31","modified_gmt":"2022-08-10T00:06:31","slug":"metodo-de-transmision-dual-de-contenidos-multimedia","status":"publish","type":"product","link":"https:\/\/www.upm.es\/recursosidi\/offers-resources\/patentes\/metodo-de-transmision-dual-de-contenidos-multimedia\/","title":{"rendered":"M\u00e9todo de transmisi\u00f3n dual de contenidos multimedia"},"content":{"rendered":"<h5>Descripci\u00f3n de la patente <\/h5>\n<p>M\u00e9todo de transmisi\u00f3n dual de contenidos multimedia aplicados sobre un sistema con al menos un nodo emisor y un nodo receptor que comprende, al menos, las siguientes etapas:<br \/>\n(a) una primera etapa de divisi\u00f3n del fichero en dos dependiendo de la ventana de transmisi\u00f3n y establecimiento de un umbral de coste;<br \/>\n(b) una segunda etapa de transmisi\u00f3n de los dos ficheros por caminos independientes con posibilidad de variar el umbral de calidad dependiendo de los resultados que se vayan obteniendo en la transmisi\u00f3n;<br \/>\n(c) una tercera etapa de unificaci\u00f3n de los dos ficheros en uno solo en el centro receptor.<\/p>\n<h5>Situaci\u00f3n <\/h5>\n<p>Concedida<\/p>\n<h5>N\u00famero de solicitud<\/h5>\n<p>P200901287<\/p>\n<h5>N\u00famero de publicaci\u00f3n<\/h5>\n<p>ES2326514<\/p>\n<h5>Fecha de presentaci\u00f3n <\/h5>\n<p>26\/05\/2009<\/p>\n<h5>Fecha de concesi\u00f3n <\/h5>\n<p>01\/02\/2010<\/p>\n<div class=\"pdfprnt-buttons pdfprnt-buttons-product pdfprnt-bottom-left\"><a href=\"https:\/\/www.upm.es\/recursosidi\/wp-json\/wp\/v2\/product\/8462?print=pdf\" class=\"pdfprnt-button pdfprnt-button-pdf\" target=\"_blank\"><span class=\"pdfprnt-button-title pdfprnt-button-pdf-title\">Descargar ficha<\/span><\/a><\/div>","protected":false},"excerpt":{"rendered":"<p>Descripci\u00f3n de la patente M\u00e9todo de transmisi\u00f3n dual de contenidos multimedia aplicados sobre un sistema con al menos un nodo emisor y un nodo receptor&hellip;<\/p>\n","protected":false},"featured_media":0,"template":"","meta":{"_acf_changed":false},"product_cat":[3946],"product_tag":[],"comunidades-upm":[],"quien":[],"mapa":[],"disponibilidad":[],"donde":[{"term_id":522,"name":"Grupo de Validaci\u00f3n y Aplicaciones Industriales","slug":"grupo-de-validacion-y-aplicaciones-industriales","term_group":0,"term_taxonomy_id":522,"taxonomy":"donde","description":"","parent":0,"count":7,"filter":"raw","term_order":"0"}],"infraestructura":[],"ods":[],"origen":[{"term_id":180,"name":"Patente","slug":"patente","term_group":0,"term_taxonomy_id":180,"taxonomy":"origen","description":"","parent":0,"count":614,"filter":"raw","term_order":"0"}],"familia_tax":false,"quien_tax":false,"donde_tax":false,"year":"","contacto":"<strong>Principales: <\/strong><ul><li>EUGENIO SANTOS MENENDEZ <blockquote><strong>eugenio.santos@upm.es<\/strong><\/blockquote><\/li><li>JESUS MARTINEZ BARBERO <blockquote><strong>jesus.martinezb@upm.es<\/strong><\/blockquote><\/li><\/ul>","telefono":"","pagina_web":"","email":"","id_ficha_portal":"424","video":"","adjuntos":false,"adjuntos_portal":"https:\/\/www.upm.es\/S2i\/Acuse\/recuperarArchivo.jsp?id=424&id_archivo=27&tipo=patente&extension=fichero ","inf":false,"departamento":"","acf":[],"lang":"es","translation":{"es":8462},"_links":{"self":[{"href":"https:\/\/www.upm.es\/recursosidi\/wp-json\/wp\/v2\/product\/8462"}],"collection":[{"href":"https:\/\/www.upm.es\/recursosidi\/wp-json\/wp\/v2\/product"}],"about":[{"href":"https:\/\/www.upm.es\/recursosidi\/wp-json\/wp\/v2\/types\/product"}],"wp:attachment":[{"href":"https:\/\/www.upm.es\/recursosidi\/wp-json\/wp\/v2\/media?parent=8462"}],"wp:term":[{"taxonomy":"product_cat","embeddable":true,"href":"https:\/\/www.upm.es\/recursosidi\/wp-json\/wp\/v2\/product_cat?post=8462"},{"taxonomy":"product_tag","embeddable":true,"href":"https:\/\/www.upm.es\/recursosidi\/wp-json\/wp\/v2\/product_tag?post=8462"},{"taxonomy":"comunidad_upm","embeddable":true,"href":"https:\/\/www.upm.es\/recursosidi\/wp-json\/wp\/v2\/comunidades-upm?post=8462"},{"taxonomy":"quien","embeddable":true,"href":"https:\/\/www.upm.es\/recursosidi\/wp-json\/wp\/v2\/quien?post=8462"},{"taxonomy":"mapa","embeddable":true,"href":"https:\/\/www.upm.es\/recursosidi\/wp-json\/wp\/v2\/mapa?post=8462"},{"taxonomy":"disponibilidad","embeddable":true,"href":"https:\/\/www.upm.es\/recursosidi\/wp-json\/wp\/v2\/disponibilidad?post=8462"},{"taxonomy":"donde","embeddable":true,"href":"https:\/\/www.upm.es\/recursosidi\/wp-json\/wp\/v2\/donde?post=8462"},{"taxonomy":"infraestructura","embeddable":true,"href":"https:\/\/www.upm.es\/recursosidi\/wp-json\/wp\/v2\/infraestructura?post=8462"},{"taxonomy":"ods","embeddable":true,"href":"https:\/\/www.upm.es\/recursosidi\/wp-json\/wp\/v2\/ods?post=8462"},{"taxonomy":"origen","embeddable":true,"href":"https:\/\/www.upm.es\/recursosidi\/wp-json\/wp\/v2\/origen?post=8462"}],"curies":[{"name":"wp","href":"https:\/\/api.w.org\/{rel}","templated":true}]}}